{"id":6382,"date":"2017-11-21T15:47:55","date_gmt":"2017-11-21T14:47:55","guid":{"rendered":"https:\/\/www.rabouin.com\/?page_id=6382\/"},"modified":"2017-12-26T11:42:38","modified_gmt":"2017-12-26T10:42:38","slug":"national-presence-and-integrated-workshop","status":"publish","type":"page","link":"https:\/\/www.rabouin.com\/en\/transports-rabouin\/national-presence-and-integrated-workshop\/","title":{"rendered":"National presence and integrated workshop"},"content":{"rendered":"<h2>Operating throughout France<\/h2>\n<p>145 vehicle carrier units (8-vehicle carrier, 5-vehicle carrier and single-vehicle carrier)<br \/>\nThanks to the presence of drivers throughout France, Transports RABOUIN optimise their services at the sides of their customers. This linking of the territory is particularly true of the <a href=\"\/societe\/region-alsace\">Alsace<\/a>, <a href=\"\/societe\/region-aquitaine\">Aquitaine<\/a>, <a href=\"\/societe\/region-bretagne\">Bretagne<\/a>, <a href=\"\/societe\/region-ile-de-france\">\u00cele-de-France<\/a>, <a href=\"\/societe\/region-languedoc-roussillon\">Languedoc-Roussillon<\/a>, <a href=\"\/societe\/region-midi-pyrenees\">Midi-Pyr\u00e9n\u00e9es<\/a>, <a href=\"\/societe\/region-rhone-alpes\">Rh\u00f4nes-Alpes<\/a>, <a href=\"\/societe\/region-pays-de-la-loire\">Pays de la Loire<\/a> and <a href=\"\/societe\/region-paca-provence-alpes-cote-d-azur\">PACA (Provence-Alpes-C\u00f4te d\u2019Azur)<\/a>.<\/p>\n<p><img loading=\"lazy\" decoding=\"async\" class=\"size-full wp-image-419 aligncenter\" src=\"https:\/\/www.rabouin.com\/wp-content\/uploads\/2017\/05\/maintenace-des-camions-transports-rabouin.jpg\" alt=\"maintenace-des-camions-transports-rabouin\" width=\"850\" height=\"564\" srcset=\"https:\/\/www.rabouin.com\/wp-content\/uploads\/2017\/05\/maintenace-des-camions-transports-rabouin.jpg 850w, https:\/\/www.rabouin.com\/wp-content\/uploads\/2017\/05\/maintenace-des-camions-transports-rabouin-300x199.jpg 300w, https:\/\/www.rabouin.com\/wp-content\/uploads\/2017\/05\/maintenace-des-camions-transports-rabouin-768x510.jpg 768w\" sizes=\"auto, (max-width: 850px) 100vw, 850px\" \/><\/p>\n<h2>An integrated workshop<\/h2>\n<p>To ensure their service is always operational, Transports Rabouin have an integrated workshop that performs the regular maintenance of its fleet of lorries. This service performs the full and meticulous MOTs for each vehicle carrier and troubleshoots on site if necessary as rapidly as possible.<br \/>\nFrom bodywork to engine mechanics, including tyres and standard revisions (oil change, belts, etc.) a team of 10 employees is available at any moment to provide efficient equipment that is always reliable. Among those of the mechanics and autobody mechanics are specifically formed to meet regulatory obligations regarding safety and the environment. The integrated workshop particularly proposes the preparation of your vehicle's approval by the authorities.<\/p>\n<h3>Workshop facilities<\/h3>\n<ul>\n<li>5 pits<\/li>\n<li>1 platform<\/li>\n<li>1 braking bench<\/li>\n<li>1 travelling crane for capacities up to 5 t.<\/li>\n<li>1 washing station<\/li>\n<\/ul>\n<p>Open workshop without interruption from Monday to Friday between 8am to 7.30 pm and Saturday morning.<\/p>\n","protected":false},"excerpt":{"rendered":"<p>Operating throughout France 145 vehicle carrier units (8-vehicle carrier, 5-vehicle carrier and single-vehicle carrier) Thanks to the presence of drivers throughout France, Transports RABOUIN optimise their services at the sides of their customers. This linking of the territory is particularly true of the Alsace, Aquitaine, Bretagne, \u00cele-de-France, Languedoc-Roussillon, Midi-Pyr\u00e9n\u00e9es, Rh\u00f4nes-Alpes, Pays de la Loire and &hellip;<\/p>\n","protected":false},"author":2,"featured_media":0,"parent":6376,"menu_order":0,"comment_status":"closed","ping_status":"closed","template":"","meta":{"_acf_changed":false,"footnotes":""},"class_list":["post-6382","page","type-page","status-publish","hentry"],"acf":[],"yoast_head":"<!-- This site is optimized with the Yoast SEO plugin v25.3.1 - https:\/\/yoast.com\/wordpress\/plugins\/seo\/ -->\n<title>National presence and integrated workshop - Transports Rabouin<\/title>\n<meta name=\"robots\" content=\"index, follow, max-snippet:-1, max-image-preview:large, max-video-preview:-1\" \/>\n<link rel=\"canonical\" href=\"https:\/\/www.rabouin.com\/en\/transports-rabouin\/national-presence-and-integrated-workshop\/\" \/>\n<meta property=\"og:locale\" content=\"en_US\" \/>\n<meta property=\"og:type\" content=\"article\" \/>\n<meta property=\"og:title\" content=\"National presence and integrated workshop - Transports Rabouin\" \/>\n<meta property=\"og:description\" content=\"Operating throughout France 145 vehicle carrier units (8-vehicle carrier, 5-vehicle carrier and single-vehicle carrier) Thanks to the presence of drivers throughout France, Transports RABOUIN optimise their services at the sides of their customers. This linking of the territory is particularly true of the Alsace, Aquitaine, Bretagne, \u00cele-de-France, Languedoc-Roussillon, Midi-Pyr\u00e9n\u00e9es, Rh\u00f4nes-Alpes, Pays de la Loire and &hellip;\" \/>\n<meta property=\"og:url\" content=\"https:\/\/www.rabouin.com\/en\/transports-rabouin\/national-presence-and-integrated-workshop\/\" \/>\n<meta property=\"og:site_name\" content=\"Transports Rabouin\" \/>\n<meta property=\"article:publisher\" content=\"https:\/\/www.facebook.com\/Rabouin.Transports\" \/>\n<meta property=\"article:modified_time\" content=\"2017-12-26T10:42:38+00:00\" \/>\n<meta property=\"og:image\" content=\"https:\/\/www.rabouin.com\/wp-content\/uploads\/2017\/05\/maintenace-des-camions-transports-rabouin.jpg\" \/>\n<meta name=\"twitter:card\" content=\"summary_large_image\" \/>\n<meta name=\"twitter:site\" content=\"@transportsrabo1\" \/>\n<meta name=\"twitter:label1\" content=\"Est. reading time\" \/>\n\t<meta name=\"twitter:data1\" content=\"1 minute\" \/>\n<script type=\"application\/ld+json\" class=\"yoast-schema-graph\">{\"@context\":\"https:\/\/schema.org\",\"@graph\":[{\"@type\":\"WebPage\",\"@id\":\"https:\/\/www.rabouin.com\/en\/transports-rabouin\/national-presence-and-integrated-workshop#webpage\",\"url\":\"https:\/\/www.rabouin.com\/en\/transports-rabouin\/national-presence-and-integrated-workshop\/\",\"name\":\"National presence and integrated workshop - Transports Rabouin\",\"isPartOf\":{\"@id\":\"https:\/\/www.rabouin.com\/fr\/#website\"},\"primaryImageOfPage\":{\"@id\":\"https:\/\/www.rabouin.com\/en\/transports-rabouin\/national-presence-and-integrated-workshop\/#primaryimage\"},\"image\":{\"@id\":\"https:\/\/www.rabouin.com\/en\/transports-rabouin\/national-presence-and-integrated-workshop\/#primaryimage\"},\"thumbnailUrl\":\"https:\/\/www.rabouin.com\/wp-content\/uploads\/2017\/05\/maintenace-des-camions-transports-rabouin.jpg\",\"datePublished\":\"2017-11-21T14:47:55+00:00\",\"dateModified\":\"2017-12-26T10:42:38+00:00\",\"breadcrumb\":{\"@id\":\"https:\/\/www.rabouin.com\/en\/transports-rabouin\/national-presence-and-integrated-workshop\/#breadcrumb\"},\"inLanguage\":\"en-US\",\"potentialAction\":[{\"@type\":\"ReadAction\",\"target\":[\"https:\/\/www.rabouin.com\/en\/transports-rabouin\/national-presence-and-integrated-workshop\/\"]}]},{\"@type\":\"ImageObject\",\"inLanguage\":\"en-US\",\"@id\":\"https:\/\/www.rabouin.com\/en\/transports-rabouin\/national-presence-and-integrated-workshop\/#primaryimage\",\"url\":\"https:\/\/www.rabouin.com\/wp-content\/uploads\/2017\/05\/maintenace-des-camions-transports-rabouin.jpg\",\"contentUrl\":\"https:\/\/www.rabouin.com\/wp-content\/uploads\/2017\/05\/maintenace-des-camions-transports-rabouin.jpg\"},{\"@type\":\"BreadcrumbList\",\"@id\":\"https:\/\/www.rabouin.com\/en\/transports-rabouin\/national-presence-and-integrated-workshop\/#breadcrumb\",\"itemListElement\":[{\"@type\":\"ListItem\",\"position\":1,\"name\":\"Accueil\",\"item\":\"https:\/\/www.rabouin.com\/en\/\"},{\"@type\":\"ListItem\",\"position\":2,\"name\":\"Transports Rabouin\",\"item\":\"https:\/\/www.rabouin.com\/en\/transports-rabouin\/\"},{\"@type\":\"ListItem\",\"position\":3,\"name\":\"National presence and integrated workshop\"}]},{\"@type\":\"WebSite\",\"@id\":\"https:\/\/www.rabouin.com\/fr\/#website\",\"url\":\"https:\/\/www.rabouin.com\/fr\/\",\"name\":\"Transports Rabouin\",\"description\":\"Garants de vos v\u00e9hicules\",\"publisher\":{\"@id\":\"https:\/\/www.rabouin.com\/fr\/#organization\"},\"potentialAction\":[{\"@type\":\"SearchAction\",\"target\":{\"@type\":\"EntryPoint\",\"urlTemplate\":\"https:\/\/www.rabouin.com\/fr\/?s={search_term_string}\"},\"query-input\":{\"@type\":\"PropertyValueSpecification\",\"valueRequired\":true,\"valueName\":\"search_term_string\"}}],\"inLanguage\":\"en-US\"},{\"@type\":\"Organization\",\"@id\":\"https:\/\/www.rabouin.com\/fr\/#organization\",\"name\":\"Transports Rabouin\",\"alternateName\":\"Transports Rabouin\",\"url\":\"https:\/\/www.rabouin.com\/fr\/\",\"logo\":{\"@type\":\"ImageObject\",\"inLanguage\":\"en-US\",\"@id\":\"https:\/\/www.rabouin.com\/fr\/#\/schema\/logo\/image\/\",\"url\":\"https:\/\/www.rabouin.com\/wp-content\/uploads\/2023\/08\/logo-rabouin.png\",\"contentUrl\":\"https:\/\/www.rabouin.com\/wp-content\/uploads\/2023\/08\/logo-rabouin.png\",\"width\":2048,\"height\":2048,\"caption\":\"Transports Rabouin\"},\"image\":{\"@id\":\"https:\/\/www.rabouin.com\/fr\/#\/schema\/logo\/image\/\"},\"sameAs\":[\"https:\/\/www.facebook.com\/Rabouin.Transports\",\"https:\/\/www.instagram.com\/transportsrabouin\/\",\"https:\/\/www.youtube.com\/channel\/UCuxRbZG6gnMMK8H8KNYiiSA\",\"https:\/\/www.linkedin.com\/company\/transports-rabouin-sas\",\"https:\/\/www.tiktok.com\/@transportsrabouin\"],\"founder\":{\"@type\":\"Person\",\"name\":\"Eric Rabouin\"},\"contactPoint\":{\"@type\":\"ContactPoint\",\"telephone\":\"+33240253700\",\"contactType\":\"customer service\",\"availableLanguage\":\"French\"}}]}<\/script>\n<!-- \/ Yoast SEO plugin. -->","yoast_head_json":{"title":"National presence and integrated workshop - Transports Rabouin","robots":{"index":"index","follow":"follow","max-snippet":"max-snippet:-1","max-image-preview":"max-image-preview:large","max-video-preview":"max-video-preview:-1"},"canonical":"https:\/\/www.rabouin.com\/en\/transports-rabouin\/national-presence-and-integrated-workshop\/","og_locale":"en_US","og_type":"article","og_title":"National presence and integrated workshop - Transports Rabouin","og_description":"Operating throughout France 145 vehicle carrier units (8-vehicle carrier, 5-vehicle carrier and single-vehicle carrier) Thanks to the presence of drivers throughout France, Transports RABOUIN optimise their services at the sides of their customers. This linking of the territory is particularly true of the Alsace, Aquitaine, Bretagne, \u00cele-de-France, Languedoc-Roussillon, Midi-Pyr\u00e9n\u00e9es, Rh\u00f4nes-Alpes, Pays de la Loire and &hellip;","og_url":"https:\/\/www.rabouin.com\/en\/transports-rabouin\/national-presence-and-integrated-workshop\/","og_site_name":"Transports Rabouin","article_publisher":"https:\/\/www.facebook.com\/Rabouin.Transports","article_modified_time":"2017-12-26T10:42:38+00:00","og_image":[{"url":"https:\/\/www.rabouin.com\/wp-content\/uploads\/2017\/05\/maintenace-des-camions-transports-rabouin.jpg","type":"","width":"","height":""}],"twitter_card":"summary_large_image","twitter_site":"@transportsrabo1","twitter_misc":{"Est. reading time":"1 minute"},"schema":{"@context":"https:\/\/schema.org","@graph":[{"@type":"WebPage","@id":"https:\/\/www.rabouin.com\/en\/transports-rabouin\/national-presence-and-integrated-workshop#webpage","url":"https:\/\/www.rabouin.com\/en\/transports-rabouin\/national-presence-and-integrated-workshop\/","name":"National presence and integrated workshop - Transports Rabouin","isPartOf":{"@id":"https:\/\/www.rabouin.com\/fr\/#website"},"primaryImageOfPage":{"@id":"https:\/\/www.rabouin.com\/en\/transports-rabouin\/national-presence-and-integrated-workshop\/#primaryimage"},"image":{"@id":"https:\/\/www.rabouin.com\/en\/transports-rabouin\/national-presence-and-integrated-workshop\/#primaryimage"},"thumbnailUrl":"https:\/\/www.rabouin.com\/wp-content\/uploads\/2017\/05\/maintenace-des-camions-transports-rabouin.jpg","datePublished":"2017-11-21T14:47:55+00:00","dateModified":"2017-12-26T10:42:38+00:00","breadcrumb":{"@id":"https:\/\/www.rabouin.com\/en\/transports-rabouin\/national-presence-and-integrated-workshop\/#breadcrumb"},"inLanguage":"en-US","potentialAction":[{"@type":"ReadAction","target":["https:\/\/www.rabouin.com\/en\/transports-rabouin\/national-presence-and-integrated-workshop\/"]}]},{"@type":"ImageObject","inLanguage":"en-US","@id":"https:\/\/www.rabouin.com\/en\/transports-rabouin\/national-presence-and-integrated-workshop\/#primaryimage","url":"https:\/\/www.rabouin.com\/wp-content\/uploads\/2017\/05\/maintenace-des-camions-transports-rabouin.jpg","contentUrl":"https:\/\/www.rabouin.com\/wp-content\/uploads\/2017\/05\/maintenace-des-camions-transports-rabouin.jpg"},{"@type":"BreadcrumbList","@id":"https:\/\/www.rabouin.com\/en\/transports-rabouin\/national-presence-and-integrated-workshop\/#breadcrumb","itemListElement":[{"@type":"ListItem","position":1,"name":"Accueil","item":"https:\/\/www.rabouin.com\/en\/"},{"@type":"ListItem","position":2,"name":"Transports Rabouin","item":"https:\/\/www.rabouin.com\/en\/transports-rabouin\/"},{"@type":"ListItem","position":3,"name":"National presence and integrated workshop"}]},{"@type":"WebSite","@id":"https:\/\/www.rabouin.com\/fr\/#website","url":"https:\/\/www.rabouin.com\/fr\/","name":"Transports Rabouin","description":"Garants de vos v\u00e9hicules","publisher":{"@id":"https:\/\/www.rabouin.com\/fr\/#organization"},"potentialAction":[{"@type":"SearchAction","target":{"@type":"EntryPoint","urlTemplate":"https:\/\/www.rabouin.com\/fr\/?s={search_term_string}"},"query-input":{"@type":"PropertyValueSpecification","valueRequired":true,"valueName":"search_term_string"}}],"inLanguage":"en-US"},{"@type":"Organization","@id":"https:\/\/www.rabouin.com\/fr\/#organization","name":"Transports Rabouin","alternateName":"Transports Rabouin","url":"https:\/\/www.rabouin.com\/fr\/","logo":{"@type":"ImageObject","inLanguage":"en-US","@id":"https:\/\/www.rabouin.com\/fr\/#\/schema\/logo\/image\/","url":"https:\/\/www.rabouin.com\/wp-content\/uploads\/2023\/08\/logo-rabouin.png","contentUrl":"https:\/\/www.rabouin.com\/wp-content\/uploads\/2023\/08\/logo-rabouin.png","width":2048,"height":2048,"caption":"Transports Rabouin"},"image":{"@id":"https:\/\/www.rabouin.com\/fr\/#\/schema\/logo\/image\/"},"sameAs":["https:\/\/www.facebook.com\/Rabouin.Transports","https:\/\/www.instagram.com\/transportsrabouin\/","https:\/\/www.youtube.com\/channel\/UCuxRbZG6gnMMK8H8KNYiiSA","https:\/\/www.linkedin.com\/company\/transports-rabouin-sas","https:\/\/www.tiktok.com\/@transportsrabouin"],"founder":{"@type":"Person","name":"Eric Rabouin"},"contactPoint":{"@type":"ContactPoint","telephone":"+33240253700","contactType":"customer service","availableLanguage":"French"}}]}},"_links":{"self":[{"href":"https:\/\/www.rabouin.com\/en\/wp-json\/wp\/v2\/pages\/6382","targetHints":{"allow":["GET"]}}],"collection":[{"href":"https:\/\/www.rabouin.com\/en\/wp-json\/wp\/v2\/pages"}],"about":[{"href":"https:\/\/www.rabouin.com\/en\/wp-json\/wp\/v2\/types\/page"}],"author":[{"embeddable":true,"href":"https:\/\/www.rabouin.com\/en\/wp-json\/wp\/v2\/users\/2"}],"replies":[{"embeddable":true,"href":"https:\/\/www.rabouin.com\/en\/wp-json\/wp\/v2\/comments?post=6382"}],"version-history":[{"count":0,"href":"https:\/\/www.rabouin.com\/en\/wp-json\/wp\/v2\/pages\/6382\/revisions"}],"up":[{"embeddable":true,"href":"https:\/\/www.rabouin.com\/en\/wp-json\/wp\/v2\/pages\/6376"}],"wp:attachment":[{"href":"https:\/\/www.rabouin.com\/en\/wp-json\/wp\/v2\/media?parent=6382"}],"curies":[{"name":"wp","href":"https:\/\/api.w.org\/{rel}","templated":true}]}}