{"id":102,"date":"2017-04-17T13:48:35","date_gmt":"2017-04-17T11:48:35","guid":{"rendered":"http:\/\/dev.transport-rabouin.com\/?page_id=102\/"},"modified":"2020-11-06T09:59:57","modified_gmt":"2020-11-06T08:59:57","slug":"preparation-automobile","status":"publish","type":"page","link":"https:\/\/www.rabouin.com\/fr\/services-logistiques\/preparation-automobile\/","title":{"rendered":"Pr\u00e9paration automobile"},"content":{"rendered":"<p><img loading=\"lazy\" decoding=\"async\" class=\"alignnone size-large wp-image-399\" src=\"https:\/\/www.rabouin.com\/wp-content\/uploads\/2017\/04\/preparation-automobile-transports-rabouin-1024x683.jpg\" alt=\"preparation-automobile-transports-rabouin\" width=\"1024\" height=\"683\" srcset=\"https:\/\/www.rabouin.com\/wp-content\/uploads\/2017\/04\/preparation-automobile-transports-rabouin-1024x683.jpg 1024w, https:\/\/www.rabouin.com\/wp-content\/uploads\/2017\/04\/preparation-automobile-transports-rabouin-300x200.jpg 300w, https:\/\/www.rabouin.com\/wp-content\/uploads\/2017\/04\/preparation-automobile-transports-rabouin-768x512.jpg 768w\" sizes=\"auto, (max-width: 1024px) 100vw, 1024px\" \/><\/p>\n<h2>Une logique de service<\/h2>\n<p>En compl\u00e9ment de l\u2019activit\u00e9 de <strong>transport de v\u00e9hicules<\/strong>, les Transports RABOUIN proposent des <strong>prestations de stockage<\/strong> et de <strong>pr\u00e9paration \u00e0 la route<\/strong>.<\/p>\n<p>Ces services sur mesure s'effectuent selon un cahier des charges pr\u00e9cis : r\u00e9ception, v\u00e9rification de concordance de N\u00b0 de ch\u00e2ssis, contr\u00f4le de l'\u00e9tat int\u00e9rieur et ext\u00e9rieur, stockage, lavage, t\u00f4lerie, peinture...<br \/>\n<img loading=\"lazy\" decoding=\"async\" class=\"aligncenter wp-image-6933 size-large\" src=\"https:\/\/www.rabouin.com\/wp-content\/uploads\/2017\/04\/calage-roue-transport-voiture-1024x768.jpg\" alt=\"Calage roue de voiture transport v\u00e9hicule\" width=\"1024\" height=\"768\" srcset=\"https:\/\/www.rabouin.com\/wp-content\/uploads\/2017\/04\/calage-roue-transport-voiture-1024x768.jpg 1024w, https:\/\/www.rabouin.com\/wp-content\/uploads\/2017\/04\/calage-roue-transport-voiture-300x225.jpg 300w, https:\/\/www.rabouin.com\/wp-content\/uploads\/2017\/04\/calage-roue-transport-voiture-768x576.jpg 768w\" sizes=\"auto, (max-width: 1024px) 100vw, 1024px\" \/><br \/>\n<img loading=\"lazy\" decoding=\"async\" class=\"alignright size-medium wp-image-396\" src=\"https:\/\/www.rabouin.com\/wp-content\/uploads\/2017\/04\/carte-france-reseau-transports-rabouin-297x300.png\" alt=\"carte-france-reseau-transports-rabouin\" width=\"297\" height=\"300\" srcset=\"https:\/\/www.rabouin.com\/wp-content\/uploads\/2017\/04\/carte-france-reseau-transports-rabouin-297x300.png 297w, https:\/\/www.rabouin.com\/wp-content\/uploads\/2017\/04\/carte-france-reseau-transports-rabouin-768x776.png 768w, https:\/\/www.rabouin.com\/wp-content\/uploads\/2017\/04\/carte-france-reseau-transports-rabouin.png 971w\" sizes=\"auto, (max-width: 297px) 100vw, 297px\" \/><\/p>\n<h2>Des structures d\u00e9di\u00e9es<\/h2>\n<p>Ces prestations sont effectu\u00e9es soit en interne, soit via des r\u00e9seaux d\u00e9di\u00e9s.<br \/>\nLes Transports Rabouin mettent \u00e0 disposition de leurs clients 3 sites logistiques d\u00e9di\u00e9s \u00e0 l'entreposage et au stockage de v\u00e9hicules\u00a0 :<\/p>\n<ul>\n<li>Boissy-Sous-Saint-Yon (91), 4500 emplacements<\/li>\n<li>Le Cellier (44), 4500 emplacements<\/li>\n<li>Chartres-de-Bretagne (35), 1000 emplacements<\/li>\n<\/ul>\n<h2>Un savoir-faire reconnu<\/h2>\n<p>Dot\u00e9es d'<strong>\u00e9quipements de pointe<\/strong> et anim\u00e9es par des \u00e9quipes de <strong>professionnels exp\u00e9riment\u00e9s<\/strong>, ces plateformes techniques assurent des prestations compl\u00e8tes.<\/p>\n","protected":false},"excerpt":{"rendered":"<p>Une logique de service En compl\u00e9ment de l\u2019activit\u00e9 de transport de v\u00e9hicules, les Transports RABOUIN proposent des prestations de stockage et de pr\u00e9paration \u00e0 la route. Ces services sur mesure s&rsquo;effectuent selon un cahier des charges pr\u00e9cis : r\u00e9ception, v\u00e9rification de concordance de N\u00b0 de ch\u00e2ssis, contr\u00f4le de l&rsquo;\u00e9tat int\u00e9rieur et ext\u00e9rieur, stockage, lavage, t\u00f4lerie, &hellip;<\/p>\n","protected":false},"author":2,"featured_media":0,"parent":12,"menu_order":0,"comment_status":"closed","ping_status":"closed","template":"","meta":{"_acf_changed":false,"footnotes":""},"class_list":["post-102","page","type-page","status-publish","hentry"],"acf":[],"yoast_head":"<!-- This site is optimized with the Yoast SEO plugin v25.3.1 - https:\/\/yoast.com\/wordpress\/plugins\/seo\/ -->\n<title>Pr\u00e9paration \u00e0 la route de vos v\u00e9hicules - Transports Rabouin<\/title>\n<meta name=\"description\" content=\"Les Transports Rabouin assurent la pr\u00e9paration \u00e0 la route de vos v\u00e9hicules selon un cahier des charges pr\u00e9cis. Prestation sur-mesure. Demandez votre devis.\" \/>\n<meta name=\"robots\" content=\"index, follow, max-snippet:-1, max-image-preview:large, max-video-preview:-1\" \/>\n<link rel=\"canonical\" href=\"https:\/\/www.rabouin.com\/fr\/services-logistiques\/preparation-automobile\/\" \/>\n<meta property=\"og:locale\" content=\"fr_FR\" \/>\n<meta property=\"og:type\" content=\"article\" \/>\n<meta property=\"og:title\" content=\"Pr\u00e9paration \u00e0 la route de vos v\u00e9hicules - Transports Rabouin\" \/>\n<meta property=\"og:description\" content=\"Les Transports Rabouin assurent la pr\u00e9paration \u00e0 la route de vos v\u00e9hicules selon un cahier des charges pr\u00e9cis. Prestation sur-mesure. Demandez votre devis.\" \/>\n<meta property=\"og:url\" content=\"https:\/\/www.rabouin.com\/fr\/services-logistiques\/preparation-automobile\/\" \/>\n<meta property=\"og:site_name\" content=\"Transports Rabouin\" \/>\n<meta property=\"article:publisher\" content=\"https:\/\/www.facebook.com\/Rabouin.Transports\" \/>\n<meta property=\"article:modified_time\" content=\"2020-11-06T08:59:57+00:00\" \/>\n<meta property=\"og:image\" content=\"https:\/\/www.rabouin.com\/wp-content\/uploads\/2017\/04\/preparation-automobile-transports-rabouin-1024x683.jpg\" \/>\n<meta name=\"twitter:card\" content=\"summary_large_image\" \/>\n<meta name=\"twitter:site\" content=\"@transportsrabo1\" \/>\n<meta name=\"twitter:label1\" content=\"Dur\u00e9e de lecture estim\u00e9e\" \/>\n\t<meta name=\"twitter:data1\" content=\"1 minute\" \/>\n<script type=\"application\/ld+json\" class=\"yoast-schema-graph\">{\"@context\":\"https:\/\/schema.org\",\"@graph\":[{\"@type\":\"WebPage\",\"@id\":\"https:\/\/www.rabouin.com\/fr\/services-logistiques\/preparation-automobile#webpage\",\"url\":\"https:\/\/www.rabouin.com\/fr\/services-logistiques\/preparation-automobile\/\",\"name\":\"Pr\u00e9paration \u00e0 la route de vos v\u00e9hicules - Transports Rabouin\",\"isPartOf\":{\"@id\":\"https:\/\/www.rabouin.com\/fr\/#website\"},\"primaryImageOfPage\":{\"@id\":\"https:\/\/www.rabouin.com\/fr\/services-logistiques\/preparation-automobile\/#primaryimage\"},\"image\":{\"@id\":\"https:\/\/www.rabouin.com\/fr\/services-logistiques\/preparation-automobile\/#primaryimage\"},\"thumbnailUrl\":\"https:\/\/www.rabouin.com\/wp-content\/uploads\/2017\/04\/preparation-automobile-transports-rabouin-1024x683.jpg\",\"datePublished\":\"2017-04-17T11:48:35+00:00\",\"dateModified\":\"2020-11-06T08:59:57+00:00\",\"description\":\"Les Transports Rabouin assurent la pr\u00e9paration \u00e0 la route de vos v\u00e9hicules selon un cahier des charges pr\u00e9cis. Prestation sur-mesure. Demandez votre devis.\",\"breadcrumb\":{\"@id\":\"https:\/\/www.rabouin.com\/fr\/services-logistiques\/preparation-automobile\/#breadcrumb\"},\"inLanguage\":\"fr-FR\",\"potentialAction\":[{\"@type\":\"ReadAction\",\"target\":[\"https:\/\/www.rabouin.com\/fr\/services-logistiques\/preparation-automobile\/\"]}]},{\"@type\":\"ImageObject\",\"inLanguage\":\"fr-FR\",\"@id\":\"https:\/\/www.rabouin.com\/fr\/services-logistiques\/preparation-automobile\/#primaryimage\",\"url\":\"https:\/\/www.rabouin.com\/wp-content\/uploads\/2017\/04\/preparation-automobile-transports-rabouin-1024x683.jpg\",\"contentUrl\":\"https:\/\/www.rabouin.com\/wp-content\/uploads\/2017\/04\/preparation-automobile-transports-rabouin-1024x683.jpg\"},{\"@type\":\"BreadcrumbList\",\"@id\":\"https:\/\/www.rabouin.com\/fr\/services-logistiques\/preparation-automobile\/#breadcrumb\",\"itemListElement\":[{\"@type\":\"ListItem\",\"position\":1,\"name\":\"Accueil\",\"item\":\"https:\/\/www.rabouin.com\/fr\/\"},{\"@type\":\"ListItem\",\"position\":2,\"name\":\"Services logistiques\",\"item\":\"https:\/\/www.rabouin.com\/fr\/services-logistiques\/\"},{\"@type\":\"ListItem\",\"position\":3,\"name\":\"Pr\u00e9paration automobile\"}]},{\"@type\":\"WebSite\",\"@id\":\"https:\/\/www.rabouin.com\/fr\/#website\",\"url\":\"https:\/\/www.rabouin.com\/fr\/\",\"name\":\"Transports Rabouin\",\"description\":\"Garants de vos v\u00e9hicules\",\"publisher\":{\"@id\":\"https:\/\/www.rabouin.com\/fr\/#organization\"},\"potentialAction\":[{\"@type\":\"SearchAction\",\"target\":{\"@type\":\"EntryPoint\",\"urlTemplate\":\"https:\/\/www.rabouin.com\/fr\/?s={search_term_string}\"},\"query-input\":{\"@type\":\"PropertyValueSpecification\",\"valueRequired\":true,\"valueName\":\"search_term_string\"}}],\"inLanguage\":\"fr-FR\"},{\"@type\":\"Organization\",\"@id\":\"https:\/\/www.rabouin.com\/fr\/#organization\",\"name\":\"Transports Rabouin\",\"alternateName\":\"Transports Rabouin\",\"url\":\"https:\/\/www.rabouin.com\/fr\/\",\"logo\":{\"@type\":\"ImageObject\",\"inLanguage\":\"fr-FR\",\"@id\":\"https:\/\/www.rabouin.com\/fr\/#\/schema\/logo\/image\/\",\"url\":\"https:\/\/www.rabouin.com\/wp-content\/uploads\/2023\/08\/logo-rabouin.png\",\"contentUrl\":\"https:\/\/www.rabouin.com\/wp-content\/uploads\/2023\/08\/logo-rabouin.png\",\"width\":2048,\"height\":2048,\"caption\":\"Transports Rabouin\"},\"image\":{\"@id\":\"https:\/\/www.rabouin.com\/fr\/#\/schema\/logo\/image\/\"},\"sameAs\":[\"https:\/\/www.facebook.com\/Rabouin.Transports\",\"https:\/\/www.instagram.com\/transportsrabouin\/\",\"https:\/\/www.youtube.com\/channel\/UCuxRbZG6gnMMK8H8KNYiiSA\",\"https:\/\/www.linkedin.com\/company\/transports-rabouin-sas\",\"https:\/\/www.tiktok.com\/@transportsrabouin\"],\"founder\":{\"@type\":\"Person\",\"name\":\"Eric Rabouin\"},\"contactPoint\":{\"@type\":\"ContactPoint\",\"telephone\":\"+33240253700\",\"contactType\":\"customer service\",\"availableLanguage\":\"French\"}}]}<\/script>\n<!-- \/ Yoast SEO plugin. -->","yoast_head_json":{"title":"Pr\u00e9paration \u00e0 la route de vos v\u00e9hicules - Transports Rabouin","description":"Les Transports Rabouin assurent la pr\u00e9paration \u00e0 la route de vos v\u00e9hicules selon un cahier des charges pr\u00e9cis. Prestation sur-mesure. Demandez votre devis.","robots":{"index":"index","follow":"follow","max-snippet":"max-snippet:-1","max-image-preview":"max-image-preview:large","max-video-preview":"max-video-preview:-1"},"canonical":"https:\/\/www.rabouin.com\/fr\/services-logistiques\/preparation-automobile\/","og_locale":"fr_FR","og_type":"article","og_title":"Pr\u00e9paration \u00e0 la route de vos v\u00e9hicules - Transports Rabouin","og_description":"Les Transports Rabouin assurent la pr\u00e9paration \u00e0 la route de vos v\u00e9hicules selon un cahier des charges pr\u00e9cis. Prestation sur-mesure. Demandez votre devis.","og_url":"https:\/\/www.rabouin.com\/fr\/services-logistiques\/preparation-automobile\/","og_site_name":"Transports Rabouin","article_publisher":"https:\/\/www.facebook.com\/Rabouin.Transports","article_modified_time":"2020-11-06T08:59:57+00:00","og_image":[{"url":"https:\/\/www.rabouin.com\/wp-content\/uploads\/2017\/04\/preparation-automobile-transports-rabouin-1024x683.jpg","type":"","width":"","height":""}],"twitter_card":"summary_large_image","twitter_site":"@transportsrabo1","twitter_misc":{"Dur\u00e9e de lecture estim\u00e9e":"1 minute"},"schema":{"@context":"https:\/\/schema.org","@graph":[{"@type":"WebPage","@id":"https:\/\/www.rabouin.com\/fr\/services-logistiques\/preparation-automobile#webpage","url":"https:\/\/www.rabouin.com\/fr\/services-logistiques\/preparation-automobile\/","name":"Pr\u00e9paration \u00e0 la route de vos v\u00e9hicules - Transports Rabouin","isPartOf":{"@id":"https:\/\/www.rabouin.com\/fr\/#website"},"primaryImageOfPage":{"@id":"https:\/\/www.rabouin.com\/fr\/services-logistiques\/preparation-automobile\/#primaryimage"},"image":{"@id":"https:\/\/www.rabouin.com\/fr\/services-logistiques\/preparation-automobile\/#primaryimage"},"thumbnailUrl":"https:\/\/www.rabouin.com\/wp-content\/uploads\/2017\/04\/preparation-automobile-transports-rabouin-1024x683.jpg","datePublished":"2017-04-17T11:48:35+00:00","dateModified":"2020-11-06T08:59:57+00:00","description":"Les Transports Rabouin assurent la pr\u00e9paration \u00e0 la route de vos v\u00e9hicules selon un cahier des charges pr\u00e9cis. Prestation sur-mesure. Demandez votre devis.","breadcrumb":{"@id":"https:\/\/www.rabouin.com\/fr\/services-logistiques\/preparation-automobile\/#breadcrumb"},"inLanguage":"fr-FR","potentialAction":[{"@type":"ReadAction","target":["https:\/\/www.rabouin.com\/fr\/services-logistiques\/preparation-automobile\/"]}]},{"@type":"ImageObject","inLanguage":"fr-FR","@id":"https:\/\/www.rabouin.com\/fr\/services-logistiques\/preparation-automobile\/#primaryimage","url":"https:\/\/www.rabouin.com\/wp-content\/uploads\/2017\/04\/preparation-automobile-transports-rabouin-1024x683.jpg","contentUrl":"https:\/\/www.rabouin.com\/wp-content\/uploads\/2017\/04\/preparation-automobile-transports-rabouin-1024x683.jpg"},{"@type":"BreadcrumbList","@id":"https:\/\/www.rabouin.com\/fr\/services-logistiques\/preparation-automobile\/#breadcrumb","itemListElement":[{"@type":"ListItem","position":1,"name":"Accueil","item":"https:\/\/www.rabouin.com\/fr\/"},{"@type":"ListItem","position":2,"name":"Services logistiques","item":"https:\/\/www.rabouin.com\/fr\/services-logistiques\/"},{"@type":"ListItem","position":3,"name":"Pr\u00e9paration automobile"}]},{"@type":"WebSite","@id":"https:\/\/www.rabouin.com\/fr\/#website","url":"https:\/\/www.rabouin.com\/fr\/","name":"Transports Rabouin","description":"Garants de vos v\u00e9hicules","publisher":{"@id":"https:\/\/www.rabouin.com\/fr\/#organization"},"potentialAction":[{"@type":"SearchAction","target":{"@type":"EntryPoint","urlTemplate":"https:\/\/www.rabouin.com\/fr\/?s={search_term_string}"},"query-input":{"@type":"PropertyValueSpecification","valueRequired":true,"valueName":"search_term_string"}}],"inLanguage":"fr-FR"},{"@type":"Organization","@id":"https:\/\/www.rabouin.com\/fr\/#organization","name":"Transports Rabouin","alternateName":"Transports Rabouin","url":"https:\/\/www.rabouin.com\/fr\/","logo":{"@type":"ImageObject","inLanguage":"fr-FR","@id":"https:\/\/www.rabouin.com\/fr\/#\/schema\/logo\/image\/","url":"https:\/\/www.rabouin.com\/wp-content\/uploads\/2023\/08\/logo-rabouin.png","contentUrl":"https:\/\/www.rabouin.com\/wp-content\/uploads\/2023\/08\/logo-rabouin.png","width":2048,"height":2048,"caption":"Transports Rabouin"},"image":{"@id":"https:\/\/www.rabouin.com\/fr\/#\/schema\/logo\/image\/"},"sameAs":["https:\/\/www.facebook.com\/Rabouin.Transports","https:\/\/www.instagram.com\/transportsrabouin\/","https:\/\/www.youtube.com\/channel\/UCuxRbZG6gnMMK8H8KNYiiSA","https:\/\/www.linkedin.com\/company\/transports-rabouin-sas","https:\/\/www.tiktok.com\/@transportsrabouin"],"founder":{"@type":"Person","name":"Eric Rabouin"},"contactPoint":{"@type":"ContactPoint","telephone":"+33240253700","contactType":"customer service","availableLanguage":"French"}}]}},"_links":{"self":[{"href":"https:\/\/www.rabouin.com\/fr\/wp-json\/wp\/v2\/pages\/102","targetHints":{"allow":["GET"]}}],"collection":[{"href":"https:\/\/www.rabouin.com\/fr\/wp-json\/wp\/v2\/pages"}],"about":[{"href":"https:\/\/www.rabouin.com\/fr\/wp-json\/wp\/v2\/types\/page"}],"author":[{"embeddable":true,"href":"https:\/\/www.rabouin.com\/fr\/wp-json\/wp\/v2\/users\/2"}],"replies":[{"embeddable":true,"href":"https:\/\/www.rabouin.com\/fr\/wp-json\/wp\/v2\/comments?post=102"}],"version-history":[{"count":0,"href":"https:\/\/www.rabouin.com\/fr\/wp-json\/wp\/v2\/pages\/102\/revisions"}],"up":[{"embeddable":true,"href":"https:\/\/www.rabouin.com\/fr\/wp-json\/wp\/v2\/pages\/12"}],"wp:attachment":[{"href":"https:\/\/www.rabouin.com\/fr\/wp-json\/wp\/v2\/media?parent=102"}],"curies":[{"name":"wp","href":"https:\/\/api.w.org\/{rel}","templated":true}]}}