{"id":104,"date":"2017-04-17T13:48:54","date_gmt":"2017-04-17T11:48:54","guid":{"rendered":"http:\/\/dev.transport-rabouin.com\/?page_id=104\/"},"modified":"2023-03-27T16:26:39","modified_gmt":"2023-03-27T14:26:39","slug":"stockage-de-vehicules","status":"publish","type":"page","link":"https:\/\/www.rabouin.com\/fr\/services-logistiques\/stockage-de-vehicules\/","title":{"rendered":"Stockage de v\u00e9hicules"},"content":{"rendered":"<p><img loading=\"lazy\" decoding=\"async\" class=\"alignnone size-full wp-image-402\" src=\"https:\/\/www.rabouin.com\/wp-content\/uploads\/2017\/04\/stockage-de-vehicule-transports-rabouin.jpg\" alt=\"stockage-de-vehicule-transports-rabouin\" width=\"850\" height=\"564\" srcset=\"https:\/\/www.rabouin.com\/wp-content\/uploads\/2017\/04\/stockage-de-vehicule-transports-rabouin.jpg 850w, https:\/\/www.rabouin.com\/wp-content\/uploads\/2017\/04\/stockage-de-vehicule-transports-rabouin-300x199.jpg 300w, https:\/\/www.rabouin.com\/wp-content\/uploads\/2017\/04\/stockage-de-vehicule-transports-rabouin-768x510.jpg 768w\" sizes=\"auto, (max-width: 850px) 100vw, 850px\" \/><br \/>\nUne importante capacit\u00e9 de stockage de v\u00e9hicules automobiles, voitures et utilitaires, avec un parc global de <strong>10 000 emplacements<\/strong> : 4500 en r\u00e9gion nantaise, 4500 en \u00cele-de-France, et 1000 pr\u00e8s de Rennes.<\/p>\n<h2>Une prestation compl\u00e8te et soign\u00e9e<\/h2>\n<p>Prise en charge, \u00e9tat descriptif, boxage, s\u00e9curisation des cl\u00e9s, \u00e9tat statistique.<\/p>\n<p>D\u00e9couvrez nos <a href=\"\/fr\/temoignages\/\">t\u00e9moignages clients<\/a>.<br \/>\nPour plus d'informations, <a href=\"https:\/\/www.rabouin.com\/fr\/contact\/\">contactez-nous<\/a>.<\/p>\n","protected":false},"excerpt":{"rendered":"<p>Une importante capacit\u00e9 de stockage de v\u00e9hicules automobiles, voitures et utilitaires, avec un parc global de 10 000 emplacements : 4500 en r\u00e9gion nantaise, 4500 en \u00cele-de-France, et 1000 pr\u00e8s de Rennes. Une prestation compl\u00e8te et soign\u00e9e Prise en charge, \u00e9tat descriptif, boxage, s\u00e9curisation des cl\u00e9s, \u00e9tat statistique. D\u00e9couvrez nos t\u00e9moignages clients. Pour plus d&rsquo;informations, &hellip;<\/p>\n","protected":false},"author":2,"featured_media":0,"parent":12,"menu_order":0,"comment_status":"closed","ping_status":"closed","template":"","meta":{"_acf_changed":false,"footnotes":""},"class_list":["post-104","page","type-page","status-publish","hentry"],"acf":[],"yoast_head":"<!-- This site is optimized with the Yoast SEO plugin v25.3.1 - https:\/\/yoast.com\/wordpress\/plugins\/seo\/ -->\n<title>Stockage de v\u00e9hicules sur parc global - Transports Rabouin<\/title>\n<meta name=\"description\" content=\"Avec un parc global de 10 000 emplacements, Transports Rabouin assurent le stockage de vos v\u00e9hicules. Prestation de qualit\u00e9. Demandez votre devis gratuit.\" \/>\n<meta name=\"robots\" content=\"index, follow, max-snippet:-1, max-image-preview:large, max-video-preview:-1\" \/>\n<link rel=\"canonical\" href=\"https:\/\/www.rabouin.com\/fr\/services-logistiques\/stockage-de-vehicules\/\" \/>\n<meta property=\"og:locale\" content=\"fr_FR\" \/>\n<meta property=\"og:type\" content=\"article\" \/>\n<meta property=\"og:title\" content=\"Stockage de v\u00e9hicules sur parc global - Transports Rabouin\" \/>\n<meta property=\"og:description\" content=\"Avec un parc global de 10 000 emplacements, Transports Rabouin assurent le stockage de vos v\u00e9hicules. Prestation de qualit\u00e9. Demandez votre devis gratuit.\" \/>\n<meta property=\"og:url\" content=\"https:\/\/www.rabouin.com\/fr\/services-logistiques\/stockage-de-vehicules\/\" \/>\n<meta property=\"og:site_name\" content=\"Transports Rabouin\" \/>\n<meta property=\"article:publisher\" content=\"https:\/\/www.facebook.com\/Rabouin.Transports\" \/>\n<meta property=\"article:modified_time\" content=\"2023-03-27T14:26:39+00:00\" \/>\n<meta property=\"og:image\" content=\"https:\/\/www.rabouin.com\/wp-content\/uploads\/2017\/04\/stockage-de-vehicule-transports-rabouin.jpg\" \/>\n<meta name=\"twitter:card\" content=\"summary_large_image\" \/>\n<meta name=\"twitter:site\" content=\"@transportsrabo1\" \/>\n<meta name=\"twitter:label1\" content=\"Dur\u00e9e de lecture estim\u00e9e\" \/>\n\t<meta name=\"twitter:data1\" content=\"1 minute\" \/>\n<script type=\"application\/ld+json\" class=\"yoast-schema-graph\">{\"@context\":\"https:\/\/schema.org\",\"@graph\":[{\"@type\":\"WebPage\",\"@id\":\"https:\/\/www.rabouin.com\/fr\/services-logistiques\/stockage-de-vehicules#webpage\",\"url\":\"https:\/\/www.rabouin.com\/fr\/services-logistiques\/stockage-de-vehicules\/\",\"name\":\"Stockage de v\u00e9hicules sur parc global - Transports Rabouin\",\"isPartOf\":{\"@id\":\"https:\/\/www.rabouin.com\/fr\/#website\"},\"primaryImageOfPage\":{\"@id\":\"https:\/\/www.rabouin.com\/fr\/services-logistiques\/stockage-de-vehicules\/#primaryimage\"},\"image\":{\"@id\":\"https:\/\/www.rabouin.com\/fr\/services-logistiques\/stockage-de-vehicules\/#primaryimage\"},\"thumbnailUrl\":\"https:\/\/www.rabouin.com\/wp-content\/uploads\/2017\/04\/stockage-de-vehicule-transports-rabouin.jpg\",\"datePublished\":\"2017-04-17T11:48:54+00:00\",\"dateModified\":\"2023-03-27T14:26:39+00:00\",\"description\":\"Avec un parc global de 10 000 emplacements, Transports Rabouin assurent le stockage de vos v\u00e9hicules. Prestation de qualit\u00e9. Demandez votre devis gratuit.\",\"breadcrumb\":{\"@id\":\"https:\/\/www.rabouin.com\/fr\/services-logistiques\/stockage-de-vehicules\/#breadcrumb\"},\"inLanguage\":\"fr-FR\",\"potentialAction\":[{\"@type\":\"ReadAction\",\"target\":[\"https:\/\/www.rabouin.com\/fr\/services-logistiques\/stockage-de-vehicules\/\"]}]},{\"@type\":\"ImageObject\",\"inLanguage\":\"fr-FR\",\"@id\":\"https:\/\/www.rabouin.com\/fr\/services-logistiques\/stockage-de-vehicules\/#primaryimage\",\"url\":\"https:\/\/www.rabouin.com\/wp-content\/uploads\/2017\/04\/stockage-de-vehicule-transports-rabouin.jpg\",\"contentUrl\":\"https:\/\/www.rabouin.com\/wp-content\/uploads\/2017\/04\/stockage-de-vehicule-transports-rabouin.jpg\"},{\"@type\":\"BreadcrumbList\",\"@id\":\"https:\/\/www.rabouin.com\/fr\/services-logistiques\/stockage-de-vehicules\/#breadcrumb\",\"itemListElement\":[{\"@type\":\"ListItem\",\"position\":1,\"name\":\"Accueil\",\"item\":\"https:\/\/www.rabouin.com\/fr\/\"},{\"@type\":\"ListItem\",\"position\":2,\"name\":\"Services logistiques\",\"item\":\"https:\/\/www.rabouin.com\/fr\/services-logistiques\/\"},{\"@type\":\"ListItem\",\"position\":3,\"name\":\"Stockage de v\u00e9hicules\"}]},{\"@type\":\"WebSite\",\"@id\":\"https:\/\/www.rabouin.com\/fr\/#website\",\"url\":\"https:\/\/www.rabouin.com\/fr\/\",\"name\":\"Transports Rabouin\",\"description\":\"Garants de vos v\u00e9hicules\",\"publisher\":{\"@id\":\"https:\/\/www.rabouin.com\/fr\/#organization\"},\"potentialAction\":[{\"@type\":\"SearchAction\",\"target\":{\"@type\":\"EntryPoint\",\"urlTemplate\":\"https:\/\/www.rabouin.com\/fr\/?s={search_term_string}\"},\"query-input\":{\"@type\":\"PropertyValueSpecification\",\"valueRequired\":true,\"valueName\":\"search_term_string\"}}],\"inLanguage\":\"fr-FR\"},{\"@type\":\"Organization\",\"@id\":\"https:\/\/www.rabouin.com\/fr\/#organization\",\"name\":\"Transports Rabouin\",\"alternateName\":\"Transports Rabouin\",\"url\":\"https:\/\/www.rabouin.com\/fr\/\",\"logo\":{\"@type\":\"ImageObject\",\"inLanguage\":\"fr-FR\",\"@id\":\"https:\/\/www.rabouin.com\/fr\/#\/schema\/logo\/image\/\",\"url\":\"https:\/\/www.rabouin.com\/wp-content\/uploads\/2023\/08\/logo-rabouin.png\",\"contentUrl\":\"https:\/\/www.rabouin.com\/wp-content\/uploads\/2023\/08\/logo-rabouin.png\",\"width\":2048,\"height\":2048,\"caption\":\"Transports Rabouin\"},\"image\":{\"@id\":\"https:\/\/www.rabouin.com\/fr\/#\/schema\/logo\/image\/\"},\"sameAs\":[\"https:\/\/www.facebook.com\/Rabouin.Transports\",\"https:\/\/www.instagram.com\/transportsrabouin\/\",\"https:\/\/www.youtube.com\/channel\/UCuxRbZG6gnMMK8H8KNYiiSA\",\"https:\/\/www.linkedin.com\/company\/transports-rabouin-sas\",\"https:\/\/www.tiktok.com\/@transportsrabouin\"],\"founder\":{\"@type\":\"Person\",\"name\":\"Eric Rabouin\"},\"contactPoint\":{\"@type\":\"ContactPoint\",\"telephone\":\"+33240253700\",\"contactType\":\"customer service\",\"availableLanguage\":\"French\"}}]}<\/script>\n<!-- \/ Yoast SEO plugin. -->","yoast_head_json":{"title":"Stockage de v\u00e9hicules sur parc global - Transports Rabouin","description":"Avec un parc global de 10 000 emplacements, Transports Rabouin assurent le stockage de vos v\u00e9hicules. Prestation de qualit\u00e9. Demandez votre devis gratuit.","robots":{"index":"index","follow":"follow","max-snippet":"max-snippet:-1","max-image-preview":"max-image-preview:large","max-video-preview":"max-video-preview:-1"},"canonical":"https:\/\/www.rabouin.com\/fr\/services-logistiques\/stockage-de-vehicules\/","og_locale":"fr_FR","og_type":"article","og_title":"Stockage de v\u00e9hicules sur parc global - Transports Rabouin","og_description":"Avec un parc global de 10 000 emplacements, Transports Rabouin assurent le stockage de vos v\u00e9hicules. Prestation de qualit\u00e9. Demandez votre devis gratuit.","og_url":"https:\/\/www.rabouin.com\/fr\/services-logistiques\/stockage-de-vehicules\/","og_site_name":"Transports Rabouin","article_publisher":"https:\/\/www.facebook.com\/Rabouin.Transports","article_modified_time":"2023-03-27T14:26:39+00:00","og_image":[{"url":"https:\/\/www.rabouin.com\/wp-content\/uploads\/2017\/04\/stockage-de-vehicule-transports-rabouin.jpg","type":"","width":"","height":""}],"twitter_card":"summary_large_image","twitter_site":"@transportsrabo1","twitter_misc":{"Dur\u00e9e de lecture estim\u00e9e":"1 minute"},"schema":{"@context":"https:\/\/schema.org","@graph":[{"@type":"WebPage","@id":"https:\/\/www.rabouin.com\/fr\/services-logistiques\/stockage-de-vehicules#webpage","url":"https:\/\/www.rabouin.com\/fr\/services-logistiques\/stockage-de-vehicules\/","name":"Stockage de v\u00e9hicules sur parc global - Transports Rabouin","isPartOf":{"@id":"https:\/\/www.rabouin.com\/fr\/#website"},"primaryImageOfPage":{"@id":"https:\/\/www.rabouin.com\/fr\/services-logistiques\/stockage-de-vehicules\/#primaryimage"},"image":{"@id":"https:\/\/www.rabouin.com\/fr\/services-logistiques\/stockage-de-vehicules\/#primaryimage"},"thumbnailUrl":"https:\/\/www.rabouin.com\/wp-content\/uploads\/2017\/04\/stockage-de-vehicule-transports-rabouin.jpg","datePublished":"2017-04-17T11:48:54+00:00","dateModified":"2023-03-27T14:26:39+00:00","description":"Avec un parc global de 10 000 emplacements, Transports Rabouin assurent le stockage de vos v\u00e9hicules. Prestation de qualit\u00e9. Demandez votre devis gratuit.","breadcrumb":{"@id":"https:\/\/www.rabouin.com\/fr\/services-logistiques\/stockage-de-vehicules\/#breadcrumb"},"inLanguage":"fr-FR","potentialAction":[{"@type":"ReadAction","target":["https:\/\/www.rabouin.com\/fr\/services-logistiques\/stockage-de-vehicules\/"]}]},{"@type":"ImageObject","inLanguage":"fr-FR","@id":"https:\/\/www.rabouin.com\/fr\/services-logistiques\/stockage-de-vehicules\/#primaryimage","url":"https:\/\/www.rabouin.com\/wp-content\/uploads\/2017\/04\/stockage-de-vehicule-transports-rabouin.jpg","contentUrl":"https:\/\/www.rabouin.com\/wp-content\/uploads\/2017\/04\/stockage-de-vehicule-transports-rabouin.jpg"},{"@type":"BreadcrumbList","@id":"https:\/\/www.rabouin.com\/fr\/services-logistiques\/stockage-de-vehicules\/#breadcrumb","itemListElement":[{"@type":"ListItem","position":1,"name":"Accueil","item":"https:\/\/www.rabouin.com\/fr\/"},{"@type":"ListItem","position":2,"name":"Services logistiques","item":"https:\/\/www.rabouin.com\/fr\/services-logistiques\/"},{"@type":"ListItem","position":3,"name":"Stockage de v\u00e9hicules"}]},{"@type":"WebSite","@id":"https:\/\/www.rabouin.com\/fr\/#website","url":"https:\/\/www.rabouin.com\/fr\/","name":"Transports Rabouin","description":"Garants de vos v\u00e9hicules","publisher":{"@id":"https:\/\/www.rabouin.com\/fr\/#organization"},"potentialAction":[{"@type":"SearchAction","target":{"@type":"EntryPoint","urlTemplate":"https:\/\/www.rabouin.com\/fr\/?s={search_term_string}"},"query-input":{"@type":"PropertyValueSpecification","valueRequired":true,"valueName":"search_term_string"}}],"inLanguage":"fr-FR"},{"@type":"Organization","@id":"https:\/\/www.rabouin.com\/fr\/#organization","name":"Transports Rabouin","alternateName":"Transports Rabouin","url":"https:\/\/www.rabouin.com\/fr\/","logo":{"@type":"ImageObject","inLanguage":"fr-FR","@id":"https:\/\/www.rabouin.com\/fr\/#\/schema\/logo\/image\/","url":"https:\/\/www.rabouin.com\/wp-content\/uploads\/2023\/08\/logo-rabouin.png","contentUrl":"https:\/\/www.rabouin.com\/wp-content\/uploads\/2023\/08\/logo-rabouin.png","width":2048,"height":2048,"caption":"Transports Rabouin"},"image":{"@id":"https:\/\/www.rabouin.com\/fr\/#\/schema\/logo\/image\/"},"sameAs":["https:\/\/www.facebook.com\/Rabouin.Transports","https:\/\/www.instagram.com\/transportsrabouin\/","https:\/\/www.youtube.com\/channel\/UCuxRbZG6gnMMK8H8KNYiiSA","https:\/\/www.linkedin.com\/company\/transports-rabouin-sas","https:\/\/www.tiktok.com\/@transportsrabouin"],"founder":{"@type":"Person","name":"Eric Rabouin"},"contactPoint":{"@type":"ContactPoint","telephone":"+33240253700","contactType":"customer service","availableLanguage":"French"}}]}},"_links":{"self":[{"href":"https:\/\/www.rabouin.com\/fr\/wp-json\/wp\/v2\/pages\/104","targetHints":{"allow":["GET"]}}],"collection":[{"href":"https:\/\/www.rabouin.com\/fr\/wp-json\/wp\/v2\/pages"}],"about":[{"href":"https:\/\/www.rabouin.com\/fr\/wp-json\/wp\/v2\/types\/page"}],"author":[{"embeddable":true,"href":"https:\/\/www.rabouin.com\/fr\/wp-json\/wp\/v2\/users\/2"}],"replies":[{"embeddable":true,"href":"https:\/\/www.rabouin.com\/fr\/wp-json\/wp\/v2\/comments?post=104"}],"version-history":[{"count":0,"href":"https:\/\/www.rabouin.com\/fr\/wp-json\/wp\/v2\/pages\/104\/revisions"}],"up":[{"embeddable":true,"href":"https:\/\/www.rabouin.com\/fr\/wp-json\/wp\/v2\/pages\/12"}],"wp:attachment":[{"href":"https:\/\/www.rabouin.com\/fr\/wp-json\/wp\/v2\/media?parent=104"}],"curies":[{"name":"wp","href":"https:\/\/api.w.org\/{rel}","templated":true}]}}