{"id":108,"date":"2017-04-17T13:49:27","date_gmt":"2017-04-17T11:49:27","guid":{"rendered":"http:\/\/dev.transport-rabouin.com\/?page_id=108\/"},"modified":"2025-09-29T10:05:40","modified_gmt":"2025-09-29T08:05:40","slug":"les-moyens","status":"publish","type":"page","link":"https:\/\/www.rabouin.com\/fr\/transports-rabouin\/les-moyens\/","title":{"rendered":"Les moyens"},"content":{"rendered":"<p><img loading=\"lazy\" decoding=\"async\" class=\"alignnone size-full wp-image-421\" src=\"https:\/\/www.rabouin.com\/wp-content\/uploads\/2017\/04\/formation-chargement-transports-rabouin.jpg\" alt=\"formation-chargement-transports-rabouin\" width=\"850\" height=\"567\" srcset=\"https:\/\/www.rabouin.com\/wp-content\/uploads\/2017\/04\/formation-chargement-transports-rabouin.jpg 850w, https:\/\/www.rabouin.com\/wp-content\/uploads\/2017\/04\/formation-chargement-transports-rabouin-300x200.jpg 300w, https:\/\/www.rabouin.com\/wp-content\/uploads\/2017\/04\/formation-chargement-transports-rabouin-768x512.jpg 768w\" sizes=\"auto, (max-width: 850px) 100vw, 850px\" \/><\/p>\n<h2>Les moyens humains et techniques<\/h2>\n<p>Les Transports Rabouin disposent de leur propre flotte de camions.<br \/>\nEn disposant de l\u2019ensemble des moyens humains et techniques, c\u2019est-\u00e0-dire ne faisant pas appel \u00e0 des sous-traitants, les Transports Rabouin ma\u00eetrisent compl\u00e8tement chaque projet avec une r\u00e9activit\u00e9 hors pair.<\/p>\n<div style=\"clear: both;\">\u00a0Ce mode de fonctionnement permet \u00e9galement une <strong>relation unique<\/strong> et <strong>personnalis\u00e9e<\/strong> pour chaque client avec un seul et m\u00eame conseiller. A ce sujet, d\u00e9couvrez les <a href=\"\/fr\/temoignages\/\">t\u00e9moignages<\/a> de nos clients.<\/div>\n<h2><img loading=\"lazy\" decoding=\"async\" class=\"aligncenter wp-image-427 size-full\" src=\"https:\/\/www.rabouin.com\/wp-content\/uploads\/2017\/04\/bureau-equipe-transports-rabouin.jpg\" alt=\"Service commercial exploitation transports rabouin\" width=\"850\" height=\"567\" srcset=\"https:\/\/www.rabouin.com\/wp-content\/uploads\/2017\/04\/bureau-equipe-transports-rabouin.jpg 850w, https:\/\/www.rabouin.com\/wp-content\/uploads\/2017\/04\/bureau-equipe-transports-rabouin-300x200.jpg 300w, https:\/\/www.rabouin.com\/wp-content\/uploads\/2017\/04\/bureau-equipe-transports-rabouin-768x512.jpg 768w\" sizes=\"auto, (max-width: 850px) 100vw, 850px\" \/><\/h2>\n<h2>Les moyens humains : plus que des personnes, une \u00e9quipe et son savoir-faire<\/h2>\n<h3>Le service client<\/h3>\n<p>Chaque client est assur\u00e9 d\u2019avoir une r\u00e9ponse personnalis\u00e9e et imm\u00e9diate. C\u2019est le m\u00eame interlocuteur qui g\u00e8re la demande, sa r\u00e9ception, sa cotation et sa faisabilit\u00e9. Chaque conseiller suit ses propres clients pour toujours plus de r\u00e9activit\u00e9 et de qualit\u00e9 de service. R\u00e9pondre \u00e0 toute demande et avoir une \u00e9coute de qualit\u00e9 permettant de proposer des <strong>solutions adapt\u00e9es<\/strong>, voil\u00e0 la mission quotidienne du service client.<\/p>\n<h3>Des prestations sur mesure<\/h3>\n<p>Que la demande soit pour une voiture ou pour un lot complet de v\u00e9hicules, les prestations sont toujours sur mesure. Toute demande \u00e9tant unique, les Transports Rabouin mettent tout en \u0153uvre pour s\u2019adapter aux besoins et aux exigences que fait valoir chaque client. Ainsi, l\u2019entreprise a cr\u00e9\u00e9 un Document Unique de Transport et un <a href=\"https:\/\/www.rabouin.com\/wp-content\/uploads\/2017\/04\/DOC031018.pdf\" target=\"_blank\" rel=\"noopener\">Constat de R\u00e9ception de V\u00e9hicule<\/a> qui s\u00e9curisent compl\u00e8tement le transport.\u00a0gze<\/p>\n<p>La <strong>qualit\u00e9 des prestations<\/strong> est r\u00e9guli\u00e8rement mesur\u00e9e pour garder et perfectionner l\u2019atout \"qualit\u00e9\" qui fait la force des Transports Rabouin.<\/p>\n<p>Cette qualit\u00e9 est mesur\u00e9e via le contr\u00f4le de chaque bon de livraison, le reporting journalier, les formations des conducteurs \u00e0 la prise de r\u00e9serves et aux techniques de chargement et d\u00e9chargement, calage, sanglage et d\u2019arrimage.<\/p>\n<p>De plus, la sensibilisation des conducteurs \u00e0 la s\u00e9curit\u00e9, notamment lors des op\u00e9rations de prise en charge des v\u00e9hicules, est une des priorit\u00e9s des Transports Rabouin.<\/p>\n<h3>Les conducteurs<\/h3>\n<p>Les conducteurs accordent une attention toute particuli\u00e8re aux v\u00e9hicules qu\u2019ils transportent d\u00e8s leur enl\u00e8vement jusqu\u2019\u00e0 leur livraison. L\u2019ensemble des conducteurs est titulaire de la FIMO (Formation Initiale Minimum Obligatoire) et de la FCO (Formation Continue Obligatoire). Ils sont form\u00e9s pour s\u2019adapter \u00e0 chaque situation tout en respectant des proc\u00e9dures pr\u00e9cises sur les v\u00e9hicules qu\u2019ils transportent.<br \/>\n<img loading=\"lazy\" decoding=\"async\" class=\"alignnone size-full wp-image-423\" src=\"https:\/\/www.rabouin.com\/wp-content\/uploads\/2017\/04\/mise-en-place-des-rampes-camion-transports-rabouin.jpg\" alt=\"mise-en-place-des-rampes-camion-transports-rabouin\" width=\"850\" height=\"566\" srcset=\"https:\/\/www.rabouin.com\/wp-content\/uploads\/2017\/04\/mise-en-place-des-rampes-camion-transports-rabouin.jpg 850w, https:\/\/www.rabouin.com\/wp-content\/uploads\/2017\/04\/mise-en-place-des-rampes-camion-transports-rabouin-300x200.jpg 300w, https:\/\/www.rabouin.com\/wp-content\/uploads\/2017\/04\/mise-en-place-des-rampes-camion-transports-rabouin-768x511.jpg 768w\" sizes=\"auto, (max-width: 850px) 100vw, 850px\" \/><\/p>\n<h2>Recrutement et formation : des \u00e9tapes essentielles pour int\u00e9grer la culture \"qualit\u00e9\"<\/h2>\n<p>Les Transports Rabouin attachent beaucoup d\u2019importance \u00e0 la phase de <a href=\"https:\/\/www.rabouin.com\/fr\/recrutement\/\">recrutement<\/a> qui se compose \u00e0 la fois de tests, d\u2019\u00e9valuations pouss\u00e9es et de formations terrain.<\/p>\n<p>Apr\u00e8s chaque recrutement, s\u2019en suivent 2 semaines de formation et un mois d\u2019accompagnement privil\u00e9gi\u00e9 avec l\u2019un de nos trois formateurs internes. La p\u00e9riode d\u2019\u00e9valuation est suivie de 2 semaines de formation puis d\u2019un mois d\u2019accompagnement.<br \/>\nEt pour toujours plus de qualit\u00e9, d\u2019hygi\u00e8ne, de s\u00e9curit\u00e9 et de respect de l\u2019environnement, tout conducteur b\u00e9n\u00e9ficie d\u2019un \u00e9ventail de formations d\u00e9di\u00e9es \u00e0 ces grands th\u00e8mes.<\/p>\n<h2>Les moyens techniques : point d\u00e9terminant pour la fiabilit\u00e9, la s\u00e9curit\u00e9 et la qualit\u00e9<\/h2>\n<p>Forts d\u2019une flotte de camions compos\u00e9e de 145 ensembles \u00e0 la pointe de l\u2019innovation, les Transports Rabouin garantissent la fiabilit\u00e9 et la qualit\u00e9 de leur service et ce en toute s\u00e9curit\u00e9.<br \/>\nSavoir-faire et prestations de qualit\u00e9 font que nos clients nous reconnaissent et nous sont fid\u00e8les.<\/p>\n<p>Gr\u00e2ce \u00e0 son \u00e9quipe de m\u00e9caniciens sp\u00e9cialis\u00e9s dans le domaine du porte-voitures et munis d'un \u00e9quipement de pointe concernant la s\u00e9curit\u00e9, la tra\u00e7abilit\u00e9 et la transmission d'informations, l\u2019entreprise est en mesure d\u2019assurer un niveau de s\u00e9curit\u00e9, de qualit\u00e9 et de r\u00e9activit\u00e9 sans \u00e9gal.<\/p>\n<div id=\"aircall-extension-app\"><\/div>\n","protected":false},"excerpt":{"rendered":"<p>Les moyens humains et techniques Les Transports Rabouin disposent de leur propre flotte de camions. En disposant de l\u2019ensemble des moyens humains et techniques, c\u2019est-\u00e0-dire ne faisant pas appel \u00e0 des sous-traitants, les Transports Rabouin ma\u00eetrisent compl\u00e8tement chaque projet avec une r\u00e9activit\u00e9 hors pair. \u00a0Ce mode de fonctionnement permet \u00e9galement une relation unique et personnalis\u00e9e &hellip;<\/p>\n","protected":false},"author":2,"featured_media":0,"parent":27,"menu_order":0,"comment_status":"closed","ping_status":"closed","template":"","meta":{"_acf_changed":false,"footnotes":""},"class_list":["post-108","page","type-page","status-publish","hentry"],"acf":[],"yoast_head":"<!-- This site is optimized with the Yoast SEO plugin v25.3.1 - https:\/\/yoast.com\/wordpress\/plugins\/seo\/ -->\n<title>Moyens techniques et humains internalis\u00e9s - Transports Rabouin<\/title>\n<meta name=\"description\" content=\"Des \u00e9quipes sp\u00e9cialis\u00e9es et de leur propre flotte de camions pour garantir des prestations sur-mesure de qualit\u00e9.\" \/>\n<meta name=\"robots\" content=\"index, follow, max-snippet:-1, max-image-preview:large, max-video-preview:-1\" \/>\n<link rel=\"canonical\" href=\"https:\/\/www.rabouin.com\/fr\/transports-rabouin\/les-moyens\/\" \/>\n<meta property=\"og:locale\" content=\"fr_FR\" \/>\n<meta property=\"og:type\" content=\"article\" \/>\n<meta property=\"og:title\" content=\"Moyens techniques et humains internalis\u00e9s - Transports Rabouin\" \/>\n<meta property=\"og:description\" content=\"Des \u00e9quipes sp\u00e9cialis\u00e9es et de leur propre flotte de camions pour garantir des prestations sur-mesure de qualit\u00e9.\" \/>\n<meta property=\"og:url\" content=\"https:\/\/www.rabouin.com\/fr\/transports-rabouin\/les-moyens\/\" \/>\n<meta property=\"og:site_name\" content=\"Transports Rabouin\" \/>\n<meta property=\"article:publisher\" content=\"https:\/\/www.facebook.com\/Rabouin.Transports\" \/>\n<meta property=\"article:modified_time\" content=\"2025-09-29T08:05:40+00:00\" \/>\n<meta property=\"og:image\" content=\"https:\/\/www.rabouin.com\/wp-content\/uploads\/2017\/04\/formation-chargement-transports-rabouin.jpg\" \/>\n\t<meta property=\"og:image:width\" content=\"850\" \/>\n\t<meta property=\"og:image:height\" content=\"567\" \/>\n\t<meta property=\"og:image:type\" content=\"image\/jpeg\" \/>\n<meta name=\"twitter:card\" content=\"summary_large_image\" \/>\n<meta name=\"twitter:site\" content=\"@transportsrabo1\" \/>\n<meta name=\"twitter:label1\" content=\"Dur\u00e9e de lecture estim\u00e9e\" \/>\n\t<meta name=\"twitter:data1\" content=\"4 minutes\" \/>\n<script type=\"application\/ld+json\" class=\"yoast-schema-graph\">{\"@context\":\"https:\/\/schema.org\",\"@graph\":[{\"@type\":\"WebPage\",\"@id\":\"https:\/\/www.rabouin.com\/fr\/transports-rabouin\/les-moyens#webpage\",\"url\":\"https:\/\/www.rabouin.com\/fr\/transports-rabouin\/les-moyens\/\",\"name\":\"Moyens techniques et humains internalis\u00e9s - Transports Rabouin\",\"isPartOf\":{\"@id\":\"https:\/\/www.rabouin.com\/fr\/#website\"},\"primaryImageOfPage\":{\"@id\":\"https:\/\/www.rabouin.com\/fr\/transports-rabouin\/les-moyens\/#primaryimage\"},\"image\":{\"@id\":\"https:\/\/www.rabouin.com\/fr\/transports-rabouin\/les-moyens\/#primaryimage\"},\"thumbnailUrl\":\"https:\/\/www.rabouin.com\/wp-content\/uploads\/2017\/04\/formation-chargement-transports-rabouin.jpg\",\"datePublished\":\"2017-04-17T11:49:27+00:00\",\"dateModified\":\"2025-09-29T08:05:40+00:00\",\"description\":\"Des \u00e9quipes sp\u00e9cialis\u00e9es et de leur propre flotte de camions pour garantir des prestations sur-mesure de qualit\u00e9.\",\"breadcrumb\":{\"@id\":\"https:\/\/www.rabouin.com\/fr\/transports-rabouin\/les-moyens\/#breadcrumb\"},\"inLanguage\":\"fr-FR\",\"potentialAction\":[{\"@type\":\"ReadAction\",\"target\":[\"https:\/\/www.rabouin.com\/fr\/transports-rabouin\/les-moyens\/\"]}]},{\"@type\":\"ImageObject\",\"inLanguage\":\"fr-FR\",\"@id\":\"https:\/\/www.rabouin.com\/fr\/transports-rabouin\/les-moyens\/#primaryimage\",\"url\":\"https:\/\/www.rabouin.com\/wp-content\/uploads\/2017\/04\/formation-chargement-transports-rabouin.jpg\",\"contentUrl\":\"https:\/\/www.rabouin.com\/wp-content\/uploads\/2017\/04\/formation-chargement-transports-rabouin.jpg\"},{\"@type\":\"BreadcrumbList\",\"@id\":\"https:\/\/www.rabouin.com\/fr\/transports-rabouin\/les-moyens\/#breadcrumb\",\"itemListElement\":[{\"@type\":\"ListItem\",\"position\":1,\"name\":\"Accueil\",\"item\":\"https:\/\/www.rabouin.com\/fr\/\"},{\"@type\":\"ListItem\",\"position\":2,\"name\":\"Transports Rabouin\",\"item\":\"https:\/\/www.rabouin.com\/fr\/transports-rabouin\/\"},{\"@type\":\"ListItem\",\"position\":3,\"name\":\"Les moyens\"}]},{\"@type\":\"WebSite\",\"@id\":\"https:\/\/www.rabouin.com\/fr\/#website\",\"url\":\"https:\/\/www.rabouin.com\/fr\/\",\"name\":\"Transports Rabouin\",\"description\":\"Garants de vos v\u00e9hicules\",\"publisher\":{\"@id\":\"https:\/\/www.rabouin.com\/fr\/#organization\"},\"potentialAction\":[{\"@type\":\"SearchAction\",\"target\":{\"@type\":\"EntryPoint\",\"urlTemplate\":\"https:\/\/www.rabouin.com\/fr\/?s={search_term_string}\"},\"query-input\":{\"@type\":\"PropertyValueSpecification\",\"valueRequired\":true,\"valueName\":\"search_term_string\"}}],\"inLanguage\":\"fr-FR\"},{\"@type\":\"Organization\",\"@id\":\"https:\/\/www.rabouin.com\/fr\/#organization\",\"name\":\"Transports Rabouin\",\"alternateName\":\"Transports Rabouin\",\"url\":\"https:\/\/www.rabouin.com\/fr\/\",\"logo\":{\"@type\":\"ImageObject\",\"inLanguage\":\"fr-FR\",\"@id\":\"https:\/\/www.rabouin.com\/fr\/#\/schema\/logo\/image\/\",\"url\":\"https:\/\/www.rabouin.com\/wp-content\/uploads\/2023\/08\/logo-rabouin.png\",\"contentUrl\":\"https:\/\/www.rabouin.com\/wp-content\/uploads\/2023\/08\/logo-rabouin.png\",\"width\":2048,\"height\":2048,\"caption\":\"Transports Rabouin\"},\"image\":{\"@id\":\"https:\/\/www.rabouin.com\/fr\/#\/schema\/logo\/image\/\"},\"sameAs\":[\"https:\/\/www.facebook.com\/Rabouin.Transports\",\"https:\/\/www.instagram.com\/transportsrabouin\/\",\"https:\/\/www.youtube.com\/channel\/UCuxRbZG6gnMMK8H8KNYiiSA\",\"https:\/\/www.linkedin.com\/company\/transports-rabouin-sas\",\"https:\/\/www.tiktok.com\/@transportsrabouin\"],\"founder\":{\"@type\":\"Person\",\"name\":\"Eric Rabouin\"},\"contactPoint\":{\"@type\":\"ContactPoint\",\"telephone\":\"+33240253700\",\"contactType\":\"customer service\",\"availableLanguage\":\"French\"}}]}<\/script>\n<!-- \/ Yoast SEO plugin. -->","yoast_head_json":{"title":"Moyens techniques et humains internalis\u00e9s - Transports Rabouin","description":"Des \u00e9quipes sp\u00e9cialis\u00e9es et de leur propre flotte de camions pour garantir des prestations sur-mesure de qualit\u00e9.","robots":{"index":"index","follow":"follow","max-snippet":"max-snippet:-1","max-image-preview":"max-image-preview:large","max-video-preview":"max-video-preview:-1"},"canonical":"https:\/\/www.rabouin.com\/fr\/transports-rabouin\/les-moyens\/","og_locale":"fr_FR","og_type":"article","og_title":"Moyens techniques et humains internalis\u00e9s - Transports Rabouin","og_description":"Des \u00e9quipes sp\u00e9cialis\u00e9es et de leur propre flotte de camions pour garantir des prestations sur-mesure de qualit\u00e9.","og_url":"https:\/\/www.rabouin.com\/fr\/transports-rabouin\/les-moyens\/","og_site_name":"Transports Rabouin","article_publisher":"https:\/\/www.facebook.com\/Rabouin.Transports","article_modified_time":"2025-09-29T08:05:40+00:00","og_image":[{"width":850,"height":567,"url":"https:\/\/www.rabouin.com\/wp-content\/uploads\/2017\/04\/formation-chargement-transports-rabouin.jpg","type":"image\/jpeg"}],"twitter_card":"summary_large_image","twitter_site":"@transportsrabo1","twitter_misc":{"Dur\u00e9e de lecture estim\u00e9e":"4 minutes"},"schema":{"@context":"https:\/\/schema.org","@graph":[{"@type":"WebPage","@id":"https:\/\/www.rabouin.com\/fr\/transports-rabouin\/les-moyens#webpage","url":"https:\/\/www.rabouin.com\/fr\/transports-rabouin\/les-moyens\/","name":"Moyens techniques et humains internalis\u00e9s - Transports Rabouin","isPartOf":{"@id":"https:\/\/www.rabouin.com\/fr\/#website"},"primaryImageOfPage":{"@id":"https:\/\/www.rabouin.com\/fr\/transports-rabouin\/les-moyens\/#primaryimage"},"image":{"@id":"https:\/\/www.rabouin.com\/fr\/transports-rabouin\/les-moyens\/#primaryimage"},"thumbnailUrl":"https:\/\/www.rabouin.com\/wp-content\/uploads\/2017\/04\/formation-chargement-transports-rabouin.jpg","datePublished":"2017-04-17T11:49:27+00:00","dateModified":"2025-09-29T08:05:40+00:00","description":"Des \u00e9quipes sp\u00e9cialis\u00e9es et de leur propre flotte de camions pour garantir des prestations sur-mesure de qualit\u00e9.","breadcrumb":{"@id":"https:\/\/www.rabouin.com\/fr\/transports-rabouin\/les-moyens\/#breadcrumb"},"inLanguage":"fr-FR","potentialAction":[{"@type":"ReadAction","target":["https:\/\/www.rabouin.com\/fr\/transports-rabouin\/les-moyens\/"]}]},{"@type":"ImageObject","inLanguage":"fr-FR","@id":"https:\/\/www.rabouin.com\/fr\/transports-rabouin\/les-moyens\/#primaryimage","url":"https:\/\/www.rabouin.com\/wp-content\/uploads\/2017\/04\/formation-chargement-transports-rabouin.jpg","contentUrl":"https:\/\/www.rabouin.com\/wp-content\/uploads\/2017\/04\/formation-chargement-transports-rabouin.jpg"},{"@type":"BreadcrumbList","@id":"https:\/\/www.rabouin.com\/fr\/transports-rabouin\/les-moyens\/#breadcrumb","itemListElement":[{"@type":"ListItem","position":1,"name":"Accueil","item":"https:\/\/www.rabouin.com\/fr\/"},{"@type":"ListItem","position":2,"name":"Transports Rabouin","item":"https:\/\/www.rabouin.com\/fr\/transports-rabouin\/"},{"@type":"ListItem","position":3,"name":"Les moyens"}]},{"@type":"WebSite","@id":"https:\/\/www.rabouin.com\/fr\/#website","url":"https:\/\/www.rabouin.com\/fr\/","name":"Transports Rabouin","description":"Garants de vos v\u00e9hicules","publisher":{"@id":"https:\/\/www.rabouin.com\/fr\/#organization"},"potentialAction":[{"@type":"SearchAction","target":{"@type":"EntryPoint","urlTemplate":"https:\/\/www.rabouin.com\/fr\/?s={search_term_string}"},"query-input":{"@type":"PropertyValueSpecification","valueRequired":true,"valueName":"search_term_string"}}],"inLanguage":"fr-FR"},{"@type":"Organization","@id":"https:\/\/www.rabouin.com\/fr\/#organization","name":"Transports Rabouin","alternateName":"Transports Rabouin","url":"https:\/\/www.rabouin.com\/fr\/","logo":{"@type":"ImageObject","inLanguage":"fr-FR","@id":"https:\/\/www.rabouin.com\/fr\/#\/schema\/logo\/image\/","url":"https:\/\/www.rabouin.com\/wp-content\/uploads\/2023\/08\/logo-rabouin.png","contentUrl":"https:\/\/www.rabouin.com\/wp-content\/uploads\/2023\/08\/logo-rabouin.png","width":2048,"height":2048,"caption":"Transports Rabouin"},"image":{"@id":"https:\/\/www.rabouin.com\/fr\/#\/schema\/logo\/image\/"},"sameAs":["https:\/\/www.facebook.com\/Rabouin.Transports","https:\/\/www.instagram.com\/transportsrabouin\/","https:\/\/www.youtube.com\/channel\/UCuxRbZG6gnMMK8H8KNYiiSA","https:\/\/www.linkedin.com\/company\/transports-rabouin-sas","https:\/\/www.tiktok.com\/@transportsrabouin"],"founder":{"@type":"Person","name":"Eric Rabouin"},"contactPoint":{"@type":"ContactPoint","telephone":"+33240253700","contactType":"customer service","availableLanguage":"French"}}]}},"_links":{"self":[{"href":"https:\/\/www.rabouin.com\/fr\/wp-json\/wp\/v2\/pages\/108","targetHints":{"allow":["GET"]}}],"collection":[{"href":"https:\/\/www.rabouin.com\/fr\/wp-json\/wp\/v2\/pages"}],"about":[{"href":"https:\/\/www.rabouin.com\/fr\/wp-json\/wp\/v2\/types\/page"}],"author":[{"embeddable":true,"href":"https:\/\/www.rabouin.com\/fr\/wp-json\/wp\/v2\/users\/2"}],"replies":[{"embeddable":true,"href":"https:\/\/www.rabouin.com\/fr\/wp-json\/wp\/v2\/comments?post=108"}],"version-history":[{"count":2,"href":"https:\/\/www.rabouin.com\/fr\/wp-json\/wp\/v2\/pages\/108\/revisions"}],"predecessor-version":[{"id":65882,"href":"https:\/\/www.rabouin.com\/fr\/wp-json\/wp\/v2\/pages\/108\/revisions\/65882"}],"up":[{"embeddable":true,"href":"https:\/\/www.rabouin.com\/fr\/wp-json\/wp\/v2\/pages\/27"}],"wp:attachment":[{"href":"https:\/\/www.rabouin.com\/fr\/wp-json\/wp\/v2\/media?parent=108"}],"curies":[{"name":"wp","href":"https:\/\/api.w.org\/{rel}","templated":true}]}}