{"id":110,"date":"2017-04-17T13:49:39","date_gmt":"2017-04-17T11:49:39","guid":{"rendered":"http:\/\/dev.transport-rabouin.com\/?page_id=110\/"},"modified":"2023-08-30T13:06:55","modified_gmt":"2023-08-30T11:06:55","slug":"lenvironnement","status":"publish","type":"page","link":"https:\/\/www.rabouin.com\/fr\/transports-rabouin\/lenvironnement\/","title":{"rendered":"L\u2019environnement"},"content":{"rendered":"<h2>LE RESPECT DE L\u2019HOMME ET DE L\u2019ENVIRONNEMENT<\/h2>\n<p>Les Transports Rabouin mettent un point d\u2019honneur \u00e0 travailler en toute transparence. Pour cela, au-del\u00e0 d\u2019\u00eatre conformes \u00e0 la r\u00e9glementation en vigueur, ils \u0153uvrent en permanence au respect de l\u2019homme et de l\u2019environnement avec des engagements qui leur sont sp\u00e9cifiques.<\/p>\n<h2>L\u2019humain et l\u2019environnement au c\u0153ur de la strat\u00e9gie<\/h2>\n<p>La soci\u00e9t\u00e9 se d\u00e9veloppe autour de ses activit\u00e9s construites dans le respect de l\u2019humain et de l\u2019environnement et entend \u00eatre une entreprise responsable pour ses clients, ses partenaires, son \u00e9quipe et pour la plan\u00e8te.<\/p>\n<h3>Respecter l\u2019humain<\/h3>\n<p>Les Transports Rabouin sont investis dans une d\u00e9marche d\u2019engagement solidaire et appliquent des principes \u00e9thiques.<\/p>\n<p>La soci\u00e9t\u00e9 favorise la <strong>promotion en interne<\/strong> dans le but de pr\u00e9server le bien-\u00eatre de ses salari\u00e9s, leurs comp\u00e9tences et savoir-faire qui font la richesse des Transports Rabouin. L\u2019entreprise lutte contre la pr\u00e9carit\u00e9 de l\u2019emploi en assurant une situation stable \u00e0 ses salari\u00e9s (plus de 90 % de ses salari\u00e9s sont employ\u00e9s en contrat \u00e0 dur\u00e9e ind\u00e9termin\u00e9e, 0.5 % de l\u2019effectif total est en int\u00e9rim).<\/p>\n<p>Les Transports Rabouin accordent une attention toute particuli\u00e8re \u00e0 la qualit\u00e9 des relations internes. De cet engagement, il d\u00e9coule une <strong>politique de recrutement<\/strong> active et un turn-over exceptionnellement bas : 45 % des conducteurs ont plus de 10 ans d\u2019anciennet\u00e9.<\/p>\n<p>L\u2019entreprise s\u2019engage \u00e0 assurer une <strong>s\u00e9curit\u00e9<\/strong> sans faille pour l\u2019ensemble de son \u00e9quipe. La soci\u00e9t\u00e9 cherche continuellement \u00e0 am\u00e9liorer les conditions de travail de l\u2019ensemble de ses salari\u00e9s en se penchant sur toutes les sp\u00e9cificit\u00e9s li\u00e9es \u00e0 chaque m\u00e9tier exerc\u00e9. Cette recherche d\u2019am\u00e9lioration est au c\u0153ur de la politique des ressources humaines des Transports Rabouin.<br \/>\nLe responsable QHSE (Qualit\u00e9 Hygi\u00e8ne S\u00e9curit\u00e9 et Environnement) \u0153uvre pour r\u00e9duire et ma\u00eetriser les risques professionnels rencontr\u00e9s par l'ensemble des salari\u00e9s.<\/p>\n<p>Les Transports Rabouin <a href=\"\/wp-content\/uploads\/engagements\/engagement_lutte_contre_travail_dissimule.pdf\" target=\"_blank\" rel=\"noopener noreferrer\">luttent contre le travail dissimul\u00e9<\/a> et se montrent assidus pour le <a href=\"\/wp-content\/uploads\/engagements\/attestation%20vigilance.pdf\" target=\"_blank\" rel=\"noopener noreferrer\">paiement des cotisations et contribution sociale<\/a>. Les relations \u00e9tablies sans ambigu\u00eft\u00e9 sont le gage d\u2019une qualit\u00e9 irr\u00e9prochable en faveur du respect de l\u2019homme.<\/p>\n<h3>Respecter notre plan\u00e8te<\/h3>\n<p>Les Transports Rabouin font du d\u00e9veloppement durable une priorit\u00e9 et l\u2019un des fondamentaux de sa strat\u00e9gie de d\u00e9veloppement.<\/p>\n<p>Que ce soit par la sensibilisation des conducteurs lors de formations d\u00e9di\u00e9es \u00e0 une conduite \"responsable et verte\", le choix de motorisation faiblement \u00e9mettrice d\u2019oxydes d\u2019azote et de particules avec la technologie diesel Blue Tec\u00ae sur les moteurs Euro 5, EEV et Euro 6, l\u2019utilisation d\u2019une informatique embarqu\u00e9e contribuant \u00e0 une \u00e9conomie de carburant\u2026, les Transports Rabouin s\u2019engagent et \u0153uvrent en faveur du d\u00e9veloppement durable et du respect de l\u2019environnement.<br \/>\nAfin de concr\u00e9tiser son engagement en faveur de l\u2019environnement, les Transports Rabouin ont renouvel\u00e9 le 13 Octobre 2016 une charte d\u2019engagement volontaire de r\u00e9duction des \u00e9missions de CO 2.<\/p>\n<p>Cette charte est appliqu\u00e9e via des formations \u00e0 l\u2019attention des conducteurs pour une conduite rationnelle induisant une diminution de la consommation des produits p\u00e9troliers, une organisation du travail sp\u00e9cifique et le d\u00e9veloppement des caract\u00e9ristiques environnementales des v\u00e9hicules de transport. Depuis maintenant plus de quatre ans, la soci\u00e9t\u00e9 met tout en \u0153uvre pour r\u00e9duire ses \u00e9missions polluantes et son impact sur l'environnement.<\/p>\n<h3>Qu\u2019est-ce que la charte d\u2019engagement volontaire de r\u00e9duction des \u00e9missions de CO2?<\/h3>\n<div class=\"row\">\n<div class=\"col-md-4\"><img loading=\"lazy\" decoding=\"async\" class=\"alignleft size-full wp-image-414\" src=\"https:\/\/www.rabouin.com\/wp-content\/uploads\/2017\/04\/ademe-logo.jpg\" alt=\"\" width=\"320\" height=\"355\" srcset=\"https:\/\/www.rabouin.com\/wp-content\/uploads\/2017\/04\/ademe-logo.jpg 320w, https:\/\/www.rabouin.com\/wp-content\/uploads\/2017\/04\/ademe-logo-270x300.jpg 270w\" sizes=\"auto, (max-width: 320px) 100vw, 320px\" \/><\/div>\n<div class=\"col-md-4\"><img loading=\"lazy\" decoding=\"async\" class=\"alignleft size-full wp-image-415\" src=\"https:\/\/www.rabouin.com\/wp-content\/uploads\/2017\/04\/engagements-environnement-transports-rabouin.jpg\" alt=\"\" width=\"320\" height=\"184\" srcset=\"https:\/\/www.rabouin.com\/wp-content\/uploads\/2017\/04\/engagements-environnement-transports-rabouin.jpg 320w, https:\/\/www.rabouin.com\/wp-content\/uploads\/2017\/04\/engagements-environnement-transports-rabouin-300x173.jpg 300w\" sizes=\"auto, (max-width: 320px) 100vw, 320px\" \/><\/div>\n<div class=\"col-md-4\"><\/div>\n<\/div>\n<p>Le Minist\u00e8re de l\u2019Ecologie, du D\u00e9veloppement Durable et de l\u2019Energie (MEDDE) et l\u2019Agence de l\u2019Environnement et de la Ma\u00eetrise de l\u2019Energie (ADEME), en concertation avec les organisations professionnelles, ont \u00e9labor\u00e9 \"la charte d\u2019engagements volontaires de r\u00e9duction des \u00e9missions de CO 2\" nomm\u00e9e Objectif CO 2.<\/p>\n<p>Lanc\u00e9e officiellement en d\u00e9cembre 2008, la charte s\u2019inscrit dans une d\u00e9marche globale de lutte contre le changement climatique et plus pr\u00e9cis\u00e9ment de r\u00e9duction des \u00e9missions de CO 2 (principal gaz \u00e0 effet de serre). Cette d\u00e9marche permet \u00e0 ces entreprises de s'engager dans un plan d'actions concr\u00e8tes et personnalis\u00e9es en vue de diminuer leur consommation de carburant et par voie de cons\u00e9quence leurs \u00e9missions de CO 2. Les entreprises signataires de la charte s\u2019engagent donc \u00e0 r\u00e9duire leurs \u00e9missions de CO 2 par la mise en \u0153uvre d\u2019au moins une action sur chacun des quatre axes d\u00e9finis par la charte, \u00e0 savoir : le v\u00e9hicule, le carburant, le conducteur, l\u2019organisation des flux de transport.<\/p>\n","protected":false},"excerpt":{"rendered":"<p>LE RESPECT DE L\u2019HOMME ET DE L\u2019ENVIRONNEMENT Les Transports Rabouin mettent un point d\u2019honneur \u00e0 travailler en toute transparence. Pour cela, au-del\u00e0 d\u2019\u00eatre conformes \u00e0 la r\u00e9glementation en vigueur, ils \u0153uvrent en permanence au respect de l\u2019homme et de l\u2019environnement avec des engagements qui leur sont sp\u00e9cifiques. L\u2019humain et l\u2019environnement au c\u0153ur de la strat\u00e9gie &hellip;<\/p>\n","protected":false},"author":2,"featured_media":0,"parent":27,"menu_order":0,"comment_status":"closed","ping_status":"closed","template":"","meta":{"_acf_changed":false,"footnotes":""},"class_list":["post-110","page","type-page","status-publish","hentry"],"acf":[],"yoast_head":"<!-- This site is optimized with the Yoast SEO plugin v25.3.1 - https:\/\/yoast.com\/wordpress\/plugins\/seo\/ -->\n<title>Respect de l&#039;Homme et de l&#039;environnement - Transports Rabouin<\/title>\n<meta name=\"description\" content=\"Les Transports Rabouin font du d\u00e9veloppement durable une priorit\u00e9 et l\u2019un des fondamentaux de sa strat\u00e9gie de d\u00e9veloppement.\" \/>\n<meta name=\"robots\" content=\"index, follow, max-snippet:-1, max-image-preview:large, max-video-preview:-1\" \/>\n<link rel=\"canonical\" href=\"https:\/\/www.rabouin.com\/fr\/transports-rabouin\/lenvironnement\/\" \/>\n<meta property=\"og:locale\" content=\"fr_FR\" \/>\n<meta property=\"og:type\" content=\"article\" \/>\n<meta property=\"og:title\" content=\"Respect de l&#039;Homme et de l&#039;environnement - Transports Rabouin\" \/>\n<meta property=\"og:description\" content=\"Les Transports Rabouin font du d\u00e9veloppement durable une priorit\u00e9 et l\u2019un des fondamentaux de sa strat\u00e9gie de d\u00e9veloppement.\" \/>\n<meta property=\"og:url\" content=\"https:\/\/www.rabouin.com\/fr\/transports-rabouin\/lenvironnement\/\" \/>\n<meta property=\"og:site_name\" content=\"Transports Rabouin\" \/>\n<meta property=\"article:publisher\" content=\"https:\/\/www.facebook.com\/Rabouin.Transports\" \/>\n<meta property=\"article:modified_time\" content=\"2023-08-30T11:06:55+00:00\" \/>\n<meta property=\"og:image\" content=\"https:\/\/www.rabouin.com\/wp-content\/uploads\/2017\/04\/ademe-logo.jpg\" \/>\n<meta name=\"twitter:card\" content=\"summary_large_image\" \/>\n<meta name=\"twitter:site\" content=\"@transportsrabo1\" \/>\n<meta name=\"twitter:label1\" content=\"Dur\u00e9e de lecture estim\u00e9e\" \/>\n\t<meta name=\"twitter:data1\" content=\"4 minutes\" \/>\n<script type=\"application\/ld+json\" class=\"yoast-schema-graph\">{\"@context\":\"https:\/\/schema.org\",\"@graph\":[{\"@type\":\"WebPage\",\"@id\":\"https:\/\/www.rabouin.com\/fr\/transports-rabouin\/lenvironnement#webpage\",\"url\":\"https:\/\/www.rabouin.com\/fr\/transports-rabouin\/lenvironnement\/\",\"name\":\"Respect de l'Homme et de l'environnement - Transports Rabouin\",\"isPartOf\":{\"@id\":\"https:\/\/www.rabouin.com\/fr\/#website\"},\"primaryImageOfPage\":{\"@id\":\"https:\/\/www.rabouin.com\/fr\/transports-rabouin\/lenvironnement\/#primaryimage\"},\"image\":{\"@id\":\"https:\/\/www.rabouin.com\/fr\/transports-rabouin\/lenvironnement\/#primaryimage\"},\"thumbnailUrl\":\"https:\/\/www.rabouin.com\/wp-content\/uploads\/2017\/04\/ademe-logo.jpg\",\"datePublished\":\"2017-04-17T11:49:39+00:00\",\"dateModified\":\"2023-08-30T11:06:55+00:00\",\"description\":\"Les Transports Rabouin font du d\u00e9veloppement durable une priorit\u00e9 et l\u2019un des fondamentaux de sa strat\u00e9gie de d\u00e9veloppement.\",\"breadcrumb\":{\"@id\":\"https:\/\/www.rabouin.com\/fr\/transports-rabouin\/lenvironnement\/#breadcrumb\"},\"inLanguage\":\"fr-FR\",\"potentialAction\":[{\"@type\":\"ReadAction\",\"target\":[\"https:\/\/www.rabouin.com\/fr\/transports-rabouin\/lenvironnement\/\"]}]},{\"@type\":\"ImageObject\",\"inLanguage\":\"fr-FR\",\"@id\":\"https:\/\/www.rabouin.com\/fr\/transports-rabouin\/lenvironnement\/#primaryimage\",\"url\":\"https:\/\/www.rabouin.com\/wp-content\/uploads\/2017\/04\/ademe-logo.jpg\",\"contentUrl\":\"https:\/\/www.rabouin.com\/wp-content\/uploads\/2017\/04\/ademe-logo.jpg\"},{\"@type\":\"BreadcrumbList\",\"@id\":\"https:\/\/www.rabouin.com\/fr\/transports-rabouin\/lenvironnement\/#breadcrumb\",\"itemListElement\":[{\"@type\":\"ListItem\",\"position\":1,\"name\":\"Accueil\",\"item\":\"https:\/\/www.rabouin.com\/fr\/\"},{\"@type\":\"ListItem\",\"position\":2,\"name\":\"Transports Rabouin\",\"item\":\"https:\/\/www.rabouin.com\/fr\/transports-rabouin\/\"},{\"@type\":\"ListItem\",\"position\":3,\"name\":\"L\u2019environnement\"}]},{\"@type\":\"WebSite\",\"@id\":\"https:\/\/www.rabouin.com\/fr\/#website\",\"url\":\"https:\/\/www.rabouin.com\/fr\/\",\"name\":\"Transports Rabouin\",\"description\":\"Garants de vos v\u00e9hicules\",\"publisher\":{\"@id\":\"https:\/\/www.rabouin.com\/fr\/#organization\"},\"potentialAction\":[{\"@type\":\"SearchAction\",\"target\":{\"@type\":\"EntryPoint\",\"urlTemplate\":\"https:\/\/www.rabouin.com\/fr\/?s={search_term_string}\"},\"query-input\":{\"@type\":\"PropertyValueSpecification\",\"valueRequired\":true,\"valueName\":\"search_term_string\"}}],\"inLanguage\":\"fr-FR\"},{\"@type\":\"Organization\",\"@id\":\"https:\/\/www.rabouin.com\/fr\/#organization\",\"name\":\"Transports Rabouin\",\"alternateName\":\"Transports Rabouin\",\"url\":\"https:\/\/www.rabouin.com\/fr\/\",\"logo\":{\"@type\":\"ImageObject\",\"inLanguage\":\"fr-FR\",\"@id\":\"https:\/\/www.rabouin.com\/fr\/#\/schema\/logo\/image\/\",\"url\":\"https:\/\/www.rabouin.com\/wp-content\/uploads\/2023\/08\/logo-rabouin.png\",\"contentUrl\":\"https:\/\/www.rabouin.com\/wp-content\/uploads\/2023\/08\/logo-rabouin.png\",\"width\":2048,\"height\":2048,\"caption\":\"Transports Rabouin\"},\"image\":{\"@id\":\"https:\/\/www.rabouin.com\/fr\/#\/schema\/logo\/image\/\"},\"sameAs\":[\"https:\/\/www.facebook.com\/Rabouin.Transports\",\"https:\/\/www.instagram.com\/transportsrabouin\/\",\"https:\/\/www.youtube.com\/channel\/UCuxRbZG6gnMMK8H8KNYiiSA\",\"https:\/\/www.linkedin.com\/company\/transports-rabouin-sas\",\"https:\/\/www.tiktok.com\/@transportsrabouin\"],\"founder\":{\"@type\":\"Person\",\"name\":\"Eric Rabouin\"},\"contactPoint\":{\"@type\":\"ContactPoint\",\"telephone\":\"+33240253700\",\"contactType\":\"customer service\",\"availableLanguage\":\"French\"}}]}<\/script>\n<!-- \/ Yoast SEO plugin. -->","yoast_head_json":{"title":"Respect de l'Homme et de l'environnement - Transports Rabouin","description":"Les Transports Rabouin font du d\u00e9veloppement durable une priorit\u00e9 et l\u2019un des fondamentaux de sa strat\u00e9gie de d\u00e9veloppement.","robots":{"index":"index","follow":"follow","max-snippet":"max-snippet:-1","max-image-preview":"max-image-preview:large","max-video-preview":"max-video-preview:-1"},"canonical":"https:\/\/www.rabouin.com\/fr\/transports-rabouin\/lenvironnement\/","og_locale":"fr_FR","og_type":"article","og_title":"Respect de l'Homme et de l'environnement - Transports Rabouin","og_description":"Les Transports Rabouin font du d\u00e9veloppement durable une priorit\u00e9 et l\u2019un des fondamentaux de sa strat\u00e9gie de d\u00e9veloppement.","og_url":"https:\/\/www.rabouin.com\/fr\/transports-rabouin\/lenvironnement\/","og_site_name":"Transports Rabouin","article_publisher":"https:\/\/www.facebook.com\/Rabouin.Transports","article_modified_time":"2023-08-30T11:06:55+00:00","og_image":[{"url":"https:\/\/www.rabouin.com\/wp-content\/uploads\/2017\/04\/ademe-logo.jpg","type":"","width":"","height":""}],"twitter_card":"summary_large_image","twitter_site":"@transportsrabo1","twitter_misc":{"Dur\u00e9e de lecture estim\u00e9e":"4 minutes"},"schema":{"@context":"https:\/\/schema.org","@graph":[{"@type":"WebPage","@id":"https:\/\/www.rabouin.com\/fr\/transports-rabouin\/lenvironnement#webpage","url":"https:\/\/www.rabouin.com\/fr\/transports-rabouin\/lenvironnement\/","name":"Respect de l'Homme et de l'environnement - Transports Rabouin","isPartOf":{"@id":"https:\/\/www.rabouin.com\/fr\/#website"},"primaryImageOfPage":{"@id":"https:\/\/www.rabouin.com\/fr\/transports-rabouin\/lenvironnement\/#primaryimage"},"image":{"@id":"https:\/\/www.rabouin.com\/fr\/transports-rabouin\/lenvironnement\/#primaryimage"},"thumbnailUrl":"https:\/\/www.rabouin.com\/wp-content\/uploads\/2017\/04\/ademe-logo.jpg","datePublished":"2017-04-17T11:49:39+00:00","dateModified":"2023-08-30T11:06:55+00:00","description":"Les Transports Rabouin font du d\u00e9veloppement durable une priorit\u00e9 et l\u2019un des fondamentaux de sa strat\u00e9gie de d\u00e9veloppement.","breadcrumb":{"@id":"https:\/\/www.rabouin.com\/fr\/transports-rabouin\/lenvironnement\/#breadcrumb"},"inLanguage":"fr-FR","potentialAction":[{"@type":"ReadAction","target":["https:\/\/www.rabouin.com\/fr\/transports-rabouin\/lenvironnement\/"]}]},{"@type":"ImageObject","inLanguage":"fr-FR","@id":"https:\/\/www.rabouin.com\/fr\/transports-rabouin\/lenvironnement\/#primaryimage","url":"https:\/\/www.rabouin.com\/wp-content\/uploads\/2017\/04\/ademe-logo.jpg","contentUrl":"https:\/\/www.rabouin.com\/wp-content\/uploads\/2017\/04\/ademe-logo.jpg"},{"@type":"BreadcrumbList","@id":"https:\/\/www.rabouin.com\/fr\/transports-rabouin\/lenvironnement\/#breadcrumb","itemListElement":[{"@type":"ListItem","position":1,"name":"Accueil","item":"https:\/\/www.rabouin.com\/fr\/"},{"@type":"ListItem","position":2,"name":"Transports Rabouin","item":"https:\/\/www.rabouin.com\/fr\/transports-rabouin\/"},{"@type":"ListItem","position":3,"name":"L\u2019environnement"}]},{"@type":"WebSite","@id":"https:\/\/www.rabouin.com\/fr\/#website","url":"https:\/\/www.rabouin.com\/fr\/","name":"Transports Rabouin","description":"Garants de vos v\u00e9hicules","publisher":{"@id":"https:\/\/www.rabouin.com\/fr\/#organization"},"potentialAction":[{"@type":"SearchAction","target":{"@type":"EntryPoint","urlTemplate":"https:\/\/www.rabouin.com\/fr\/?s={search_term_string}"},"query-input":{"@type":"PropertyValueSpecification","valueRequired":true,"valueName":"search_term_string"}}],"inLanguage":"fr-FR"},{"@type":"Organization","@id":"https:\/\/www.rabouin.com\/fr\/#organization","name":"Transports Rabouin","alternateName":"Transports Rabouin","url":"https:\/\/www.rabouin.com\/fr\/","logo":{"@type":"ImageObject","inLanguage":"fr-FR","@id":"https:\/\/www.rabouin.com\/fr\/#\/schema\/logo\/image\/","url":"https:\/\/www.rabouin.com\/wp-content\/uploads\/2023\/08\/logo-rabouin.png","contentUrl":"https:\/\/www.rabouin.com\/wp-content\/uploads\/2023\/08\/logo-rabouin.png","width":2048,"height":2048,"caption":"Transports Rabouin"},"image":{"@id":"https:\/\/www.rabouin.com\/fr\/#\/schema\/logo\/image\/"},"sameAs":["https:\/\/www.facebook.com\/Rabouin.Transports","https:\/\/www.instagram.com\/transportsrabouin\/","https:\/\/www.youtube.com\/channel\/UCuxRbZG6gnMMK8H8KNYiiSA","https:\/\/www.linkedin.com\/company\/transports-rabouin-sas","https:\/\/www.tiktok.com\/@transportsrabouin"],"founder":{"@type":"Person","name":"Eric Rabouin"},"contactPoint":{"@type":"ContactPoint","telephone":"+33240253700","contactType":"customer service","availableLanguage":"French"}}]}},"_links":{"self":[{"href":"https:\/\/www.rabouin.com\/fr\/wp-json\/wp\/v2\/pages\/110","targetHints":{"allow":["GET"]}}],"collection":[{"href":"https:\/\/www.rabouin.com\/fr\/wp-json\/wp\/v2\/pages"}],"about":[{"href":"https:\/\/www.rabouin.com\/fr\/wp-json\/wp\/v2\/types\/page"}],"author":[{"embeddable":true,"href":"https:\/\/www.rabouin.com\/fr\/wp-json\/wp\/v2\/users\/2"}],"replies":[{"embeddable":true,"href":"https:\/\/www.rabouin.com\/fr\/wp-json\/wp\/v2\/comments?post=110"}],"version-history":[{"count":1,"href":"https:\/\/www.rabouin.com\/fr\/wp-json\/wp\/v2\/pages\/110\/revisions"}],"predecessor-version":[{"id":64197,"href":"https:\/\/www.rabouin.com\/fr\/wp-json\/wp\/v2\/pages\/110\/revisions\/64197"}],"up":[{"embeddable":true,"href":"https:\/\/www.rabouin.com\/fr\/wp-json\/wp\/v2\/pages\/27"}],"wp:attachment":[{"href":"https:\/\/www.rabouin.com\/fr\/wp-json\/wp\/v2\/media?parent=110"}],"curies":[{"name":"wp","href":"https:\/\/api.w.org\/{rel}","templated":true}]}}