{"id":112,"date":"2017-04-17T13:50:10","date_gmt":"2017-04-17T11:50:10","guid":{"rendered":"http:\/\/dev.transport-rabouin.com\/?page_id=112\/"},"modified":"2023-08-30T13:05:06","modified_gmt":"2023-08-30T11:05:06","slug":"linnovation","status":"publish","type":"page","link":"https:\/\/www.rabouin.com\/fr\/transports-rabouin\/linnovation\/","title":{"rendered":"L\u2019innovation"},"content":{"rendered":"<p><img loading=\"lazy\" decoding=\"async\" class=\"aligncenter wp-image-6954 size-large\" src=\"https:\/\/www.rabouin.com\/wp-content\/uploads\/2017\/04\/Greencat-informatique-embarqu\u00e9e-camion-transports-rabouin-1024x683.jpg\" alt=\"Informatique embarqu\u00e9e greencat transport camion rabouin\" width=\"1024\" height=\"683\" srcset=\"https:\/\/www.rabouin.com\/wp-content\/uploads\/2017\/04\/Greencat-informatique-embarqu\u00e9e-camion-transports-rabouin-1024x683.jpg 1024w, https:\/\/www.rabouin.com\/wp-content\/uploads\/2017\/04\/Greencat-informatique-embarqu\u00e9e-camion-transports-rabouin-300x200.jpg 300w, https:\/\/www.rabouin.com\/wp-content\/uploads\/2017\/04\/Greencat-informatique-embarqu\u00e9e-camion-transports-rabouin-768x512.jpg 768w, https:\/\/www.rabouin.com\/wp-content\/uploads\/2017\/04\/Greencat-informatique-embarqu\u00e9e-camion-transports-rabouin.jpg 1200w\" sizes=\"auto, (max-width: 1024px) 100vw, 1024px\" \/><\/p>\n<h2>L\u2019INNOVATION AU SERVICE DU TRANSPORT DE V\u00c9HICULE<\/h2>\n<p><strong>L\u2019innovation<\/strong> se met au service du client, de la s\u00e9curit\u00e9 et de la qualit\u00e9. Pour toujours plus de qualit\u00e9, de s\u00e9curit\u00e9, de praticit\u00e9, de r\u00e9activit\u00e9 et de confort, les Transports Rabouin ont \u00e9quip\u00e9 leur flotte de v\u00e9hicules d\u2019un syst\u00e8me informatique embarqu\u00e9 permettant de suivre et d\u2019\u00e9changer des informations en temps r\u00e9el tout au long de la cha\u00eene logistique.<\/p>\n<h2>Quand l\u2019innovation se met au service de la s\u00e9curit\u00e9 et de la qualit\u00e9<\/h2>\n<h3>L\u2019informatique embarqu\u00e9e : un suivi du transport en temps r\u00e9el<\/h3>\n<p><img loading=\"lazy\" decoding=\"async\" class=\"alignnone size-full wp-image-435\" src=\"https:\/\/www.rabouin.com\/wp-content\/uploads\/2017\/04\/logo-greencat.jpg\" alt=\"logo-greencat\" width=\"77\" height=\"20\" \/><br \/>\nPour toujours plus de qualit\u00e9, de s\u00e9curit\u00e9, de praticit\u00e9, de r\u00e9activit\u00e9 et de confort, les Transports Rabouin \u00e9quipent leur flotte de camions d\u2019un syst\u00e8me d\u2019informatique embarqu\u00e9e \u00e9conomique, \u00e9cologique et durable.<\/p>\n<p><img loading=\"lazy\" decoding=\"async\" class=\"alignright size-medium wp-image-429\" src=\"https:\/\/www.rabouin.com\/wp-content\/uploads\/2017\/04\/informatique-embarquee-greencat-transports-rabouin-300x201.jpg\" alt=\"informatique-embarquee-greencat-transports-rabouin\" width=\"300\" height=\"201\" srcset=\"https:\/\/www.rabouin.com\/wp-content\/uploads\/2017\/04\/informatique-embarquee-greencat-transports-rabouin-300x201.jpg 300w, https:\/\/www.rabouin.com\/wp-content\/uploads\/2017\/04\/informatique-embarquee-greencat-transports-rabouin.jpg 320w\" sizes=\"auto, (max-width: 300px) 100vw, 300px\" \/><br \/>\nCe syst\u00e8me permet :<\/p>\n<ul>\n<li>de r\u00e9cup\u00e9rer des informations sur l\u2019\u00e9tat d\u2019ordre de mission en temps r\u00e9el<\/li>\n<li>d'aider \u00e0 la conduite<\/li>\n<li>de suivre et g\u00e9rer des transports avec plus de r\u00e9activit\u00e9 pour planifier un transport et r\u00e9pondre \u00e0 une question client<\/li>\n<li>de r\u00e9duire le nombre d\u2019anomalies<\/li>\n<li>d'optimiser la consommation de carburant<\/li>\n<\/ul>\n<h3>La solution DST : le service client \u00e9quip\u00e9 d\u2019une mani\u00e8re efficace et innovante<\/h3>\n<p><img loading=\"lazy\" decoding=\"async\" class=\"alignleft size-medium wp-image-433\" src=\"https:\/\/www.rabouin.com\/wp-content\/uploads\/2017\/04\/logo-puissance-i-300x117.jpg\" alt=\"logo-puissance-i\" width=\"300\" height=\"117\" srcset=\"https:\/\/www.rabouin.com\/wp-content\/uploads\/2017\/04\/logo-puissance-i-300x117.jpg 300w, https:\/\/www.rabouin.com\/wp-content\/uploads\/2017\/04\/logo-puissance-i.jpg 320w\" sizes=\"auto, (max-width: 300px) 100vw, 300px\" \/><br \/>\nLes Transports Rabouin utilisent un logiciel de transport sp\u00e9cialis\u00e9, d\u00e9velopp\u00e9 par la soci\u00e9t\u00e9 Puissance I\u00ae (DST), qui permet une gestion extr\u00eamement fine de chaque mission de transport. Ce logiciel, \u00e0 la fois syst\u00e8me d\u2019exploitation et base de donn\u00e9es, est un outil primordial pour faire le lien entre la demande de chaque client et l\u2019informatique embarqu\u00e9e. C\u2019est un outil qui permet de planifier les commandes en toute r\u00e9activit\u00e9 et d\u2019informer le client sur son transport.<\/p>\n<p>Les Transports Rabouin affichent leur volont\u00e9 d\u2019exercer leur m\u00e9tier en parfaite transparence, en faisant des choix techniques et op\u00e9rationnels tendant \u00e0 une efficacit\u00e9 toujours accrue.<\/p>\n","protected":false},"excerpt":{"rendered":"<p>L\u2019INNOVATION AU SERVICE DU TRANSPORT DE V\u00c9HICULE L\u2019innovation se met au service du client, de la s\u00e9curit\u00e9 et de la qualit\u00e9. Pour toujours plus de qualit\u00e9, de s\u00e9curit\u00e9, de praticit\u00e9, de r\u00e9activit\u00e9 et de confort, les Transports Rabouin ont \u00e9quip\u00e9 leur flotte de v\u00e9hicules d\u2019un syst\u00e8me informatique embarqu\u00e9 permettant de suivre et d\u2019\u00e9changer des informations &hellip;<\/p>\n","protected":false},"author":2,"featured_media":0,"parent":27,"menu_order":0,"comment_status":"closed","ping_status":"closed","template":"","meta":{"_acf_changed":false,"footnotes":""},"class_list":["post-112","page","type-page","status-publish","hentry"],"acf":[],"yoast_head":"<!-- This site is optimized with the Yoast SEO plugin v25.3.1 - https:\/\/yoast.com\/wordpress\/plugins\/seo\/ -->\n<title>S\u00e9curit\u00e9 et qualit\u00e9 des transports de voiture - Rabouin<\/title>\n<meta name=\"description\" content=\"Derni\u00e8re innovation des Transports Rabouin : un logiciel sp\u00e9cialis\u00e9 qui permet une gestion extr\u00eamement fine de chaque mission de transport.\" \/>\n<meta name=\"robots\" content=\"index, follow, max-snippet:-1, max-image-preview:large, max-video-preview:-1\" \/>\n<link rel=\"canonical\" href=\"https:\/\/www.rabouin.com\/fr\/transports-rabouin\/linnovation\/\" \/>\n<meta property=\"og:locale\" content=\"fr_FR\" \/>\n<meta property=\"og:type\" content=\"article\" \/>\n<meta property=\"og:title\" content=\"S\u00e9curit\u00e9 et qualit\u00e9 des transports de voiture - Rabouin\" \/>\n<meta property=\"og:description\" content=\"Derni\u00e8re innovation des Transports Rabouin : un logiciel sp\u00e9cialis\u00e9 qui permet une gestion extr\u00eamement fine de chaque mission de transport.\" \/>\n<meta property=\"og:url\" content=\"https:\/\/www.rabouin.com\/fr\/transports-rabouin\/linnovation\/\" \/>\n<meta property=\"og:site_name\" content=\"Transports Rabouin\" \/>\n<meta property=\"article:publisher\" content=\"https:\/\/www.facebook.com\/Rabouin.Transports\" \/>\n<meta property=\"article:modified_time\" content=\"2023-08-30T11:05:06+00:00\" \/>\n<meta property=\"og:image\" content=\"https:\/\/www.rabouin.com\/wp-content\/uploads\/2017\/04\/logo-greencat.jpg\" \/>\n<meta name=\"twitter:card\" content=\"summary_large_image\" \/>\n<meta name=\"twitter:site\" content=\"@transportsrabo1\" \/>\n<meta name=\"twitter:label1\" content=\"Dur\u00e9e de lecture estim\u00e9e\" \/>\n\t<meta name=\"twitter:data1\" content=\"3 minutes\" \/>\n<script type=\"application\/ld+json\" class=\"yoast-schema-graph\">{\"@context\":\"https:\/\/schema.org\",\"@graph\":[{\"@type\":\"WebPage\",\"@id\":\"https:\/\/www.rabouin.com\/fr\/transports-rabouin\/linnovation#webpage\",\"url\":\"https:\/\/www.rabouin.com\/fr\/transports-rabouin\/linnovation\/\",\"name\":\"S\u00e9curit\u00e9 et qualit\u00e9 des transports de voiture - Rabouin\",\"isPartOf\":{\"@id\":\"https:\/\/www.rabouin.com\/fr\/#website\"},\"primaryImageOfPage\":{\"@id\":\"https:\/\/www.rabouin.com\/fr\/transports-rabouin\/linnovation\/#primaryimage\"},\"image\":{\"@id\":\"https:\/\/www.rabouin.com\/fr\/transports-rabouin\/linnovation\/#primaryimage\"},\"thumbnailUrl\":\"https:\/\/www.rabouin.com\/wp-content\/uploads\/2017\/04\/logo-greencat.jpg\",\"datePublished\":\"2017-04-17T11:50:10+00:00\",\"dateModified\":\"2023-08-30T11:05:06+00:00\",\"description\":\"Derni\u00e8re innovation des Transports Rabouin : un logiciel sp\u00e9cialis\u00e9 qui permet une gestion extr\u00eamement fine de chaque mission de transport.\",\"breadcrumb\":{\"@id\":\"https:\/\/www.rabouin.com\/fr\/transports-rabouin\/linnovation\/#breadcrumb\"},\"inLanguage\":\"fr-FR\",\"potentialAction\":[{\"@type\":\"ReadAction\",\"target\":[\"https:\/\/www.rabouin.com\/fr\/transports-rabouin\/linnovation\/\"]}]},{\"@type\":\"ImageObject\",\"inLanguage\":\"fr-FR\",\"@id\":\"https:\/\/www.rabouin.com\/fr\/transports-rabouin\/linnovation\/#primaryimage\",\"url\":\"https:\/\/www.rabouin.com\/wp-content\/uploads\/2017\/04\/logo-greencat.jpg\",\"contentUrl\":\"https:\/\/www.rabouin.com\/wp-content\/uploads\/2017\/04\/logo-greencat.jpg\"},{\"@type\":\"BreadcrumbList\",\"@id\":\"https:\/\/www.rabouin.com\/fr\/transports-rabouin\/linnovation\/#breadcrumb\",\"itemListElement\":[{\"@type\":\"ListItem\",\"position\":1,\"name\":\"Accueil\",\"item\":\"https:\/\/www.rabouin.com\/fr\/\"},{\"@type\":\"ListItem\",\"position\":2,\"name\":\"Transports Rabouin\",\"item\":\"https:\/\/www.rabouin.com\/fr\/transports-rabouin\/\"},{\"@type\":\"ListItem\",\"position\":3,\"name\":\"L\u2019innovation\"}]},{\"@type\":\"WebSite\",\"@id\":\"https:\/\/www.rabouin.com\/fr\/#website\",\"url\":\"https:\/\/www.rabouin.com\/fr\/\",\"name\":\"Transports Rabouin\",\"description\":\"Garants de vos v\u00e9hicules\",\"publisher\":{\"@id\":\"https:\/\/www.rabouin.com\/fr\/#organization\"},\"potentialAction\":[{\"@type\":\"SearchAction\",\"target\":{\"@type\":\"EntryPoint\",\"urlTemplate\":\"https:\/\/www.rabouin.com\/fr\/?s={search_term_string}\"},\"query-input\":{\"@type\":\"PropertyValueSpecification\",\"valueRequired\":true,\"valueName\":\"search_term_string\"}}],\"inLanguage\":\"fr-FR\"},{\"@type\":\"Organization\",\"@id\":\"https:\/\/www.rabouin.com\/fr\/#organization\",\"name\":\"Transports Rabouin\",\"alternateName\":\"Transports Rabouin\",\"url\":\"https:\/\/www.rabouin.com\/fr\/\",\"logo\":{\"@type\":\"ImageObject\",\"inLanguage\":\"fr-FR\",\"@id\":\"https:\/\/www.rabouin.com\/fr\/#\/schema\/logo\/image\/\",\"url\":\"https:\/\/www.rabouin.com\/wp-content\/uploads\/2023\/08\/logo-rabouin.png\",\"contentUrl\":\"https:\/\/www.rabouin.com\/wp-content\/uploads\/2023\/08\/logo-rabouin.png\",\"width\":2048,\"height\":2048,\"caption\":\"Transports Rabouin\"},\"image\":{\"@id\":\"https:\/\/www.rabouin.com\/fr\/#\/schema\/logo\/image\/\"},\"sameAs\":[\"https:\/\/www.facebook.com\/Rabouin.Transports\",\"https:\/\/www.instagram.com\/transportsrabouin\/\",\"https:\/\/www.youtube.com\/channel\/UCuxRbZG6gnMMK8H8KNYiiSA\",\"https:\/\/www.linkedin.com\/company\/transports-rabouin-sas\",\"https:\/\/www.tiktok.com\/@transportsrabouin\"],\"founder\":{\"@type\":\"Person\",\"name\":\"Eric Rabouin\"},\"contactPoint\":{\"@type\":\"ContactPoint\",\"telephone\":\"+33240253700\",\"contactType\":\"customer service\",\"availableLanguage\":\"French\"}}]}<\/script>\n<!-- \/ Yoast SEO plugin. -->","yoast_head_json":{"title":"S\u00e9curit\u00e9 et qualit\u00e9 des transports de voiture - Rabouin","description":"Derni\u00e8re innovation des Transports Rabouin : un logiciel sp\u00e9cialis\u00e9 qui permet une gestion extr\u00eamement fine de chaque mission de transport.","robots":{"index":"index","follow":"follow","max-snippet":"max-snippet:-1","max-image-preview":"max-image-preview:large","max-video-preview":"max-video-preview:-1"},"canonical":"https:\/\/www.rabouin.com\/fr\/transports-rabouin\/linnovation\/","og_locale":"fr_FR","og_type":"article","og_title":"S\u00e9curit\u00e9 et qualit\u00e9 des transports de voiture - Rabouin","og_description":"Derni\u00e8re innovation des Transports Rabouin : un logiciel sp\u00e9cialis\u00e9 qui permet une gestion extr\u00eamement fine de chaque mission de transport.","og_url":"https:\/\/www.rabouin.com\/fr\/transports-rabouin\/linnovation\/","og_site_name":"Transports Rabouin","article_publisher":"https:\/\/www.facebook.com\/Rabouin.Transports","article_modified_time":"2023-08-30T11:05:06+00:00","og_image":[{"url":"https:\/\/www.rabouin.com\/wp-content\/uploads\/2017\/04\/logo-greencat.jpg","type":"","width":"","height":""}],"twitter_card":"summary_large_image","twitter_site":"@transportsrabo1","twitter_misc":{"Dur\u00e9e de lecture estim\u00e9e":"3 minutes"},"schema":{"@context":"https:\/\/schema.org","@graph":[{"@type":"WebPage","@id":"https:\/\/www.rabouin.com\/fr\/transports-rabouin\/linnovation#webpage","url":"https:\/\/www.rabouin.com\/fr\/transports-rabouin\/linnovation\/","name":"S\u00e9curit\u00e9 et qualit\u00e9 des transports de voiture - Rabouin","isPartOf":{"@id":"https:\/\/www.rabouin.com\/fr\/#website"},"primaryImageOfPage":{"@id":"https:\/\/www.rabouin.com\/fr\/transports-rabouin\/linnovation\/#primaryimage"},"image":{"@id":"https:\/\/www.rabouin.com\/fr\/transports-rabouin\/linnovation\/#primaryimage"},"thumbnailUrl":"https:\/\/www.rabouin.com\/wp-content\/uploads\/2017\/04\/logo-greencat.jpg","datePublished":"2017-04-17T11:50:10+00:00","dateModified":"2023-08-30T11:05:06+00:00","description":"Derni\u00e8re innovation des Transports Rabouin : un logiciel sp\u00e9cialis\u00e9 qui permet une gestion extr\u00eamement fine de chaque mission de transport.","breadcrumb":{"@id":"https:\/\/www.rabouin.com\/fr\/transports-rabouin\/linnovation\/#breadcrumb"},"inLanguage":"fr-FR","potentialAction":[{"@type":"ReadAction","target":["https:\/\/www.rabouin.com\/fr\/transports-rabouin\/linnovation\/"]}]},{"@type":"ImageObject","inLanguage":"fr-FR","@id":"https:\/\/www.rabouin.com\/fr\/transports-rabouin\/linnovation\/#primaryimage","url":"https:\/\/www.rabouin.com\/wp-content\/uploads\/2017\/04\/logo-greencat.jpg","contentUrl":"https:\/\/www.rabouin.com\/wp-content\/uploads\/2017\/04\/logo-greencat.jpg"},{"@type":"BreadcrumbList","@id":"https:\/\/www.rabouin.com\/fr\/transports-rabouin\/linnovation\/#breadcrumb","itemListElement":[{"@type":"ListItem","position":1,"name":"Accueil","item":"https:\/\/www.rabouin.com\/fr\/"},{"@type":"ListItem","position":2,"name":"Transports Rabouin","item":"https:\/\/www.rabouin.com\/fr\/transports-rabouin\/"},{"@type":"ListItem","position":3,"name":"L\u2019innovation"}]},{"@type":"WebSite","@id":"https:\/\/www.rabouin.com\/fr\/#website","url":"https:\/\/www.rabouin.com\/fr\/","name":"Transports Rabouin","description":"Garants de vos v\u00e9hicules","publisher":{"@id":"https:\/\/www.rabouin.com\/fr\/#organization"},"potentialAction":[{"@type":"SearchAction","target":{"@type":"EntryPoint","urlTemplate":"https:\/\/www.rabouin.com\/fr\/?s={search_term_string}"},"query-input":{"@type":"PropertyValueSpecification","valueRequired":true,"valueName":"search_term_string"}}],"inLanguage":"fr-FR"},{"@type":"Organization","@id":"https:\/\/www.rabouin.com\/fr\/#organization","name":"Transports Rabouin","alternateName":"Transports Rabouin","url":"https:\/\/www.rabouin.com\/fr\/","logo":{"@type":"ImageObject","inLanguage":"fr-FR","@id":"https:\/\/www.rabouin.com\/fr\/#\/schema\/logo\/image\/","url":"https:\/\/www.rabouin.com\/wp-content\/uploads\/2023\/08\/logo-rabouin.png","contentUrl":"https:\/\/www.rabouin.com\/wp-content\/uploads\/2023\/08\/logo-rabouin.png","width":2048,"height":2048,"caption":"Transports Rabouin"},"image":{"@id":"https:\/\/www.rabouin.com\/fr\/#\/schema\/logo\/image\/"},"sameAs":["https:\/\/www.facebook.com\/Rabouin.Transports","https:\/\/www.instagram.com\/transportsrabouin\/","https:\/\/www.youtube.com\/channel\/UCuxRbZG6gnMMK8H8KNYiiSA","https:\/\/www.linkedin.com\/company\/transports-rabouin-sas","https:\/\/www.tiktok.com\/@transportsrabouin"],"founder":{"@type":"Person","name":"Eric Rabouin"},"contactPoint":{"@type":"ContactPoint","telephone":"+33240253700","contactType":"customer service","availableLanguage":"French"}}]}},"_links":{"self":[{"href":"https:\/\/www.rabouin.com\/fr\/wp-json\/wp\/v2\/pages\/112","targetHints":{"allow":["GET"]}}],"collection":[{"href":"https:\/\/www.rabouin.com\/fr\/wp-json\/wp\/v2\/pages"}],"about":[{"href":"https:\/\/www.rabouin.com\/fr\/wp-json\/wp\/v2\/types\/page"}],"author":[{"embeddable":true,"href":"https:\/\/www.rabouin.com\/fr\/wp-json\/wp\/v2\/users\/2"}],"replies":[{"embeddable":true,"href":"https:\/\/www.rabouin.com\/fr\/wp-json\/wp\/v2\/comments?post=112"}],"version-history":[{"count":1,"href":"https:\/\/www.rabouin.com\/fr\/wp-json\/wp\/v2\/pages\/112\/revisions"}],"predecessor-version":[{"id":64195,"href":"https:\/\/www.rabouin.com\/fr\/wp-json\/wp\/v2\/pages\/112\/revisions\/64195"}],"up":[{"embeddable":true,"href":"https:\/\/www.rabouin.com\/fr\/wp-json\/wp\/v2\/pages\/27"}],"wp:attachment":[{"href":"https:\/\/www.rabouin.com\/fr\/wp-json\/wp\/v2\/media?parent=112"}],"curies":[{"name":"wp","href":"https:\/\/api.w.org\/{rel}","templated":true}]}}