{"id":14,"date":"2017-02-20T13:38:38","date_gmt":"2017-02-20T12:38:38","guid":{"rendered":"http:\/\/dev.transport-rabouin.com\/?page_id=14"},"modified":"2026-02-24T09:30:21","modified_gmt":"2026-02-24T08:30:21","slug":"demande-de-devis","status":"publish","type":"page","link":"https:\/\/www.rabouin.com\/fr\/demande-de-devis\/","title":{"rendered":"Demande de devis"},"content":{"rendered":"<h2>Remplissez ce formulaire pour obtenir un devis sur nos tarifs de transport de voiture<\/h2>\n<div class=\"devis--wrapper\">\n<div class=\"wpcf7 no-js\" id=\"wpcf7-f63233-o1\" lang=\"fr-FR\" dir=\"ltr\" data-wpcf7-id=\"63233\">\n<div class=\"screen-reader-response\"><p role=\"status\" aria-live=\"polite\" aria-atomic=\"true\"><\/p> <ul><\/ul><\/div>\n<form action=\"\/fr\/wp-json\/wp\/v2\/pages\/14#wpcf7-f63233-o1\" method=\"post\" class=\"wpcf7-form init\" aria-label=\"Formulaire de contact\" novalidate=\"novalidate\" data-status=\"init\">\n<fieldset class=\"hidden-fields-container\"><input type=\"hidden\" name=\"_wpcf7\" value=\"63233\" \/><input type=\"hidden\" name=\"_wpcf7_version\" value=\"6.1\" \/><input type=\"hidden\" name=\"_wpcf7_locale\" value=\"fr_FR\" \/><input type=\"hidden\" name=\"_wpcf7_unit_tag\" value=\"wpcf7-f63233-o1\" \/><input type=\"hidden\" name=\"_wpcf7_container_post\" value=\"0\" \/><input type=\"hidden\" name=\"_wpcf7_posted_data_hash\" value=\"\" \/><input type=\"hidden\" name=\"_wpcf7cf_hidden_group_fields\" value=\"[]\" \/><input type=\"hidden\" name=\"_wpcf7cf_hidden_groups\" value=\"[]\" \/><input type=\"hidden\" name=\"_wpcf7cf_visible_groups\" value=\"[]\" \/><input type=\"hidden\" name=\"_wpcf7cf_repeaters\" value=\"[]\" \/><input type=\"hidden\" name=\"_wpcf7cf_steps\" value=\"{}\" \/><input type=\"hidden\" name=\"_wpcf7cf_options\" value=\"{&quot;form_id&quot;:63233,&quot;conditions&quot;:[{&quot;then_field&quot;:&quot;ec_france&quot;,&quot;and_rules&quot;:[{&quot;if_field&quot;:&quot;starting_country&quot;,&quot;operator&quot;:&quot;equals&quot;,&quot;if_value&quot;:&quot;France&quot;}]},{&quot;then_field&quot;:&quot;ec_not_france&quot;,&quot;and_rules&quot;:[{&quot;if_field&quot;:&quot;starting_country&quot;,&quot;operator&quot;:&quot;not equals&quot;,&quot;if_value&quot;:&quot;France&quot;}]}],&quot;settings&quot;:{&quot;animation&quot;:&quot;yes&quot;,&quot;animation_intime&quot;:200,&quot;animation_outtime&quot;:200,&quot;conditions_ui&quot;:&quot;normal&quot;,&quot;notice_dismissed&quot;:false}}\" \/><input type=\"hidden\" name=\"_wpcf7_recaptcha_response\" value=\"\" \/>\n<\/fieldset>\n<p class=\"h3\">Faire une demande de devis<\/p>\n<div class=\"flex justify-between\">\n\t<div class=\"lg-full flex flex-column\">\n\t\t<span class=\"wpcf7-form-control-wrap\" data-name=\"societe\"><input size=\"40\" maxlength=\"400\" class=\"wpcf7-form-control wpcf7-text wpcf7-validates-as-required\" aria-required=\"true\" aria-invalid=\"false\" placeholder=\"Soci\u00e9t\u00e9*\" value=\"\" type=\"text\" name=\"societe\" \/><\/span>\n\t<\/div>\n<\/div>\n\n<div class=\"flex flex-col justify-between\">\n\t<div class=\"lg-1-2\">\n\t\t<span class=\"wpcf7-form-control-wrap\" data-name=\"your-email\"><input size=\"40\" maxlength=\"400\" class=\"wpcf7-form-control wpcf7-email wpcf7-validates-as-required wpcf7-text wpcf7-validates-as-email\" aria-required=\"true\" aria-invalid=\"false\" placeholder=\"E-mail*\" value=\"\" type=\"email\" name=\"your-email\" \/><\/span>\n\t<\/div>\n\t<div class=\"lg-1-2\">\n\t\t<span class=\"wpcf7-form-control-wrap\" data-name=\"telephone\"><input size=\"40\" maxlength=\"400\" class=\"wpcf7-form-control wpcf7-tel wpcf7-validates-as-required wpcf7-text wpcf7-validates-as-tel\" aria-required=\"true\" aria-invalid=\"false\" placeholder=\"T\u00e9l\u00e9phone*\" value=\"\" type=\"tel\" name=\"telephone\" \/><\/span>\n\t<\/div>\n<\/div>\n\n<div class=\"flex flex-col justify-between\">\n\t<div class=\"lg-1-2\">\n\t\t<div class=\"form--indication\">\n\t\t\t<label>Ville de d\u00e9part<\/label>\n\t\t<\/div>\n<div id=\"geocoder_start\" class=\"geocoder_field\"><\/div><p class=\"needed_msg hidden text-danger\">Ce champ Ville est obligatoire.<\/p>\n<span class=\"wpcf7-form-control-wrap\" data-name=\"starting_country\"><select class=\"wpcf7-form-control wpcf7-select wpcf7-validates-as-required\" id=\"starting_country\" aria-required=\"true\" aria-invalid=\"false\" name=\"starting_country\"><option value=\"France\">France<\/option><option value=\"Belgique\">Belgique<\/option><option value=\"Allemagne\">Allemagne<\/option><option value=\"Espagne\">Espagne<\/option><option value=\"Italie\">Italie<\/option><option value=\"Portugal\">Portugal<\/option><\/select><\/span>\n<span class=\"wpcf7-form-control-wrap\" data-name=\"dept_start\"><input size=\"40\" maxlength=\"400\" class=\"wpcf7-form-control wpcf7-text wpcf7-validates-as-required\" id=\"dept_start\" aria-required=\"true\" aria-invalid=\"false\" placeholder=\"D\u00e9partement\" value=\"\" type=\"text\" name=\"dept_start\" \/><\/span>\n<input class=\"wpcf7-form-control wpcf7-hidden\" id=\"dept_num_start\" value=\"\" type=\"hidden\" name=\"dept_num_start\" \/>\n<input class=\"wpcf7-form-control wpcf7-hidden\" id=\"starting_city\" value=\"\" type=\"hidden\" name=\"starting_city\" \/>\n\n\t<\/div>\n\n\t<div class=\"lg-1-2\">\n<div class=\"form--indication\">\n\t\t\t<label>Ville d'arriv\u00e9e<\/label>\n\n\t\t<\/div>\n<div data-id=\"ec_france\" data-orig_data_id=\"ec_france\"  class=\"\" data-class=\"wpcf7cf_group\">\n<div id=\"geocoder_end_all\" class=\"geocoder_field\"><\/div><p class=\"needed_msg hidden text-danger\">Ce champ Ville est obligatoire.<\/p>\n<span class=\"wpcf7-form-control-wrap\" data-name=\"ending_country_all\"><select class=\"wpcf7-form-control wpcf7-select wpcf7-validates-as-required\" id=\"ending_country_all\" aria-required=\"true\" aria-invalid=\"false\" name=\"ending_country_all\"><option value=\"\">&#8212;Veuillez choisir une option&#8212;<\/option><option value=\"France\">France<\/option><option value=\"Belgique\">Belgique<\/option><option value=\"Allemagne\">Allemagne<\/option><option value=\"Espagne\">Espagne<\/option><option value=\"Italie\">Italie<\/option><option value=\"Portugal\">Portugal<\/option><\/select><\/span>\n<span class=\"wpcf7-form-control-wrap\" data-name=\"dept_end_all\"><input size=\"40\" maxlength=\"400\" class=\"wpcf7-form-control wpcf7-text wpcf7-validates-as-required\" id=\"dept_end_all\" aria-required=\"true\" aria-invalid=\"false\" placeholder=\"D\u00e9partement\" value=\"\" type=\"text\" name=\"dept_end_all\" \/><\/span>\n<input class=\"wpcf7-form-control wpcf7-hidden\" id=\"dept_num_end_all\" value=\"\" type=\"hidden\" name=\"dept_num_end_all\" \/>\n<input class=\"wpcf7-form-control wpcf7-hidden\" id=\"ending_city_all\" value=\"\" type=\"hidden\" name=\"ending_city_all\" \/>\n<\/div>\n\n<div data-id=\"ec_not_france\" data-orig_data_id=\"ec_not_france\"  class=\"\" data-class=\"wpcf7cf_group\">\n<div id=\"geocoder_end_fr\" class=\"geocoder_field\"><\/div><p class=\"needed_msg hidden text-danger\">Ce champ Ville est obligatoire.<\/p>\n<span class=\"wpcf7-form-control-wrap\" data-name=\"ending_country_fr\"><select class=\"wpcf7-form-control wpcf7-select wpcf7-validates-as-required\" id=\"ending_country_fr\" aria-required=\"true\" aria-invalid=\"false\" name=\"ending_country_fr\"><option value=\"\">&#8212;Veuillez choisir une option&#8212;<\/option><option value=\"France\">France<\/option><\/select><\/span>\n<span class=\"wpcf7-form-control-wrap\" data-name=\"dept_end_fr\"><input size=\"40\" maxlength=\"400\" class=\"wpcf7-form-control wpcf7-text wpcf7-validates-as-required\" id=\"dept_end_fr\" aria-required=\"true\" aria-invalid=\"false\" placeholder=\"D\u00e9partement\" value=\"\" type=\"text\" name=\"dept_end_fr\" \/><\/span>\n<input class=\"wpcf7-form-control wpcf7-hidden\" id=\"dept_num_end_fr\" value=\"\" type=\"hidden\" name=\"dept_num_end_fr\" \/>\n<input class=\"wpcf7-form-control wpcf7-hidden\" id=\"ending_city_fr\" value=\"\" type=\"hidden\" name=\"ending_city_fr\" \/>\n<\/div>\n\t<\/div>\n<\/div>\n\n<div class=\"flex flex-col justify-between\">\n\t<div class=\"lg-1-2\">\n\t\t<span class=\"wpcf7-form-control-wrap\" data-name=\"type\"><select class=\"wpcf7-form-control wpcf7-select\" aria-invalid=\"false\" name=\"type\"><option value=\"V\u00e9hicule de location\">V\u00e9hicule de location<\/option><option value=\"V\u00e9hicule import\u00e9\">V\u00e9hicule import\u00e9<\/option><option value=\"V\u00e9hicule neuf (VN)\">V\u00e9hicule neuf (VN)<\/option><option value=\"V\u00e9hicule en r\u00e9paration\">V\u00e9hicule en r\u00e9paration<\/option><option value=\"V\u00e9hicule d\u2019occasion (VO)\">V\u00e9hicule d\u2019occasion (VO)<\/option><\/select><\/span>\n\t<\/div>\n\t<div class=\"lg-1-2\">\n\t\t<span class=\"wpcf7-form-control-wrap\" data-name=\"modele\"><input size=\"40\" maxlength=\"400\" class=\"wpcf7-form-control wpcf7-text wpcf7-validates-as-required\" aria-required=\"true\" aria-invalid=\"false\" placeholder=\"Marque et mod\u00e8le*\" value=\"\" type=\"text\" name=\"modele\" \/><\/span>\n\t<\/div>\n<\/div>\n\n<div class=\"flex justify-between\">\n\t<div class=\"lg-full flex flex-column\">\n\t\t<label>\u00c9tat du v\u00e9hicule : <\/label>\n\t\t<span class=\"wpcf7-form-control-wrap\" data-name=\"roulant\"><span class=\"wpcf7-form-control wpcf7-radio\"><span class=\"wpcf7-list-item first\"><label><input type=\"radio\" name=\"roulant\" value=\"Roulant\" checked=\"checked\" \/><span class=\"wpcf7-list-item-label\">Roulant<\/span><\/label><\/span><span class=\"wpcf7-list-item last\"><label><input type=\"radio\" name=\"roulant\" value=\"A treuiller\" \/><span class=\"wpcf7-list-item-label\">A treuiller<\/span><\/label><\/span><\/span><\/span>\n<p><small><i>Si le v\u00e9hicule ne d\u00e9marre pas il devra \u00eatre treuill\u00e9<\/i><\/small><\/p>\n\t<\/div>\n<\/div>\n\n<div class=\"flex justify-between\">\n\t<div class=\"lg-full\">\n\n\n\t\t<span class=\"wpcf7-form-control-wrap\" data-name=\"your-message\"><textarea cols=\"40\" rows=\"6\" maxlength=\"2000\" class=\"wpcf7-form-control wpcf7-textarea\" aria-invalid=\"false\" placeholder=\"Message\" name=\"your-message\"><\/textarea><\/span>\n\t\t<span class=\"small\"><em>*<\/em>Champs obligatoires<\/span>\n\t<\/div>\n<\/div>\n<div class=\"spacer\"><\/div>\n<div class=\"row\">\n\t\t<div class=\"form--footer col-lg-12\">\n\t\t\t<div class=\"rgpd\">\n\t\t\t\t\t\t<p class=\"first\">RGPD - Protection de vos donn\u00e9es<\/p>\n\t\t\t\t\t\t<div class=\"txt\"><p>Les informations recueillies via le site rabouin.com (ci-apr\u00e8s d\u00e9sign\u00e9 \u00ab le Site \u00bb) ont vocation \u00e0 \u00eatre trait\u00e9es par TRANSPORTS RABOUIN SAS, responsable de traitement, aux fins de traitement de votre demande de renseignement. \n\t\t\t\t\t\t\tLes informations signal\u00e9es d'un ast\u00e9risque sont obligatoires pour la gestion de vos demandes. \n\t\t\t\t\t\t\tConform\u00e9ment \u00e0 la r\u00e9glementation applicable en mati\u00e8re de protection des donn\u00e9es \u00e0 caract\u00e8re personnel, vous disposez, selon les cas : \n\t\t\t\t\t\t\t- d\u2019un droit d\u2019acc\u00e8s de rectification et de portabilit\u00e9 des informations vous concernant ; \n\t\t\t\t\t\t\t- d'un droit de limitation, d\u2019effacement et d\u2019opposition pour des motifs l\u00e9gitimes au traitement de vos donn\u00e9es ; \n\t\t\t\t\t\t\t- de la possibilit\u00e9 de nous transmettre des directives afin d\u2019organiser le sort des donn\u00e9es vous concernant (conservation, effacement, communication \u00e0 un tiers, etc.) en cas de d\u00e9c\u00e8s ;\n\n\t\t\t\t\t\t\tVous pouvez exercer ces droits en \u00e9crivant \u00e0 l'adresse \u00e9lectronique suivante : rgpd@rabouin.com. \n\n\t\t\t\t\t\t\tToutefois, votre opposition peut, en pratique et selon le cas, avoir une incidence sur votre demande d\u2019information. Vous disposez \u00e9galement du droit de formuler une r\u00e9clamation aupr\u00e8s de la CNIL. \n\n\t\t\t\t\t\t\tPour plus d\u2019informations concernant ce traitement nous vous renvoyons \u00e0 nos <a href=\"\/gestion-des-donnees-personnelles\/\">conditions g\u00e9n\u00e9rales<\/a>.<\/p>\n\t\t\t\t\t\t<\/div>\n\t\t<\/div>\n\t<\/div>\n<\/div>\n\n<div class=\"spacer geocoder_field\"><\/div>\n<div class=\"row\">\n\t\t<div class=\"p-5 col-lg-12 geocoder_field text-center\">\n<span class=\"wpcf7-form-control-wrap kc_captcha\" data-name=\"kc_captcha\"><span class=\"wpcf7-form-control wpcf7-radio\"><span class=\"captcha-image\" ><span class=\"cf7ic_instructions\">Veuillez prouver que vous \u00eates humain en s\u00e9lectionnant<span> la tasse<\/span>.<\/span><label><input aria-label=\"1\" type=\"radio\" name=\"kc_captcha\" value=\"bot\" \/><svg aria-hidden=\"true\" role=\"img\" xmlns=\"http:\/\/www.w3.org\/2000\/svg\" viewBox=\"0 0 576 512\"><path fill=\"currentColor\" d=\"M259 18l-65 132-146 22c-26 3-37 36-18 54l106 103-25 146c-5 26 23 46 46 33l131-68 131 68c23 13 51-7 46-33l-25-146 106-103c19-18 8-51-18-54l-146-22-65-132a32 32 0 00-58 0z\"\/><\/svg><\/label><label><input aria-label=\"2\" type=\"radio\" name=\"kc_captcha\" value=\"kc_human\" \/><svg aria-hidden=\"true\" role=\"img\" xmlns=\"http:\/\/www.w3.org\/2000\/svg\" viewBox=\"0 0 640 512\"><path fill=\"currentColor\" d=\"M192 384h192c53 0 96-43 96-96h32a128 128 0 000-256H120c-13 0-24 11-24 24v232c0 53 43 96 96 96zM512 96a64 64 0 010 128h-32V96h32zm48 384H48c-47 0-61-64-36-64h584c25 0 11 64-36 64z\"\/><\/svg><\/label><label><input aria-label=\"3\" type=\"radio\" name=\"kc_captcha\" value=\"bot\" \/><svg aria-hidden=\"true\" role=\"img\" xmlns=\"http:\/\/www.w3.org\/2000\/svg\" viewBox=\"0 0 512 512\"><path fill=\"currentColor\" d=\"M512 176a176 176 0 01-209 173l-24 27a24 24 0 01-18 8h-37v40c0 13-11 24-24 24h-40v40c0 13-11 24-24 24H24c-13 0-24-11-24-24v-78c0-6 3-13 7-17l162-162a176 176 0 11343-55zm-176-48a48 48 0 1096 0 48 48 0 00-96 0z\"\/><\/svg><\/label>\r\n    <\/span>\r\n    <span style=\"display:none\">\r\n        <input type=\"text\" name=\"kc_honeypot\">\r\n    <\/span><\/span><\/span>\n<\/div>\n<\/div>\n<div class=\"spacer\"><\/div>\n<div class=\"flex justify-between submit--wrapper\">\n\t<div class=\"lg-full\">\n<div class=\"block--button\">\n<input class=\"wpcf7-form-control wpcf7-submit has-spinner\" id=\"submit--button\" type=\"submit\" value=\"Recevoir mon devis\" \/>\n<\/div>\n\t<\/div>\n<\/div><p style=\"display: none !important;\" class=\"akismet-fields-container\" data-prefix=\"_wpcf7_ak_\"><label>&#916;<textarea name=\"_wpcf7_ak_hp_textarea\" cols=\"45\" rows=\"8\" maxlength=\"100\"><\/textarea><\/label><input type=\"hidden\" id=\"ak_js_1\" name=\"_wpcf7_ak_js\" value=\"74\"\/><script>document.getElementById( \"ak_js_1\" ).setAttribute( \"value\", ( new Date() ).getTime() );<\/script><\/p><input type='hidden' class='wpcf7-pum' value='{\"closepopup\":false,\"closedelay\":0,\"openpopup\":false,\"openpopup_id\":0}' \/><div class=\"wpcf7-response-output\" aria-hidden=\"true\"><\/div>\n<\/form>\n<\/div>\n<\/div>\n","protected":false},"excerpt":{"rendered":"<p>Remplissez ce formulaire pour obtenir un devis sur nos tarifs de transport de voiture<\/p>\n","protected":false},"author":2,"featured_media":0,"parent":0,"menu_order":0,"comment_status":"closed","ping_status":"closed","template":"","meta":{"_acf_changed":false,"footnotes":""},"class_list":["post-14","page","type-page","status-publish","hentry"],"acf":[],"yoast_head":"<!-- This site is optimized with the Yoast SEO plugin v25.3.1 - https:\/\/yoast.com\/wordpress\/plugins\/seo\/ -->\n<title>Devis transport voiture - Gratuit - Transports Rabouin<\/title>\n<meta name=\"description\" content=\"Expert du transport de v\u00e9hicules, les Transports Rabouin assurent pour les professionnels et les particuliers le transport de v\u00e9hicules. Devis gratuit.\" \/>\n<meta name=\"robots\" content=\"index, follow, max-snippet:-1, max-image-preview:large, max-video-preview:-1\" \/>\n<link rel=\"canonical\" href=\"https:\/\/www.rabouin.com\/fr\/demande-de-devis\/\" \/>\n<meta property=\"og:locale\" content=\"fr_FR\" \/>\n<meta property=\"og:type\" content=\"article\" \/>\n<meta property=\"og:title\" content=\"Devis transport voiture - Gratuit - Transports Rabouin\" \/>\n<meta property=\"og:description\" content=\"Expert du transport de v\u00e9hicules, les Transports Rabouin assurent pour les professionnels et les particuliers le transport de v\u00e9hicules. Devis gratuit.\" \/>\n<meta property=\"og:url\" content=\"https:\/\/www.rabouin.com\/fr\/demande-de-devis\/\" \/>\n<meta property=\"og:site_name\" content=\"Transports Rabouin\" \/>\n<meta property=\"article:publisher\" content=\"https:\/\/www.facebook.com\/Rabouin.Transports\" \/>\n<meta property=\"article:modified_time\" content=\"2026-02-24T08:30:21+00:00\" \/>\n<meta name=\"twitter:card\" content=\"summary_large_image\" \/>\n<meta name=\"twitter:site\" content=\"@transportsrabo1\" \/>\n<meta name=\"twitter:label1\" content=\"Dur\u00e9e de lecture estim\u00e9e\" \/>\n\t<meta name=\"twitter:data1\" content=\"1 minute\" \/>\n<script type=\"application\/ld+json\" class=\"yoast-schema-graph\">{\"@context\":\"https:\/\/schema.org\",\"@graph\":[{\"@type\":\"WebPage\",\"@id\":\"https:\/\/www.rabouin.com\/fr\/demande-de-devis\/\",\"url\":\"https:\/\/www.rabouin.com\/fr\/demande-de-devis\/\",\"name\":\"Devis transport voiture - Gratuit - Transports Rabouin\",\"isPartOf\":{\"@id\":\"https:\/\/www.rabouin.com\/fr\/#website\"},\"datePublished\":\"2017-02-20T12:38:38+00:00\",\"dateModified\":\"2026-02-24T08:30:21+00:00\",\"description\":\"Expert du transport de v\u00e9hicules, les Transports Rabouin assurent pour les professionnels et les particuliers le transport de v\u00e9hicules. Devis gratuit.\",\"breadcrumb\":{\"@id\":\"https:\/\/www.rabouin.com\/fr\/demande-de-devis\/#breadcrumb\"},\"inLanguage\":\"fr-FR\",\"potentialAction\":[{\"@type\":\"ReadAction\",\"target\":[\"https:\/\/www.rabouin.com\/fr\/demande-de-devis\/\"]}]},{\"@type\":\"BreadcrumbList\",\"@id\":\"https:\/\/www.rabouin.com\/fr\/demande-de-devis\/#breadcrumb\",\"itemListElement\":[{\"@type\":\"ListItem\",\"position\":1,\"name\":\"Accueil\",\"item\":\"https:\/\/www.rabouin.com\/fr\/\"},{\"@type\":\"ListItem\",\"position\":2,\"name\":\"Demande de devis\"}]},{\"@type\":\"WebSite\",\"@id\":\"https:\/\/www.rabouin.com\/fr\/#website\",\"url\":\"https:\/\/www.rabouin.com\/fr\/\",\"name\":\"Transports Rabouin\",\"description\":\"Garants de vos v\u00e9hicules\",\"publisher\":{\"@id\":\"https:\/\/www.rabouin.com\/fr\/#organization\"},\"potentialAction\":[{\"@type\":\"SearchAction\",\"target\":{\"@type\":\"EntryPoint\",\"urlTemplate\":\"https:\/\/www.rabouin.com\/fr\/?s={search_term_string}\"},\"query-input\":{\"@type\":\"PropertyValueSpecification\",\"valueRequired\":true,\"valueName\":\"search_term_string\"}}],\"inLanguage\":\"fr-FR\"},{\"@type\":\"Organization\",\"@id\":\"https:\/\/www.rabouin.com\/fr\/#organization\",\"name\":\"Transports Rabouin\",\"alternateName\":\"Transports Rabouin\",\"url\":\"https:\/\/www.rabouin.com\/fr\/\",\"logo\":{\"@type\":\"ImageObject\",\"inLanguage\":\"fr-FR\",\"@id\":\"https:\/\/www.rabouin.com\/fr\/#\/schema\/logo\/image\/\",\"url\":\"https:\/\/www.rabouin.com\/wp-content\/uploads\/2023\/08\/logo-rabouin.png\",\"contentUrl\":\"https:\/\/www.rabouin.com\/wp-content\/uploads\/2023\/08\/logo-rabouin.png\",\"width\":2048,\"height\":2048,\"caption\":\"Transports Rabouin\"},\"image\":{\"@id\":\"https:\/\/www.rabouin.com\/fr\/#\/schema\/logo\/image\/\"},\"sameAs\":[\"https:\/\/www.facebook.com\/Rabouin.Transports\",\"https:\/\/x.com\/transportsrabo1\",\"https:\/\/www.linkedin.com\/company\/transports-rabouin-sas\/\",\"https:\/\/www.youtube.com\/channel\/UCuxRbZG6gnMMK8H8KNYiiSA\"]}]}<\/script>\n<!-- \/ Yoast SEO plugin. -->","yoast_head_json":{"title":"Devis transport voiture - Gratuit - Transports Rabouin","description":"Expert du transport de v\u00e9hicules, les Transports Rabouin assurent pour les professionnels et les particuliers le transport de v\u00e9hicules. Devis gratuit.","robots":{"index":"index","follow":"follow","max-snippet":"max-snippet:-1","max-image-preview":"max-image-preview:large","max-video-preview":"max-video-preview:-1"},"canonical":"https:\/\/www.rabouin.com\/fr\/demande-de-devis\/","og_locale":"fr_FR","og_type":"article","og_title":"Devis transport voiture - Gratuit - Transports Rabouin","og_description":"Expert du transport de v\u00e9hicules, les Transports Rabouin assurent pour les professionnels et les particuliers le transport de v\u00e9hicules. Devis gratuit.","og_url":"https:\/\/www.rabouin.com\/fr\/demande-de-devis\/","og_site_name":"Transports Rabouin","article_publisher":"https:\/\/www.facebook.com\/Rabouin.Transports","article_modified_time":"2026-02-24T08:30:21+00:00","twitter_card":"summary_large_image","twitter_site":"@transportsrabo1","twitter_misc":{"Dur\u00e9e de lecture estim\u00e9e":"1 minute"},"schema":{"@context":"https:\/\/schema.org","@graph":[{"@type":"WebPage","@id":"https:\/\/www.rabouin.com\/fr\/demande-de-devis\/","url":"https:\/\/www.rabouin.com\/fr\/demande-de-devis\/","name":"Devis transport voiture - Gratuit - Transports Rabouin","isPartOf":{"@id":"https:\/\/www.rabouin.com\/fr\/#website"},"datePublished":"2017-02-20T12:38:38+00:00","dateModified":"2026-02-24T08:30:21+00:00","description":"Expert du transport de v\u00e9hicules, les Transports Rabouin assurent pour les professionnels et les particuliers le transport de v\u00e9hicules. Devis gratuit.","breadcrumb":{"@id":"https:\/\/www.rabouin.com\/fr\/demande-de-devis\/#breadcrumb"},"inLanguage":"fr-FR","potentialAction":[{"@type":"ReadAction","target":["https:\/\/www.rabouin.com\/fr\/demande-de-devis\/"]}]},{"@type":"BreadcrumbList","@id":"https:\/\/www.rabouin.com\/fr\/demande-de-devis\/#breadcrumb","itemListElement":[{"@type":"ListItem","position":1,"name":"Accueil","item":"https:\/\/www.rabouin.com\/fr\/"},{"@type":"ListItem","position":2,"name":"Demande de devis"}]},{"@type":"WebSite","@id":"https:\/\/www.rabouin.com\/fr\/#website","url":"https:\/\/www.rabouin.com\/fr\/","name":"Transports Rabouin","description":"Garants de vos v\u00e9hicules","publisher":{"@id":"https:\/\/www.rabouin.com\/fr\/#organization"},"potentialAction":[{"@type":"SearchAction","target":{"@type":"EntryPoint","urlTemplate":"https:\/\/www.rabouin.com\/fr\/?s={search_term_string}"},"query-input":{"@type":"PropertyValueSpecification","valueRequired":true,"valueName":"search_term_string"}}],"inLanguage":"fr-FR"},{"@type":"Organization","@id":"https:\/\/www.rabouin.com\/fr\/#organization","name":"Transports Rabouin","alternateName":"Transports Rabouin","url":"https:\/\/www.rabouin.com\/fr\/","logo":{"@type":"ImageObject","inLanguage":"fr-FR","@id":"https:\/\/www.rabouin.com\/fr\/#\/schema\/logo\/image\/","url":"https:\/\/www.rabouin.com\/wp-content\/uploads\/2023\/08\/logo-rabouin.png","contentUrl":"https:\/\/www.rabouin.com\/wp-content\/uploads\/2023\/08\/logo-rabouin.png","width":2048,"height":2048,"caption":"Transports Rabouin"},"image":{"@id":"https:\/\/www.rabouin.com\/fr\/#\/schema\/logo\/image\/"},"sameAs":["https:\/\/www.facebook.com\/Rabouin.Transports","https:\/\/x.com\/transportsrabo1","https:\/\/www.linkedin.com\/company\/transports-rabouin-sas\/","https:\/\/www.youtube.com\/channel\/UCuxRbZG6gnMMK8H8KNYiiSA"]}]}},"_links":{"self":[{"href":"https:\/\/www.rabouin.com\/fr\/wp-json\/wp\/v2\/pages\/14","targetHints":{"allow":["GET"]}}],"collection":[{"href":"https:\/\/www.rabouin.com\/fr\/wp-json\/wp\/v2\/pages"}],"about":[{"href":"https:\/\/www.rabouin.com\/fr\/wp-json\/wp\/v2\/types\/page"}],"author":[{"embeddable":true,"href":"https:\/\/www.rabouin.com\/fr\/wp-json\/wp\/v2\/users\/2"}],"replies":[{"embeddable":true,"href":"https:\/\/www.rabouin.com\/fr\/wp-json\/wp\/v2\/comments?post=14"}],"version-history":[{"count":4,"href":"https:\/\/www.rabouin.com\/fr\/wp-json\/wp\/v2\/pages\/14\/revisions"}],"predecessor-version":[{"id":67410,"href":"https:\/\/www.rabouin.com\/fr\/wp-json\/wp\/v2\/pages\/14\/revisions\/67410"}],"wp:attachment":[{"href":"https:\/\/www.rabouin.com\/fr\/wp-json\/wp\/v2\/media?parent=14"}],"curies":[{"name":"wp","href":"https:\/\/api.w.org\/{rel}","templated":true}]}}