{"id":268,"date":"2017-05-26T11:42:02","date_gmt":"2017-05-26T09:42:02","guid":{"rendered":"http:\/\/dev.transport-rabouin.com\/?page_id=268\/"},"modified":"2017-12-08T09:20:30","modified_gmt":"2017-12-08T08:20:30","slug":"la-presence-nationale-et-latelier-integre","status":"publish","type":"page","link":"https:\/\/www.rabouin.com\/fr\/transports-rabouin\/la-presence-nationale-et-latelier-integre\/","title":{"rendered":"La pr\u00e9sence nationale et l\u2019atelier int\u00e9gr\u00e9"},"content":{"rendered":"<h2>Une pr\u00e9sence sur toute la France<\/h2>\n<p>145 ensembles porte-voitures (porte 8, porte 5 et porte 1 voiture)<br \/>\nGr\u00e2ce \u00e0 la pr\u00e9sence de chauffeurs sur tout le territoire fran\u00e7ais, les Transports RABOUIN optimisent leurs prestations au plus pr\u00e8s des besoins de leurs clients. Ce maillage du territoire s\u2019applique notamment aux r\u00e9gions <a href=\"\/societe\/region-alsace\">Alsace<\/a>, <a href=\"\/societe\/region-aquitaine\">Aquitaine<\/a>, <a href=\"\/societe\/region-bretagne\">Bretagne<\/a>, <a href=\"\/societe\/region-ile-de-france\">\u00cele-de-France<\/a>, <a href=\"\/societe\/region-languedoc-roussillon\">Languedoc-Roussillon<\/a>, <a href=\"\/societe\/region-midi-pyrenees\">Midi-Pyr\u00e9n\u00e9es<\/a>, <a href=\"\/societe\/region-rhone-alpes\">Rh\u00f4nes-Alpes<\/a>, <a href=\"\/societe\/region-pays-de-la-loire\">Pays de la Loire<\/a> et <a href=\"\/societe\/region-paca-provence-alpes-cote-d-azur\">PACA (Provence-Alpes-C\u00f4te d\u2019Azur)<\/a>.<\/p>\n<h2><img loading=\"lazy\" decoding=\"async\" class=\"aligncenter wp-image-419 size-full\" src=\"https:\/\/www.rabouin.com\/wp-content\/uploads\/2017\/05\/maintenace-des-camions-transports-rabouin.jpg\" alt=\"entretien-des-camions-transports-rabouin\" width=\"850\" height=\"564\" srcset=\"https:\/\/www.rabouin.com\/wp-content\/uploads\/2017\/05\/maintenace-des-camions-transports-rabouin.jpg 850w, https:\/\/www.rabouin.com\/wp-content\/uploads\/2017\/05\/maintenace-des-camions-transports-rabouin-300x199.jpg 300w, https:\/\/www.rabouin.com\/wp-content\/uploads\/2017\/05\/maintenace-des-camions-transports-rabouin-768x510.jpg 768w\" sizes=\"auto, (max-width: 850px) 100vw, 850px\" \/><\/h2>\n<h2>Un atelier int\u00e9gr\u00e9<\/h2>\n<p>Afin de garantir un service toujours op\u00e9rationnel, les Transports Rabouin disposent d\u2019un atelier int\u00e9gr\u00e9, permettant l\u2019entretien r\u00e9gulier de sa flotte de camions. Ce service permet de r\u00e9aliser des contr\u00f4les techniques complets et m\u00e9ticuleux de chaque porte-voiture et d\u2019assurer un d\u00e9pannage sur site le cas \u00e9ch\u00e9ant dans les plus brefs d\u00e9lais.<br \/>\nDe la carrosserie \u00e0 la m\u00e9canique moteur, en passant par les pneumatiques ou l\u2019entretien courant (vidange, courroie\u2026), une \u00e9quipe de 10 collaborateurs intervient \u00e0 tout moment pour assurer un mat\u00e9riel toujours fiable et performant. Parmi eux des m\u00e9caniciens et des carrossiers sont sp\u00e9cifiquement form\u00e9s pour satisfaire aux obligations r\u00e9glementaires en mati\u00e8re de s\u00e9curit\u00e9 et d\u2019environnement. L\u2019atelier int\u00e9gr\u00e9 propose notamment la pr\u00e9paration de vos v\u00e9hicules aux mines.<\/p>\n<h3>Les \u00e9quipements de l\u2019atelier<\/h3>\n<ul>\n<li>5 fosses<\/li>\n<li>1 plateforme<\/li>\n<li>1 banc de freinage<\/li>\n<li>1 pont roulant pour des capacit\u00e9s jusqu\u2019\u00e0 5 t.<\/li>\n<li>1 piste de lavage<\/li>\n<\/ul>\n<p>Atelier ouvert sans interruption du lundi au vendredi de 8 h \u00e0 19 h 30 et le samedi matin.<\/p>\n","protected":false},"excerpt":{"rendered":"<p>Une pr\u00e9sence sur toute la France 145 ensembles porte-voitures (porte 8, porte 5 et porte 1 voiture) Gr\u00e2ce \u00e0 la pr\u00e9sence de chauffeurs sur tout le territoire fran\u00e7ais, les Transports RABOUIN optimisent leurs prestations au plus pr\u00e8s des besoins de leurs clients. Ce maillage du territoire s\u2019applique notamment aux r\u00e9gions Alsace, Aquitaine, Bretagne, \u00cele-de-France, Languedoc-Roussillon, &hellip;<\/p>\n","protected":false},"author":2,"featured_media":0,"parent":27,"menu_order":0,"comment_status":"closed","ping_status":"closed","template":"","meta":{"_acf_changed":false,"footnotes":""},"class_list":["post-268","page","type-page","status-publish","hentry"],"acf":[],"yoast_head":"<!-- This site is optimized with the Yoast SEO plugin v25.3.1 - https:\/\/yoast.com\/wordpress\/plugins\/seo\/ -->\n<title>Pr\u00e9sence nationale et atelier int\u00e9gr\u00e9 - Transports Rabouin<\/title>\n<meta name=\"description\" content=\"Pour garantir une qualit\u00e9 de service accrue, les Transports Rabouin disposent d\u2019un atelier int\u00e9gr\u00e9 et d&#039;une flotte de camions au niveau national.\" \/>\n<meta name=\"robots\" content=\"index, follow, max-snippet:-1, max-image-preview:large, max-video-preview:-1\" \/>\n<link rel=\"canonical\" href=\"https:\/\/www.rabouin.com\/fr\/transports-rabouin\/la-presence-nationale-et-latelier-integre\/\" \/>\n<meta property=\"og:locale\" content=\"fr_FR\" \/>\n<meta property=\"og:type\" content=\"article\" \/>\n<meta property=\"og:title\" content=\"Pr\u00e9sence nationale et atelier int\u00e9gr\u00e9 - Transports Rabouin\" \/>\n<meta property=\"og:description\" content=\"Pour garantir une qualit\u00e9 de service accrue, les Transports Rabouin disposent d\u2019un atelier int\u00e9gr\u00e9 et d&#039;une flotte de camions au niveau national.\" \/>\n<meta property=\"og:url\" content=\"https:\/\/www.rabouin.com\/fr\/transports-rabouin\/la-presence-nationale-et-latelier-integre\/\" \/>\n<meta property=\"og:site_name\" content=\"Transports Rabouin\" \/>\n<meta property=\"article:publisher\" content=\"https:\/\/www.facebook.com\/Rabouin.Transports\" \/>\n<meta property=\"article:modified_time\" content=\"2017-12-08T08:20:30+00:00\" \/>\n<meta property=\"og:image\" content=\"https:\/\/www.rabouin.com\/wp-content\/uploads\/2017\/05\/maintenace-des-camions-transports-rabouin.jpg\" \/>\n<meta name=\"twitter:card\" content=\"summary_large_image\" \/>\n<meta name=\"twitter:site\" content=\"@transportsrabo1\" \/>\n<meta name=\"twitter:label1\" content=\"Dur\u00e9e de lecture estim\u00e9e\" \/>\n\t<meta name=\"twitter:data1\" content=\"1 minute\" \/>\n<script type=\"application\/ld+json\" class=\"yoast-schema-graph\">{\"@context\":\"https:\/\/schema.org\",\"@graph\":[{\"@type\":\"WebPage\",\"@id\":\"https:\/\/www.rabouin.com\/fr\/transports-rabouin\/la-presence-nationale-et-latelier-integre#webpage\",\"url\":\"https:\/\/www.rabouin.com\/fr\/transports-rabouin\/la-presence-nationale-et-latelier-integre\/\",\"name\":\"Pr\u00e9sence nationale et atelier int\u00e9gr\u00e9 - Transports Rabouin\",\"isPartOf\":{\"@id\":\"https:\/\/www.rabouin.com\/fr\/#website\"},\"primaryImageOfPage\":{\"@id\":\"https:\/\/www.rabouin.com\/fr\/transports-rabouin\/la-presence-nationale-et-latelier-integre\/#primaryimage\"},\"image\":{\"@id\":\"https:\/\/www.rabouin.com\/fr\/transports-rabouin\/la-presence-nationale-et-latelier-integre\/#primaryimage\"},\"thumbnailUrl\":\"https:\/\/www.rabouin.com\/wp-content\/uploads\/2017\/05\/maintenace-des-camions-transports-rabouin.jpg\",\"datePublished\":\"2017-05-26T09:42:02+00:00\",\"dateModified\":\"2017-12-08T08:20:30+00:00\",\"description\":\"Pour garantir une qualit\u00e9 de service accrue, les Transports Rabouin disposent d\u2019un atelier int\u00e9gr\u00e9 et d'une flotte de camions au niveau national.\",\"breadcrumb\":{\"@id\":\"https:\/\/www.rabouin.com\/fr\/transports-rabouin\/la-presence-nationale-et-latelier-integre\/#breadcrumb\"},\"inLanguage\":\"fr-FR\",\"potentialAction\":[{\"@type\":\"ReadAction\",\"target\":[\"https:\/\/www.rabouin.com\/fr\/transports-rabouin\/la-presence-nationale-et-latelier-integre\/\"]}]},{\"@type\":\"ImageObject\",\"inLanguage\":\"fr-FR\",\"@id\":\"https:\/\/www.rabouin.com\/fr\/transports-rabouin\/la-presence-nationale-et-latelier-integre\/#primaryimage\",\"url\":\"https:\/\/www.rabouin.com\/wp-content\/uploads\/2017\/05\/maintenace-des-camions-transports-rabouin.jpg\",\"contentUrl\":\"https:\/\/www.rabouin.com\/wp-content\/uploads\/2017\/05\/maintenace-des-camions-transports-rabouin.jpg\"},{\"@type\":\"BreadcrumbList\",\"@id\":\"https:\/\/www.rabouin.com\/fr\/transports-rabouin\/la-presence-nationale-et-latelier-integre\/#breadcrumb\",\"itemListElement\":[{\"@type\":\"ListItem\",\"position\":1,\"name\":\"Accueil\",\"item\":\"https:\/\/www.rabouin.com\/fr\/\"},{\"@type\":\"ListItem\",\"position\":2,\"name\":\"Transports Rabouin\",\"item\":\"https:\/\/www.rabouin.com\/fr\/transports-rabouin\/\"},{\"@type\":\"ListItem\",\"position\":3,\"name\":\"La pr\u00e9sence nationale et l\u2019atelier int\u00e9gr\u00e9\"}]},{\"@type\":\"WebSite\",\"@id\":\"https:\/\/www.rabouin.com\/fr\/#website\",\"url\":\"https:\/\/www.rabouin.com\/fr\/\",\"name\":\"Transports Rabouin\",\"description\":\"Garants de vos v\u00e9hicules\",\"publisher\":{\"@id\":\"https:\/\/www.rabouin.com\/fr\/#organization\"},\"potentialAction\":[{\"@type\":\"SearchAction\",\"target\":{\"@type\":\"EntryPoint\",\"urlTemplate\":\"https:\/\/www.rabouin.com\/fr\/?s={search_term_string}\"},\"query-input\":{\"@type\":\"PropertyValueSpecification\",\"valueRequired\":true,\"valueName\":\"search_term_string\"}}],\"inLanguage\":\"fr-FR\"},{\"@type\":\"Organization\",\"@id\":\"https:\/\/www.rabouin.com\/fr\/#organization\",\"name\":\"Transports Rabouin\",\"alternateName\":\"Transports Rabouin\",\"url\":\"https:\/\/www.rabouin.com\/fr\/\",\"logo\":{\"@type\":\"ImageObject\",\"inLanguage\":\"fr-FR\",\"@id\":\"https:\/\/www.rabouin.com\/fr\/#\/schema\/logo\/image\/\",\"url\":\"https:\/\/www.rabouin.com\/wp-content\/uploads\/2023\/08\/logo-rabouin.png\",\"contentUrl\":\"https:\/\/www.rabouin.com\/wp-content\/uploads\/2023\/08\/logo-rabouin.png\",\"width\":2048,\"height\":2048,\"caption\":\"Transports Rabouin\"},\"image\":{\"@id\":\"https:\/\/www.rabouin.com\/fr\/#\/schema\/logo\/image\/\"},\"sameAs\":[\"https:\/\/www.facebook.com\/Rabouin.Transports\",\"https:\/\/www.instagram.com\/transportsrabouin\/\",\"https:\/\/www.youtube.com\/channel\/UCuxRbZG6gnMMK8H8KNYiiSA\",\"https:\/\/www.linkedin.com\/company\/transports-rabouin-sas\",\"https:\/\/www.tiktok.com\/@transportsrabouin\"],\"founder\":{\"@type\":\"Person\",\"name\":\"Eric Rabouin\"},\"contactPoint\":{\"@type\":\"ContactPoint\",\"telephone\":\"+33240253700\",\"contactType\":\"customer service\",\"availableLanguage\":\"French\"}}]}<\/script>\n<!-- \/ Yoast SEO plugin. -->","yoast_head_json":{"title":"Pr\u00e9sence nationale et atelier int\u00e9gr\u00e9 - Transports Rabouin","description":"Pour garantir une qualit\u00e9 de service accrue, les Transports Rabouin disposent d\u2019un atelier int\u00e9gr\u00e9 et d'une flotte de camions au niveau national.","robots":{"index":"index","follow":"follow","max-snippet":"max-snippet:-1","max-image-preview":"max-image-preview:large","max-video-preview":"max-video-preview:-1"},"canonical":"https:\/\/www.rabouin.com\/fr\/transports-rabouin\/la-presence-nationale-et-latelier-integre\/","og_locale":"fr_FR","og_type":"article","og_title":"Pr\u00e9sence nationale et atelier int\u00e9gr\u00e9 - Transports Rabouin","og_description":"Pour garantir une qualit\u00e9 de service accrue, les Transports Rabouin disposent d\u2019un atelier int\u00e9gr\u00e9 et d'une flotte de camions au niveau national.","og_url":"https:\/\/www.rabouin.com\/fr\/transports-rabouin\/la-presence-nationale-et-latelier-integre\/","og_site_name":"Transports Rabouin","article_publisher":"https:\/\/www.facebook.com\/Rabouin.Transports","article_modified_time":"2017-12-08T08:20:30+00:00","og_image":[{"url":"https:\/\/www.rabouin.com\/wp-content\/uploads\/2017\/05\/maintenace-des-camions-transports-rabouin.jpg","type":"","width":"","height":""}],"twitter_card":"summary_large_image","twitter_site":"@transportsrabo1","twitter_misc":{"Dur\u00e9e de lecture estim\u00e9e":"1 minute"},"schema":{"@context":"https:\/\/schema.org","@graph":[{"@type":"WebPage","@id":"https:\/\/www.rabouin.com\/fr\/transports-rabouin\/la-presence-nationale-et-latelier-integre#webpage","url":"https:\/\/www.rabouin.com\/fr\/transports-rabouin\/la-presence-nationale-et-latelier-integre\/","name":"Pr\u00e9sence nationale et atelier int\u00e9gr\u00e9 - Transports Rabouin","isPartOf":{"@id":"https:\/\/www.rabouin.com\/fr\/#website"},"primaryImageOfPage":{"@id":"https:\/\/www.rabouin.com\/fr\/transports-rabouin\/la-presence-nationale-et-latelier-integre\/#primaryimage"},"image":{"@id":"https:\/\/www.rabouin.com\/fr\/transports-rabouin\/la-presence-nationale-et-latelier-integre\/#primaryimage"},"thumbnailUrl":"https:\/\/www.rabouin.com\/wp-content\/uploads\/2017\/05\/maintenace-des-camions-transports-rabouin.jpg","datePublished":"2017-05-26T09:42:02+00:00","dateModified":"2017-12-08T08:20:30+00:00","description":"Pour garantir une qualit\u00e9 de service accrue, les Transports Rabouin disposent d\u2019un atelier int\u00e9gr\u00e9 et d'une flotte de camions au niveau national.","breadcrumb":{"@id":"https:\/\/www.rabouin.com\/fr\/transports-rabouin\/la-presence-nationale-et-latelier-integre\/#breadcrumb"},"inLanguage":"fr-FR","potentialAction":[{"@type":"ReadAction","target":["https:\/\/www.rabouin.com\/fr\/transports-rabouin\/la-presence-nationale-et-latelier-integre\/"]}]},{"@type":"ImageObject","inLanguage":"fr-FR","@id":"https:\/\/www.rabouin.com\/fr\/transports-rabouin\/la-presence-nationale-et-latelier-integre\/#primaryimage","url":"https:\/\/www.rabouin.com\/wp-content\/uploads\/2017\/05\/maintenace-des-camions-transports-rabouin.jpg","contentUrl":"https:\/\/www.rabouin.com\/wp-content\/uploads\/2017\/05\/maintenace-des-camions-transports-rabouin.jpg"},{"@type":"BreadcrumbList","@id":"https:\/\/www.rabouin.com\/fr\/transports-rabouin\/la-presence-nationale-et-latelier-integre\/#breadcrumb","itemListElement":[{"@type":"ListItem","position":1,"name":"Accueil","item":"https:\/\/www.rabouin.com\/fr\/"},{"@type":"ListItem","position":2,"name":"Transports Rabouin","item":"https:\/\/www.rabouin.com\/fr\/transports-rabouin\/"},{"@type":"ListItem","position":3,"name":"La pr\u00e9sence nationale et l\u2019atelier int\u00e9gr\u00e9"}]},{"@type":"WebSite","@id":"https:\/\/www.rabouin.com\/fr\/#website","url":"https:\/\/www.rabouin.com\/fr\/","name":"Transports Rabouin","description":"Garants de vos v\u00e9hicules","publisher":{"@id":"https:\/\/www.rabouin.com\/fr\/#organization"},"potentialAction":[{"@type":"SearchAction","target":{"@type":"EntryPoint","urlTemplate":"https:\/\/www.rabouin.com\/fr\/?s={search_term_string}"},"query-input":{"@type":"PropertyValueSpecification","valueRequired":true,"valueName":"search_term_string"}}],"inLanguage":"fr-FR"},{"@type":"Organization","@id":"https:\/\/www.rabouin.com\/fr\/#organization","name":"Transports Rabouin","alternateName":"Transports Rabouin","url":"https:\/\/www.rabouin.com\/fr\/","logo":{"@type":"ImageObject","inLanguage":"fr-FR","@id":"https:\/\/www.rabouin.com\/fr\/#\/schema\/logo\/image\/","url":"https:\/\/www.rabouin.com\/wp-content\/uploads\/2023\/08\/logo-rabouin.png","contentUrl":"https:\/\/www.rabouin.com\/wp-content\/uploads\/2023\/08\/logo-rabouin.png","width":2048,"height":2048,"caption":"Transports Rabouin"},"image":{"@id":"https:\/\/www.rabouin.com\/fr\/#\/schema\/logo\/image\/"},"sameAs":["https:\/\/www.facebook.com\/Rabouin.Transports","https:\/\/www.instagram.com\/transportsrabouin\/","https:\/\/www.youtube.com\/channel\/UCuxRbZG6gnMMK8H8KNYiiSA","https:\/\/www.linkedin.com\/company\/transports-rabouin-sas","https:\/\/www.tiktok.com\/@transportsrabouin"],"founder":{"@type":"Person","name":"Eric Rabouin"},"contactPoint":{"@type":"ContactPoint","telephone":"+33240253700","contactType":"customer service","availableLanguage":"French"}}]}},"_links":{"self":[{"href":"https:\/\/www.rabouin.com\/fr\/wp-json\/wp\/v2\/pages\/268","targetHints":{"allow":["GET"]}}],"collection":[{"href":"https:\/\/www.rabouin.com\/fr\/wp-json\/wp\/v2\/pages"}],"about":[{"href":"https:\/\/www.rabouin.com\/fr\/wp-json\/wp\/v2\/types\/page"}],"author":[{"embeddable":true,"href":"https:\/\/www.rabouin.com\/fr\/wp-json\/wp\/v2\/users\/2"}],"replies":[{"embeddable":true,"href":"https:\/\/www.rabouin.com\/fr\/wp-json\/wp\/v2\/comments?post=268"}],"version-history":[{"count":0,"href":"https:\/\/www.rabouin.com\/fr\/wp-json\/wp\/v2\/pages\/268\/revisions"}],"up":[{"embeddable":true,"href":"https:\/\/www.rabouin.com\/fr\/wp-json\/wp\/v2\/pages\/27"}],"wp:attachment":[{"href":"https:\/\/www.rabouin.com\/fr\/wp-json\/wp\/v2\/media?parent=268"}],"curies":[{"name":"wp","href":"https:\/\/api.w.org\/{rel}","templated":true}]}}