{"id":27,"date":"2017-02-20T14:02:55","date_gmt":"2017-02-20T13:02:55","guid":{"rendered":"http:\/\/dev.transport-rabouin.com\/?page_id=27"},"modified":"2026-02-25T14:29:44","modified_gmt":"2026-02-25T13:29:44","slug":"transports-rabouin","status":"publish","type":"page","link":"https:\/\/www.rabouin.com\/fr\/transports-rabouin\/","title":{"rendered":"Transports Rabouin"},"content":{"rendered":"<p><img loading=\"lazy\" decoding=\"async\" class=\"aligncenter wp-image-6957 size-large\" src=\"https:\/\/www.rabouin.com\/wp-content\/uploads\/2017\/02\/Locaux-entreprise-si\u00e8ge-social-transports-rabouin-1024x590.jpg\" alt=\"Si\u00e8ge social des transports rabouin\" width=\"1024\" height=\"590\" srcset=\"https:\/\/www.rabouin.com\/wp-content\/uploads\/2017\/02\/Locaux-entreprise-si\u00e8ge-social-transports-rabouin-1024x590.jpg 1024w, https:\/\/www.rabouin.com\/wp-content\/uploads\/2017\/02\/Locaux-entreprise-si\u00e8ge-social-transports-rabouin-300x173.jpg 300w, https:\/\/www.rabouin.com\/wp-content\/uploads\/2017\/02\/Locaux-entreprise-si\u00e8ge-social-transports-rabouin-768x442.jpg 768w, https:\/\/www.rabouin.com\/wp-content\/uploads\/2017\/02\/Locaux-entreprise-si\u00e8ge-social-transports-rabouin.jpg 1200w\" sizes=\"auto, (max-width: 1024px) 100vw, 1024px\" \/><\/p>\n<h2>La soci\u00e9t\u00e9<\/h2>\n<p>Fort de leurs 45 ans d\u2019exp\u00e9rience dans le transport de voitures, les Transports Rabouin proposent une prestation globale dans le secteur automobile. Les Transports Rabouin ont su se positionner en tant qu\u2019experts au fil des ann\u00e9es et prouvent leur professionnalisme tous les jours en proposant des solutions sp\u00e9cifiques adapt\u00e9es aux besoins des clients.<br \/>\n<a href=\"https:\/\/www.rabouin.com\/fr\/transports-rabouin\/societe\/\">Lire la suite<\/a><\/p>\n<h2>Notre Vision<\/h2>\n<p>Nous pensons que le transport de v\u00e9hicules est une activit\u00e9 essentielle. Ainsi, nos \u00e9quipes contribuent chaque jour au d\u00e9veloppement et \u00e0 la r\u00e9ussite des Transports Rabouin par leur implication, leur responsabilit\u00e9 et leur autonomie. Nous pla\u00e7ons la passion et la r\u00e9ussite au coeur de notre fa\u00e7on d'\u00eatre.<\/p>\n<p><a href=\"https:\/\/www.rabouin.com\/fr\/transports-rabouin\/notre-vision\/\">En lire + sur notre vision<\/a><\/p>\n<h2>Nos engagements pour un transport de voiture responsable<\/h2>\n<p>Sp\u00e9cialistes du transport de voitures et de la logistique automobile depuis plus de 40 ans, les Transports Rabouin placent le client au c\u0153ur de leur attention.<\/p>\n<p>Cette volont\u00e9 se traduit par des engagements de qualit\u00e9, de s\u00e9curit\u00e9, d\u2019\u00e9thique et environnementaux, au-del\u00e0 de la r\u00e9glementation en vigueur.<\/p>\n<p>D\u00e9tenteurs de toutes les licences et autorisations n\u00e9cessaires au bon exercice du transport de v\u00e9hicules tant en France qu\u2019en Europe, les Transports Rabouin se distinguent par leur organisation enti\u00e8rement orient\u00e9e vers la satisfaction client.<\/p>\n<p>Qualit\u00e9, \u00e9coute, r\u00e9activit\u00e9 et s\u00e9curit\u00e9 sont les ma\u00eetres mots des Transports Rabouin.<br \/>\n<a href=\"https:\/\/www.rabouin.com\/fr\/transports-rabouin\/lenvironnement\/\">Lire la suite<\/a><br \/>\n<img loading=\"lazy\" decoding=\"async\" class=\"alignnone size-full wp-image-410\" src=\"https:\/\/www.rabouin.com\/wp-content\/uploads\/2017\/02\/chargement-voiture-sur-camion-transports-rabouin.jpg\" alt=\"chargement-voiture-sur-camion-transports-rabouin\" width=\"778\" height=\"517\" srcset=\"https:\/\/www.rabouin.com\/wp-content\/uploads\/2017\/02\/chargement-voiture-sur-camion-transports-rabouin.jpg 778w, https:\/\/www.rabouin.com\/wp-content\/uploads\/2017\/02\/chargement-voiture-sur-camion-transports-rabouin-300x199.jpg 300w, https:\/\/www.rabouin.com\/wp-content\/uploads\/2017\/02\/chargement-voiture-sur-camion-transports-rabouin-768x510.jpg 768w\" sizes=\"auto, (max-width: 778px) 100vw, 778px\" \/><\/p>\n<h2>Les moyens humains et techniques<\/h2>\n<p>Les Transports Rabouin disposent de leur propre flotte de porte-voitures.<\/p>\n<p>En disposant de l\u2019ensemble des moyens humains et techniques, c\u2019est-\u00e0-dire ne faisant pas appel \u00e0 des sous-traitants, les Transports Rabouin ma\u00eetrisent compl\u00e8tement chaque projet avec une r\u00e9activit\u00e9 hors pair.<\/p>\n<p>Cette ma\u00eetrise de l\u2019op\u00e9ration de transport permet \u00e9galement une relation unique et personnalis\u00e9e pour les clients avec un seul et m\u00eame conseiller.<br \/>\n<a href=\"https:\/\/www.rabouin.com\/fr\/transports-rabouin\/les-moyens\/\">Lire la suite<\/a><br \/>\n<img loading=\"lazy\" decoding=\"async\" class=\"aligncenter wp-image-6946 size-large\" src=\"https:\/\/www.rabouin.com\/wp-content\/uploads\/2017\/02\/serrage-sangle-porteur-voiture-1024x683.jpg\" alt=\"Serrage sangle camion porteur de voiture\" width=\"1024\" height=\"683\" srcset=\"https:\/\/www.rabouin.com\/wp-content\/uploads\/2017\/02\/serrage-sangle-porteur-voiture-1024x683.jpg 1024w, https:\/\/www.rabouin.com\/wp-content\/uploads\/2017\/02\/serrage-sangle-porteur-voiture-300x200.jpg 300w, https:\/\/www.rabouin.com\/wp-content\/uploads\/2017\/02\/serrage-sangle-porteur-voiture-768x512.jpg 768w\" sizes=\"auto, (max-width: 1024px) 100vw, 1024px\" \/><\/p>\n<h2>La pr\u00e9sence nationale et l\u2019atelier int\u00e9gr\u00e9<\/h2>\n<p>C\u2019est avec une expertise sur toute la France additionn\u00e9e \u00e0 une force de frappe \u00e0 des points cl\u00e9s, que les Transports Rabouin sont en mesure de r\u00e9pondre aux besoins de leurs clients.<br \/>\nBien plus qu\u2019une prestation de transport, les Transports Rabouin sont en capacit\u00e9 de fournir un service complet allant de la logistique au stockage, en passant par la pr\u00e9paration de v\u00e9hicule. Pour satisfaire au mieux sa client\u00e8le, la soci\u00e9t\u00e9 peut compter sur son atelier qu\u2019elle a int\u00e9gr\u00e9 \u00e0 sa structure et qui permet un entretien des v\u00e9hicules sans faille.<br \/>\n<a href=\"https:\/\/www.rabouin.com\/fr\/transports-rabouin\/la-presence-nationale-et-latelier-integre\/\">Lire la suite<\/a><br \/>\n<img loading=\"lazy\" decoding=\"async\" class=\"alignnone size-full wp-image-412\" src=\"https:\/\/www.rabouin.com\/wp-content\/uploads\/2017\/02\/atelier-integre-transports-rabouin.jpg\" alt=\"atelier-integre-transports-rabouin\" width=\"778\" height=\"515\" srcset=\"https:\/\/www.rabouin.com\/wp-content\/uploads\/2017\/02\/atelier-integre-transports-rabouin.jpg 778w, https:\/\/www.rabouin.com\/wp-content\/uploads\/2017\/02\/atelier-integre-transports-rabouin-300x199.jpg 300w, https:\/\/www.rabouin.com\/wp-content\/uploads\/2017\/02\/atelier-integre-transports-rabouin-768x508.jpg 768w\" sizes=\"auto, (max-width: 778px) 100vw, 778px\" \/><\/p>\n<h2>Le respect de l\u2019homme et de l\u2019environnement<\/h2>\n<p>Les Transports Rabouin mettent un point d\u2019honneur \u00e0 travailler en toute transparence. Pour cela, au-del\u00e0 d\u2019\u00eatre conformes \u00e0 la r\u00e9glementation en vigueur, ils \u0153uvrent en permanence au respect de l\u2019homme et de l\u2019environnement avec des engagements qui leur sont sp\u00e9cifiques.<br \/>\n<a href=\"https:\/\/www.rabouin.com\/fr\/transports-rabouin\/lenvironnement\/\">Lire la suite<\/a><\/p>\n<h2>L'\u00e9galit\u00e9 professionnelle femmes-hommes<\/h2>\n<p>L\u2019entreprise s\u2019inscrit depuis de nombreuses ann\u00e9es dans une d\u00e9marche visant \u00e0 promouvoir l\u2019\u00e9galit\u00e9 professionnelle et salariale entre les femmes et les hommes dans l\u2019entreprise. Pour cela, elle s\u2019appuie sur les partenaires sociaux ainsi que sur les managers. Chaque ann\u00e9e, afin de pr\u00e9venir les in\u00e9galit\u00e9s au travail, il est \u00e9tabli un plan d\u2019actions d\u2019Egalit\u00e9 professionnelle Hommes Femmes portant sur plusieurs domaines tels que la formation, la qualification, la classification, les conditions de travail et la r\u00e9mun\u00e9ration effective. Chacun des th\u00e8mes retenus est accompagn\u00e9 d\u2019objectifs chiffr\u00e9s et d\u2019indicateurs permettant de mesurer leur r\u00e9alisation.<\/p>\n<p>Le d\u00e9cret n\u00b02019-15 du 8 janvier 2019 a institu\u00e9 un index commun \u00e0 l\u2019ensemble des entreprises et qui est r\u00e9gie par des r\u00e8gles de calcul strictes. Au titre de l\u2019ann\u00e9e 2022, compte tenu de ces r\u00e8gles de calcul, il ressort que l\u2019index Egalit\u00e9 professionnelle Hommes Femmes est incalculable. Ceci est en grande partie due au fait que notre secteur et notre profession est largement sous repr\u00e9sent\u00e9e en terme de population f\u00e9minine. Les Transports Rabouin de m\u00eame que la branche professionnelle, sont engag\u00e9s depuis de nombreuses ann\u00e9es dans une d\u00e9marche de f\u00e9minisation de l\u2019ensemble de nos m\u00e9tiers.<\/p>\n<h3>Index \u00e9galit\u00e9 Femmes - Hommes 2025<\/h3>\n<p><img loading=\"lazy\" decoding=\"async\" class=\"alignnone wp-image-67431 size-large\" src=\"https:\/\/www.rabouin.com\/wp-content\/uploads\/2026\/02\/Index-egalite-homme-femme-2025-1080x534.png\" alt=\"Index \u00e9galit\u00e9 homme femme -2025\" width=\"1080\" height=\"534\" srcset=\"https:\/\/www.rabouin.com\/wp-content\/uploads\/2026\/02\/Index-egalite-homme-femme-2025-1080x534.png 1080w, https:\/\/www.rabouin.com\/wp-content\/uploads\/2026\/02\/Index-egalite-homme-femme-2025-400x198.png 400w, https:\/\/www.rabouin.com\/wp-content\/uploads\/2026\/02\/Index-egalite-homme-femme-2025-768x380.png 768w, https:\/\/www.rabouin.com\/wp-content\/uploads\/2026\/02\/Index-egalite-homme-femme-2025.png 1244w\" sizes=\"auto, (max-width: 1080px) 100vw, 1080px\" \/><br \/>\n<em>L'index est incalculable car le nombre de points maximum des indicateurs calculable est inf\u00e9rieur \u00e0 75.<\/em><\/p>\n<h2>L\u2019innovation au service du transport de v\u00e9hicule<\/h2>\n<p>L\u2019innovation se met au service du client, de la s\u00e9curit\u00e9 et de la qualit\u00e9. Pour toujours plus de qualit\u00e9, de s\u00e9curit\u00e9, de praticit\u00e9, de r\u00e9activit\u00e9 et de confort, les Transports Rabouin ont \u00e9quip\u00e9 leur flotte de v\u00e9hicules d\u2019un syst\u00e8me informatique embarqu\u00e9 permettant de suivre et d\u2019\u00e9changer des informations en temps r\u00e9el tout au long de la cha\u00eene logistique.<br \/>\n<a href=\"https:\/\/www.rabouin.com\/fr\/transports-rabouin\/linnovation\/\">Lire la suite&lt;\/a<\/a><\/p>\n","protected":false},"excerpt":{"rendered":"<p>La soci\u00e9t\u00e9 Fort de leurs 45 ans d\u2019exp\u00e9rience dans le transport de voitures, les Transports Rabouin proposent une prestation globale dans le secteur automobile. Les Transports Rabouin ont su se positionner en tant qu\u2019experts au fil des ann\u00e9es et prouvent leur professionnalisme tous les jours en proposant des solutions sp\u00e9cifiques adapt\u00e9es aux besoins des clients. &hellip;<\/p>\n","protected":false},"author":2,"featured_media":0,"parent":0,"menu_order":0,"comment_status":"closed","ping_status":"closed","template":"","meta":{"_acf_changed":false,"footnotes":""},"class_list":["post-27","page","type-page","status-publish","hentry"],"acf":[],"yoast_head":"<!-- This site is optimized with the Yoast SEO plugin v25.3.1 - https:\/\/yoast.com\/wordpress\/plugins\/seo\/ -->\n<title>Transport de v\u00e9hicules particuliers et pro - Transports Rabouin<\/title>\n<meta name=\"description\" content=\"Professionnels et particuliers, d\u00e9couvrez toutes les prestations des Transports Rabouin, sp\u00e9cialiste du transport de v\u00e9hicules. Devis gratuit\" \/>\n<meta name=\"robots\" content=\"index, follow, max-snippet:-1, max-image-preview:large, max-video-preview:-1\" \/>\n<link rel=\"canonical\" href=\"https:\/\/www.rabouin.com\/fr\/transports-rabouin\/\" \/>\n<meta property=\"og:locale\" content=\"fr_FR\" \/>\n<meta property=\"og:type\" content=\"article\" \/>\n<meta property=\"og:title\" content=\"Transport de v\u00e9hicules particuliers et pro - Transports Rabouin\" \/>\n<meta property=\"og:description\" content=\"Professionnels et particuliers, d\u00e9couvrez toutes les prestations des Transports Rabouin, sp\u00e9cialiste du transport de v\u00e9hicules. Devis gratuit\" \/>\n<meta property=\"og:url\" content=\"https:\/\/www.rabouin.com\/fr\/transports-rabouin\/\" \/>\n<meta property=\"og:site_name\" content=\"Transports Rabouin\" \/>\n<meta property=\"article:publisher\" content=\"https:\/\/www.facebook.com\/Rabouin.Transports\" \/>\n<meta property=\"article:modified_time\" content=\"2026-02-25T13:29:44+00:00\" \/>\n<meta property=\"og:image\" content=\"https:\/\/www.rabouin.com\/wp-content\/uploads\/2017\/02\/chargement-voiture-sur-camion-transports-rabouin.jpg\" \/>\n<meta name=\"twitter:card\" content=\"summary_large_image\" \/>\n<meta name=\"twitter:site\" content=\"@transportsrabo1\" \/>\n<meta name=\"twitter:label1\" content=\"Dur\u00e9e de lecture estim\u00e9e\" \/>\n\t<meta name=\"twitter:data1\" content=\"5 minutes\" \/>\n<script type=\"application\/ld+json\" class=\"yoast-schema-graph\">{\"@context\":\"https:\/\/schema.org\",\"@graph\":[{\"@type\":\"WebPage\",\"@id\":\"https:\/\/www.rabouin.com\/fr\/transports-rabouin#webpage\",\"url\":\"https:\/\/www.rabouin.com\/fr\/transports-rabouin\/\",\"name\":\"Transport de v\u00e9hicules particuliers et pro - Transports Rabouin\",\"isPartOf\":{\"@id\":\"https:\/\/www.rabouin.com\/fr\/#website\"},\"primaryImageOfPage\":{\"@id\":\"https:\/\/www.rabouin.com\/fr\/transports-rabouin\/#primaryimage\"},\"image\":{\"@id\":\"https:\/\/www.rabouin.com\/fr\/transports-rabouin\/#primaryimage\"},\"thumbnailUrl\":\"https:\/\/www.rabouin.com\/wp-content\/uploads\/2017\/02\/chargement-voiture-sur-camion-transports-rabouin.jpg\",\"datePublished\":\"2017-02-20T13:02:55+00:00\",\"dateModified\":\"2026-02-25T13:29:44+00:00\",\"description\":\"Professionnels et particuliers, d\u00e9couvrez toutes les prestations des Transports Rabouin, sp\u00e9cialiste du transport de v\u00e9hicules. Devis gratuit\",\"breadcrumb\":{\"@id\":\"https:\/\/www.rabouin.com\/fr\/transports-rabouin\/#breadcrumb\"},\"inLanguage\":\"fr-FR\",\"potentialAction\":[{\"@type\":\"ReadAction\",\"target\":[\"https:\/\/www.rabouin.com\/fr\/transports-rabouin\/\"]}]},{\"@type\":\"ImageObject\",\"inLanguage\":\"fr-FR\",\"@id\":\"https:\/\/www.rabouin.com\/fr\/transports-rabouin\/#primaryimage\",\"url\":\"https:\/\/www.rabouin.com\/wp-content\/uploads\/2017\/02\/chargement-voiture-sur-camion-transports-rabouin.jpg\",\"contentUrl\":\"https:\/\/www.rabouin.com\/wp-content\/uploads\/2017\/02\/chargement-voiture-sur-camion-transports-rabouin.jpg\"},{\"@type\":\"BreadcrumbList\",\"@id\":\"https:\/\/www.rabouin.com\/fr\/transports-rabouin\/#breadcrumb\",\"itemListElement\":[{\"@type\":\"ListItem\",\"position\":1,\"name\":\"Accueil\",\"item\":\"https:\/\/www.rabouin.com\/fr\/\"},{\"@type\":\"ListItem\",\"position\":2,\"name\":\"Transports Rabouin\"}]},{\"@type\":\"WebSite\",\"@id\":\"https:\/\/www.rabouin.com\/fr\/#website\",\"url\":\"https:\/\/www.rabouin.com\/fr\/\",\"name\":\"Transports Rabouin\",\"description\":\"Garants de vos v\u00e9hicules\",\"publisher\":{\"@id\":\"https:\/\/www.rabouin.com\/fr\/#organization\"},\"potentialAction\":[{\"@type\":\"SearchAction\",\"target\":{\"@type\":\"EntryPoint\",\"urlTemplate\":\"https:\/\/www.rabouin.com\/fr\/?s={search_term_string}\"},\"query-input\":{\"@type\":\"PropertyValueSpecification\",\"valueRequired\":true,\"valueName\":\"search_term_string\"}}],\"inLanguage\":\"fr-FR\"},{\"@type\":\"Organization\",\"@id\":\"https:\/\/www.rabouin.com\/fr\/#organization\",\"name\":\"Transports Rabouin\",\"alternateName\":\"Transports Rabouin\",\"url\":\"https:\/\/www.rabouin.com\/fr\/\",\"logo\":{\"@type\":\"ImageObject\",\"inLanguage\":\"fr-FR\",\"@id\":\"https:\/\/www.rabouin.com\/fr\/#\/schema\/logo\/image\/\",\"url\":\"https:\/\/www.rabouin.com\/wp-content\/uploads\/2023\/08\/logo-rabouin.png\",\"contentUrl\":\"https:\/\/www.rabouin.com\/wp-content\/uploads\/2023\/08\/logo-rabouin.png\",\"width\":2048,\"height\":2048,\"caption\":\"Transports Rabouin\"},\"image\":{\"@id\":\"https:\/\/www.rabouin.com\/fr\/#\/schema\/logo\/image\/\"},\"sameAs\":[\"https:\/\/www.facebook.com\/Rabouin.Transports\",\"https:\/\/www.instagram.com\/transportsrabouin\/\",\"https:\/\/www.youtube.com\/channel\/UCuxRbZG6gnMMK8H8KNYiiSA\",\"https:\/\/www.linkedin.com\/company\/transports-rabouin-sas\",\"https:\/\/www.tiktok.com\/@transportsrabouin\"],\"founder\":{\"@type\":\"Person\",\"name\":\"Eric Rabouin\"},\"contactPoint\":{\"@type\":\"ContactPoint\",\"telephone\":\"+33240253700\",\"contactType\":\"customer service\",\"availableLanguage\":\"French\"}}]}<\/script>\n<!-- \/ Yoast SEO plugin. -->","yoast_head_json":{"title":"Transport de v\u00e9hicules particuliers et pro - Transports Rabouin","description":"Professionnels et particuliers, d\u00e9couvrez toutes les prestations des Transports Rabouin, sp\u00e9cialiste du transport de v\u00e9hicules. Devis gratuit","robots":{"index":"index","follow":"follow","max-snippet":"max-snippet:-1","max-image-preview":"max-image-preview:large","max-video-preview":"max-video-preview:-1"},"canonical":"https:\/\/www.rabouin.com\/fr\/transports-rabouin\/","og_locale":"fr_FR","og_type":"article","og_title":"Transport de v\u00e9hicules particuliers et pro - Transports Rabouin","og_description":"Professionnels et particuliers, d\u00e9couvrez toutes les prestations des Transports Rabouin, sp\u00e9cialiste du transport de v\u00e9hicules. Devis gratuit","og_url":"https:\/\/www.rabouin.com\/fr\/transports-rabouin\/","og_site_name":"Transports Rabouin","article_publisher":"https:\/\/www.facebook.com\/Rabouin.Transports","article_modified_time":"2026-02-25T13:29:44+00:00","og_image":[{"url":"https:\/\/www.rabouin.com\/wp-content\/uploads\/2017\/02\/chargement-voiture-sur-camion-transports-rabouin.jpg","type":"","width":"","height":""}],"twitter_card":"summary_large_image","twitter_site":"@transportsrabo1","twitter_misc":{"Dur\u00e9e de lecture estim\u00e9e":"5 minutes"},"schema":{"@context":"https:\/\/schema.org","@graph":[{"@type":"WebPage","@id":"https:\/\/www.rabouin.com\/fr\/transports-rabouin#webpage","url":"https:\/\/www.rabouin.com\/fr\/transports-rabouin\/","name":"Transport de v\u00e9hicules particuliers et pro - Transports Rabouin","isPartOf":{"@id":"https:\/\/www.rabouin.com\/fr\/#website"},"primaryImageOfPage":{"@id":"https:\/\/www.rabouin.com\/fr\/transports-rabouin\/#primaryimage"},"image":{"@id":"https:\/\/www.rabouin.com\/fr\/transports-rabouin\/#primaryimage"},"thumbnailUrl":"https:\/\/www.rabouin.com\/wp-content\/uploads\/2017\/02\/chargement-voiture-sur-camion-transports-rabouin.jpg","datePublished":"2017-02-20T13:02:55+00:00","dateModified":"2026-02-25T13:29:44+00:00","description":"Professionnels et particuliers, d\u00e9couvrez toutes les prestations des Transports Rabouin, sp\u00e9cialiste du transport de v\u00e9hicules. Devis gratuit","breadcrumb":{"@id":"https:\/\/www.rabouin.com\/fr\/transports-rabouin\/#breadcrumb"},"inLanguage":"fr-FR","potentialAction":[{"@type":"ReadAction","target":["https:\/\/www.rabouin.com\/fr\/transports-rabouin\/"]}]},{"@type":"ImageObject","inLanguage":"fr-FR","@id":"https:\/\/www.rabouin.com\/fr\/transports-rabouin\/#primaryimage","url":"https:\/\/www.rabouin.com\/wp-content\/uploads\/2017\/02\/chargement-voiture-sur-camion-transports-rabouin.jpg","contentUrl":"https:\/\/www.rabouin.com\/wp-content\/uploads\/2017\/02\/chargement-voiture-sur-camion-transports-rabouin.jpg"},{"@type":"BreadcrumbList","@id":"https:\/\/www.rabouin.com\/fr\/transports-rabouin\/#breadcrumb","itemListElement":[{"@type":"ListItem","position":1,"name":"Accueil","item":"https:\/\/www.rabouin.com\/fr\/"},{"@type":"ListItem","position":2,"name":"Transports Rabouin"}]},{"@type":"WebSite","@id":"https:\/\/www.rabouin.com\/fr\/#website","url":"https:\/\/www.rabouin.com\/fr\/","name":"Transports Rabouin","description":"Garants de vos v\u00e9hicules","publisher":{"@id":"https:\/\/www.rabouin.com\/fr\/#organization"},"potentialAction":[{"@type":"SearchAction","target":{"@type":"EntryPoint","urlTemplate":"https:\/\/www.rabouin.com\/fr\/?s={search_term_string}"},"query-input":{"@type":"PropertyValueSpecification","valueRequired":true,"valueName":"search_term_string"}}],"inLanguage":"fr-FR"},{"@type":"Organization","@id":"https:\/\/www.rabouin.com\/fr\/#organization","name":"Transports Rabouin","alternateName":"Transports Rabouin","url":"https:\/\/www.rabouin.com\/fr\/","logo":{"@type":"ImageObject","inLanguage":"fr-FR","@id":"https:\/\/www.rabouin.com\/fr\/#\/schema\/logo\/image\/","url":"https:\/\/www.rabouin.com\/wp-content\/uploads\/2023\/08\/logo-rabouin.png","contentUrl":"https:\/\/www.rabouin.com\/wp-content\/uploads\/2023\/08\/logo-rabouin.png","width":2048,"height":2048,"caption":"Transports Rabouin"},"image":{"@id":"https:\/\/www.rabouin.com\/fr\/#\/schema\/logo\/image\/"},"sameAs":["https:\/\/www.facebook.com\/Rabouin.Transports","https:\/\/www.instagram.com\/transportsrabouin\/","https:\/\/www.youtube.com\/channel\/UCuxRbZG6gnMMK8H8KNYiiSA","https:\/\/www.linkedin.com\/company\/transports-rabouin-sas","https:\/\/www.tiktok.com\/@transportsrabouin"],"founder":{"@type":"Person","name":"Eric Rabouin"},"contactPoint":{"@type":"ContactPoint","telephone":"+33240253700","contactType":"customer service","availableLanguage":"French"}}]}},"_links":{"self":[{"href":"https:\/\/www.rabouin.com\/fr\/wp-json\/wp\/v2\/pages\/27","targetHints":{"allow":["GET"]}}],"collection":[{"href":"https:\/\/www.rabouin.com\/fr\/wp-json\/wp\/v2\/pages"}],"about":[{"href":"https:\/\/www.rabouin.com\/fr\/wp-json\/wp\/v2\/types\/page"}],"author":[{"embeddable":true,"href":"https:\/\/www.rabouin.com\/fr\/wp-json\/wp\/v2\/users\/2"}],"replies":[{"embeddable":true,"href":"https:\/\/www.rabouin.com\/fr\/wp-json\/wp\/v2\/comments?post=27"}],"version-history":[{"count":6,"href":"https:\/\/www.rabouin.com\/fr\/wp-json\/wp\/v2\/pages\/27\/revisions"}],"predecessor-version":[{"id":67434,"href":"https:\/\/www.rabouin.com\/fr\/wp-json\/wp\/v2\/pages\/27\/revisions\/67434"}],"wp:attachment":[{"href":"https:\/\/www.rabouin.com\/fr\/wp-json\/wp\/v2\/media?parent=27"}],"curies":[{"name":"wp","href":"https:\/\/api.w.org\/{rel}","templated":true}]}}