{"id":441,"date":"2017-07-17T15:32:15","date_gmt":"2017-07-17T13:32:15","guid":{"rendered":"http:\/\/dev.transport-rabouin.com\/?page_id=441\/"},"modified":"2023-08-30T14:17:10","modified_gmt":"2023-08-30T12:17:10","slug":"region-alsace","status":"publish","type":"page","link":"https:\/\/www.rabouin.com\/fr\/transports-rabouin\/societe\/region-alsace\/","title":{"rendered":"Transport de v\u00e9hicules en r\u00e9gion Alsace"},"content":{"rendered":"<h2><img loading=\"lazy\" decoding=\"async\" class=\"wp-image-442 size-full aligncenter\" title=\"transport-de-vehicules-alsace\" src=\"https:\/\/www.rabouin.com\/wp-content\/uploads\/2017\/07\/region-alsace.jpg\" alt=\"region-alsace\" width=\"360\" height=\"240\" srcset=\"https:\/\/www.rabouin.com\/wp-content\/uploads\/2017\/07\/region-alsace.jpg 360w, https:\/\/www.rabouin.com\/wp-content\/uploads\/2017\/07\/region-alsace-300x200.jpg 300w\" sizes=\"auto, (max-width: 360px) 100vw, 360px\" \/><br \/>\nTransporter un v\u00e9hicule depuis ou vers l'Alsace<\/h2>\n<p>Du Nord au Sud, du Haut-Rhin au Bas-Rhin, l\u2019Alsace offre une vari\u00e9t\u00e9 infinie de paysages. D\u2019Haguenau \u00e0 Mulhouse, elle donne \u00e0 d\u00e9couvrir des richesses qui se nichent au c\u0153ur de multiples vall\u00e9es comme celles de la Lauch, de la Bruche, de Vill\u00e9, de Munster, de la Doller...<br \/>\nQui dit route en Alsace, dit obligatoirement route des vins.<\/p>\n<p>Ainsi riesling, sylvaner, pinot blanc, noir ou gris, gewurztraminer se laissent-ils appr\u00e9cier avec mod\u00e9ration au fil des \u00e9tapes \u00e0 Molsheim, Obernai, Ribeauvill\u00e9, Colmar, Thann ou Guebwiller...<br \/>\nSur cette terre de bien-vivre, les plaisirs de la table ne sont pas en reste. Choucroute \u00e0 la saucisse de Strasbourg, carpe frite du Sundgau... sont autant de d\u00e9lices qu\u2019il convient de d\u00e9couvrir.<\/p>\n<p>Mais l\u2019Alsace est aussi terre d\u2019automobiles. Ne rec\u00e8le-t-elle pas \u00e0 Mulhouse du plus grand mus\u00e9e d\u2019automobiles anciennes du monde ? Les marques mondiales les plus prestigieuses y sont abrit\u00e9es. Il n\u2019est donc pas \u00e9tonnant que l\u2019Alsace accueille pr\u00e8s d\u2019une vingtaine de clubs de collectionneurs de <a href=\"https:\/\/www.rabouin.com\/fr\/particuliers\/voiture-de-collection-et-de-prestige\/\">voitures anciennes<\/a>.<\/p>\n<p>&nbsp;<\/p>\n<table style=\"width: 100%; border-collapse: collapse;\">\n<tbody>\n<tr>\n<td style=\"width: 100%; background-color: #ededed; vertical-align: middle; padding: 30px; padding-bottom: 35px;\">\n<h2><strong>Besoin d'un transport de v\u00e9hicules en Alsace ?<\/strong><\/h2>\n<p>Vous souhaitez rapatrier ou faire transporter un v\u00e9hicule depuis ou vers l\u2019Alsace ? Obtenez une estimation de prix rapide en compl\u00e9tant le formulaire de demande de devis.<\/p>\n<table style=\"width: 201px; border-collapse: collapse; height: 56px; margin-left: auto; margin-right: auto;\">\n<tbody>\n<tr>\n<td style=\"width: 100%; border-radius: 5em; ; vertical-align: middle; padding: 15px; background-color: #00999e; text-align: center;\"><strong><a style=\"color: #ffffff;\" href=\"https:\/\/www.rabouin.com\/fr\/particuliers\/voiture\/\">Demander un devis<\/a><\/strong><\/td>\n<\/tr>\n<\/tbody>\n<\/table>\n<\/td>\n<\/tr>\n<\/tbody>\n<\/table>\n<p>&nbsp;<\/p>\n<p>Et de la voiture \u00e0 la route, il n\u2019y a qu\u2019un pas ! Le r\u00e9seau routier alsacien est caract\u00e9ris\u00e9 par une forte proportion d\u2019autoroutes, structur\u00e9 autour d\u2019un axe Nord-Sud parall\u00e8le au Rhin, connect\u00e9 au reste du r\u00e9seau fran\u00e7ais au nord et au sud des Vosges par des autoroutes Est-Ouest.<br \/>\nIl est connect\u00e9 \u00e0 un r\u00e9seau national qui cr\u00e9e des axes traversants Est-Ouest et \u00e0 la RN 83 qui \"double\" l\u2019axe autoroutier assurant ainsi une continuit\u00e9 Nord-Sud entre Colmar et S\u00e9lestat.<\/p>\n<p>En Alsace, les Transports Rabouin mettent au service du transport de voitures une \u00e9quipe de pr\u00e8s de 15 chauffeurs qui d\u00e9ploient tout leur savoir-faire aupr\u00e8s d\u2019une client\u00e8le vari\u00e9e allant du particulier au garagiste ind\u00e9pendant ou au concessionnaire automobile, du transport de v\u00e9hicules neufs, aux enseignes nationales de loueurs de v\u00e9hicules utilitaires.<\/p>\n<p>&nbsp;<\/p>\n<p>Nous transportons \u00e9galement des v\u00e9hicules dans toutes les autres r\u00e9gions fran\u00e7aises :<\/p>\n<p><a href=\"https:\/\/www.rabouin.com\/fr\/transports-rabouin\/societe\/region-paca-provence-alpes-cote-d-azur\/\">Transport de voiture \u00e0 Marseille ou r\u00e9gion PACA<\/a><br \/>\n<a href=\"https:\/\/www.rabouin.com\/fr\/transports-rabouin\/societe\/region-aquitaine\/\">Transport de v\u00e9hicules en r\u00e9gion Aquitaine<\/a><br \/>\n<a href=\"https:\/\/www.rabouin.com\/fr\/transports-rabouin\/societe\/region-bretagne\/\">Transport de voiture en Bretagne<\/a><br \/>\n<a href=\"https:\/\/www.rabouin.com\/fr\/transports-rabouin\/societe\/region-rhone-alpes\/\">Transport de voiture dans la r\u00e9gion Rh\u00f4ne Alpes<\/a><br \/>\n<a href=\"https:\/\/www.rabouin.com\/fr\/transports-rabouin\/societe\/region-midi-pyrenees\/\">Transport de voiture \u00e0 Toulouse et Midi Pyr\u00e9n\u00e9es<\/a><br \/>\n<a href=\"https:\/\/www.rabouin.com\/fr\/transports-rabouin\/societe\/region-languedoc-roussillon\/\">Transport de voiture Languedoc Roussilon<\/a><br \/>\n<a href=\"https:\/\/www.rabouin.com\/fr\/transports-rabouin\/societe\/region-ile-de-france\/\">Transport voiture \u00e0 Paris<\/a><br \/>\n<a href=\"https:\/\/www.rabouin.com\/fr\/transports-rabouin\/societe\/region-pays-de-la-loire\/\">Transport de voiture \u00e0 Nantes ou Pays de Loire<\/a><\/p>\n<p>Vous avez des questions concernant le transport de v\u00e9hicules par camion ? <a href=\"https:\/\/www.rabouin.com\/fr\/faq\/\">Consultez notre FAQ<\/a> pour en savoir plus.<\/p>\n","protected":false},"excerpt":{"rendered":"<p>Transporter un v\u00e9hicule depuis ou vers l&rsquo;Alsace Du Nord au Sud, du Haut-Rhin au Bas-Rhin, l\u2019Alsace offre une vari\u00e9t\u00e9 infinie de paysages. D\u2019Haguenau \u00e0 Mulhouse, elle donne \u00e0 d\u00e9couvrir des richesses qui se nichent au c\u0153ur de multiples vall\u00e9es comme celles de la Lauch, de la Bruche, de Vill\u00e9, de Munster, de la Doller&#8230; Qui &hellip;<\/p>\n","protected":false},"author":2,"featured_media":0,"parent":106,"menu_order":0,"comment_status":"closed","ping_status":"closed","template":"","meta":{"_acf_changed":false,"footnotes":""},"class_list":["post-441","page","type-page","status-publish","hentry"],"acf":[],"yoast_head":"<!-- This site is optimized with the Yoast SEO plugin v25.3.1 - https:\/\/yoast.com\/wordpress\/plugins\/seo\/ -->\n<title>Transport de v\u00e9hicules par camion Alsace - Transports Rabouin<\/title>\n<meta name=\"description\" content=\"Sp\u00e9cialiste du transport de v\u00e9hicules pour particuliers et professionnels. Rabouin assurent le transport de voitures par camion en Alsace.\" \/>\n<meta name=\"robots\" content=\"index, follow, max-snippet:-1, max-image-preview:large, max-video-preview:-1\" \/>\n<link rel=\"canonical\" href=\"https:\/\/www.rabouin.com\/fr\/transports-rabouin\/societe\/region-alsace\/\" \/>\n<meta property=\"og:locale\" content=\"fr_FR\" \/>\n<meta property=\"og:type\" content=\"article\" \/>\n<meta property=\"og:title\" content=\"Transport de v\u00e9hicules par camion Alsace - Transports Rabouin\" \/>\n<meta property=\"og:description\" content=\"Sp\u00e9cialiste du transport de v\u00e9hicules pour particuliers et professionnels. Rabouin assurent le transport de voitures par camion en Alsace.\" \/>\n<meta property=\"og:url\" content=\"https:\/\/www.rabouin.com\/fr\/transports-rabouin\/societe\/region-alsace\/\" \/>\n<meta property=\"og:site_name\" content=\"Transports Rabouin\" \/>\n<meta property=\"article:publisher\" content=\"https:\/\/www.facebook.com\/Rabouin.Transports\" \/>\n<meta property=\"article:modified_time\" content=\"2023-08-30T12:17:10+00:00\" \/>\n<meta property=\"og:image\" content=\"https:\/\/www.rabouin.com\/wp-content\/uploads\/2017\/07\/region-alsace.jpg\" \/>\n<meta name=\"twitter:card\" content=\"summary_large_image\" \/>\n<meta name=\"twitter:site\" content=\"@transportsrabo1\" \/>\n<meta name=\"twitter:label1\" content=\"Dur\u00e9e de lecture estim\u00e9e\" \/>\n\t<meta name=\"twitter:data1\" content=\"3 minutes\" \/>\n<script type=\"application\/ld+json\" class=\"yoast-schema-graph\">{\"@context\":\"https:\/\/schema.org\",\"@graph\":[{\"@type\":\"WebPage\",\"@id\":\"https:\/\/www.rabouin.com\/fr\/transports-rabouin\/societe\/region-alsace#webpage\",\"url\":\"https:\/\/www.rabouin.com\/fr\/transports-rabouin\/societe\/region-alsace\/\",\"name\":\"Transport de v\u00e9hicules par camion Alsace - Transports Rabouin\",\"isPartOf\":{\"@id\":\"https:\/\/www.rabouin.com\/fr\/#website\"},\"primaryImageOfPage\":{\"@id\":\"https:\/\/www.rabouin.com\/fr\/transports-rabouin\/societe\/region-alsace\/#primaryimage\"},\"image\":{\"@id\":\"https:\/\/www.rabouin.com\/fr\/transports-rabouin\/societe\/region-alsace\/#primaryimage\"},\"thumbnailUrl\":\"https:\/\/www.rabouin.com\/wp-content\/uploads\/2017\/07\/region-alsace.jpg\",\"datePublished\":\"2017-07-17T13:32:15+00:00\",\"dateModified\":\"2023-08-30T12:17:10+00:00\",\"description\":\"Sp\u00e9cialiste du transport de v\u00e9hicules pour particuliers et professionnels. Rabouin assurent le transport de voitures par camion en Alsace.\",\"breadcrumb\":{\"@id\":\"https:\/\/www.rabouin.com\/fr\/transports-rabouin\/societe\/region-alsace\/#breadcrumb\"},\"inLanguage\":\"fr-FR\",\"potentialAction\":[{\"@type\":\"ReadAction\",\"target\":[\"https:\/\/www.rabouin.com\/fr\/transports-rabouin\/societe\/region-alsace\/\"]}]},{\"@type\":\"ImageObject\",\"inLanguage\":\"fr-FR\",\"@id\":\"https:\/\/www.rabouin.com\/fr\/transports-rabouin\/societe\/region-alsace\/#primaryimage\",\"url\":\"https:\/\/www.rabouin.com\/wp-content\/uploads\/2017\/07\/region-alsace.jpg\",\"contentUrl\":\"https:\/\/www.rabouin.com\/wp-content\/uploads\/2017\/07\/region-alsace.jpg\"},{\"@type\":\"BreadcrumbList\",\"@id\":\"https:\/\/www.rabouin.com\/fr\/transports-rabouin\/societe\/region-alsace\/#breadcrumb\",\"itemListElement\":[{\"@type\":\"ListItem\",\"position\":1,\"name\":\"Accueil\",\"item\":\"https:\/\/www.rabouin.com\/fr\/\"},{\"@type\":\"ListItem\",\"position\":2,\"name\":\"Transports Rabouin\",\"item\":\"https:\/\/www.rabouin.com\/fr\/transports-rabouin\/\"},{\"@type\":\"ListItem\",\"position\":3,\"name\":\"La soci\u00e9t\u00e9\",\"item\":\"https:\/\/www.rabouin.com\/fr\/transports-rabouin\/societe\/\"},{\"@type\":\"ListItem\",\"position\":4,\"name\":\"Transport de v\u00e9hicules en r\u00e9gion Alsace\"}]},{\"@type\":\"WebSite\",\"@id\":\"https:\/\/www.rabouin.com\/fr\/#website\",\"url\":\"https:\/\/www.rabouin.com\/fr\/\",\"name\":\"Transports Rabouin\",\"description\":\"Garants de vos v\u00e9hicules\",\"publisher\":{\"@id\":\"https:\/\/www.rabouin.com\/fr\/#organization\"},\"potentialAction\":[{\"@type\":\"SearchAction\",\"target\":{\"@type\":\"EntryPoint\",\"urlTemplate\":\"https:\/\/www.rabouin.com\/fr\/?s={search_term_string}\"},\"query-input\":{\"@type\":\"PropertyValueSpecification\",\"valueRequired\":true,\"valueName\":\"search_term_string\"}}],\"inLanguage\":\"fr-FR\"},{\"@type\":\"Organization\",\"@id\":\"https:\/\/www.rabouin.com\/fr\/#organization\",\"name\":\"Transports Rabouin\",\"alternateName\":\"Transports Rabouin\",\"url\":\"https:\/\/www.rabouin.com\/fr\/\",\"logo\":{\"@type\":\"ImageObject\",\"inLanguage\":\"fr-FR\",\"@id\":\"https:\/\/www.rabouin.com\/fr\/#\/schema\/logo\/image\/\",\"url\":\"https:\/\/www.rabouin.com\/wp-content\/uploads\/2023\/08\/logo-rabouin.png\",\"contentUrl\":\"https:\/\/www.rabouin.com\/wp-content\/uploads\/2023\/08\/logo-rabouin.png\",\"width\":2048,\"height\":2048,\"caption\":\"Transports Rabouin\"},\"image\":{\"@id\":\"https:\/\/www.rabouin.com\/fr\/#\/schema\/logo\/image\/\"},\"sameAs\":[\"https:\/\/www.facebook.com\/Rabouin.Transports\",\"https:\/\/www.instagram.com\/transportsrabouin\/\",\"https:\/\/www.youtube.com\/channel\/UCuxRbZG6gnMMK8H8KNYiiSA\",\"https:\/\/www.linkedin.com\/company\/transports-rabouin-sas\",\"https:\/\/www.tiktok.com\/@transportsrabouin\"],\"founder\":{\"@type\":\"Person\",\"name\":\"Eric Rabouin\"},\"contactPoint\":{\"@type\":\"ContactPoint\",\"telephone\":\"+33240253700\",\"contactType\":\"customer service\",\"availableLanguage\":\"French\"}}]}<\/script>\n<!-- \/ Yoast SEO plugin. -->","yoast_head_json":{"title":"Transport de v\u00e9hicules par camion Alsace - Transports Rabouin","description":"Sp\u00e9cialiste du transport de v\u00e9hicules pour particuliers et professionnels. Rabouin assurent le transport de voitures par camion en Alsace.","robots":{"index":"index","follow":"follow","max-snippet":"max-snippet:-1","max-image-preview":"max-image-preview:large","max-video-preview":"max-video-preview:-1"},"canonical":"https:\/\/www.rabouin.com\/fr\/transports-rabouin\/societe\/region-alsace\/","og_locale":"fr_FR","og_type":"article","og_title":"Transport de v\u00e9hicules par camion Alsace - Transports Rabouin","og_description":"Sp\u00e9cialiste du transport de v\u00e9hicules pour particuliers et professionnels. Rabouin assurent le transport de voitures par camion en Alsace.","og_url":"https:\/\/www.rabouin.com\/fr\/transports-rabouin\/societe\/region-alsace\/","og_site_name":"Transports Rabouin","article_publisher":"https:\/\/www.facebook.com\/Rabouin.Transports","article_modified_time":"2023-08-30T12:17:10+00:00","og_image":[{"url":"https:\/\/www.rabouin.com\/wp-content\/uploads\/2017\/07\/region-alsace.jpg","type":"","width":"","height":""}],"twitter_card":"summary_large_image","twitter_site":"@transportsrabo1","twitter_misc":{"Dur\u00e9e de lecture estim\u00e9e":"3 minutes"},"schema":{"@context":"https:\/\/schema.org","@graph":[{"@type":"WebPage","@id":"https:\/\/www.rabouin.com\/fr\/transports-rabouin\/societe\/region-alsace#webpage","url":"https:\/\/www.rabouin.com\/fr\/transports-rabouin\/societe\/region-alsace\/","name":"Transport de v\u00e9hicules par camion Alsace - Transports Rabouin","isPartOf":{"@id":"https:\/\/www.rabouin.com\/fr\/#website"},"primaryImageOfPage":{"@id":"https:\/\/www.rabouin.com\/fr\/transports-rabouin\/societe\/region-alsace\/#primaryimage"},"image":{"@id":"https:\/\/www.rabouin.com\/fr\/transports-rabouin\/societe\/region-alsace\/#primaryimage"},"thumbnailUrl":"https:\/\/www.rabouin.com\/wp-content\/uploads\/2017\/07\/region-alsace.jpg","datePublished":"2017-07-17T13:32:15+00:00","dateModified":"2023-08-30T12:17:10+00:00","description":"Sp\u00e9cialiste du transport de v\u00e9hicules pour particuliers et professionnels. Rabouin assurent le transport de voitures par camion en Alsace.","breadcrumb":{"@id":"https:\/\/www.rabouin.com\/fr\/transports-rabouin\/societe\/region-alsace\/#breadcrumb"},"inLanguage":"fr-FR","potentialAction":[{"@type":"ReadAction","target":["https:\/\/www.rabouin.com\/fr\/transports-rabouin\/societe\/region-alsace\/"]}]},{"@type":"ImageObject","inLanguage":"fr-FR","@id":"https:\/\/www.rabouin.com\/fr\/transports-rabouin\/societe\/region-alsace\/#primaryimage","url":"https:\/\/www.rabouin.com\/wp-content\/uploads\/2017\/07\/region-alsace.jpg","contentUrl":"https:\/\/www.rabouin.com\/wp-content\/uploads\/2017\/07\/region-alsace.jpg"},{"@type":"BreadcrumbList","@id":"https:\/\/www.rabouin.com\/fr\/transports-rabouin\/societe\/region-alsace\/#breadcrumb","itemListElement":[{"@type":"ListItem","position":1,"name":"Accueil","item":"https:\/\/www.rabouin.com\/fr\/"},{"@type":"ListItem","position":2,"name":"Transports Rabouin","item":"https:\/\/www.rabouin.com\/fr\/transports-rabouin\/"},{"@type":"ListItem","position":3,"name":"La soci\u00e9t\u00e9","item":"https:\/\/www.rabouin.com\/fr\/transports-rabouin\/societe\/"},{"@type":"ListItem","position":4,"name":"Transport de v\u00e9hicules en r\u00e9gion Alsace"}]},{"@type":"WebSite","@id":"https:\/\/www.rabouin.com\/fr\/#website","url":"https:\/\/www.rabouin.com\/fr\/","name":"Transports Rabouin","description":"Garants de vos v\u00e9hicules","publisher":{"@id":"https:\/\/www.rabouin.com\/fr\/#organization"},"potentialAction":[{"@type":"SearchAction","target":{"@type":"EntryPoint","urlTemplate":"https:\/\/www.rabouin.com\/fr\/?s={search_term_string}"},"query-input":{"@type":"PropertyValueSpecification","valueRequired":true,"valueName":"search_term_string"}}],"inLanguage":"fr-FR"},{"@type":"Organization","@id":"https:\/\/www.rabouin.com\/fr\/#organization","name":"Transports Rabouin","alternateName":"Transports Rabouin","url":"https:\/\/www.rabouin.com\/fr\/","logo":{"@type":"ImageObject","inLanguage":"fr-FR","@id":"https:\/\/www.rabouin.com\/fr\/#\/schema\/logo\/image\/","url":"https:\/\/www.rabouin.com\/wp-content\/uploads\/2023\/08\/logo-rabouin.png","contentUrl":"https:\/\/www.rabouin.com\/wp-content\/uploads\/2023\/08\/logo-rabouin.png","width":2048,"height":2048,"caption":"Transports Rabouin"},"image":{"@id":"https:\/\/www.rabouin.com\/fr\/#\/schema\/logo\/image\/"},"sameAs":["https:\/\/www.facebook.com\/Rabouin.Transports","https:\/\/www.instagram.com\/transportsrabouin\/","https:\/\/www.youtube.com\/channel\/UCuxRbZG6gnMMK8H8KNYiiSA","https:\/\/www.linkedin.com\/company\/transports-rabouin-sas","https:\/\/www.tiktok.com\/@transportsrabouin"],"founder":{"@type":"Person","name":"Eric Rabouin"},"contactPoint":{"@type":"ContactPoint","telephone":"+33240253700","contactType":"customer service","availableLanguage":"French"}}]}},"_links":{"self":[{"href":"https:\/\/www.rabouin.com\/fr\/wp-json\/wp\/v2\/pages\/441","targetHints":{"allow":["GET"]}}],"collection":[{"href":"https:\/\/www.rabouin.com\/fr\/wp-json\/wp\/v2\/pages"}],"about":[{"href":"https:\/\/www.rabouin.com\/fr\/wp-json\/wp\/v2\/types\/page"}],"author":[{"embeddable":true,"href":"https:\/\/www.rabouin.com\/fr\/wp-json\/wp\/v2\/users\/2"}],"replies":[{"embeddable":true,"href":"https:\/\/www.rabouin.com\/fr\/wp-json\/wp\/v2\/comments?post=441"}],"version-history":[{"count":1,"href":"https:\/\/www.rabouin.com\/fr\/wp-json\/wp\/v2\/pages\/441\/revisions"}],"predecessor-version":[{"id":64201,"href":"https:\/\/www.rabouin.com\/fr\/wp-json\/wp\/v2\/pages\/441\/revisions\/64201"}],"up":[{"embeddable":true,"href":"https:\/\/www.rabouin.com\/fr\/wp-json\/wp\/v2\/pages\/106"}],"wp:attachment":[{"href":"https:\/\/www.rabouin.com\/fr\/wp-json\/wp\/v2\/media?parent=441"}],"curies":[{"name":"wp","href":"https:\/\/api.w.org\/{rel}","templated":true}]}}