{"id":451,"date":"2017-07-17T15:49:09","date_gmt":"2017-07-17T13:49:09","guid":{"rendered":"http:\/\/dev.transport-rabouin.com\/?page_id=451\/"},"modified":"2023-08-30T14:21:00","modified_gmt":"2023-08-30T12:21:00","slug":"region-ile-de-france","status":"publish","type":"page","link":"https:\/\/www.rabouin.com\/fr\/transports-rabouin\/societe\/region-ile-de-france\/","title":{"rendered":"Transport de v\u00e9hicules en r\u00e9gion \u00cele-de-France"},"content":{"rendered":"<p><img loading=\"lazy\" decoding=\"async\" class=\"alignright size-medium wp-image-452\" src=\"https:\/\/www.rabouin.com\/wp-content\/uploads\/2017\/07\/region-ile-de-france-300x184.jpg\" alt=\"region-ile-de-france\" width=\"300\" height=\"184\" srcset=\"https:\/\/www.rabouin.com\/wp-content\/uploads\/2017\/07\/region-ile-de-france-300x184.jpg 300w, https:\/\/www.rabouin.com\/wp-content\/uploads\/2017\/07\/region-ile-de-france.jpg 360w\" sizes=\"auto, (max-width: 300px) 100vw, 300px\" \/><br \/>\nPremi\u00e8re r\u00e9gion de l\u2019hexagone, la r\u00e9gion \u00cele-de-France se d\u00e9ploie autour de Paris avec les d\u00e9partements de la petite couronne (Hauts-de-Seine, Seine-Saint-Denis, Val-de-Marne) et de la grande couronne (Val-d\u2019Oise, Yvelines, Essonne, Seine-et-Marne).<\/p>\n<h2>Paris<\/h2>\n<p>Si l\u2019on prend les principales villes de la r\u00e9gion en termes d\u2019emploi (Paris, Courbevoie, Roissy-en-France, Nanterre, Boulogne-Billancourt, Puteaux, Saint-Denis, Levallois-Perret, Cr\u00e9teil, Issy-les-Moulineaux, Versailles, Neuilly-sur-Seine, Rueil-Malmaison), on observe qu\u2019elles se situent majoritairement sur la petite couronne.<br \/>\nElles n\u2019en n\u2019effacent pas moins d\u2019autres noms tout aussi \u00e9vocateurs comme la moutarde de Meaux, le brie de Melun, la fraise de Marcoussis, les haricots d\u2019Arpajon, le chou de Pontoise... quelques sp\u00e9cialit\u00e9s qui prouvent bel et bien que la r\u00e9gion \u00cele-de-France est enracin\u00e9e dans une r\u00e9elle culture gastronomique.<\/p>\n<p>Son r\u00e9seau routier comporte environ 800 km d'autoroutes qui partent en \u00e9toile de son centre : autoroute du Soleil (Dijon, Lyon, Marseille), du Nord (Lille), de Normandie (Rouen, Caen, Le Havre), de l'Est (Reims, Metz, Nancy, Strasbourg), l'Aquitaine et l'Oc\u00e9ane (Nantes, Bordeaux, Rennes). Un deuxi\u00e8me niveau est constitu\u00e9 d\u2019autoroutes concentriques : le p\u00e9riph\u00e9rique entoure le Paris historique, l'A 86, la proche banlieue et la Francilienne compl\u00e8te le dispositif.<\/p>\n<p>Les Transports Rabouin sont implant\u00e9s en r\u00e9gion \u00cele-de-France depuis la fin des ann\u00e9es 90, tout d\u2019abord sur le site de Breuillet (1995) puis de Boissy sous Saint-Yon (1998).<br \/>\nC\u2019est de l\u00e0 qu\u2019une \u00e9quipe de 20 chauffeurs exerce son activit\u00e9 de <a href=\"https:\/\/www.rabouin.com\/fr\/particuliers\/voiture\/\">transport de v\u00e9hicules<\/a> aupr\u00e8s de nombreux constructeurs automobiles, concessionnaires, garagistes, loueurs...<br \/>\nLes Transports Rabouin interviennent aussi aupr\u00e8s des particuliers pour le <a href=\"https:\/\/www.rabouin.com\/fr\/particuliers\/camping-car\/\">convoyage de camping-car et de mini-van<\/a>, ou le <a href=\"https:\/\/www.rabouin.com\/fr\/particuliers\/voiture\/\">rapatriement de voiture accident\u00e9e<\/a>. N\u2019h\u00e9sitez pas \u00e0 faire appel \u00e0 leur expertise en les contactant via <a href=\"https:\/\/www.rabouin.com\/fr\/contact\/\">le formulaire de contact<\/a>.<\/p>\n<p>&nbsp;<\/p>\n<table style=\"width: 100%; border-collapse: collapse;\">\n<tbody>\n<tr>\n<td style=\"width: 100%; background-color: #ededed; vertical-align: middle; padding: 30px; padding-bottom: 35px;\">\n<h3><strong>Demander un transport de v\u00e9hicules en r\u00e9gion Ile-de-France<\/strong><\/h3>\n<p>Vous souhaitez conna\u00eetre les tarifs pour faire transporter un v\u00e9hicule depuis ou vers la r\u00e9gion Ile-de-France ? Envoyez votre demande de devis. Notre \u00e9quipe vous apportera une r\u00e9ponse sous un d\u00e9lai maximum de 24h ouvr\u00e9es.<\/p>\n<p>&nbsp;<\/p>\n<table style=\"width: 201px; border-collapse: collapse; height: 56px; margin-left: auto; margin-right: auto;\">\n<tbody>\n<tr>\n<td style=\"width: 100%; border-radius: 5em; ; vertical-align: middle; padding: 15px; background-color: #00999e; text-align: center;\"><strong><a style=\"color: #ffffff;\" href=\"https:\/\/www.rabouin.com\/fr\/particuliers\/voiture\/\">Demander un devis<\/a><\/strong><\/td>\n<\/tr>\n<\/tbody>\n<\/table>\n<\/td>\n<\/tr>\n<\/tbody>\n<\/table>\n<p>&nbsp;<\/p>\n<p>Nous transportons \u00e9galement des v\u00e9hicules dans toutes les autres r\u00e9gions fran\u00e7aises :<\/p>\n<p><a href=\"https:\/\/www.rabouin.com\/fr\/transports-rabouin\/societe\/region-paca-provence-alpes-cote-d-azur\/\">Transport de voiture \u00e0 Marseille ou r\u00e9gion PACA<\/a><br \/>\n<a href=\"https:\/\/www.rabouin.com\/fr\/transports-rabouin\/societe\/region-alsace\/\">Transport de voiture en Alsace<\/a><br \/>\n<a href=\"https:\/\/www.rabouin.com\/fr\/transports-rabouin\/societe\/region-bretagne\/\">Transport de voiture en Bretagne<\/a><br \/>\n<a href=\"https:\/\/www.rabouin.com\/fr\/transports-rabouin\/societe\/region-rhone-alpes\/\">Transport de voiture dans la r\u00e9gion Rh\u00f4ne Alpes<\/a><br \/>\n<a href=\"https:\/\/www.rabouin.com\/fr\/transports-rabouin\/societe\/region-rhone-alpes\/\">Transport de voiture \u00e0 Toulouse et Midi Pyr\u00e9n\u00e9es<\/a><br \/>\n<a href=\"https:\/\/www.rabouin.com\/fr\/transports-rabouin\/societe\/region-languedoc-roussillon\/\">Transport de voiture Languedoc Roussillon<\/a><br \/>\n<a href=\"https:\/\/www.rabouin.com\/fr\/transports-rabouin\/societe\/region-aquitaine\/\">Transport voiture en Aquitaine<\/a><br \/>\n<a href=\"https:\/\/www.rabouin.com\/fr\/transports-rabouin\/societe\/region-pays-de-la-loire\/\">Transport de voiture \u00e0 Nantes ou Pays de Loire<\/a><\/p>\n<p>Vous avez des questions concernant le transport de v\u00e9hicules par camion ? <a href=\"https:\/\/www.rabouin.com\/fr\/faq\/\">Consultez notre FAQ<\/a><\/p>\n","protected":false},"excerpt":{"rendered":"<p>Premi\u00e8re r\u00e9gion de l\u2019hexagone, la r\u00e9gion \u00cele-de-France se d\u00e9ploie autour de Paris avec les d\u00e9partements de la petite couronne (Hauts-de-Seine, Seine-Saint-Denis, Val-de-Marne) et de la grande couronne (Val-d\u2019Oise, Yvelines, Essonne, Seine-et-Marne). Paris Si l\u2019on prend les principales villes de la r\u00e9gion en termes d\u2019emploi (Paris, Courbevoie, Roissy-en-France, Nanterre, Boulogne-Billancourt, Puteaux, Saint-Denis, Levallois-Perret, Cr\u00e9teil, Issy-les-Moulineaux, Versailles, &hellip;<\/p>\n","protected":false},"author":2,"featured_media":0,"parent":106,"menu_order":0,"comment_status":"closed","ping_status":"closed","template":"","meta":{"_acf_changed":false,"footnotes":""},"class_list":["post-451","page","type-page","status-publish","hentry"],"acf":[],"yoast_head":"<!-- This site is optimized with the Yoast SEO plugin v25.3.1 - https:\/\/yoast.com\/wordpress\/plugins\/seo\/ -->\n<title>Transport de v\u00e9hicules par camion Ile-de-France - Rabouin<\/title>\n<meta name=\"description\" content=\"Transport de v\u00e9hicules pour particuliers et professionnels. Rabouin assurent le transport de voitures par camion en Ile-de-France.\" \/>\n<meta name=\"robots\" content=\"index, follow, max-snippet:-1, max-image-preview:large, max-video-preview:-1\" \/>\n<link rel=\"canonical\" href=\"https:\/\/www.rabouin.com\/fr\/transports-rabouin\/societe\/region-ile-de-france\/\" \/>\n<meta property=\"og:locale\" content=\"fr_FR\" \/>\n<meta property=\"og:type\" content=\"article\" \/>\n<meta property=\"og:title\" content=\"Transport de v\u00e9hicules par camion Ile-de-France - Rabouin\" \/>\n<meta property=\"og:description\" content=\"Transport de v\u00e9hicules pour particuliers et professionnels. Rabouin assurent le transport de voitures par camion en Ile-de-France.\" \/>\n<meta property=\"og:url\" content=\"https:\/\/www.rabouin.com\/fr\/transports-rabouin\/societe\/region-ile-de-france\/\" \/>\n<meta property=\"og:site_name\" content=\"Transports Rabouin\" \/>\n<meta property=\"article:publisher\" content=\"https:\/\/www.facebook.com\/Rabouin.Transports\" \/>\n<meta property=\"article:modified_time\" content=\"2023-08-30T12:21:00+00:00\" \/>\n<meta property=\"og:image\" content=\"https:\/\/www.rabouin.com\/wp-content\/uploads\/2017\/07\/region-ile-de-france-300x184.jpg\" \/>\n<meta name=\"twitter:card\" content=\"summary_large_image\" \/>\n<meta name=\"twitter:site\" content=\"@transportsrabo1\" \/>\n<meta name=\"twitter:label1\" content=\"Dur\u00e9e de lecture estim\u00e9e\" \/>\n\t<meta name=\"twitter:data1\" content=\"3 minutes\" \/>\n<script type=\"application\/ld+json\" class=\"yoast-schema-graph\">{\"@context\":\"https:\/\/schema.org\",\"@graph\":[{\"@type\":\"WebPage\",\"@id\":\"https:\/\/www.rabouin.com\/fr\/transports-rabouin\/societe\/region-ile-de-france#webpage\",\"url\":\"https:\/\/www.rabouin.com\/fr\/transports-rabouin\/societe\/region-ile-de-france\/\",\"name\":\"Transport de v\u00e9hicules par camion Ile-de-France - Rabouin\",\"isPartOf\":{\"@id\":\"https:\/\/www.rabouin.com\/fr\/#website\"},\"primaryImageOfPage\":{\"@id\":\"https:\/\/www.rabouin.com\/fr\/transports-rabouin\/societe\/region-ile-de-france\/#primaryimage\"},\"image\":{\"@id\":\"https:\/\/www.rabouin.com\/fr\/transports-rabouin\/societe\/region-ile-de-france\/#primaryimage\"},\"thumbnailUrl\":\"https:\/\/www.rabouin.com\/wp-content\/uploads\/2017\/07\/region-ile-de-france-300x184.jpg\",\"datePublished\":\"2017-07-17T13:49:09+00:00\",\"dateModified\":\"2023-08-30T12:21:00+00:00\",\"description\":\"Transport de v\u00e9hicules pour particuliers et professionnels. Rabouin assurent le transport de voitures par camion en Ile-de-France.\",\"breadcrumb\":{\"@id\":\"https:\/\/www.rabouin.com\/fr\/transports-rabouin\/societe\/region-ile-de-france\/#breadcrumb\"},\"inLanguage\":\"fr-FR\",\"potentialAction\":[{\"@type\":\"ReadAction\",\"target\":[\"https:\/\/www.rabouin.com\/fr\/transports-rabouin\/societe\/region-ile-de-france\/\"]}]},{\"@type\":\"ImageObject\",\"inLanguage\":\"fr-FR\",\"@id\":\"https:\/\/www.rabouin.com\/fr\/transports-rabouin\/societe\/region-ile-de-france\/#primaryimage\",\"url\":\"https:\/\/www.rabouin.com\/wp-content\/uploads\/2017\/07\/region-ile-de-france-300x184.jpg\",\"contentUrl\":\"https:\/\/www.rabouin.com\/wp-content\/uploads\/2017\/07\/region-ile-de-france-300x184.jpg\"},{\"@type\":\"BreadcrumbList\",\"@id\":\"https:\/\/www.rabouin.com\/fr\/transports-rabouin\/societe\/region-ile-de-france\/#breadcrumb\",\"itemListElement\":[{\"@type\":\"ListItem\",\"position\":1,\"name\":\"Accueil\",\"item\":\"https:\/\/www.rabouin.com\/fr\/\"},{\"@type\":\"ListItem\",\"position\":2,\"name\":\"Transports Rabouin\",\"item\":\"https:\/\/www.rabouin.com\/fr\/transports-rabouin\/\"},{\"@type\":\"ListItem\",\"position\":3,\"name\":\"La soci\u00e9t\u00e9\",\"item\":\"https:\/\/www.rabouin.com\/fr\/transports-rabouin\/societe\/\"},{\"@type\":\"ListItem\",\"position\":4,\"name\":\"Transport de v\u00e9hicules en r\u00e9gion \u00cele-de-France\"}]},{\"@type\":\"WebSite\",\"@id\":\"https:\/\/www.rabouin.com\/fr\/#website\",\"url\":\"https:\/\/www.rabouin.com\/fr\/\",\"name\":\"Transports Rabouin\",\"description\":\"Garants de vos v\u00e9hicules\",\"publisher\":{\"@id\":\"https:\/\/www.rabouin.com\/fr\/#organization\"},\"potentialAction\":[{\"@type\":\"SearchAction\",\"target\":{\"@type\":\"EntryPoint\",\"urlTemplate\":\"https:\/\/www.rabouin.com\/fr\/?s={search_term_string}\"},\"query-input\":{\"@type\":\"PropertyValueSpecification\",\"valueRequired\":true,\"valueName\":\"search_term_string\"}}],\"inLanguage\":\"fr-FR\"},{\"@type\":\"Organization\",\"@id\":\"https:\/\/www.rabouin.com\/fr\/#organization\",\"name\":\"Transports Rabouin\",\"alternateName\":\"Transports Rabouin\",\"url\":\"https:\/\/www.rabouin.com\/fr\/\",\"logo\":{\"@type\":\"ImageObject\",\"inLanguage\":\"fr-FR\",\"@id\":\"https:\/\/www.rabouin.com\/fr\/#\/schema\/logo\/image\/\",\"url\":\"https:\/\/www.rabouin.com\/wp-content\/uploads\/2023\/08\/logo-rabouin.png\",\"contentUrl\":\"https:\/\/www.rabouin.com\/wp-content\/uploads\/2023\/08\/logo-rabouin.png\",\"width\":2048,\"height\":2048,\"caption\":\"Transports Rabouin\"},\"image\":{\"@id\":\"https:\/\/www.rabouin.com\/fr\/#\/schema\/logo\/image\/\"},\"sameAs\":[\"https:\/\/www.facebook.com\/Rabouin.Transports\",\"https:\/\/www.instagram.com\/transportsrabouin\/\",\"https:\/\/www.youtube.com\/channel\/UCuxRbZG6gnMMK8H8KNYiiSA\",\"https:\/\/www.linkedin.com\/company\/transports-rabouin-sas\",\"https:\/\/www.tiktok.com\/@transportsrabouin\"],\"founder\":{\"@type\":\"Person\",\"name\":\"Eric Rabouin\"},\"contactPoint\":{\"@type\":\"ContactPoint\",\"telephone\":\"+33240253700\",\"contactType\":\"customer service\",\"availableLanguage\":\"French\"}}]}<\/script>\n<!-- \/ Yoast SEO plugin. -->","yoast_head_json":{"title":"Transport de v\u00e9hicules par camion Ile-de-France - Rabouin","description":"Transport de v\u00e9hicules pour particuliers et professionnels. Rabouin assurent le transport de voitures par camion en Ile-de-France.","robots":{"index":"index","follow":"follow","max-snippet":"max-snippet:-1","max-image-preview":"max-image-preview:large","max-video-preview":"max-video-preview:-1"},"canonical":"https:\/\/www.rabouin.com\/fr\/transports-rabouin\/societe\/region-ile-de-france\/","og_locale":"fr_FR","og_type":"article","og_title":"Transport de v\u00e9hicules par camion Ile-de-France - Rabouin","og_description":"Transport de v\u00e9hicules pour particuliers et professionnels. Rabouin assurent le transport de voitures par camion en Ile-de-France.","og_url":"https:\/\/www.rabouin.com\/fr\/transports-rabouin\/societe\/region-ile-de-france\/","og_site_name":"Transports Rabouin","article_publisher":"https:\/\/www.facebook.com\/Rabouin.Transports","article_modified_time":"2023-08-30T12:21:00+00:00","og_image":[{"url":"https:\/\/www.rabouin.com\/wp-content\/uploads\/2017\/07\/region-ile-de-france-300x184.jpg","type":"","width":"","height":""}],"twitter_card":"summary_large_image","twitter_site":"@transportsrabo1","twitter_misc":{"Dur\u00e9e de lecture estim\u00e9e":"3 minutes"},"schema":{"@context":"https:\/\/schema.org","@graph":[{"@type":"WebPage","@id":"https:\/\/www.rabouin.com\/fr\/transports-rabouin\/societe\/region-ile-de-france#webpage","url":"https:\/\/www.rabouin.com\/fr\/transports-rabouin\/societe\/region-ile-de-france\/","name":"Transport de v\u00e9hicules par camion Ile-de-France - Rabouin","isPartOf":{"@id":"https:\/\/www.rabouin.com\/fr\/#website"},"primaryImageOfPage":{"@id":"https:\/\/www.rabouin.com\/fr\/transports-rabouin\/societe\/region-ile-de-france\/#primaryimage"},"image":{"@id":"https:\/\/www.rabouin.com\/fr\/transports-rabouin\/societe\/region-ile-de-france\/#primaryimage"},"thumbnailUrl":"https:\/\/www.rabouin.com\/wp-content\/uploads\/2017\/07\/region-ile-de-france-300x184.jpg","datePublished":"2017-07-17T13:49:09+00:00","dateModified":"2023-08-30T12:21:00+00:00","description":"Transport de v\u00e9hicules pour particuliers et professionnels. Rabouin assurent le transport de voitures par camion en Ile-de-France.","breadcrumb":{"@id":"https:\/\/www.rabouin.com\/fr\/transports-rabouin\/societe\/region-ile-de-france\/#breadcrumb"},"inLanguage":"fr-FR","potentialAction":[{"@type":"ReadAction","target":["https:\/\/www.rabouin.com\/fr\/transports-rabouin\/societe\/region-ile-de-france\/"]}]},{"@type":"ImageObject","inLanguage":"fr-FR","@id":"https:\/\/www.rabouin.com\/fr\/transports-rabouin\/societe\/region-ile-de-france\/#primaryimage","url":"https:\/\/www.rabouin.com\/wp-content\/uploads\/2017\/07\/region-ile-de-france-300x184.jpg","contentUrl":"https:\/\/www.rabouin.com\/wp-content\/uploads\/2017\/07\/region-ile-de-france-300x184.jpg"},{"@type":"BreadcrumbList","@id":"https:\/\/www.rabouin.com\/fr\/transports-rabouin\/societe\/region-ile-de-france\/#breadcrumb","itemListElement":[{"@type":"ListItem","position":1,"name":"Accueil","item":"https:\/\/www.rabouin.com\/fr\/"},{"@type":"ListItem","position":2,"name":"Transports Rabouin","item":"https:\/\/www.rabouin.com\/fr\/transports-rabouin\/"},{"@type":"ListItem","position":3,"name":"La soci\u00e9t\u00e9","item":"https:\/\/www.rabouin.com\/fr\/transports-rabouin\/societe\/"},{"@type":"ListItem","position":4,"name":"Transport de v\u00e9hicules en r\u00e9gion \u00cele-de-France"}]},{"@type":"WebSite","@id":"https:\/\/www.rabouin.com\/fr\/#website","url":"https:\/\/www.rabouin.com\/fr\/","name":"Transports Rabouin","description":"Garants de vos v\u00e9hicules","publisher":{"@id":"https:\/\/www.rabouin.com\/fr\/#organization"},"potentialAction":[{"@type":"SearchAction","target":{"@type":"EntryPoint","urlTemplate":"https:\/\/www.rabouin.com\/fr\/?s={search_term_string}"},"query-input":{"@type":"PropertyValueSpecification","valueRequired":true,"valueName":"search_term_string"}}],"inLanguage":"fr-FR"},{"@type":"Organization","@id":"https:\/\/www.rabouin.com\/fr\/#organization","name":"Transports Rabouin","alternateName":"Transports Rabouin","url":"https:\/\/www.rabouin.com\/fr\/","logo":{"@type":"ImageObject","inLanguage":"fr-FR","@id":"https:\/\/www.rabouin.com\/fr\/#\/schema\/logo\/image\/","url":"https:\/\/www.rabouin.com\/wp-content\/uploads\/2023\/08\/logo-rabouin.png","contentUrl":"https:\/\/www.rabouin.com\/wp-content\/uploads\/2023\/08\/logo-rabouin.png","width":2048,"height":2048,"caption":"Transports Rabouin"},"image":{"@id":"https:\/\/www.rabouin.com\/fr\/#\/schema\/logo\/image\/"},"sameAs":["https:\/\/www.facebook.com\/Rabouin.Transports","https:\/\/www.instagram.com\/transportsrabouin\/","https:\/\/www.youtube.com\/channel\/UCuxRbZG6gnMMK8H8KNYiiSA","https:\/\/www.linkedin.com\/company\/transports-rabouin-sas","https:\/\/www.tiktok.com\/@transportsrabouin"],"founder":{"@type":"Person","name":"Eric Rabouin"},"contactPoint":{"@type":"ContactPoint","telephone":"+33240253700","contactType":"customer service","availableLanguage":"French"}}]}},"_links":{"self":[{"href":"https:\/\/www.rabouin.com\/fr\/wp-json\/wp\/v2\/pages\/451","targetHints":{"allow":["GET"]}}],"collection":[{"href":"https:\/\/www.rabouin.com\/fr\/wp-json\/wp\/v2\/pages"}],"about":[{"href":"https:\/\/www.rabouin.com\/fr\/wp-json\/wp\/v2\/types\/page"}],"author":[{"embeddable":true,"href":"https:\/\/www.rabouin.com\/fr\/wp-json\/wp\/v2\/users\/2"}],"replies":[{"embeddable":true,"href":"https:\/\/www.rabouin.com\/fr\/wp-json\/wp\/v2\/comments?post=451"}],"version-history":[{"count":1,"href":"https:\/\/www.rabouin.com\/fr\/wp-json\/wp\/v2\/pages\/451\/revisions"}],"predecessor-version":[{"id":64204,"href":"https:\/\/www.rabouin.com\/fr\/wp-json\/wp\/v2\/pages\/451\/revisions\/64204"}],"up":[{"embeddable":true,"href":"https:\/\/www.rabouin.com\/fr\/wp-json\/wp\/v2\/pages\/106"}],"wp:attachment":[{"href":"https:\/\/www.rabouin.com\/fr\/wp-json\/wp\/v2\/media?parent=451"}],"curies":[{"name":"wp","href":"https:\/\/api.w.org\/{rel}","templated":true}]}}