{"id":455,"date":"2017-07-17T16:02:04","date_gmt":"2017-07-17T14:02:04","guid":{"rendered":"http:\/\/dev.transport-rabouin.com\/?page_id=455\/"},"modified":"2023-08-30T14:25:42","modified_gmt":"2023-08-30T12:25:42","slug":"region-languedoc-roussillon","status":"publish","type":"page","link":"https:\/\/www.rabouin.com\/fr\/transports-rabouin\/societe\/region-languedoc-roussillon\/","title":{"rendered":"Transport de v\u00e9hicules en r\u00e9gion Languedoc-Roussillon"},"content":{"rendered":"<p><img loading=\"lazy\" decoding=\"async\" class=\"alignright size-medium wp-image-456\" src=\"https:\/\/www.rabouin.com\/wp-content\/uploads\/2017\/07\/region-languedoc-roussillon-300x193.jpg\" alt=\"region-languedoc-roussillon\" width=\"300\" height=\"193\" srcset=\"https:\/\/www.rabouin.com\/wp-content\/uploads\/2017\/07\/region-languedoc-roussillon-300x193.jpg 300w, https:\/\/www.rabouin.com\/wp-content\/uploads\/2017\/07\/region-languedoc-roussillon.jpg 360w\" sizes=\"auto, (max-width: 300px) 100vw, 300px\" \/><br \/>\nEn Languedoc-Roussillon, de C\u00e9ret \u00e0 Mende, d\u2019Agde \u00e0 Limoux, de Montpellier \u00e0 Carcassonne, de B\u00e9ziers \u00e0 Perpignan r\u00e9sonnent deux langues charg\u00e9es de soleil : l\u2019occitan et le catalan.<\/p>\n<h2>Que S\u00e8te ait \u00e9t\u00e9 chant\u00e9e par Georges Brassens, Narbonne par Charles Trenet ou P\u00e9zenas par Bobby Lapointe, c\u2019est une terre o\u00f9 l\u2019art de vivre est \u00e0 nul autre pareil.<\/h2>\n<p>Et, de Corbi\u00e8res \u00e0 Saint-Chinian, de Fitou \u00e0 Malep\u00e8re, de Tavel \u00e0 Collioure, de Lirac \u00e0 Bize-Minervois, il n\u2019est pas un arpent qui ne produise des nectars n\u2019ayant d\u2019\u00e9gal que la mod\u00e9ration de leur consommation.<br \/>\nMais on ne saurait oublier la brandade de N\u00eemes, la fougasse d\u2019Aigues-Mortes, l\u2019aligot de Loz\u00e8re, la bourride s\u00e9toise, les anchois de Collioure ou les berlingots de P\u00e9zenas.<\/p>\n<p>En Languedoc-Roussillon, pr\u00e8s de 90 % des habitants des communes de plus de 2 000 habitants sont situ\u00e9s \u00e0 moins de 20 minutes d\u2019un \u00e9changeur autoroutier.<br \/>\nAvec un r\u00e9seau d\u2019autoroutes, de voies rapides nationales et d\u00e9partementales doubl\u00e9 d\u2019un r\u00e9seau d\u2019itin\u00e9raire bis sur routes nationales, la r\u00e9gion fait la part belle aux \u00e9changes.<br \/>\nAinsi, est-il ais\u00e9 d\u2019aller de B\u00e9ziers \u00e0 Villeneuve-sur-Avignon, de Marvejols \u00e0 Carcassonne, de Castelnaudary \u00e0 Al\u00e8s.<\/p>\n<p>Quoi de plus logique, donc, que les Transports Rabouin disposent dans cette r\u00e9gion de pr\u00e8s de 10 chauffeurs qui, quotidiennement, sont garants du <a href=\"https:\/\/www.rabouin.com\/fr\/particuliers\/vehicule-utilitaire\/\">transport de v\u00e9hicules<\/a> d\u2019une large client\u00e8le.<br \/>\nConcessionnaires automobiles, loueurs nationaux, garagistes ind\u00e9pendants, clubs de voitures anciennes ou priv\u00e9s trouvent aupr\u00e8s des Transports Rabouin toute la comp\u00e9tence d\u2019une \u00e9quipe rompue aux transports de <a href=\"https:\/\/www.rabouin.com\/fr\/particuliers\/voiture-de-collection-et-de-prestige\/\">voitures de collection<\/a> et de <a href=\"https:\/\/www.rabouin.com\/fr\/professionnels\/vehicule-de-location\/\">v\u00e9hicules de location<\/a>. Si vous rencontrez une probl\u00e9matique de convoyage de v\u00e9hicule, depuis ou vers la r\u00e9gion Languedoc-Roussillon, <a href=\"https:\/\/www.rabouin.com\/fr\/contact\/\">contactez l\u2019\u00e9quipe r\u00e9gionale des Transports Rabouin<\/a>.<\/p>\n<p>&nbsp;<\/p>\n<table style=\"width: 100%; border-collapse: collapse;\">\n<tbody>\n<tr>\n<td style=\"width: 100%; background-color: #ededed; vertical-align: middle; padding: 30px; padding-bottom: 35px;\">\n<h3><strong>Demander un transport de v\u00e9hicules en r\u00e9gion Languedoc Roussillon<\/strong><\/h3>\n<p>Vous souhaitez conna\u00eetre les tarifs pour faire transporter un v\u00e9hicule depuis ou vers la r\u00e9gion Languedoc Roussillon ? Envoyez votre demande de devis. Notre \u00e9quipe vous apportera une r\u00e9ponse sous un d\u00e9lai maximum de 24h ouvr\u00e9es.<\/p>\n<p>&nbsp;<\/p>\n<table style=\"width: 201px; border-collapse: collapse; height: 56px; margin-left: auto; margin-right: auto;\">\n<tbody>\n<tr>\n<td style=\"width: 100%; border-radius: 5em; ; vertical-align: middle; padding: 15px; background-color: #00999e; text-align: center;\"><strong><a style=\"color: #ffffff;\" href=\"https:\/\/www.rabouin.com\/fr\/particuliers\/voiture\/\">Demander un devis<\/a><\/strong><\/td>\n<\/tr>\n<\/tbody>\n<\/table>\n<\/td>\n<\/tr>\n<\/tbody>\n<\/table>\n<p>&nbsp;<\/p>\n<p>Nous transportons \u00e9galement des v\u00e9hicules dans toutes les autres r\u00e9gions fran\u00e7aises :<\/p>\n<p><a href=\"https:\/\/www.rabouin.com\/fr\/transports-rabouin\/societe\/region-paca-provence-alpes-cote-d-azur\/\">Transport de voiture \u00e0 Marseille ou r\u00e9gion PACA<\/a><br \/>\n<a href=\"https:\/\/www.rabouin.com\/fr\/transports-rabouin\/societe\/region-alsace\/\">Transport de voiture en Alsace<\/a><br \/>\n<a href=\"https:\/\/www.rabouin.com\/fr\/transports-rabouin\/societe\/region-bretagne\/\">Transport de voiture en Bretagne<\/a><br \/>\n<a href=\"https:\/\/www.rabouin.com\/fr\/transports-rabouin\/societe\/region-rhone-alpes\/\">Transport de voiture dans la r\u00e9gion Rh\u00f4ne Alpes<\/a><br \/>\n<a href=\"https:\/\/www.rabouin.com\/fr\/transports-rabouin\/societe\/region-midi-pyrenees\/\">Transport de voiture \u00e0 Toulouse et Midi Pyr\u00e9n\u00e9es<\/a><br \/>\n<a href=\"https:\/\/www.rabouin.com\/fr\/transports-rabouin\/societe\/region-aquitaine\/\">Transport de voiture en Aquitaine<\/a><br \/>\n<a href=\"https:\/\/www.rabouin.com\/fr\/transports-rabouin\/societe\/region-ile-de-france\/\">Transport voiture \u00e0 Paris<\/a><br \/>\n<a href=\"https:\/\/www.rabouin.com\/fr\/transports-rabouin\/societe\/region-pays-de-la-loire\/\">Transport de voiture \u00e0 Nantes ou Pays de Loire<\/a><\/p>\n<p>Vous avez des questions concernant le transport de v\u00e9hicules par camion ? <a href=\"https:\/\/www.rabouin.com\/fr\/faq\/\">Consultez notre FAQ<\/a><\/p>\n","protected":false},"excerpt":{"rendered":"<p>En Languedoc-Roussillon, de C\u00e9ret \u00e0 Mende, d\u2019Agde \u00e0 Limoux, de Montpellier \u00e0 Carcassonne, de B\u00e9ziers \u00e0 Perpignan r\u00e9sonnent deux langues charg\u00e9es de soleil : l\u2019occitan et le catalan. Que S\u00e8te ait \u00e9t\u00e9 chant\u00e9e par Georges Brassens, Narbonne par Charles Trenet ou P\u00e9zenas par Bobby Lapointe, c\u2019est une terre o\u00f9 l\u2019art de vivre est \u00e0 nul &hellip;<\/p>\n","protected":false},"author":2,"featured_media":0,"parent":106,"menu_order":0,"comment_status":"closed","ping_status":"closed","template":"","meta":{"_acf_changed":false,"footnotes":""},"class_list":["post-455","page","type-page","status-publish","hentry"],"acf":[],"yoast_head":"<!-- This site is optimized with the Yoast SEO plugin v25.3.1 - https:\/\/yoast.com\/wordpress\/plugins\/seo\/ -->\n<title>Transport v\u00e9hicules par camion Languedoc-Roussillon - Rabouin<\/title>\n<meta name=\"description\" content=\"Sp\u00e9cialiste du transport de v\u00e9hicules, les Transports Rabouin assurent le transport de voitures par camion en Languedoc-Roussillon.\" \/>\n<meta name=\"robots\" content=\"index, follow, max-snippet:-1, max-image-preview:large, max-video-preview:-1\" \/>\n<link rel=\"canonical\" href=\"https:\/\/www.rabouin.com\/fr\/transports-rabouin\/societe\/region-languedoc-roussillon\/\" \/>\n<meta property=\"og:locale\" content=\"fr_FR\" \/>\n<meta property=\"og:type\" content=\"article\" \/>\n<meta property=\"og:title\" content=\"Transport v\u00e9hicules par camion Languedoc-Roussillon - Rabouin\" \/>\n<meta property=\"og:description\" content=\"Sp\u00e9cialiste du transport de v\u00e9hicules, les Transports Rabouin assurent le transport de voitures par camion en Languedoc-Roussillon.\" \/>\n<meta property=\"og:url\" content=\"https:\/\/www.rabouin.com\/fr\/transports-rabouin\/societe\/region-languedoc-roussillon\/\" \/>\n<meta property=\"og:site_name\" content=\"Transports Rabouin\" \/>\n<meta property=\"article:publisher\" content=\"https:\/\/www.facebook.com\/Rabouin.Transports\" \/>\n<meta property=\"article:modified_time\" content=\"2023-08-30T12:25:42+00:00\" \/>\n<meta property=\"og:image\" content=\"https:\/\/www.rabouin.com\/wp-content\/uploads\/2017\/07\/region-languedoc-roussillon-300x193.jpg\" \/>\n<meta name=\"twitter:card\" content=\"summary_large_image\" \/>\n<meta name=\"twitter:site\" content=\"@transportsrabo1\" \/>\n<meta name=\"twitter:label1\" content=\"Dur\u00e9e de lecture estim\u00e9e\" \/>\n\t<meta name=\"twitter:data1\" content=\"3 minutes\" \/>\n<script type=\"application\/ld+json\" class=\"yoast-schema-graph\">{\"@context\":\"https:\/\/schema.org\",\"@graph\":[{\"@type\":\"WebPage\",\"@id\":\"https:\/\/www.rabouin.com\/fr\/transports-rabouin\/societe\/region-languedoc-roussillon#webpage\",\"url\":\"https:\/\/www.rabouin.com\/fr\/transports-rabouin\/societe\/region-languedoc-roussillon\/\",\"name\":\"Transport v\u00e9hicules par camion Languedoc-Roussillon - Rabouin\",\"isPartOf\":{\"@id\":\"https:\/\/www.rabouin.com\/fr\/#website\"},\"primaryImageOfPage\":{\"@id\":\"https:\/\/www.rabouin.com\/fr\/transports-rabouin\/societe\/region-languedoc-roussillon\/#primaryimage\"},\"image\":{\"@id\":\"https:\/\/www.rabouin.com\/fr\/transports-rabouin\/societe\/region-languedoc-roussillon\/#primaryimage\"},\"thumbnailUrl\":\"https:\/\/www.rabouin.com\/wp-content\/uploads\/2017\/07\/region-languedoc-roussillon-300x193.jpg\",\"datePublished\":\"2017-07-17T14:02:04+00:00\",\"dateModified\":\"2023-08-30T12:25:42+00:00\",\"description\":\"Sp\u00e9cialiste du transport de v\u00e9hicules, les Transports Rabouin assurent le transport de voitures par camion en Languedoc-Roussillon.\",\"breadcrumb\":{\"@id\":\"https:\/\/www.rabouin.com\/fr\/transports-rabouin\/societe\/region-languedoc-roussillon\/#breadcrumb\"},\"inLanguage\":\"fr-FR\",\"potentialAction\":[{\"@type\":\"ReadAction\",\"target\":[\"https:\/\/www.rabouin.com\/fr\/transports-rabouin\/societe\/region-languedoc-roussillon\/\"]}]},{\"@type\":\"ImageObject\",\"inLanguage\":\"fr-FR\",\"@id\":\"https:\/\/www.rabouin.com\/fr\/transports-rabouin\/societe\/region-languedoc-roussillon\/#primaryimage\",\"url\":\"https:\/\/www.rabouin.com\/wp-content\/uploads\/2017\/07\/region-languedoc-roussillon-300x193.jpg\",\"contentUrl\":\"https:\/\/www.rabouin.com\/wp-content\/uploads\/2017\/07\/region-languedoc-roussillon-300x193.jpg\"},{\"@type\":\"BreadcrumbList\",\"@id\":\"https:\/\/www.rabouin.com\/fr\/transports-rabouin\/societe\/region-languedoc-roussillon\/#breadcrumb\",\"itemListElement\":[{\"@type\":\"ListItem\",\"position\":1,\"name\":\"Accueil\",\"item\":\"https:\/\/www.rabouin.com\/fr\/\"},{\"@type\":\"ListItem\",\"position\":2,\"name\":\"Transports Rabouin\",\"item\":\"https:\/\/www.rabouin.com\/fr\/transports-rabouin\/\"},{\"@type\":\"ListItem\",\"position\":3,\"name\":\"La soci\u00e9t\u00e9\",\"item\":\"https:\/\/www.rabouin.com\/fr\/transports-rabouin\/societe\/\"},{\"@type\":\"ListItem\",\"position\":4,\"name\":\"Transport de v\u00e9hicules en r\u00e9gion Languedoc-Roussillon\"}]},{\"@type\":\"WebSite\",\"@id\":\"https:\/\/www.rabouin.com\/fr\/#website\",\"url\":\"https:\/\/www.rabouin.com\/fr\/\",\"name\":\"Transports Rabouin\",\"description\":\"Garants de vos v\u00e9hicules\",\"publisher\":{\"@id\":\"https:\/\/www.rabouin.com\/fr\/#organization\"},\"potentialAction\":[{\"@type\":\"SearchAction\",\"target\":{\"@type\":\"EntryPoint\",\"urlTemplate\":\"https:\/\/www.rabouin.com\/fr\/?s={search_term_string}\"},\"query-input\":{\"@type\":\"PropertyValueSpecification\",\"valueRequired\":true,\"valueName\":\"search_term_string\"}}],\"inLanguage\":\"fr-FR\"},{\"@type\":\"Organization\",\"@id\":\"https:\/\/www.rabouin.com\/fr\/#organization\",\"name\":\"Transports Rabouin\",\"alternateName\":\"Transports Rabouin\",\"url\":\"https:\/\/www.rabouin.com\/fr\/\",\"logo\":{\"@type\":\"ImageObject\",\"inLanguage\":\"fr-FR\",\"@id\":\"https:\/\/www.rabouin.com\/fr\/#\/schema\/logo\/image\/\",\"url\":\"https:\/\/www.rabouin.com\/wp-content\/uploads\/2023\/08\/logo-rabouin.png\",\"contentUrl\":\"https:\/\/www.rabouin.com\/wp-content\/uploads\/2023\/08\/logo-rabouin.png\",\"width\":2048,\"height\":2048,\"caption\":\"Transports Rabouin\"},\"image\":{\"@id\":\"https:\/\/www.rabouin.com\/fr\/#\/schema\/logo\/image\/\"},\"sameAs\":[\"https:\/\/www.facebook.com\/Rabouin.Transports\",\"https:\/\/www.instagram.com\/transportsrabouin\/\",\"https:\/\/www.youtube.com\/channel\/UCuxRbZG6gnMMK8H8KNYiiSA\",\"https:\/\/www.linkedin.com\/company\/transports-rabouin-sas\",\"https:\/\/www.tiktok.com\/@transportsrabouin\"],\"founder\":{\"@type\":\"Person\",\"name\":\"Eric Rabouin\"},\"contactPoint\":{\"@type\":\"ContactPoint\",\"telephone\":\"+33240253700\",\"contactType\":\"customer service\",\"availableLanguage\":\"French\"}}]}<\/script>\n<!-- \/ Yoast SEO plugin. -->","yoast_head_json":{"title":"Transport v\u00e9hicules par camion Languedoc-Roussillon - Rabouin","description":"Sp\u00e9cialiste du transport de v\u00e9hicules, les Transports Rabouin assurent le transport de voitures par camion en Languedoc-Roussillon.","robots":{"index":"index","follow":"follow","max-snippet":"max-snippet:-1","max-image-preview":"max-image-preview:large","max-video-preview":"max-video-preview:-1"},"canonical":"https:\/\/www.rabouin.com\/fr\/transports-rabouin\/societe\/region-languedoc-roussillon\/","og_locale":"fr_FR","og_type":"article","og_title":"Transport v\u00e9hicules par camion Languedoc-Roussillon - Rabouin","og_description":"Sp\u00e9cialiste du transport de v\u00e9hicules, les Transports Rabouin assurent le transport de voitures par camion en Languedoc-Roussillon.","og_url":"https:\/\/www.rabouin.com\/fr\/transports-rabouin\/societe\/region-languedoc-roussillon\/","og_site_name":"Transports Rabouin","article_publisher":"https:\/\/www.facebook.com\/Rabouin.Transports","article_modified_time":"2023-08-30T12:25:42+00:00","og_image":[{"url":"https:\/\/www.rabouin.com\/wp-content\/uploads\/2017\/07\/region-languedoc-roussillon-300x193.jpg","type":"","width":"","height":""}],"twitter_card":"summary_large_image","twitter_site":"@transportsrabo1","twitter_misc":{"Dur\u00e9e de lecture estim\u00e9e":"3 minutes"},"schema":{"@context":"https:\/\/schema.org","@graph":[{"@type":"WebPage","@id":"https:\/\/www.rabouin.com\/fr\/transports-rabouin\/societe\/region-languedoc-roussillon#webpage","url":"https:\/\/www.rabouin.com\/fr\/transports-rabouin\/societe\/region-languedoc-roussillon\/","name":"Transport v\u00e9hicules par camion Languedoc-Roussillon - Rabouin","isPartOf":{"@id":"https:\/\/www.rabouin.com\/fr\/#website"},"primaryImageOfPage":{"@id":"https:\/\/www.rabouin.com\/fr\/transports-rabouin\/societe\/region-languedoc-roussillon\/#primaryimage"},"image":{"@id":"https:\/\/www.rabouin.com\/fr\/transports-rabouin\/societe\/region-languedoc-roussillon\/#primaryimage"},"thumbnailUrl":"https:\/\/www.rabouin.com\/wp-content\/uploads\/2017\/07\/region-languedoc-roussillon-300x193.jpg","datePublished":"2017-07-17T14:02:04+00:00","dateModified":"2023-08-30T12:25:42+00:00","description":"Sp\u00e9cialiste du transport de v\u00e9hicules, les Transports Rabouin assurent le transport de voitures par camion en Languedoc-Roussillon.","breadcrumb":{"@id":"https:\/\/www.rabouin.com\/fr\/transports-rabouin\/societe\/region-languedoc-roussillon\/#breadcrumb"},"inLanguage":"fr-FR","potentialAction":[{"@type":"ReadAction","target":["https:\/\/www.rabouin.com\/fr\/transports-rabouin\/societe\/region-languedoc-roussillon\/"]}]},{"@type":"ImageObject","inLanguage":"fr-FR","@id":"https:\/\/www.rabouin.com\/fr\/transports-rabouin\/societe\/region-languedoc-roussillon\/#primaryimage","url":"https:\/\/www.rabouin.com\/wp-content\/uploads\/2017\/07\/region-languedoc-roussillon-300x193.jpg","contentUrl":"https:\/\/www.rabouin.com\/wp-content\/uploads\/2017\/07\/region-languedoc-roussillon-300x193.jpg"},{"@type":"BreadcrumbList","@id":"https:\/\/www.rabouin.com\/fr\/transports-rabouin\/societe\/region-languedoc-roussillon\/#breadcrumb","itemListElement":[{"@type":"ListItem","position":1,"name":"Accueil","item":"https:\/\/www.rabouin.com\/fr\/"},{"@type":"ListItem","position":2,"name":"Transports Rabouin","item":"https:\/\/www.rabouin.com\/fr\/transports-rabouin\/"},{"@type":"ListItem","position":3,"name":"La soci\u00e9t\u00e9","item":"https:\/\/www.rabouin.com\/fr\/transports-rabouin\/societe\/"},{"@type":"ListItem","position":4,"name":"Transport de v\u00e9hicules en r\u00e9gion Languedoc-Roussillon"}]},{"@type":"WebSite","@id":"https:\/\/www.rabouin.com\/fr\/#website","url":"https:\/\/www.rabouin.com\/fr\/","name":"Transports Rabouin","description":"Garants de vos v\u00e9hicules","publisher":{"@id":"https:\/\/www.rabouin.com\/fr\/#organization"},"potentialAction":[{"@type":"SearchAction","target":{"@type":"EntryPoint","urlTemplate":"https:\/\/www.rabouin.com\/fr\/?s={search_term_string}"},"query-input":{"@type":"PropertyValueSpecification","valueRequired":true,"valueName":"search_term_string"}}],"inLanguage":"fr-FR"},{"@type":"Organization","@id":"https:\/\/www.rabouin.com\/fr\/#organization","name":"Transports Rabouin","alternateName":"Transports Rabouin","url":"https:\/\/www.rabouin.com\/fr\/","logo":{"@type":"ImageObject","inLanguage":"fr-FR","@id":"https:\/\/www.rabouin.com\/fr\/#\/schema\/logo\/image\/","url":"https:\/\/www.rabouin.com\/wp-content\/uploads\/2023\/08\/logo-rabouin.png","contentUrl":"https:\/\/www.rabouin.com\/wp-content\/uploads\/2023\/08\/logo-rabouin.png","width":2048,"height":2048,"caption":"Transports Rabouin"},"image":{"@id":"https:\/\/www.rabouin.com\/fr\/#\/schema\/logo\/image\/"},"sameAs":["https:\/\/www.facebook.com\/Rabouin.Transports","https:\/\/www.instagram.com\/transportsrabouin\/","https:\/\/www.youtube.com\/channel\/UCuxRbZG6gnMMK8H8KNYiiSA","https:\/\/www.linkedin.com\/company\/transports-rabouin-sas","https:\/\/www.tiktok.com\/@transportsrabouin"],"founder":{"@type":"Person","name":"Eric Rabouin"},"contactPoint":{"@type":"ContactPoint","telephone":"+33240253700","contactType":"customer service","availableLanguage":"French"}}]}},"_links":{"self":[{"href":"https:\/\/www.rabouin.com\/fr\/wp-json\/wp\/v2\/pages\/455","targetHints":{"allow":["GET"]}}],"collection":[{"href":"https:\/\/www.rabouin.com\/fr\/wp-json\/wp\/v2\/pages"}],"about":[{"href":"https:\/\/www.rabouin.com\/fr\/wp-json\/wp\/v2\/types\/page"}],"author":[{"embeddable":true,"href":"https:\/\/www.rabouin.com\/fr\/wp-json\/wp\/v2\/users\/2"}],"replies":[{"embeddable":true,"href":"https:\/\/www.rabouin.com\/fr\/wp-json\/wp\/v2\/comments?post=455"}],"version-history":[{"count":1,"href":"https:\/\/www.rabouin.com\/fr\/wp-json\/wp\/v2\/pages\/455\/revisions"}],"predecessor-version":[{"id":64206,"href":"https:\/\/www.rabouin.com\/fr\/wp-json\/wp\/v2\/pages\/455\/revisions\/64206"}],"up":[{"embeddable":true,"href":"https:\/\/www.rabouin.com\/fr\/wp-json\/wp\/v2\/pages\/106"}],"wp:attachment":[{"href":"https:\/\/www.rabouin.com\/fr\/wp-json\/wp\/v2\/media?parent=455"}],"curies":[{"name":"wp","href":"https:\/\/api.w.org\/{rel}","templated":true}]}}