{"id":459,"date":"2017-07-17T16:05:56","date_gmt":"2017-07-17T14:05:56","guid":{"rendered":"http:\/\/dev.transport-rabouin.com\/?page_id=459\/"},"modified":"2023-08-30T14:19:31","modified_gmt":"2023-08-30T12:19:31","slug":"region-midi-pyrenees","status":"publish","type":"page","link":"https:\/\/www.rabouin.com\/fr\/transports-rabouin\/societe\/region-midi-pyrenees\/","title":{"rendered":"Transport de v\u00e9hicules en r\u00e9gion Midi-Pyr\u00e9n\u00e9es"},"content":{"rendered":"<p><img loading=\"lazy\" decoding=\"async\" class=\"alignright size-medium wp-image-460\" src=\"https:\/\/www.rabouin.com\/wp-content\/uploads\/2017\/07\/region-midi-pyrenees-300x200.jpg\" alt=\"region-midi-pyrenees\" width=\"300\" height=\"200\" srcset=\"https:\/\/www.rabouin.com\/wp-content\/uploads\/2017\/07\/region-midi-pyrenees-300x200.jpg 300w, https:\/\/www.rabouin.com\/wp-content\/uploads\/2017\/07\/region-midi-pyrenees.jpg 360w\" sizes=\"auto, (max-width: 300px) 100vw, 300px\" \/>Deuxi\u00e8me plus grande r\u00e9gion de France, apr\u00e8s la Guyane, la r\u00e9gion Midi-Pyr\u00e9n\u00e9es couvre huit d\u00e9partements : l\u2019Ari\u00e8ge, l\u2019Aveyron, la Haute-Garonne, le Gers, le Lot, les Hautes-Pyr\u00e9n\u00e9es, le Tarn et le Tarn-et-Garonne.<br \/>\nChant\u00e9e par Claude Nougaro, Toulouse est l\u2019\u00e9picentre de cette r\u00e9gion, \u00e9picentre qui rayonne alentour sur des villes comme Albi, Montauban, Castres, Auch...<\/p>\n<p>&nbsp;<\/p>\n<table style=\"width: 100%; border-collapse: collapse;\">\n<tbody>\n<tr>\n<td style=\"width: 100%; background-color: #ededed; vertical-align: middle; padding: 30px; padding-bottom: 35px;\">\n<h3><strong>Besoin d'un transport de v\u00e9hicule \u00e0 Toulouse, Montauban, ou\u00a0 une autre ville du sud ouest de la France ?<\/strong><\/h3>\n<p>Pour conna\u00eetre les tarifs pour faire transporter un v\u00e9hicule depuis en r\u00e9gion Midi Pyr\u00e9n\u00e9es, faites une demande de devis en quelques clics. Notre \u00e9quipe vous apportera une r\u00e9ponse sous un d\u00e9lai maximum de 24h ouvr\u00e9es.<\/p>\n<p>&nbsp;<\/p>\n<table style=\"width: 201px; border-collapse: collapse; height: 56px; margin-left: auto; margin-right: auto;\">\n<tbody>\n<tr>\n<td style=\"width: 100%; border-radius: 5em; ; vertical-align: middle; padding: 15px; background-color: #00999e; text-align: center;\"><strong><a style=\"color: #ffffff;\" href=\"https:\/\/www.rabouin.com\/fr\/particuliers\/voiture\/\">Demander un devis<\/a><\/strong><\/td>\n<\/tr>\n<\/tbody>\n<\/table>\n<\/td>\n<\/tr>\n<\/tbody>\n<\/table>\n<h2><\/h2>\n<h2>Toulouse et son rayonnement international.<\/h2>\n<p>La ville rose ne saurait faire oublier que cette terre est \u00e9galement pays de gastronomie.<br \/>\nAinsi, on ne saurait ignorer le cassoulet de Castelnaudary, le Roquefort ou le Bleu des Causses, les cab\u00e9cous de Rocamadour, le gras-double de Castres, le fr\u00e9sinat de Mazamet, l\u2019azinat de Massat...<\/p>\n<p>Avec un r\u00e9seau routier national \u00e9quivalent au <strong>r\u00e9seau autoroutier - environ 650 km chacun<\/strong> -, la r\u00e9gion Midi Pyr\u00e9n\u00e9es offre, de Lourdes \u00e0 Millau, de Saint-C\u00e9r\u00e9 \u00e0 Foix, d\u2019Auch \u00e0 Rodez, une<strong> infrastructure routi\u00e8re dont la qualit\u00e9 est en constante am\u00e9lioration.<\/strong><\/p>\n<p>Au sein de la r\u00e9gion Midi-Pyr\u00e9n\u00e9es, les Transports Rabouin mettent tout leur sens du service \u00e0 disposition des donneurs d\u2019ordre r\u00e9gionaux ou nationaux qu\u2019ils soient constructeurs automobiles, concessionnaires, garagistes mais aussi amateurs de <a href=\"https:\/\/www.rabouin.com\/fr\/particuliers\/voiture-de-collection-et-de-prestige\/\">voitures anciennes<\/a> dont les rassemblements \u00e0 Bessi\u00e8res, Figeac, Gaillac ou Saint-Gaudens sont tr\u00e8s pris\u00e9s.<\/p>\n<p>Ainsi, les Transports Rabouin vous proposent leur expertise en rapatriement de tous types de v\u00e9hicules aussi bien pour les particuliers que pour <a href=\"https:\/\/www.rabouin.com\/fr\/professionnels\/\">les professionnels de l'automobile<\/a>.<\/p>\n<p>Nous transportons \u00e9galement des v\u00e9hicules dans toutes les autres r\u00e9gions fran\u00e7aises :<\/p>\n<p><a href=\"https:\/\/www.rabouin.com\/fr\/transports-rabouin\/societe\/region-paca-provence-alpes-cote-d-azur\/\">Transport de voiture \u00e0 Marseille ou r\u00e9gion PACA<\/a><br \/>\n<a href=\"https:\/\/www.rabouin.com\/fr\/transports-rabouin\/societe\/region-alsace\/\">Transport de voiture en Alsace<\/a><br \/>\n<a href=\"https:\/\/www.rabouin.com\/fr\/transports-rabouin\/societe\/region-bretagne\/\">Transport de voiture en Bretagne<\/a><br \/>\n<a href=\"https:\/\/www.rabouin.com\/fr\/transports-rabouin\/societe\/region-rhone-alpes\/\">Transport de voiture dans la r\u00e9gion Rh\u00f4ne Alpes<\/a><br \/>\n<a href=\"https:\/\/www.rabouin.com\/fr\/transports-rabouin\/societe\/region-aquitaine\/\">Transport de voiture en Aquitaine<\/a><br \/>\n<a href=\"https:\/\/www.rabouin.com\/fr\/transports-rabouin\/societe\/region-languedoc-roussillon\/\">Transport de voiture Languedoc Roussillon<\/a><br \/>\n<a href=\"https:\/\/www.rabouin.com\/fr\/transports-rabouin\/societe\/region-ile-de-france\/\">Transport voiture \u00e0 Paris<\/a><br \/>\n<a href=\"https:\/\/www.rabouin.com\/fr\/transports-rabouin\/societe\/region-pays-de-la-loire\/\">Transport de voiture \u00e0 Nantes ou Pays de Loire<\/a><\/p>\n<p>Vous avez des questions concernant le transport de v\u00e9hicules par camion ? <a href=\"https:\/\/www.rabouin.com\/fr\/faq\/\">Consultez notre FAQ<\/a><\/p>\n","protected":false},"excerpt":{"rendered":"<p>Deuxi\u00e8me plus grande r\u00e9gion de France, apr\u00e8s la Guyane, la r\u00e9gion Midi-Pyr\u00e9n\u00e9es couvre huit d\u00e9partements : l\u2019Ari\u00e8ge, l\u2019Aveyron, la Haute-Garonne, le Gers, le Lot, les Hautes-Pyr\u00e9n\u00e9es, le Tarn et le Tarn-et-Garonne. Chant\u00e9e par Claude Nougaro, Toulouse est l\u2019\u00e9picentre de cette r\u00e9gion, \u00e9picentre qui rayonne alentour sur des villes comme Albi, Montauban, Castres, Auch&#8230; &nbsp; Besoin &hellip;<\/p>\n","protected":false},"author":2,"featured_media":0,"parent":106,"menu_order":0,"comment_status":"closed","ping_status":"closed","template":"","meta":{"_acf_changed":false,"footnotes":""},"class_list":["post-459","page","type-page","status-publish","hentry"],"acf":[],"yoast_head":"<!-- This site is optimized with the Yoast SEO plugin v25.3.1 - https:\/\/yoast.com\/wordpress\/plugins\/seo\/ -->\n<title>Transport de voitures par camion Midi-Pyr\u00e9n\u00e9es - Rabouin<\/title>\n<meta name=\"description\" content=\"Sp\u00e9cialiste du transport de v\u00e9hicules particuliers et professionnels. Rabouin assurent le transport de voitures par camion en Midi-Pyr\u00e9n\u00e9es.\" \/>\n<meta name=\"robots\" content=\"index, follow, max-snippet:-1, max-image-preview:large, max-video-preview:-1\" \/>\n<link rel=\"canonical\" href=\"https:\/\/www.rabouin.com\/fr\/transports-rabouin\/societe\/region-midi-pyrenees\/\" \/>\n<meta property=\"og:locale\" content=\"fr_FR\" \/>\n<meta property=\"og:type\" content=\"article\" \/>\n<meta property=\"og:title\" content=\"Transport de voitures par camion Midi-Pyr\u00e9n\u00e9es - Rabouin\" \/>\n<meta property=\"og:description\" content=\"Sp\u00e9cialiste du transport de v\u00e9hicules particuliers et professionnels. Rabouin assurent le transport de voitures par camion en Midi-Pyr\u00e9n\u00e9es.\" \/>\n<meta property=\"og:url\" content=\"https:\/\/www.rabouin.com\/fr\/transports-rabouin\/societe\/region-midi-pyrenees\/\" \/>\n<meta property=\"og:site_name\" content=\"Transports Rabouin\" \/>\n<meta property=\"article:publisher\" content=\"https:\/\/www.facebook.com\/Rabouin.Transports\" \/>\n<meta property=\"article:modified_time\" content=\"2023-08-30T12:19:31+00:00\" \/>\n<meta property=\"og:image\" content=\"https:\/\/www.rabouin.com\/wp-content\/uploads\/2017\/07\/region-midi-pyrenees-300x200.jpg\" \/>\n<meta name=\"twitter:card\" content=\"summary_large_image\" \/>\n<meta name=\"twitter:site\" content=\"@transportsrabo1\" \/>\n<meta name=\"twitter:label1\" content=\"Dur\u00e9e de lecture estim\u00e9e\" \/>\n\t<meta name=\"twitter:data1\" content=\"2 minutes\" \/>\n<script type=\"application\/ld+json\" class=\"yoast-schema-graph\">{\"@context\":\"https:\/\/schema.org\",\"@graph\":[{\"@type\":\"WebPage\",\"@id\":\"https:\/\/www.rabouin.com\/fr\/transports-rabouin\/societe\/region-midi-pyrenees#webpage\",\"url\":\"https:\/\/www.rabouin.com\/fr\/transports-rabouin\/societe\/region-midi-pyrenees\/\",\"name\":\"Transport de voitures par camion Midi-Pyr\u00e9n\u00e9es - Rabouin\",\"isPartOf\":{\"@id\":\"https:\/\/www.rabouin.com\/fr\/#website\"},\"primaryImageOfPage\":{\"@id\":\"https:\/\/www.rabouin.com\/fr\/transports-rabouin\/societe\/region-midi-pyrenees\/#primaryimage\"},\"image\":{\"@id\":\"https:\/\/www.rabouin.com\/fr\/transports-rabouin\/societe\/region-midi-pyrenees\/#primaryimage\"},\"thumbnailUrl\":\"https:\/\/www.rabouin.com\/wp-content\/uploads\/2017\/07\/region-midi-pyrenees-300x200.jpg\",\"datePublished\":\"2017-07-17T14:05:56+00:00\",\"dateModified\":\"2023-08-30T12:19:31+00:00\",\"description\":\"Sp\u00e9cialiste du transport de v\u00e9hicules particuliers et professionnels. Rabouin assurent le transport de voitures par camion en Midi-Pyr\u00e9n\u00e9es.\",\"breadcrumb\":{\"@id\":\"https:\/\/www.rabouin.com\/fr\/transports-rabouin\/societe\/region-midi-pyrenees\/#breadcrumb\"},\"inLanguage\":\"fr-FR\",\"potentialAction\":[{\"@type\":\"ReadAction\",\"target\":[\"https:\/\/www.rabouin.com\/fr\/transports-rabouin\/societe\/region-midi-pyrenees\/\"]}]},{\"@type\":\"ImageObject\",\"inLanguage\":\"fr-FR\",\"@id\":\"https:\/\/www.rabouin.com\/fr\/transports-rabouin\/societe\/region-midi-pyrenees\/#primaryimage\",\"url\":\"https:\/\/www.rabouin.com\/wp-content\/uploads\/2017\/07\/region-midi-pyrenees-300x200.jpg\",\"contentUrl\":\"https:\/\/www.rabouin.com\/wp-content\/uploads\/2017\/07\/region-midi-pyrenees-300x200.jpg\"},{\"@type\":\"BreadcrumbList\",\"@id\":\"https:\/\/www.rabouin.com\/fr\/transports-rabouin\/societe\/region-midi-pyrenees\/#breadcrumb\",\"itemListElement\":[{\"@type\":\"ListItem\",\"position\":1,\"name\":\"Accueil\",\"item\":\"https:\/\/www.rabouin.com\/fr\/\"},{\"@type\":\"ListItem\",\"position\":2,\"name\":\"Transports Rabouin\",\"item\":\"https:\/\/www.rabouin.com\/fr\/transports-rabouin\/\"},{\"@type\":\"ListItem\",\"position\":3,\"name\":\"La soci\u00e9t\u00e9\",\"item\":\"https:\/\/www.rabouin.com\/fr\/transports-rabouin\/societe\/\"},{\"@type\":\"ListItem\",\"position\":4,\"name\":\"Transport de v\u00e9hicules en r\u00e9gion Midi-Pyr\u00e9n\u00e9es\"}]},{\"@type\":\"WebSite\",\"@id\":\"https:\/\/www.rabouin.com\/fr\/#website\",\"url\":\"https:\/\/www.rabouin.com\/fr\/\",\"name\":\"Transports Rabouin\",\"description\":\"Garants de vos v\u00e9hicules\",\"publisher\":{\"@id\":\"https:\/\/www.rabouin.com\/fr\/#organization\"},\"potentialAction\":[{\"@type\":\"SearchAction\",\"target\":{\"@type\":\"EntryPoint\",\"urlTemplate\":\"https:\/\/www.rabouin.com\/fr\/?s={search_term_string}\"},\"query-input\":{\"@type\":\"PropertyValueSpecification\",\"valueRequired\":true,\"valueName\":\"search_term_string\"}}],\"inLanguage\":\"fr-FR\"},{\"@type\":\"Organization\",\"@id\":\"https:\/\/www.rabouin.com\/fr\/#organization\",\"name\":\"Transports Rabouin\",\"alternateName\":\"Transports Rabouin\",\"url\":\"https:\/\/www.rabouin.com\/fr\/\",\"logo\":{\"@type\":\"ImageObject\",\"inLanguage\":\"fr-FR\",\"@id\":\"https:\/\/www.rabouin.com\/fr\/#\/schema\/logo\/image\/\",\"url\":\"https:\/\/www.rabouin.com\/wp-content\/uploads\/2023\/08\/logo-rabouin.png\",\"contentUrl\":\"https:\/\/www.rabouin.com\/wp-content\/uploads\/2023\/08\/logo-rabouin.png\",\"width\":2048,\"height\":2048,\"caption\":\"Transports Rabouin\"},\"image\":{\"@id\":\"https:\/\/www.rabouin.com\/fr\/#\/schema\/logo\/image\/\"},\"sameAs\":[\"https:\/\/www.facebook.com\/Rabouin.Transports\",\"https:\/\/www.instagram.com\/transportsrabouin\/\",\"https:\/\/www.youtube.com\/channel\/UCuxRbZG6gnMMK8H8KNYiiSA\",\"https:\/\/www.linkedin.com\/company\/transports-rabouin-sas\",\"https:\/\/www.tiktok.com\/@transportsrabouin\"],\"founder\":{\"@type\":\"Person\",\"name\":\"Eric Rabouin\"},\"contactPoint\":{\"@type\":\"ContactPoint\",\"telephone\":\"+33240253700\",\"contactType\":\"customer service\",\"availableLanguage\":\"French\"}}]}<\/script>\n<!-- \/ Yoast SEO plugin. -->","yoast_head_json":{"title":"Transport de voitures par camion Midi-Pyr\u00e9n\u00e9es - Rabouin","description":"Sp\u00e9cialiste du transport de v\u00e9hicules particuliers et professionnels. Rabouin assurent le transport de voitures par camion en Midi-Pyr\u00e9n\u00e9es.","robots":{"index":"index","follow":"follow","max-snippet":"max-snippet:-1","max-image-preview":"max-image-preview:large","max-video-preview":"max-video-preview:-1"},"canonical":"https:\/\/www.rabouin.com\/fr\/transports-rabouin\/societe\/region-midi-pyrenees\/","og_locale":"fr_FR","og_type":"article","og_title":"Transport de voitures par camion Midi-Pyr\u00e9n\u00e9es - Rabouin","og_description":"Sp\u00e9cialiste du transport de v\u00e9hicules particuliers et professionnels. Rabouin assurent le transport de voitures par camion en Midi-Pyr\u00e9n\u00e9es.","og_url":"https:\/\/www.rabouin.com\/fr\/transports-rabouin\/societe\/region-midi-pyrenees\/","og_site_name":"Transports Rabouin","article_publisher":"https:\/\/www.facebook.com\/Rabouin.Transports","article_modified_time":"2023-08-30T12:19:31+00:00","og_image":[{"url":"https:\/\/www.rabouin.com\/wp-content\/uploads\/2017\/07\/region-midi-pyrenees-300x200.jpg","type":"","width":"","height":""}],"twitter_card":"summary_large_image","twitter_site":"@transportsrabo1","twitter_misc":{"Dur\u00e9e de lecture estim\u00e9e":"2 minutes"},"schema":{"@context":"https:\/\/schema.org","@graph":[{"@type":"WebPage","@id":"https:\/\/www.rabouin.com\/fr\/transports-rabouin\/societe\/region-midi-pyrenees#webpage","url":"https:\/\/www.rabouin.com\/fr\/transports-rabouin\/societe\/region-midi-pyrenees\/","name":"Transport de voitures par camion Midi-Pyr\u00e9n\u00e9es - Rabouin","isPartOf":{"@id":"https:\/\/www.rabouin.com\/fr\/#website"},"primaryImageOfPage":{"@id":"https:\/\/www.rabouin.com\/fr\/transports-rabouin\/societe\/region-midi-pyrenees\/#primaryimage"},"image":{"@id":"https:\/\/www.rabouin.com\/fr\/transports-rabouin\/societe\/region-midi-pyrenees\/#primaryimage"},"thumbnailUrl":"https:\/\/www.rabouin.com\/wp-content\/uploads\/2017\/07\/region-midi-pyrenees-300x200.jpg","datePublished":"2017-07-17T14:05:56+00:00","dateModified":"2023-08-30T12:19:31+00:00","description":"Sp\u00e9cialiste du transport de v\u00e9hicules particuliers et professionnels. Rabouin assurent le transport de voitures par camion en Midi-Pyr\u00e9n\u00e9es.","breadcrumb":{"@id":"https:\/\/www.rabouin.com\/fr\/transports-rabouin\/societe\/region-midi-pyrenees\/#breadcrumb"},"inLanguage":"fr-FR","potentialAction":[{"@type":"ReadAction","target":["https:\/\/www.rabouin.com\/fr\/transports-rabouin\/societe\/region-midi-pyrenees\/"]}]},{"@type":"ImageObject","inLanguage":"fr-FR","@id":"https:\/\/www.rabouin.com\/fr\/transports-rabouin\/societe\/region-midi-pyrenees\/#primaryimage","url":"https:\/\/www.rabouin.com\/wp-content\/uploads\/2017\/07\/region-midi-pyrenees-300x200.jpg","contentUrl":"https:\/\/www.rabouin.com\/wp-content\/uploads\/2017\/07\/region-midi-pyrenees-300x200.jpg"},{"@type":"BreadcrumbList","@id":"https:\/\/www.rabouin.com\/fr\/transports-rabouin\/societe\/region-midi-pyrenees\/#breadcrumb","itemListElement":[{"@type":"ListItem","position":1,"name":"Accueil","item":"https:\/\/www.rabouin.com\/fr\/"},{"@type":"ListItem","position":2,"name":"Transports Rabouin","item":"https:\/\/www.rabouin.com\/fr\/transports-rabouin\/"},{"@type":"ListItem","position":3,"name":"La soci\u00e9t\u00e9","item":"https:\/\/www.rabouin.com\/fr\/transports-rabouin\/societe\/"},{"@type":"ListItem","position":4,"name":"Transport de v\u00e9hicules en r\u00e9gion Midi-Pyr\u00e9n\u00e9es"}]},{"@type":"WebSite","@id":"https:\/\/www.rabouin.com\/fr\/#website","url":"https:\/\/www.rabouin.com\/fr\/","name":"Transports Rabouin","description":"Garants de vos v\u00e9hicules","publisher":{"@id":"https:\/\/www.rabouin.com\/fr\/#organization"},"potentialAction":[{"@type":"SearchAction","target":{"@type":"EntryPoint","urlTemplate":"https:\/\/www.rabouin.com\/fr\/?s={search_term_string}"},"query-input":{"@type":"PropertyValueSpecification","valueRequired":true,"valueName":"search_term_string"}}],"inLanguage":"fr-FR"},{"@type":"Organization","@id":"https:\/\/www.rabouin.com\/fr\/#organization","name":"Transports Rabouin","alternateName":"Transports Rabouin","url":"https:\/\/www.rabouin.com\/fr\/","logo":{"@type":"ImageObject","inLanguage":"fr-FR","@id":"https:\/\/www.rabouin.com\/fr\/#\/schema\/logo\/image\/","url":"https:\/\/www.rabouin.com\/wp-content\/uploads\/2023\/08\/logo-rabouin.png","contentUrl":"https:\/\/www.rabouin.com\/wp-content\/uploads\/2023\/08\/logo-rabouin.png","width":2048,"height":2048,"caption":"Transports Rabouin"},"image":{"@id":"https:\/\/www.rabouin.com\/fr\/#\/schema\/logo\/image\/"},"sameAs":["https:\/\/www.facebook.com\/Rabouin.Transports","https:\/\/www.instagram.com\/transportsrabouin\/","https:\/\/www.youtube.com\/channel\/UCuxRbZG6gnMMK8H8KNYiiSA","https:\/\/www.linkedin.com\/company\/transports-rabouin-sas","https:\/\/www.tiktok.com\/@transportsrabouin"],"founder":{"@type":"Person","name":"Eric Rabouin"},"contactPoint":{"@type":"ContactPoint","telephone":"+33240253700","contactType":"customer service","availableLanguage":"French"}}]}},"_links":{"self":[{"href":"https:\/\/www.rabouin.com\/fr\/wp-json\/wp\/v2\/pages\/459","targetHints":{"allow":["GET"]}}],"collection":[{"href":"https:\/\/www.rabouin.com\/fr\/wp-json\/wp\/v2\/pages"}],"about":[{"href":"https:\/\/www.rabouin.com\/fr\/wp-json\/wp\/v2\/types\/page"}],"author":[{"embeddable":true,"href":"https:\/\/www.rabouin.com\/fr\/wp-json\/wp\/v2\/users\/2"}],"replies":[{"embeddable":true,"href":"https:\/\/www.rabouin.com\/fr\/wp-json\/wp\/v2\/comments?post=459"}],"version-history":[{"count":1,"href":"https:\/\/www.rabouin.com\/fr\/wp-json\/wp\/v2\/pages\/459\/revisions"}],"predecessor-version":[{"id":64203,"href":"https:\/\/www.rabouin.com\/fr\/wp-json\/wp\/v2\/pages\/459\/revisions\/64203"}],"up":[{"embeddable":true,"href":"https:\/\/www.rabouin.com\/fr\/wp-json\/wp\/v2\/pages\/106"}],"wp:attachment":[{"href":"https:\/\/www.rabouin.com\/fr\/wp-json\/wp\/v2\/media?parent=459"}],"curies":[{"name":"wp","href":"https:\/\/api.w.org\/{rel}","templated":true}]}}