{"id":467,"date":"2017-07-17T16:12:51","date_gmt":"2017-07-17T14:12:51","guid":{"rendered":"http:\/\/dev.transport-rabouin.com\/?page_id=467\/"},"modified":"2023-08-30T14:08:58","modified_gmt":"2023-08-30T12:08:58","slug":"region-pays-de-la-loire","status":"publish","type":"page","link":"https:\/\/www.rabouin.com\/fr\/transports-rabouin\/societe\/region-pays-de-la-loire\/","title":{"rendered":"Transport de v\u00e9hicules en r\u00e9gion Pays de la Loire"},"content":{"rendered":"<p><img loading=\"lazy\" decoding=\"async\" class=\"alignright size-medium wp-image-472\" src=\"https:\/\/www.rabouin.com\/wp-content\/uploads\/2017\/07\/region-pays-de-la-loire-300x200.jpg\" alt=\"region-pays-de-la-loire\" width=\"300\" height=\"200\" srcset=\"https:\/\/www.rabouin.com\/wp-content\/uploads\/2017\/07\/region-pays-de-la-loire-300x200.jpg 300w, https:\/\/www.rabouin.com\/wp-content\/uploads\/2017\/07\/region-pays-de-la-loire.jpg 360w\" sizes=\"auto, (max-width: 300px) 100vw, 300px\" \/><br \/>\nC\u00f4te atlantique ou douceur lig\u00e9rienne, bocage mayennais ou vallonnements du Perche, marais vend\u00e9ens ou troglodytes du saumurois, les Pays de la Loire rec\u00e8lent une vari\u00e9t\u00e9 infinie de paysages.<\/p>\n<h2>Terre de bien vivre<\/h2>\n<p>Il suffit de longer la Loire, du pays nantais aux portes de la Touraine, pour mesurer que Muscadet des Coteaux de la Loire, vins des Coteaux d\u2019Ancenis, Savenni\u00e8res, Coteaux du Layon, vins d\u2019Anjou ou de Saumur mais aussi vins de Mareuil, Pissotte ou Fiefs vend\u00e9ens, tous les plaisirs de la \u201cdive bouteille\u201d sont bien \u00e9videmment \u00e0 appr\u00e9cier avec mod\u00e9ration.<br \/>\nMais la r\u00e9gion se caract\u00e9rise aussi par son dynamisme \u00e9conomique. L\u2019agglom\u00e9ration nantaise est un p\u00f4le attractif, bien s\u00fbr, mais il ne saurait faire oublier le formidable tissu d\u2019entreprises vend\u00e9ennes qui, de La Roche-sur-Yon aux Sables d\u2019Olonne, de Challans \u00e0 Fontenay-le-Comte, est preuve d\u2019une vitalit\u00e9 incessante avec des enseignes comme Fleury-Michon, Cougnaud, B\u00e9n\u00e9teau, Jeanneau...<br \/>\nEt de Laval au Mans, l\u2019\u00e9quilibre s\u2019\u00e9tablit entre activit\u00e9s li\u00e9es au monde agricole (\u00e9levage, agro-alimentaire...) et \u00e0 l\u2019industrie.<\/p>\n<p>Les d\u00e9placements au sein des Pays de la Loire, de Saint-Nazaire \u00e0 La Fl\u00e8che, de Cholet \u00e0 Mayenne, de La Baule \u00e0 Ch\u00e2teaubriant... sont fluides et irrigu\u00e9s par un r\u00e9seau de routes nationales de pr\u00e8s de 500 km dont 280 km sont \u00e0 2 x 2 voies et de 660 km d\u2019autoroutes.<\/p>\n<p>C\u2019est au c\u0153ur de cette r\u00e9gion que les Transports Rabouin ont \u00e9lu domicile dans la commune du Cellier, \u00e0 mi-chemin entre Nantes et Ancenis.<br \/>\nConcessions automobiles, loueurs, garagistes... les Transports Rabouin d\u00e9ploient toute la comp\u00e9tence de ses \u00e9quipes afin que le convoyage de vos v\u00e9hicules se fasse dans les meilleures conditions, que ce soient des <a href=\"https:\/\/www.rabouin.com\/fr\/particuliers\/vehicule-utilitaire\/\">v\u00e9hicules professionnels<\/a>, des <a href=\"https:\/\/www.rabouin.com\/fr\/particuliers\/voiture-de-collection-et-de-prestige\/\">voitures de collection<\/a> ou des v\u00e9hicules \u00e0 usage personnel. Pour b\u00e9n\u00e9ficier du service personnalis\u00e9 des Transports Rabouin, n\u2019h\u00e9sitez pas \u00e0 faire part de votre probl\u00e9matique de convoyage via <a href=\"https:\/\/www.rabouin.com\/fr\/demande-de-devis\/\">le formulaire de devis<\/a>.<\/p>\n<p>&nbsp;<\/p>\n<table style=\"width: 100%; border-collapse: collapse;\">\n<tbody>\n<tr>\n<td style=\"width: 100%; background-color: #ededed; vertical-align: middle; padding: 30px; padding-bottom: 35px;\">\n<h3><strong>Demander un transport de v\u00e9hicules en r\u00e9gion Pays de la Loire<\/strong><\/h3>\n<p>Vous souhaitez conna\u00eetre les tarifs pour faire transporter un v\u00e9hicule depuis ou vers la r\u00e9gion Pays de la Loire ? Envoyez votre demande de devis. Notre \u00e9quipe vous apportera une r\u00e9ponse sous un d\u00e9lai maximum de 24h ouvr\u00e9es.<\/p>\n<p>&nbsp;<\/p>\n<table style=\"width: 201px; border-collapse: collapse; height: 56px; margin-left: auto; margin-right: auto;\">\n<tbody>\n<tr>\n<td style=\"width: 100%; border-radius: 5em; ; vertical-align: middle; padding: 15px; background-color: #00999e; text-align: center;\"><strong><a style=\"color: #ffffff;\" href=\"https:\/\/www.rabouin.com\/fr\/particuliers\/voiture\/\">Demander un devis<\/a><\/strong><\/td>\n<\/tr>\n<\/tbody>\n<\/table>\n<\/td>\n<\/tr>\n<\/tbody>\n<\/table>\n<p>&nbsp;<\/p>\n<p>Nous transportons \u00e9galement des v\u00e9hicules dans toutes les autres r\u00e9gions fran\u00e7aises :<\/p>\n<p><a href=\"https:\/\/www.rabouin.com\/fr\/transports-rabouin\/societe\/region-paca-provence-alpes-cote-d-azur\/\">Transport de voiture \u00e0 Marseille ou r\u00e9gion PACA<\/a><br \/>\n<a href=\"https:\/\/www.rabouin.com\/fr\/transports-rabouin\/societe\/region-alsace\/\">Transport de voiture en Alsace<\/a><br \/>\n<a href=\"https:\/\/www.rabouin.com\/fr\/transports-rabouin\/societe\/region-bretagne\/\">Transport de voiture en Bretagne<\/a><br \/>\n<a href=\"https:\/\/www.rabouin.com\/fr\/transports-rabouin\/societe\/region-rhone-alpes\/\">Transport de voiture dans la r\u00e9gion Rh\u00f4ne Alpes<\/a><br \/>\n<a href=\"https:\/\/www.rabouin.com\/fr\/transports-rabouin\/societe\/region-midi-pyrenees\/\">Transport de voiture \u00e0 Toulouse et Midi Pyr\u00e9n\u00e9es<\/a><br \/>\n<a href=\"https:\/\/www.rabouin.com\/fr\/transports-rabouin\/societe\/region-languedoc-roussillon\/\">Transport de voiture Languedoc Roussillon<\/a><br \/>\n<a href=\"https:\/\/www.rabouin.com\/fr\/transports-rabouin\/societe\/region-ile-de-france\/\">Transport voiture \u00e0 Paris<\/a><br \/>\n<a href=\"https:\/\/www.rabouin.com\/fr\/transports-rabouin\/societe\/region-aquitaine\/\">Transport de voiture en Aquitaine<\/a><\/p>\n<p>Vous avez des questions concernant le transport de v\u00e9hicules par camion ? <a href=\"https:\/\/www.rabouin.com\/fr\/faq\/\">Consultez notre FAQ<\/a><\/p>\n","protected":false},"excerpt":{"rendered":"<p>C\u00f4te atlantique ou douceur lig\u00e9rienne, bocage mayennais ou vallonnements du Perche, marais vend\u00e9ens ou troglodytes du saumurois, les Pays de la Loire rec\u00e8lent une vari\u00e9t\u00e9 infinie de paysages. Terre de bien vivre Il suffit de longer la Loire, du pays nantais aux portes de la Touraine, pour mesurer que Muscadet des Coteaux de la Loire, &hellip;<\/p>\n","protected":false},"author":2,"featured_media":0,"parent":106,"menu_order":0,"comment_status":"closed","ping_status":"closed","template":"","meta":{"_acf_changed":false,"footnotes":""},"class_list":["post-467","page","type-page","status-publish","hentry"],"acf":[],"yoast_head":"<!-- This site is optimized with the Yoast SEO plugin v25.3.1 - https:\/\/yoast.com\/wordpress\/plugins\/seo\/ -->\n<title>Transport de v\u00e9hicules par camion Pays-de-la-Loire - Rabouin<\/title>\n<meta name=\"description\" content=\"Transport de v\u00e9hicules particuliers et professionnels. Rabouin assure le transport de voitures par camion en Pays-de-la-Loire.\" \/>\n<meta name=\"robots\" content=\"index, follow, max-snippet:-1, max-image-preview:large, max-video-preview:-1\" \/>\n<link rel=\"canonical\" href=\"https:\/\/www.rabouin.com\/fr\/transports-rabouin\/societe\/region-pays-de-la-loire\/\" \/>\n<meta property=\"og:locale\" content=\"fr_FR\" \/>\n<meta property=\"og:type\" content=\"article\" \/>\n<meta property=\"og:title\" content=\"Transport de v\u00e9hicules par camion Pays-de-la-Loire - Rabouin\" \/>\n<meta property=\"og:description\" content=\"Transport de v\u00e9hicules particuliers et professionnels. Rabouin assure le transport de voitures par camion en Pays-de-la-Loire.\" \/>\n<meta property=\"og:url\" content=\"https:\/\/www.rabouin.com\/fr\/transports-rabouin\/societe\/region-pays-de-la-loire\/\" \/>\n<meta property=\"og:site_name\" content=\"Transports Rabouin\" \/>\n<meta property=\"article:publisher\" content=\"https:\/\/www.facebook.com\/Rabouin.Transports\" \/>\n<meta property=\"article:modified_time\" content=\"2023-08-30T12:08:58+00:00\" \/>\n<meta property=\"og:image\" content=\"https:\/\/www.rabouin.com\/wp-content\/uploads\/2017\/07\/region-pays-de-la-loire-300x200.jpg\" \/>\n<meta name=\"twitter:card\" content=\"summary_large_image\" \/>\n<meta name=\"twitter:site\" content=\"@transportsrabo1\" \/>\n<meta name=\"twitter:label1\" content=\"Dur\u00e9e de lecture estim\u00e9e\" \/>\n\t<meta name=\"twitter:data1\" content=\"3 minutes\" \/>\n<script type=\"application\/ld+json\" class=\"yoast-schema-graph\">{\"@context\":\"https:\/\/schema.org\",\"@graph\":[{\"@type\":\"WebPage\",\"@id\":\"https:\/\/www.rabouin.com\/fr\/transports-rabouin\/societe\/region-pays-de-la-loire#webpage\",\"url\":\"https:\/\/www.rabouin.com\/fr\/transports-rabouin\/societe\/region-pays-de-la-loire\/\",\"name\":\"Transport de v\u00e9hicules par camion Pays-de-la-Loire - Rabouin\",\"isPartOf\":{\"@id\":\"https:\/\/www.rabouin.com\/fr\/#website\"},\"primaryImageOfPage\":{\"@id\":\"https:\/\/www.rabouin.com\/fr\/transports-rabouin\/societe\/region-pays-de-la-loire\/#primaryimage\"},\"image\":{\"@id\":\"https:\/\/www.rabouin.com\/fr\/transports-rabouin\/societe\/region-pays-de-la-loire\/#primaryimage\"},\"thumbnailUrl\":\"https:\/\/www.rabouin.com\/wp-content\/uploads\/2017\/07\/region-pays-de-la-loire-300x200.jpg\",\"datePublished\":\"2017-07-17T14:12:51+00:00\",\"dateModified\":\"2023-08-30T12:08:58+00:00\",\"description\":\"Transport de v\u00e9hicules particuliers et professionnels. Rabouin assure le transport de voitures par camion en Pays-de-la-Loire.\",\"breadcrumb\":{\"@id\":\"https:\/\/www.rabouin.com\/fr\/transports-rabouin\/societe\/region-pays-de-la-loire\/#breadcrumb\"},\"inLanguage\":\"fr-FR\",\"potentialAction\":[{\"@type\":\"ReadAction\",\"target\":[\"https:\/\/www.rabouin.com\/fr\/transports-rabouin\/societe\/region-pays-de-la-loire\/\"]}]},{\"@type\":\"ImageObject\",\"inLanguage\":\"fr-FR\",\"@id\":\"https:\/\/www.rabouin.com\/fr\/transports-rabouin\/societe\/region-pays-de-la-loire\/#primaryimage\",\"url\":\"https:\/\/www.rabouin.com\/wp-content\/uploads\/2017\/07\/region-pays-de-la-loire-300x200.jpg\",\"contentUrl\":\"https:\/\/www.rabouin.com\/wp-content\/uploads\/2017\/07\/region-pays-de-la-loire-300x200.jpg\"},{\"@type\":\"BreadcrumbList\",\"@id\":\"https:\/\/www.rabouin.com\/fr\/transports-rabouin\/societe\/region-pays-de-la-loire\/#breadcrumb\",\"itemListElement\":[{\"@type\":\"ListItem\",\"position\":1,\"name\":\"Accueil\",\"item\":\"https:\/\/www.rabouin.com\/fr\/\"},{\"@type\":\"ListItem\",\"position\":2,\"name\":\"Transports Rabouin\",\"item\":\"https:\/\/www.rabouin.com\/fr\/transports-rabouin\/\"},{\"@type\":\"ListItem\",\"position\":3,\"name\":\"La soci\u00e9t\u00e9\",\"item\":\"https:\/\/www.rabouin.com\/fr\/transports-rabouin\/societe\/\"},{\"@type\":\"ListItem\",\"position\":4,\"name\":\"Transport de v\u00e9hicules en r\u00e9gion Pays de la Loire\"}]},{\"@type\":\"WebSite\",\"@id\":\"https:\/\/www.rabouin.com\/fr\/#website\",\"url\":\"https:\/\/www.rabouin.com\/fr\/\",\"name\":\"Transports Rabouin\",\"description\":\"Garants de vos v\u00e9hicules\",\"publisher\":{\"@id\":\"https:\/\/www.rabouin.com\/fr\/#organization\"},\"potentialAction\":[{\"@type\":\"SearchAction\",\"target\":{\"@type\":\"EntryPoint\",\"urlTemplate\":\"https:\/\/www.rabouin.com\/fr\/?s={search_term_string}\"},\"query-input\":{\"@type\":\"PropertyValueSpecification\",\"valueRequired\":true,\"valueName\":\"search_term_string\"}}],\"inLanguage\":\"fr-FR\"},{\"@type\":\"Organization\",\"@id\":\"https:\/\/www.rabouin.com\/fr\/#organization\",\"name\":\"Transports Rabouin\",\"alternateName\":\"Transports Rabouin\",\"url\":\"https:\/\/www.rabouin.com\/fr\/\",\"logo\":{\"@type\":\"ImageObject\",\"inLanguage\":\"fr-FR\",\"@id\":\"https:\/\/www.rabouin.com\/fr\/#\/schema\/logo\/image\/\",\"url\":\"https:\/\/www.rabouin.com\/wp-content\/uploads\/2023\/08\/logo-rabouin.png\",\"contentUrl\":\"https:\/\/www.rabouin.com\/wp-content\/uploads\/2023\/08\/logo-rabouin.png\",\"width\":2048,\"height\":2048,\"caption\":\"Transports Rabouin\"},\"image\":{\"@id\":\"https:\/\/www.rabouin.com\/fr\/#\/schema\/logo\/image\/\"},\"sameAs\":[\"https:\/\/www.facebook.com\/Rabouin.Transports\",\"https:\/\/www.instagram.com\/transportsrabouin\/\",\"https:\/\/www.youtube.com\/channel\/UCuxRbZG6gnMMK8H8KNYiiSA\",\"https:\/\/www.linkedin.com\/company\/transports-rabouin-sas\",\"https:\/\/www.tiktok.com\/@transportsrabouin\"],\"founder\":{\"@type\":\"Person\",\"name\":\"Eric Rabouin\"},\"contactPoint\":{\"@type\":\"ContactPoint\",\"telephone\":\"+33240253700\",\"contactType\":\"customer service\",\"availableLanguage\":\"French\"}}]}<\/script>\n<!-- \/ Yoast SEO plugin. -->","yoast_head_json":{"title":"Transport de v\u00e9hicules par camion Pays-de-la-Loire - Rabouin","description":"Transport de v\u00e9hicules particuliers et professionnels. Rabouin assure le transport de voitures par camion en Pays-de-la-Loire.","robots":{"index":"index","follow":"follow","max-snippet":"max-snippet:-1","max-image-preview":"max-image-preview:large","max-video-preview":"max-video-preview:-1"},"canonical":"https:\/\/www.rabouin.com\/fr\/transports-rabouin\/societe\/region-pays-de-la-loire\/","og_locale":"fr_FR","og_type":"article","og_title":"Transport de v\u00e9hicules par camion Pays-de-la-Loire - Rabouin","og_description":"Transport de v\u00e9hicules particuliers et professionnels. Rabouin assure le transport de voitures par camion en Pays-de-la-Loire.","og_url":"https:\/\/www.rabouin.com\/fr\/transports-rabouin\/societe\/region-pays-de-la-loire\/","og_site_name":"Transports Rabouin","article_publisher":"https:\/\/www.facebook.com\/Rabouin.Transports","article_modified_time":"2023-08-30T12:08:58+00:00","og_image":[{"url":"https:\/\/www.rabouin.com\/wp-content\/uploads\/2017\/07\/region-pays-de-la-loire-300x200.jpg","type":"","width":"","height":""}],"twitter_card":"summary_large_image","twitter_site":"@transportsrabo1","twitter_misc":{"Dur\u00e9e de lecture estim\u00e9e":"3 minutes"},"schema":{"@context":"https:\/\/schema.org","@graph":[{"@type":"WebPage","@id":"https:\/\/www.rabouin.com\/fr\/transports-rabouin\/societe\/region-pays-de-la-loire#webpage","url":"https:\/\/www.rabouin.com\/fr\/transports-rabouin\/societe\/region-pays-de-la-loire\/","name":"Transport de v\u00e9hicules par camion Pays-de-la-Loire - Rabouin","isPartOf":{"@id":"https:\/\/www.rabouin.com\/fr\/#website"},"primaryImageOfPage":{"@id":"https:\/\/www.rabouin.com\/fr\/transports-rabouin\/societe\/region-pays-de-la-loire\/#primaryimage"},"image":{"@id":"https:\/\/www.rabouin.com\/fr\/transports-rabouin\/societe\/region-pays-de-la-loire\/#primaryimage"},"thumbnailUrl":"https:\/\/www.rabouin.com\/wp-content\/uploads\/2017\/07\/region-pays-de-la-loire-300x200.jpg","datePublished":"2017-07-17T14:12:51+00:00","dateModified":"2023-08-30T12:08:58+00:00","description":"Transport de v\u00e9hicules particuliers et professionnels. Rabouin assure le transport de voitures par camion en Pays-de-la-Loire.","breadcrumb":{"@id":"https:\/\/www.rabouin.com\/fr\/transports-rabouin\/societe\/region-pays-de-la-loire\/#breadcrumb"},"inLanguage":"fr-FR","potentialAction":[{"@type":"ReadAction","target":["https:\/\/www.rabouin.com\/fr\/transports-rabouin\/societe\/region-pays-de-la-loire\/"]}]},{"@type":"ImageObject","inLanguage":"fr-FR","@id":"https:\/\/www.rabouin.com\/fr\/transports-rabouin\/societe\/region-pays-de-la-loire\/#primaryimage","url":"https:\/\/www.rabouin.com\/wp-content\/uploads\/2017\/07\/region-pays-de-la-loire-300x200.jpg","contentUrl":"https:\/\/www.rabouin.com\/wp-content\/uploads\/2017\/07\/region-pays-de-la-loire-300x200.jpg"},{"@type":"BreadcrumbList","@id":"https:\/\/www.rabouin.com\/fr\/transports-rabouin\/societe\/region-pays-de-la-loire\/#breadcrumb","itemListElement":[{"@type":"ListItem","position":1,"name":"Accueil","item":"https:\/\/www.rabouin.com\/fr\/"},{"@type":"ListItem","position":2,"name":"Transports Rabouin","item":"https:\/\/www.rabouin.com\/fr\/transports-rabouin\/"},{"@type":"ListItem","position":3,"name":"La soci\u00e9t\u00e9","item":"https:\/\/www.rabouin.com\/fr\/transports-rabouin\/societe\/"},{"@type":"ListItem","position":4,"name":"Transport de v\u00e9hicules en r\u00e9gion Pays de la Loire"}]},{"@type":"WebSite","@id":"https:\/\/www.rabouin.com\/fr\/#website","url":"https:\/\/www.rabouin.com\/fr\/","name":"Transports Rabouin","description":"Garants de vos v\u00e9hicules","publisher":{"@id":"https:\/\/www.rabouin.com\/fr\/#organization"},"potentialAction":[{"@type":"SearchAction","target":{"@type":"EntryPoint","urlTemplate":"https:\/\/www.rabouin.com\/fr\/?s={search_term_string}"},"query-input":{"@type":"PropertyValueSpecification","valueRequired":true,"valueName":"search_term_string"}}],"inLanguage":"fr-FR"},{"@type":"Organization","@id":"https:\/\/www.rabouin.com\/fr\/#organization","name":"Transports Rabouin","alternateName":"Transports Rabouin","url":"https:\/\/www.rabouin.com\/fr\/","logo":{"@type":"ImageObject","inLanguage":"fr-FR","@id":"https:\/\/www.rabouin.com\/fr\/#\/schema\/logo\/image\/","url":"https:\/\/www.rabouin.com\/wp-content\/uploads\/2023\/08\/logo-rabouin.png","contentUrl":"https:\/\/www.rabouin.com\/wp-content\/uploads\/2023\/08\/logo-rabouin.png","width":2048,"height":2048,"caption":"Transports Rabouin"},"image":{"@id":"https:\/\/www.rabouin.com\/fr\/#\/schema\/logo\/image\/"},"sameAs":["https:\/\/www.facebook.com\/Rabouin.Transports","https:\/\/www.instagram.com\/transportsrabouin\/","https:\/\/www.youtube.com\/channel\/UCuxRbZG6gnMMK8H8KNYiiSA","https:\/\/www.linkedin.com\/company\/transports-rabouin-sas","https:\/\/www.tiktok.com\/@transportsrabouin"],"founder":{"@type":"Person","name":"Eric Rabouin"},"contactPoint":{"@type":"ContactPoint","telephone":"+33240253700","contactType":"customer service","availableLanguage":"French"}}]}},"_links":{"self":[{"href":"https:\/\/www.rabouin.com\/fr\/wp-json\/wp\/v2\/pages\/467","targetHints":{"allow":["GET"]}}],"collection":[{"href":"https:\/\/www.rabouin.com\/fr\/wp-json\/wp\/v2\/pages"}],"about":[{"href":"https:\/\/www.rabouin.com\/fr\/wp-json\/wp\/v2\/types\/page"}],"author":[{"embeddable":true,"href":"https:\/\/www.rabouin.com\/fr\/wp-json\/wp\/v2\/users\/2"}],"replies":[{"embeddable":true,"href":"https:\/\/www.rabouin.com\/fr\/wp-json\/wp\/v2\/comments?post=467"}],"version-history":[{"count":1,"href":"https:\/\/www.rabouin.com\/fr\/wp-json\/wp\/v2\/pages\/467\/revisions"}],"predecessor-version":[{"id":64199,"href":"https:\/\/www.rabouin.com\/fr\/wp-json\/wp\/v2\/pages\/467\/revisions\/64199"}],"up":[{"embeddable":true,"href":"https:\/\/www.rabouin.com\/fr\/wp-json\/wp\/v2\/pages\/106"}],"wp:attachment":[{"href":"https:\/\/www.rabouin.com\/fr\/wp-json\/wp\/v2\/media?parent=467"}],"curies":[{"name":"wp","href":"https:\/\/api.w.org\/{rel}","templated":true}]}}