{"id":474,"date":"2017-07-17T16:22:26","date_gmt":"2017-07-17T14:22:26","guid":{"rendered":"http:\/\/dev.transport-rabouin.com\/?page_id=474\/"},"modified":"2023-08-30T14:25:05","modified_gmt":"2023-08-30T12:25:05","slug":"region-paca-provence-alpes-cote-d-azur","status":"publish","type":"page","link":"https:\/\/www.rabouin.com\/fr\/transports-rabouin\/societe\/region-paca-provence-alpes-cote-d-azur\/","title":{"rendered":"Transport de v\u00e9hicules en r\u00e9gion PACA"},"content":{"rendered":"<p><img loading=\"lazy\" decoding=\"async\" class=\"alignright size-medium wp-image-475\" src=\"https:\/\/www.rabouin.com\/wp-content\/uploads\/2017\/07\/region-paca-300x200.jpg\" alt=\"region-paca\" width=\"300\" height=\"200\" srcset=\"https:\/\/www.rabouin.com\/wp-content\/uploads\/2017\/07\/region-paca-300x200.jpg 300w, https:\/\/www.rabouin.com\/wp-content\/uploads\/2017\/07\/region-paca.jpg 360w\" sizes=\"auto, (max-width: 300px) 100vw, 300px\" \/><br \/>\nAlpes de Haute-Provence, Hautes-Alpes, Bouches du Rh\u00f4ne, Var, Vaucluse, autant de noms qui r\u00e9sonnent de l\u2019accent du midi, entendent chanter les cigales, fleurent bon la lavande, se repaissent du doux ressac de la M\u00e9diterran\u00e9e.<br \/>\nLa r\u00e9gion Provence - Alpes - C\u00f4te d\u2019Azur voit l\u2019essentiel de sa population se concentrer sur la bande littorale avec pour villes-phares Marseille, Toulon, Draguignan, Grasse, Nice, Monaco...<br \/>\nPlus loin dans les terres, s\u2019abritent des villes dont la renomm\u00e9e n\u2019est pas en reste : Avignon, Aix-en-Provence, Carpentras, Apt, Digne, Gap, Brian\u00e7on...<\/p>\n<p>&nbsp;<\/p>\n<table style=\"width: 100%; border-collapse: collapse;\">\n<tbody>\n<tr>\n<td style=\"width: 100%; background-color: #ededed; vertical-align: middle; padding: 30px; padding-bottom: 35px;\">\n<h3><strong>Besoin d'un transport de voiture de Marseille ou vers Marseille ?<\/strong><\/h3>\n<p>Vous souhaitez conna\u00eetre les tarifs pour faire transporter un v\u00e9hicule depuis ou vers la r\u00e9gion Provence Alpes C\u00f4te d'Azur ?<\/p>\n<p>Envoyez votre demande de devis. C'est simple et gratuit. Notre \u00e9quipe vous apportera une r\u00e9ponse sous un d\u00e9lai maximum de 24h ouvr\u00e9es.<\/p>\n<p>&nbsp;<\/p>\n<table style=\"width: 201px; border-collapse: collapse; height: 56px; margin-left: auto; margin-right: auto;\">\n<tbody>\n<tr>\n<td style=\"width: 100%; border-radius: 5em; ; vertical-align: middle; padding: 15px; background-color: #00999e; text-align: center;\"><strong><a style=\"color: #ffffff;\" href=\"https:\/\/www.rabouin.com\/fr\/particuliers\/voiture\/\">Demander un devis<\/a><\/strong><\/td>\n<\/tr>\n<\/tbody>\n<\/table>\n<\/td>\n<\/tr>\n<\/tbody>\n<\/table>\n<h2><\/h2>\n<h2>Transport de voiture Marseille et alentours<\/h2>\n<p>Troisi\u00e8me r\u00e9gion fran\u00e7aise en termes d\u2019activit\u00e9 \u00e9conomique, la r\u00e9gion PACA le doit \u00e0 une agriculture diversifi\u00e9e, une activit\u00e9 agro-alimentaire riche et un tissu industriel encore actif.<\/p>\n<p>Les principales autoroutes de la r\u00e9gion sont l'A7 - Lyon \u00e0 Marseille via Avignon -, l'A8 - A7 vers Nice et l'Italie -, l'A50 - Marseille \u00e0 Toulon -, l'A51 - Marseille \u00e0 Gap -, l'A52 - Aubagne \u00e0 Aix -, l'A54 - Salon de Provence vers Saint-Martin-de-Crau, Arles et N\u00eemes -, l'A55 - Marseille \u00e0 Martigues - et l'A57 - Toulon \u00e0 l'A8 -. <strong>Ce maillage proc\u00e8de du bon dynamisme de la r\u00e9gion.<\/strong><\/p>\n<p>Il \u00e9tait tout l\u00e9gitime que les transports Rabouin \u00e9lisent domicile du c\u00f4t\u00e9 de Marseille, Toulon, Aix en Provence, ... Avec 9 chauffeurs r\u00e9sidant dans cette r\u00e9gion, les Transports Rabouin mettent leur expertise au service des grands loueurs nationaux de <a href=\"https:\/\/www.rabouin.com\/fr\/particuliers\/vehicule-utilitaire\/\">v\u00e9hicules utilitaires<\/a>, des <strong>constructeurs automobiles, des garagistes, des particuliers<\/strong>... tout comme au service du transport de voitures en direction de l\u2019Italie toute proche.<\/p>\n<p>Nous transportons \u00e9galement des v\u00e9hicules dans toutes les autres r\u00e9gions fran\u00e7aises :<\/p>\n<p><a href=\"https:\/\/www.rabouin.com\/fr\/transports-rabouin\/societe\/region-aquitaine\/\">Transport de voiture en Aquitaine<\/a><br \/>\n<a href=\"https:\/\/www.rabouin.com\/fr\/transports-rabouin\/societe\/region-alsace\/\">Transport de voiture en Alsace<\/a><br \/>\n<a href=\"https:\/\/www.rabouin.com\/fr\/transports-rabouin\/societe\/region-bretagne\/\">Transport de voiture en Bretagne<\/a><br \/>\n<a href=\"https:\/\/www.rabouin.com\/fr\/transports-rabouin\/societe\/region-rhone-alpes\/\">Transport de voiture dans la r\u00e9gion Rh\u00f4ne Alpes<\/a><br \/>\n<a href=\"https:\/\/www.rabouin.com\/fr\/transports-rabouin\/societe\/region-midi-pyrenees\/\">Transport de voiture \u00e0 Toulouse et Midi Pyr\u00e9n\u00e9es<\/a><br \/>\n<a href=\"https:\/\/www.rabouin.com\/fr\/transports-rabouin\/societe\/region-languedoc-roussillon\/\">Transport de voiture Languedoc Roussillon<\/a><br \/>\n<a href=\"https:\/\/www.rabouin.com\/fr\/transports-rabouin\/societe\/region-ile-de-france\/\">Transport voiture \u00e0 Paris<\/a><br \/>\n<a href=\"https:\/\/www.rabouin.com\/fr\/transports-rabouin\/societe\/region-pays-de-la-loire\/\">Transport de voiture \u00e0 Nantes ou Pays de Loire<\/a><\/p>\n<p>Vous avez des questions concernant le transport de v\u00e9hicules par camion ? <a href=\"https:\/\/www.rabouin.com\/fr\/faq\/\">Consultez notre FAQ<\/a><\/p>\n","protected":false},"excerpt":{"rendered":"<p>Alpes de Haute-Provence, Hautes-Alpes, Bouches du Rh\u00f4ne, Var, Vaucluse, autant de noms qui r\u00e9sonnent de l\u2019accent du midi, entendent chanter les cigales, fleurent bon la lavande, se repaissent du doux ressac de la M\u00e9diterran\u00e9e. La r\u00e9gion Provence &#8211; Alpes &#8211; C\u00f4te d\u2019Azur voit l\u2019essentiel de sa population se concentrer sur la bande littorale avec pour &hellip;<\/p>\n","protected":false},"author":2,"featured_media":0,"parent":106,"menu_order":0,"comment_status":"closed","ping_status":"closed","template":"","meta":{"_acf_changed":false,"footnotes":""},"class_list":["post-474","page","type-page","status-publish","hentry"],"acf":[],"yoast_head":"<!-- This site is optimized with the Yoast SEO plugin v25.3.1 - https:\/\/yoast.com\/wordpress\/plugins\/seo\/ -->\n<title>Transport de v\u00e9hicules par camion PACA - Transports Rabouin<\/title>\n<meta name=\"description\" content=\"Sp\u00e9cialiste du transport de v\u00e9hicules pour particuliers et professionnels. Rabouin assurent le transport de voitures par camion en PACA.\" \/>\n<meta name=\"robots\" content=\"index, follow, max-snippet:-1, max-image-preview:large, max-video-preview:-1\" \/>\n<link rel=\"canonical\" href=\"https:\/\/www.rabouin.com\/fr\/transports-rabouin\/societe\/region-paca-provence-alpes-cote-d-azur\/\" \/>\n<meta property=\"og:locale\" content=\"fr_FR\" \/>\n<meta property=\"og:type\" content=\"article\" \/>\n<meta property=\"og:title\" content=\"Transport de v\u00e9hicules par camion PACA - Transports Rabouin\" \/>\n<meta property=\"og:description\" content=\"Sp\u00e9cialiste du transport de v\u00e9hicules pour particuliers et professionnels. Rabouin assurent le transport de voitures par camion en PACA.\" \/>\n<meta property=\"og:url\" content=\"https:\/\/www.rabouin.com\/fr\/transports-rabouin\/societe\/region-paca-provence-alpes-cote-d-azur\/\" \/>\n<meta property=\"og:site_name\" content=\"Transports Rabouin\" \/>\n<meta property=\"article:publisher\" content=\"https:\/\/www.facebook.com\/Rabouin.Transports\" \/>\n<meta property=\"article:modified_time\" content=\"2023-08-30T12:25:05+00:00\" \/>\n<meta property=\"og:image\" content=\"https:\/\/www.rabouin.com\/wp-content\/uploads\/2017\/07\/region-paca-300x200.jpg\" \/>\n<meta name=\"twitter:card\" content=\"summary_large_image\" \/>\n<meta name=\"twitter:site\" content=\"@transportsrabo1\" \/>\n<meta name=\"twitter:label1\" content=\"Dur\u00e9e de lecture estim\u00e9e\" \/>\n\t<meta name=\"twitter:data1\" content=\"3 minutes\" \/>\n<script type=\"application\/ld+json\" class=\"yoast-schema-graph\">{\"@context\":\"https:\/\/schema.org\",\"@graph\":[{\"@type\":\"WebPage\",\"@id\":\"https:\/\/www.rabouin.com\/fr\/transports-rabouin\/societe\/region-paca-provence-alpes-cote-d-azur#webpage\",\"url\":\"https:\/\/www.rabouin.com\/fr\/transports-rabouin\/societe\/region-paca-provence-alpes-cote-d-azur\/\",\"name\":\"Transport de v\u00e9hicules par camion PACA - Transports Rabouin\",\"isPartOf\":{\"@id\":\"https:\/\/www.rabouin.com\/fr\/#website\"},\"primaryImageOfPage\":{\"@id\":\"https:\/\/www.rabouin.com\/fr\/transports-rabouin\/societe\/region-paca-provence-alpes-cote-d-azur\/#primaryimage\"},\"image\":{\"@id\":\"https:\/\/www.rabouin.com\/fr\/transports-rabouin\/societe\/region-paca-provence-alpes-cote-d-azur\/#primaryimage\"},\"thumbnailUrl\":\"https:\/\/www.rabouin.com\/wp-content\/uploads\/2017\/07\/region-paca-300x200.jpg\",\"datePublished\":\"2017-07-17T14:22:26+00:00\",\"dateModified\":\"2023-08-30T12:25:05+00:00\",\"description\":\"Sp\u00e9cialiste du transport de v\u00e9hicules pour particuliers et professionnels. Rabouin assurent le transport de voitures par camion en PACA.\",\"breadcrumb\":{\"@id\":\"https:\/\/www.rabouin.com\/fr\/transports-rabouin\/societe\/region-paca-provence-alpes-cote-d-azur\/#breadcrumb\"},\"inLanguage\":\"fr-FR\",\"potentialAction\":[{\"@type\":\"ReadAction\",\"target\":[\"https:\/\/www.rabouin.com\/fr\/transports-rabouin\/societe\/region-paca-provence-alpes-cote-d-azur\/\"]}]},{\"@type\":\"ImageObject\",\"inLanguage\":\"fr-FR\",\"@id\":\"https:\/\/www.rabouin.com\/fr\/transports-rabouin\/societe\/region-paca-provence-alpes-cote-d-azur\/#primaryimage\",\"url\":\"https:\/\/www.rabouin.com\/wp-content\/uploads\/2017\/07\/region-paca-300x200.jpg\",\"contentUrl\":\"https:\/\/www.rabouin.com\/wp-content\/uploads\/2017\/07\/region-paca-300x200.jpg\"},{\"@type\":\"BreadcrumbList\",\"@id\":\"https:\/\/www.rabouin.com\/fr\/transports-rabouin\/societe\/region-paca-provence-alpes-cote-d-azur\/#breadcrumb\",\"itemListElement\":[{\"@type\":\"ListItem\",\"position\":1,\"name\":\"Accueil\",\"item\":\"https:\/\/www.rabouin.com\/fr\/\"},{\"@type\":\"ListItem\",\"position\":2,\"name\":\"Transports Rabouin\",\"item\":\"https:\/\/www.rabouin.com\/fr\/transports-rabouin\/\"},{\"@type\":\"ListItem\",\"position\":3,\"name\":\"La soci\u00e9t\u00e9\",\"item\":\"https:\/\/www.rabouin.com\/fr\/transports-rabouin\/societe\/\"},{\"@type\":\"ListItem\",\"position\":4,\"name\":\"Transport de v\u00e9hicules en r\u00e9gion PACA\"}]},{\"@type\":\"WebSite\",\"@id\":\"https:\/\/www.rabouin.com\/fr\/#website\",\"url\":\"https:\/\/www.rabouin.com\/fr\/\",\"name\":\"Transports Rabouin\",\"description\":\"Garants de vos v\u00e9hicules\",\"publisher\":{\"@id\":\"https:\/\/www.rabouin.com\/fr\/#organization\"},\"potentialAction\":[{\"@type\":\"SearchAction\",\"target\":{\"@type\":\"EntryPoint\",\"urlTemplate\":\"https:\/\/www.rabouin.com\/fr\/?s={search_term_string}\"},\"query-input\":{\"@type\":\"PropertyValueSpecification\",\"valueRequired\":true,\"valueName\":\"search_term_string\"}}],\"inLanguage\":\"fr-FR\"},{\"@type\":\"Organization\",\"@id\":\"https:\/\/www.rabouin.com\/fr\/#organization\",\"name\":\"Transports Rabouin\",\"alternateName\":\"Transports Rabouin\",\"url\":\"https:\/\/www.rabouin.com\/fr\/\",\"logo\":{\"@type\":\"ImageObject\",\"inLanguage\":\"fr-FR\",\"@id\":\"https:\/\/www.rabouin.com\/fr\/#\/schema\/logo\/image\/\",\"url\":\"https:\/\/www.rabouin.com\/wp-content\/uploads\/2023\/08\/logo-rabouin.png\",\"contentUrl\":\"https:\/\/www.rabouin.com\/wp-content\/uploads\/2023\/08\/logo-rabouin.png\",\"width\":2048,\"height\":2048,\"caption\":\"Transports Rabouin\"},\"image\":{\"@id\":\"https:\/\/www.rabouin.com\/fr\/#\/schema\/logo\/image\/\"},\"sameAs\":[\"https:\/\/www.facebook.com\/Rabouin.Transports\",\"https:\/\/www.instagram.com\/transportsrabouin\/\",\"https:\/\/www.youtube.com\/channel\/UCuxRbZG6gnMMK8H8KNYiiSA\",\"https:\/\/www.linkedin.com\/company\/transports-rabouin-sas\",\"https:\/\/www.tiktok.com\/@transportsrabouin\"],\"founder\":{\"@type\":\"Person\",\"name\":\"Eric Rabouin\"},\"contactPoint\":{\"@type\":\"ContactPoint\",\"telephone\":\"+33240253700\",\"contactType\":\"customer service\",\"availableLanguage\":\"French\"}}]}<\/script>\n<!-- \/ Yoast SEO plugin. -->","yoast_head_json":{"title":"Transport de v\u00e9hicules par camion PACA - Transports Rabouin","description":"Sp\u00e9cialiste du transport de v\u00e9hicules pour particuliers et professionnels. Rabouin assurent le transport de voitures par camion en PACA.","robots":{"index":"index","follow":"follow","max-snippet":"max-snippet:-1","max-image-preview":"max-image-preview:large","max-video-preview":"max-video-preview:-1"},"canonical":"https:\/\/www.rabouin.com\/fr\/transports-rabouin\/societe\/region-paca-provence-alpes-cote-d-azur\/","og_locale":"fr_FR","og_type":"article","og_title":"Transport de v\u00e9hicules par camion PACA - Transports Rabouin","og_description":"Sp\u00e9cialiste du transport de v\u00e9hicules pour particuliers et professionnels. Rabouin assurent le transport de voitures par camion en PACA.","og_url":"https:\/\/www.rabouin.com\/fr\/transports-rabouin\/societe\/region-paca-provence-alpes-cote-d-azur\/","og_site_name":"Transports Rabouin","article_publisher":"https:\/\/www.facebook.com\/Rabouin.Transports","article_modified_time":"2023-08-30T12:25:05+00:00","og_image":[{"url":"https:\/\/www.rabouin.com\/wp-content\/uploads\/2017\/07\/region-paca-300x200.jpg","type":"","width":"","height":""}],"twitter_card":"summary_large_image","twitter_site":"@transportsrabo1","twitter_misc":{"Dur\u00e9e de lecture estim\u00e9e":"3 minutes"},"schema":{"@context":"https:\/\/schema.org","@graph":[{"@type":"WebPage","@id":"https:\/\/www.rabouin.com\/fr\/transports-rabouin\/societe\/region-paca-provence-alpes-cote-d-azur#webpage","url":"https:\/\/www.rabouin.com\/fr\/transports-rabouin\/societe\/region-paca-provence-alpes-cote-d-azur\/","name":"Transport de v\u00e9hicules par camion PACA - Transports Rabouin","isPartOf":{"@id":"https:\/\/www.rabouin.com\/fr\/#website"},"primaryImageOfPage":{"@id":"https:\/\/www.rabouin.com\/fr\/transports-rabouin\/societe\/region-paca-provence-alpes-cote-d-azur\/#primaryimage"},"image":{"@id":"https:\/\/www.rabouin.com\/fr\/transports-rabouin\/societe\/region-paca-provence-alpes-cote-d-azur\/#primaryimage"},"thumbnailUrl":"https:\/\/www.rabouin.com\/wp-content\/uploads\/2017\/07\/region-paca-300x200.jpg","datePublished":"2017-07-17T14:22:26+00:00","dateModified":"2023-08-30T12:25:05+00:00","description":"Sp\u00e9cialiste du transport de v\u00e9hicules pour particuliers et professionnels. Rabouin assurent le transport de voitures par camion en PACA.","breadcrumb":{"@id":"https:\/\/www.rabouin.com\/fr\/transports-rabouin\/societe\/region-paca-provence-alpes-cote-d-azur\/#breadcrumb"},"inLanguage":"fr-FR","potentialAction":[{"@type":"ReadAction","target":["https:\/\/www.rabouin.com\/fr\/transports-rabouin\/societe\/region-paca-provence-alpes-cote-d-azur\/"]}]},{"@type":"ImageObject","inLanguage":"fr-FR","@id":"https:\/\/www.rabouin.com\/fr\/transports-rabouin\/societe\/region-paca-provence-alpes-cote-d-azur\/#primaryimage","url":"https:\/\/www.rabouin.com\/wp-content\/uploads\/2017\/07\/region-paca-300x200.jpg","contentUrl":"https:\/\/www.rabouin.com\/wp-content\/uploads\/2017\/07\/region-paca-300x200.jpg"},{"@type":"BreadcrumbList","@id":"https:\/\/www.rabouin.com\/fr\/transports-rabouin\/societe\/region-paca-provence-alpes-cote-d-azur\/#breadcrumb","itemListElement":[{"@type":"ListItem","position":1,"name":"Accueil","item":"https:\/\/www.rabouin.com\/fr\/"},{"@type":"ListItem","position":2,"name":"Transports Rabouin","item":"https:\/\/www.rabouin.com\/fr\/transports-rabouin\/"},{"@type":"ListItem","position":3,"name":"La soci\u00e9t\u00e9","item":"https:\/\/www.rabouin.com\/fr\/transports-rabouin\/societe\/"},{"@type":"ListItem","position":4,"name":"Transport de v\u00e9hicules en r\u00e9gion PACA"}]},{"@type":"WebSite","@id":"https:\/\/www.rabouin.com\/fr\/#website","url":"https:\/\/www.rabouin.com\/fr\/","name":"Transports Rabouin","description":"Garants de vos v\u00e9hicules","publisher":{"@id":"https:\/\/www.rabouin.com\/fr\/#organization"},"potentialAction":[{"@type":"SearchAction","target":{"@type":"EntryPoint","urlTemplate":"https:\/\/www.rabouin.com\/fr\/?s={search_term_string}"},"query-input":{"@type":"PropertyValueSpecification","valueRequired":true,"valueName":"search_term_string"}}],"inLanguage":"fr-FR"},{"@type":"Organization","@id":"https:\/\/www.rabouin.com\/fr\/#organization","name":"Transports Rabouin","alternateName":"Transports Rabouin","url":"https:\/\/www.rabouin.com\/fr\/","logo":{"@type":"ImageObject","inLanguage":"fr-FR","@id":"https:\/\/www.rabouin.com\/fr\/#\/schema\/logo\/image\/","url":"https:\/\/www.rabouin.com\/wp-content\/uploads\/2023\/08\/logo-rabouin.png","contentUrl":"https:\/\/www.rabouin.com\/wp-content\/uploads\/2023\/08\/logo-rabouin.png","width":2048,"height":2048,"caption":"Transports Rabouin"},"image":{"@id":"https:\/\/www.rabouin.com\/fr\/#\/schema\/logo\/image\/"},"sameAs":["https:\/\/www.facebook.com\/Rabouin.Transports","https:\/\/www.instagram.com\/transportsrabouin\/","https:\/\/www.youtube.com\/channel\/UCuxRbZG6gnMMK8H8KNYiiSA","https:\/\/www.linkedin.com\/company\/transports-rabouin-sas","https:\/\/www.tiktok.com\/@transportsrabouin"],"founder":{"@type":"Person","name":"Eric Rabouin"},"contactPoint":{"@type":"ContactPoint","telephone":"+33240253700","contactType":"customer service","availableLanguage":"French"}}]}},"_links":{"self":[{"href":"https:\/\/www.rabouin.com\/fr\/wp-json\/wp\/v2\/pages\/474","targetHints":{"allow":["GET"]}}],"collection":[{"href":"https:\/\/www.rabouin.com\/fr\/wp-json\/wp\/v2\/pages"}],"about":[{"href":"https:\/\/www.rabouin.com\/fr\/wp-json\/wp\/v2\/types\/page"}],"author":[{"embeddable":true,"href":"https:\/\/www.rabouin.com\/fr\/wp-json\/wp\/v2\/users\/2"}],"replies":[{"embeddable":true,"href":"https:\/\/www.rabouin.com\/fr\/wp-json\/wp\/v2\/comments?post=474"}],"version-history":[{"count":1,"href":"https:\/\/www.rabouin.com\/fr\/wp-json\/wp\/v2\/pages\/474\/revisions"}],"predecessor-version":[{"id":64205,"href":"https:\/\/www.rabouin.com\/fr\/wp-json\/wp\/v2\/pages\/474\/revisions\/64205"}],"up":[{"embeddable":true,"href":"https:\/\/www.rabouin.com\/fr\/wp-json\/wp\/v2\/pages\/106"}],"wp:attachment":[{"href":"https:\/\/www.rabouin.com\/fr\/wp-json\/wp\/v2\/media?parent=474"}],"curies":[{"name":"wp","href":"https:\/\/api.w.org\/{rel}","templated":true}]}}