{"id":57239,"date":"2019-12-16T10:25:28","date_gmt":"2019-12-16T09:25:28","guid":{"rendered":"https:\/\/www.rabouin.com\/?page_id=57239"},"modified":"2023-08-22T17:55:55","modified_gmt":"2023-08-22T15:55:55","slug":"faq","status":"publish","type":"page","link":"https:\/\/www.rabouin.com\/fr\/faq\/","title":{"rendered":"FAQ"},"content":{"rendered":"<h2>Tout savoir sur le transport de v\u00e9hicules par l'entreprise Rabouin<\/h2>\n<p>Retrouvez ici toutes les re\u0301ponses a\u0300 vos questions les plus fre\u0301quentes.<br \/>\nVous n\u2019avez pas trouve\u0301 les informations que vous cherchiez ? N\u2019h\u00e9sitez pas \u00e0 consulter nos <a href=\"https:\/\/www.rabouin.com\/fr\/cgv\/\">conditions g\u00e9n\u00e9rales de vente<\/a> ou \u00e0 nous poser directement votre question par <a href=\"https:\/\/www.rabouin.com\/fr\/contact\/\">email<\/a> ou par <a href=\"tel:0240253700\">t\u00e9l\u00e9phone<\/a><\/p>\n","protected":false},"excerpt":{"rendered":"<p>Tout savoir sur le transport de v\u00e9hicules par l&rsquo;entreprise Rabouin Retrouvez ici toutes les re\u0301ponses a\u0300 vos questions les plus fre\u0301quentes. Vous n\u2019avez pas trouve\u0301 les informations que vous cherchiez ? N\u2019h\u00e9sitez pas \u00e0 consulter nos conditions g\u00e9n\u00e9rales de vente ou \u00e0 nous poser directement votre question par email ou par t\u00e9l\u00e9phone<\/p>\n","protected":false},"author":2,"featured_media":0,"parent":0,"menu_order":0,"comment_status":"closed","ping_status":"closed","template":"page-faq.php","meta":{"_acf_changed":false,"footnotes":""},"class_list":["post-57239","page","type-page","status-publish","hentry"],"acf":[],"yoast_head":"<!-- This site is optimized with the Yoast SEO plugin v25.3.1 - https:\/\/yoast.com\/wordpress\/plugins\/seo\/ -->\n<title>FAQ - Transports Rabouin<\/title>\n<meta name=\"robots\" content=\"index, follow, max-snippet:-1, max-image-preview:large, max-video-preview:-1\" \/>\n<link rel=\"canonical\" href=\"https:\/\/www.rabouin.com\/fr\/faq\/\" \/>\n<meta property=\"og:locale\" content=\"fr_FR\" \/>\n<meta property=\"og:type\" content=\"article\" \/>\n<meta property=\"og:title\" content=\"FAQ - Transports Rabouin\" \/>\n<meta property=\"og:description\" content=\"Tout savoir sur le transport de v\u00e9hicules par l&#039;entreprise Rabouin Retrouvez ici toutes les re\u0301ponses a\u0300 vos questions les plus fre\u0301quentes. Vous n\u2019avez pas trouve\u0301 les informations que vous cherchiez ? N\u2019h\u00e9sitez pas \u00e0 consulter nos conditions g\u00e9n\u00e9rales de vente ou \u00e0 nous poser directement votre question par email ou par t\u00e9l\u00e9phone\" \/>\n<meta property=\"og:url\" content=\"https:\/\/www.rabouin.com\/fr\/faq\/\" \/>\n<meta property=\"og:site_name\" content=\"Transports Rabouin\" \/>\n<meta property=\"article:publisher\" content=\"https:\/\/www.facebook.com\/Rabouin.Transports\" \/>\n<meta property=\"article:modified_time\" content=\"2023-08-22T15:55:55+00:00\" \/>\n<meta name=\"twitter:card\" content=\"summary_large_image\" \/>\n<meta name=\"twitter:site\" content=\"@transportsrabo1\" \/>\n<meta name=\"twitter:label1\" content=\"Dur\u00e9e de lecture estim\u00e9e\" \/>\n\t<meta name=\"twitter:data1\" content=\"1 minute\" \/>\n<script type=\"application\/ld+json\" class=\"yoast-schema-graph\">{\"@context\":\"https:\/\/schema.org\",\"@graph\":[{\"@type\":[\"WebPage\",\"FAQPage\"],\"@id\":\"https:\/\/www.rabouin.com\/fr\/faq#webpage\",\"url\":\"https:\/\/www.rabouin.com\/fr\/faq\/\",\"name\":\"FAQ - Transports Rabouin\",\"isPartOf\":{\"@id\":\"https:\/\/www.rabouin.com\/fr\/#website\"},\"datePublished\":\"2019-12-16T09:25:28+00:00\",\"dateModified\":\"2023-08-22T15:55:55+00:00\",\"breadcrumb\":{\"@id\":\"https:\/\/www.rabouin.com\/fr\/faq\/#breadcrumb\"},\"inLanguage\":\"fr-FR\",\"potentialAction\":[{\"@type\":\"ReadAction\",\"target\":[\"https:\/\/www.rabouin.com\/fr\/faq\/\"]}]},{\"@type\":\"BreadcrumbList\",\"@id\":\"https:\/\/www.rabouin.com\/fr\/faq\/#breadcrumb\",\"itemListElement\":[{\"@type\":\"ListItem\",\"position\":1,\"name\":\"Accueil\",\"item\":\"https:\/\/www.rabouin.com\/fr\/\"},{\"@type\":\"ListItem\",\"position\":2,\"name\":\"FAQ\"}]},{\"@type\":\"WebSite\",\"@id\":\"https:\/\/www.rabouin.com\/fr\/#website\",\"url\":\"https:\/\/www.rabouin.com\/fr\/\",\"name\":\"Transports Rabouin\",\"description\":\"Garants de vos v\u00e9hicules\",\"publisher\":{\"@id\":\"https:\/\/www.rabouin.com\/fr\/#organization\"},\"potentialAction\":[{\"@type\":\"SearchAction\",\"target\":{\"@type\":\"EntryPoint\",\"urlTemplate\":\"https:\/\/www.rabouin.com\/fr\/?s={search_term_string}\"},\"query-input\":{\"@type\":\"PropertyValueSpecification\",\"valueRequired\":true,\"valueName\":\"search_term_string\"}}],\"inLanguage\":\"fr-FR\"},{\"@type\":\"Organization\",\"@id\":\"https:\/\/www.rabouin.com\/fr\/#organization\",\"name\":\"Transports Rabouin\",\"alternateName\":\"Transports Rabouin\",\"url\":\"https:\/\/www.rabouin.com\/fr\/\",\"logo\":{\"@type\":\"ImageObject\",\"inLanguage\":\"fr-FR\",\"@id\":\"https:\/\/www.rabouin.com\/fr\/#\/schema\/logo\/image\/\",\"url\":\"https:\/\/www.rabouin.com\/wp-content\/uploads\/2023\/08\/logo-rabouin.png\",\"contentUrl\":\"https:\/\/www.rabouin.com\/wp-content\/uploads\/2023\/08\/logo-rabouin.png\",\"width\":2048,\"height\":2048,\"caption\":\"Transports Rabouin\"},\"image\":{\"@id\":\"https:\/\/www.rabouin.com\/fr\/#\/schema\/logo\/image\/\"},\"sameAs\":[\"https:\/\/www.facebook.com\/Rabouin.Transports\",\"https:\/\/www.instagram.com\/transportsrabouin\/\",\"https:\/\/www.youtube.com\/channel\/UCuxRbZG6gnMMK8H8KNYiiSA\",\"https:\/\/www.linkedin.com\/company\/transports-rabouin-sas\",\"https:\/\/www.tiktok.com\/@transportsrabouin\"],\"founder\":{\"@type\":\"Person\",\"name\":\"Eric Rabouin\"},\"contactPoint\":{\"@type\":\"ContactPoint\",\"telephone\":\"+33240253700\",\"contactType\":\"customer service\",\"availableLanguage\":\"French\"}}]}<\/script>\n<!-- \/ Yoast SEO plugin. -->","yoast_head_json":{"title":"FAQ - Transports Rabouin","robots":{"index":"index","follow":"follow","max-snippet":"max-snippet:-1","max-image-preview":"max-image-preview:large","max-video-preview":"max-video-preview:-1"},"canonical":"https:\/\/www.rabouin.com\/fr\/faq\/","og_locale":"fr_FR","og_type":"article","og_title":"FAQ - Transports Rabouin","og_description":"Tout savoir sur le transport de v\u00e9hicules par l'entreprise Rabouin Retrouvez ici toutes les re\u0301ponses a\u0300 vos questions les plus fre\u0301quentes. Vous n\u2019avez pas trouve\u0301 les informations que vous cherchiez ? N\u2019h\u00e9sitez pas \u00e0 consulter nos conditions g\u00e9n\u00e9rales de vente ou \u00e0 nous poser directement votre question par email ou par t\u00e9l\u00e9phone","og_url":"https:\/\/www.rabouin.com\/fr\/faq\/","og_site_name":"Transports Rabouin","article_publisher":"https:\/\/www.facebook.com\/Rabouin.Transports","article_modified_time":"2023-08-22T15:55:55+00:00","twitter_card":"summary_large_image","twitter_site":"@transportsrabo1","twitter_misc":{"Dur\u00e9e de lecture estim\u00e9e":"1 minute"},"schema":{"@context":"https:\/\/schema.org","@graph":[{"@type":["WebPage","FAQPage"],"@id":"https:\/\/www.rabouin.com\/fr\/faq#webpage","url":"https:\/\/www.rabouin.com\/fr\/faq\/","name":"FAQ - Transports Rabouin","isPartOf":{"@id":"https:\/\/www.rabouin.com\/fr\/#website"},"datePublished":"2019-12-16T09:25:28+00:00","dateModified":"2023-08-22T15:55:55+00:00","breadcrumb":{"@id":"https:\/\/www.rabouin.com\/fr\/faq\/#breadcrumb"},"inLanguage":"fr-FR","potentialAction":[{"@type":"ReadAction","target":["https:\/\/www.rabouin.com\/fr\/faq\/"]}]},{"@type":"BreadcrumbList","@id":"https:\/\/www.rabouin.com\/fr\/faq\/#breadcrumb","itemListElement":[{"@type":"ListItem","position":1,"name":"Accueil","item":"https:\/\/www.rabouin.com\/fr\/"},{"@type":"ListItem","position":2,"name":"FAQ"}]},{"@type":"WebSite","@id":"https:\/\/www.rabouin.com\/fr\/#website","url":"https:\/\/www.rabouin.com\/fr\/","name":"Transports Rabouin","description":"Garants de vos v\u00e9hicules","publisher":{"@id":"https:\/\/www.rabouin.com\/fr\/#organization"},"potentialAction":[{"@type":"SearchAction","target":{"@type":"EntryPoint","urlTemplate":"https:\/\/www.rabouin.com\/fr\/?s={search_term_string}"},"query-input":{"@type":"PropertyValueSpecification","valueRequired":true,"valueName":"search_term_string"}}],"inLanguage":"fr-FR"},{"@type":"Organization","@id":"https:\/\/www.rabouin.com\/fr\/#organization","name":"Transports Rabouin","alternateName":"Transports Rabouin","url":"https:\/\/www.rabouin.com\/fr\/","logo":{"@type":"ImageObject","inLanguage":"fr-FR","@id":"https:\/\/www.rabouin.com\/fr\/#\/schema\/logo\/image\/","url":"https:\/\/www.rabouin.com\/wp-content\/uploads\/2023\/08\/logo-rabouin.png","contentUrl":"https:\/\/www.rabouin.com\/wp-content\/uploads\/2023\/08\/logo-rabouin.png","width":2048,"height":2048,"caption":"Transports Rabouin"},"image":{"@id":"https:\/\/www.rabouin.com\/fr\/#\/schema\/logo\/image\/"},"sameAs":["https:\/\/www.facebook.com\/Rabouin.Transports","https:\/\/www.instagram.com\/transportsrabouin\/","https:\/\/www.youtube.com\/channel\/UCuxRbZG6gnMMK8H8KNYiiSA","https:\/\/www.linkedin.com\/company\/transports-rabouin-sas","https:\/\/www.tiktok.com\/@transportsrabouin"],"founder":{"@type":"Person","name":"Eric Rabouin"},"contactPoint":{"@type":"ContactPoint","telephone":"+33240253700","contactType":"customer service","availableLanguage":"French"}}]}},"_links":{"self":[{"href":"https:\/\/www.rabouin.com\/fr\/wp-json\/wp\/v2\/pages\/57239","targetHints":{"allow":["GET"]}}],"collection":[{"href":"https:\/\/www.rabouin.com\/fr\/wp-json\/wp\/v2\/pages"}],"about":[{"href":"https:\/\/www.rabouin.com\/fr\/wp-json\/wp\/v2\/types\/page"}],"author":[{"embeddable":true,"href":"https:\/\/www.rabouin.com\/fr\/wp-json\/wp\/v2\/users\/2"}],"replies":[{"embeddable":true,"href":"https:\/\/www.rabouin.com\/fr\/wp-json\/wp\/v2\/comments?post=57239"}],"version-history":[{"count":2,"href":"https:\/\/www.rabouin.com\/fr\/wp-json\/wp\/v2\/pages\/57239\/revisions"}],"predecessor-version":[{"id":64180,"href":"https:\/\/www.rabouin.com\/fr\/wp-json\/wp\/v2\/pages\/57239\/revisions\/64180"}],"wp:attachment":[{"href":"https:\/\/www.rabouin.com\/fr\/wp-json\/wp\/v2\/media?parent=57239"}],"curies":[{"name":"wp","href":"https:\/\/api.w.org\/{rel}","templated":true}]}}