{"id":63438,"date":"2021-12-09T10:16:59","date_gmt":"2021-12-09T09:16:59","guid":{"rendered":"https:\/\/www.rabouin.com\/?page_id=63438"},"modified":"2021-12-09T10:17:52","modified_gmt":"2021-12-09T09:17:52","slug":"merci","status":"publish","type":"page","link":"https:\/\/www.rabouin.com\/fr\/demande-de-devis-personnalise\/merci\/","title":{"rendered":"Merci"},"content":{"rendered":"<p>Nous vous remercions pour votre demande de devis ! Notre \u00e9quipe d'exploitants met tout en oeuvre pour vous apporter une r\u00e9ponse dans les plus brefs d\u00e9lais.<\/p>\n<p>En attendant, <strong>rejoignez-nous sur les r\u00e9seaux sociaux<\/strong> pour suivre toutes nos actualit\u00e9s, nos photos et vid\u00e9os de chargements !<\/p>\n<p><a href=\"https:\/\/www.facebook.com\/Rabouin.Transports\/\" target=\"_blank\" rel=\"noopener noreferrer\"><img loading=\"lazy\" decoding=\"async\" class=\"aligncenter wp-image-63018 size-full\" src=\"https:\/\/www.rabouin.com\/wp-content\/uploads\/2020\/09\/Facebook-Rabouin-2.png\" alt=\"\" width=\"600\" height=\"100\" srcset=\"https:\/\/www.rabouin.com\/wp-content\/uploads\/2020\/09\/Facebook-Rabouin-2.png 600w, https:\/\/www.rabouin.com\/wp-content\/uploads\/2020\/09\/Facebook-Rabouin-2-400x67.png 400w\" sizes=\"auto, (max-width: 600px) 100vw, 600px\" \/><\/a><br \/>\n<a href=\"https:\/\/www.youtube.com\/channel\/UCuxRbZG6gnMMK8H8KNYiiSA\" target=\"_blank\" rel=\"noopener noreferrer\"><img loading=\"lazy\" decoding=\"async\" class=\"aligncenter wp-image-63020 size-full\" src=\"https:\/\/www.rabouin.com\/wp-content\/uploads\/2020\/09\/Youtube-Rabouin-1.png\" alt=\"Youtube Rabouin\" width=\"600\" height=\"100\" srcset=\"https:\/\/www.rabouin.com\/wp-content\/uploads\/2020\/09\/Youtube-Rabouin-1.png 600w, https:\/\/www.rabouin.com\/wp-content\/uploads\/2020\/09\/Youtube-Rabouin-1-400x67.png 400w\" sizes=\"auto, (max-width: 600px) 100vw, 600px\" \/><\/a><br \/>\n<a href=\"https:\/\/www.instagram.com\/transportsrabouin\/?hl=fr\" target=\"_blank\" rel=\"noopener noreferrer\"><img loading=\"lazy\" decoding=\"async\" class=\"aligncenter wp-image-63022 size-full\" src=\"https:\/\/www.rabouin.com\/wp-content\/uploads\/2020\/09\/Instagram-Rabouin-1.png\" alt=\"Instagram Rabouin\" width=\"600\" height=\"100\" srcset=\"https:\/\/www.rabouin.com\/wp-content\/uploads\/2020\/09\/Instagram-Rabouin-1.png 600w, https:\/\/www.rabouin.com\/wp-content\/uploads\/2020\/09\/Instagram-Rabouin-1-400x67.png 400w\" sizes=\"auto, (max-width: 600px) 100vw, 600px\" \/><\/a><\/p>\n","protected":false},"excerpt":{"rendered":"<p>Nous vous remercions pour votre demande de devis ! Notre \u00e9quipe d&rsquo;exploitants met tout en oeuvre pour vous apporter une r\u00e9ponse dans les plus brefs d\u00e9lais. En attendant, rejoignez-nous sur les r\u00e9seaux sociaux pour suivre toutes nos actualit\u00e9s, nos photos et vid\u00e9os de chargements !<\/p>\n","protected":false},"author":2,"featured_media":0,"parent":63431,"menu_order":0,"comment_status":"closed","ping_status":"closed","template":"","meta":{"_acf_changed":false,"footnotes":""},"class_list":["post-63438","page","type-page","status-publish","hentry"],"acf":[],"yoast_head":"<!-- This site is optimized with the Yoast SEO plugin v25.3.1 - https:\/\/yoast.com\/wordpress\/plugins\/seo\/ -->\n<title>Merci - Transports Rabouin<\/title>\n<meta name=\"robots\" content=\"index, follow, max-snippet:-1, max-image-preview:large, max-video-preview:-1\" \/>\n<link rel=\"canonical\" href=\"https:\/\/www.rabouin.com\/fr\/demande-de-devis-personnalise\/merci\/\" \/>\n<meta property=\"og:locale\" content=\"fr_FR\" \/>\n<meta property=\"og:type\" content=\"article\" \/>\n<meta property=\"og:title\" content=\"Merci - Transports Rabouin\" \/>\n<meta property=\"og:description\" content=\"Nous vous remercions pour votre demande de devis ! Notre \u00e9quipe d&#039;exploitants met tout en oeuvre pour vous apporter une r\u00e9ponse dans les plus brefs d\u00e9lais. En attendant, rejoignez-nous sur les r\u00e9seaux sociaux pour suivre toutes nos actualit\u00e9s, nos photos et vid\u00e9os de chargements !\" \/>\n<meta property=\"og:url\" content=\"https:\/\/www.rabouin.com\/fr\/demande-de-devis-personnalise\/merci\/\" \/>\n<meta property=\"og:site_name\" content=\"Transports Rabouin\" \/>\n<meta property=\"article:publisher\" content=\"https:\/\/www.facebook.com\/Rabouin.Transports\" \/>\n<meta property=\"article:modified_time\" content=\"2021-12-09T09:17:52+00:00\" \/>\n<meta property=\"og:image\" content=\"https:\/\/www.rabouin.com\/wp-content\/uploads\/2020\/09\/Facebook-Rabouin-2.png\" \/>\n<meta name=\"twitter:card\" content=\"summary_large_image\" \/>\n<meta name=\"twitter:site\" content=\"@transportsrabo1\" \/>\n<script type=\"application\/ld+json\" class=\"yoast-schema-graph\">{\"@context\":\"https:\/\/schema.org\",\"@graph\":[{\"@type\":\"WebPage\",\"@id\":\"https:\/\/www.rabouin.com\/fr\/demande-de-devis-personnalise\/merci#webpage\",\"url\":\"https:\/\/www.rabouin.com\/fr\/demande-de-devis-personnalise\/merci\/\",\"name\":\"Merci - Transports Rabouin\",\"isPartOf\":{\"@id\":\"https:\/\/www.rabouin.com\/fr\/#website\"},\"primaryImageOfPage\":{\"@id\":\"https:\/\/www.rabouin.com\/fr\/demande-de-devis-personnalise\/merci\/#primaryimage\"},\"image\":{\"@id\":\"https:\/\/www.rabouin.com\/fr\/demande-de-devis-personnalise\/merci\/#primaryimage\"},\"thumbnailUrl\":\"https:\/\/www.rabouin.com\/wp-content\/uploads\/2020\/09\/Facebook-Rabouin-2.png\",\"datePublished\":\"2021-12-09T09:16:59+00:00\",\"dateModified\":\"2021-12-09T09:17:52+00:00\",\"breadcrumb\":{\"@id\":\"https:\/\/www.rabouin.com\/fr\/demande-de-devis-personnalise\/merci\/#breadcrumb\"},\"inLanguage\":\"fr-FR\",\"potentialAction\":[{\"@type\":\"ReadAction\",\"target\":[\"https:\/\/www.rabouin.com\/fr\/demande-de-devis-personnalise\/merci\/\"]}]},{\"@type\":\"ImageObject\",\"inLanguage\":\"fr-FR\",\"@id\":\"https:\/\/www.rabouin.com\/fr\/demande-de-devis-personnalise\/merci\/#primaryimage\",\"url\":\"https:\/\/www.rabouin.com\/wp-content\/uploads\/2020\/09\/Facebook-Rabouin-2.png\",\"contentUrl\":\"https:\/\/www.rabouin.com\/wp-content\/uploads\/2020\/09\/Facebook-Rabouin-2.png\"},{\"@type\":\"BreadcrumbList\",\"@id\":\"https:\/\/www.rabouin.com\/fr\/demande-de-devis-personnalise\/merci\/#breadcrumb\",\"itemListElement\":[{\"@type\":\"ListItem\",\"position\":1,\"name\":\"Accueil\",\"item\":\"https:\/\/www.rabouin.com\/fr\/\"},{\"@type\":\"ListItem\",\"position\":2,\"name\":\"Demande de devis personnalis\u00e9\",\"item\":\"https:\/\/www.rabouin.com\/fr\/demande-de-devis-personnalise\/\"},{\"@type\":\"ListItem\",\"position\":3,\"name\":\"Merci\"}]},{\"@type\":\"WebSite\",\"@id\":\"https:\/\/www.rabouin.com\/fr\/#website\",\"url\":\"https:\/\/www.rabouin.com\/fr\/\",\"name\":\"Transports Rabouin\",\"description\":\"Garants de vos v\u00e9hicules\",\"publisher\":{\"@id\":\"https:\/\/www.rabouin.com\/fr\/#organization\"},\"potentialAction\":[{\"@type\":\"SearchAction\",\"target\":{\"@type\":\"EntryPoint\",\"urlTemplate\":\"https:\/\/www.rabouin.com\/fr\/?s={search_term_string}\"},\"query-input\":{\"@type\":\"PropertyValueSpecification\",\"valueRequired\":true,\"valueName\":\"search_term_string\"}}],\"inLanguage\":\"fr-FR\"},{\"@type\":\"Organization\",\"@id\":\"https:\/\/www.rabouin.com\/fr\/#organization\",\"name\":\"Transports Rabouin\",\"alternateName\":\"Transports Rabouin\",\"url\":\"https:\/\/www.rabouin.com\/fr\/\",\"logo\":{\"@type\":\"ImageObject\",\"inLanguage\":\"fr-FR\",\"@id\":\"https:\/\/www.rabouin.com\/fr\/#\/schema\/logo\/image\/\",\"url\":\"https:\/\/www.rabouin.com\/wp-content\/uploads\/2023\/08\/logo-rabouin.png\",\"contentUrl\":\"https:\/\/www.rabouin.com\/wp-content\/uploads\/2023\/08\/logo-rabouin.png\",\"width\":2048,\"height\":2048,\"caption\":\"Transports Rabouin\"},\"image\":{\"@id\":\"https:\/\/www.rabouin.com\/fr\/#\/schema\/logo\/image\/\"},\"sameAs\":[\"https:\/\/www.facebook.com\/Rabouin.Transports\",\"https:\/\/www.instagram.com\/transportsrabouin\/\",\"https:\/\/www.youtube.com\/channel\/UCuxRbZG6gnMMK8H8KNYiiSA\",\"https:\/\/www.linkedin.com\/company\/transports-rabouin-sas\",\"https:\/\/www.tiktok.com\/@transportsrabouin\"],\"founder\":{\"@type\":\"Person\",\"name\":\"Eric Rabouin\"},\"contactPoint\":{\"@type\":\"ContactPoint\",\"telephone\":\"+33240253700\",\"contactType\":\"customer service\",\"availableLanguage\":\"French\"}}]}<\/script>\n<!-- \/ Yoast SEO plugin. -->","yoast_head_json":{"title":"Merci - Transports Rabouin","robots":{"index":"index","follow":"follow","max-snippet":"max-snippet:-1","max-image-preview":"max-image-preview:large","max-video-preview":"max-video-preview:-1"},"canonical":"https:\/\/www.rabouin.com\/fr\/demande-de-devis-personnalise\/merci\/","og_locale":"fr_FR","og_type":"article","og_title":"Merci - Transports Rabouin","og_description":"Nous vous remercions pour votre demande de devis ! Notre \u00e9quipe d'exploitants met tout en oeuvre pour vous apporter une r\u00e9ponse dans les plus brefs d\u00e9lais. En attendant, rejoignez-nous sur les r\u00e9seaux sociaux pour suivre toutes nos actualit\u00e9s, nos photos et vid\u00e9os de chargements !","og_url":"https:\/\/www.rabouin.com\/fr\/demande-de-devis-personnalise\/merci\/","og_site_name":"Transports Rabouin","article_publisher":"https:\/\/www.facebook.com\/Rabouin.Transports","article_modified_time":"2021-12-09T09:17:52+00:00","og_image":[{"url":"https:\/\/www.rabouin.com\/wp-content\/uploads\/2020\/09\/Facebook-Rabouin-2.png","type":"","width":"","height":""}],"twitter_card":"summary_large_image","twitter_site":"@transportsrabo1","schema":{"@context":"https:\/\/schema.org","@graph":[{"@type":"WebPage","@id":"https:\/\/www.rabouin.com\/fr\/demande-de-devis-personnalise\/merci#webpage","url":"https:\/\/www.rabouin.com\/fr\/demande-de-devis-personnalise\/merci\/","name":"Merci - Transports Rabouin","isPartOf":{"@id":"https:\/\/www.rabouin.com\/fr\/#website"},"primaryImageOfPage":{"@id":"https:\/\/www.rabouin.com\/fr\/demande-de-devis-personnalise\/merci\/#primaryimage"},"image":{"@id":"https:\/\/www.rabouin.com\/fr\/demande-de-devis-personnalise\/merci\/#primaryimage"},"thumbnailUrl":"https:\/\/www.rabouin.com\/wp-content\/uploads\/2020\/09\/Facebook-Rabouin-2.png","datePublished":"2021-12-09T09:16:59+00:00","dateModified":"2021-12-09T09:17:52+00:00","breadcrumb":{"@id":"https:\/\/www.rabouin.com\/fr\/demande-de-devis-personnalise\/merci\/#breadcrumb"},"inLanguage":"fr-FR","potentialAction":[{"@type":"ReadAction","target":["https:\/\/www.rabouin.com\/fr\/demande-de-devis-personnalise\/merci\/"]}]},{"@type":"ImageObject","inLanguage":"fr-FR","@id":"https:\/\/www.rabouin.com\/fr\/demande-de-devis-personnalise\/merci\/#primaryimage","url":"https:\/\/www.rabouin.com\/wp-content\/uploads\/2020\/09\/Facebook-Rabouin-2.png","contentUrl":"https:\/\/www.rabouin.com\/wp-content\/uploads\/2020\/09\/Facebook-Rabouin-2.png"},{"@type":"BreadcrumbList","@id":"https:\/\/www.rabouin.com\/fr\/demande-de-devis-personnalise\/merci\/#breadcrumb","itemListElement":[{"@type":"ListItem","position":1,"name":"Accueil","item":"https:\/\/www.rabouin.com\/fr\/"},{"@type":"ListItem","position":2,"name":"Demande de devis personnalis\u00e9","item":"https:\/\/www.rabouin.com\/fr\/demande-de-devis-personnalise\/"},{"@type":"ListItem","position":3,"name":"Merci"}]},{"@type":"WebSite","@id":"https:\/\/www.rabouin.com\/fr\/#website","url":"https:\/\/www.rabouin.com\/fr\/","name":"Transports Rabouin","description":"Garants de vos v\u00e9hicules","publisher":{"@id":"https:\/\/www.rabouin.com\/fr\/#organization"},"potentialAction":[{"@type":"SearchAction","target":{"@type":"EntryPoint","urlTemplate":"https:\/\/www.rabouin.com\/fr\/?s={search_term_string}"},"query-input":{"@type":"PropertyValueSpecification","valueRequired":true,"valueName":"search_term_string"}}],"inLanguage":"fr-FR"},{"@type":"Organization","@id":"https:\/\/www.rabouin.com\/fr\/#organization","name":"Transports Rabouin","alternateName":"Transports Rabouin","url":"https:\/\/www.rabouin.com\/fr\/","logo":{"@type":"ImageObject","inLanguage":"fr-FR","@id":"https:\/\/www.rabouin.com\/fr\/#\/schema\/logo\/image\/","url":"https:\/\/www.rabouin.com\/wp-content\/uploads\/2023\/08\/logo-rabouin.png","contentUrl":"https:\/\/www.rabouin.com\/wp-content\/uploads\/2023\/08\/logo-rabouin.png","width":2048,"height":2048,"caption":"Transports Rabouin"},"image":{"@id":"https:\/\/www.rabouin.com\/fr\/#\/schema\/logo\/image\/"},"sameAs":["https:\/\/www.facebook.com\/Rabouin.Transports","https:\/\/www.instagram.com\/transportsrabouin\/","https:\/\/www.youtube.com\/channel\/UCuxRbZG6gnMMK8H8KNYiiSA","https:\/\/www.linkedin.com\/company\/transports-rabouin-sas","https:\/\/www.tiktok.com\/@transportsrabouin"],"founder":{"@type":"Person","name":"Eric Rabouin"},"contactPoint":{"@type":"ContactPoint","telephone":"+33240253700","contactType":"customer service","availableLanguage":"French"}}]}},"_links":{"self":[{"href":"https:\/\/www.rabouin.com\/fr\/wp-json\/wp\/v2\/pages\/63438","targetHints":{"allow":["GET"]}}],"collection":[{"href":"https:\/\/www.rabouin.com\/fr\/wp-json\/wp\/v2\/pages"}],"about":[{"href":"https:\/\/www.rabouin.com\/fr\/wp-json\/wp\/v2\/types\/page"}],"author":[{"embeddable":true,"href":"https:\/\/www.rabouin.com\/fr\/wp-json\/wp\/v2\/users\/2"}],"replies":[{"embeddable":true,"href":"https:\/\/www.rabouin.com\/fr\/wp-json\/wp\/v2\/comments?post=63438"}],"version-history":[{"count":0,"href":"https:\/\/www.rabouin.com\/fr\/wp-json\/wp\/v2\/pages\/63438\/revisions"}],"up":[{"embeddable":true,"href":"https:\/\/www.rabouin.com\/fr\/wp-json\/wp\/v2\/pages\/63431"}],"wp:attachment":[{"href":"https:\/\/www.rabouin.com\/fr\/wp-json\/wp\/v2\/media?parent=63438"}],"curies":[{"name":"wp","href":"https:\/\/api.w.org\/{rel}","templated":true}]}}