{"id":63477,"date":"2021-12-30T16:19:42","date_gmt":"2021-12-30T15:19:42","guid":{"rendered":"https:\/\/www.rabouin.com\/?page_id=63477"},"modified":"2022-02-02T10:10:20","modified_gmt":"2022-02-02T09:10:20","slug":"notre-vision","status":"publish","type":"page","link":"https:\/\/www.rabouin.com\/fr\/transports-rabouin\/notre-vision\/","title":{"rendered":"Notre vision"},"content":{"rendered":"<h2>Expert des solutions logistiques automobiles globales<\/h2>\n<h3><strong>Notre m\u00e9tier<\/strong><\/h3>\n<p>Organiser et r\u00e9aliser des prestations de transport, de stockage et de pr\u00e9paration de v\u00e9hicules en France et dans les pays limitrophes.<\/p>\n<h3><strong>Notre ambition<\/strong><\/h3>\n<p>Nous voulons p\u00e9renniser notre activit\u00e9 de fa\u00e7on ind\u00e9pendante sur l'ensemble du territoire national, en accompagnant l\u2019\u00e9volution des attentes de nos clients et de nos collaborateurs.<\/p>\n<h3><strong>Notre conviction<\/strong><\/h3>\n<p>Le transport routier de v\u00e9hicules est une activit\u00e9 essentielle. Nous l\u2019optimisons pour contribuer \u00e0 une perception plus responsable de notre m\u00e9tier.<\/p>\n<h3><strong>Notre d\u00e9fi<\/strong><\/h3>\n<p>Faire de l'adaptabilit\u00e9 et de la qualit\u00e9 de nos prestations un facteur de distinction.<\/p>\n<h3><strong>Notre fa\u00e7on de la relever<\/strong><\/h3>\n<p>Par l\u2019implication de nos collaborateurs, le respect de nos engagements et l\u2019inventivit\u00e9 de nos solutions : faire de chacun les acteurs de la satisfaction client.<\/p>\n<h3><strong>Notre esprit d'entreprise<\/strong><\/h3>\n<p>Avant tout humains, nous pla\u00e7ons la bienveillance, la passion et la r\u00e9ussite au c\u0153ur de notre fa\u00e7on d'\u00eatre.<\/p>\n<h3><strong>Nos comportements<\/strong><\/h3>\n<p>\u00c0 l'\u00e9coute de nos diff\u00e9rents publics (clients, collaborateurs, partenaires, usagers de la route), nous agissons avec autonomie et responsabilit\u00e9.<\/p>\n<h3><strong>Notre \u00e9thique<\/strong><\/h3>\n<p>Notre valeur centrale est<strong> l\u2019attention<\/strong>, que nous portons :<\/p>\n<ul>\n<li>\u00e0 nos collaborateurs<\/li>\n<li>\u00e0 nos clients<\/li>\n<li>\u00e0 notre environnement<\/li>\n<li>aux v\u00e9hicules<\/li>\n<li>au mat\u00e9riel.<\/li>\n<\/ul>\n<p><a href=\"https:\/\/www.rabouin.com\/wp-content\/uploads\/2021\/12\/Rabouin-notre-vision.pdf\" target=\"_blank\" rel=\"noopener\"><img loading=\"lazy\" decoding=\"async\" class=\"alignnone wp-image-63483 size-large\" src=\"https:\/\/www.rabouin.com\/wp-content\/uploads\/2021\/12\/notre-vision-transports-rabouin-1-752x1080.png\" alt=\"notre-vision-transports-rabouin\" width=\"752\" height=\"1080\" srcset=\"https:\/\/www.rabouin.com\/wp-content\/uploads\/2021\/12\/notre-vision-transports-rabouin-1-752x1080.png 752w, https:\/\/www.rabouin.com\/wp-content\/uploads\/2021\/12\/notre-vision-transports-rabouin-1-279x400.png 279w, https:\/\/www.rabouin.com\/wp-content\/uploads\/2021\/12\/notre-vision-transports-rabouin-1-768x1103.png 768w, https:\/\/www.rabouin.com\/wp-content\/uploads\/2021\/12\/notre-vision-transports-rabouin-1-1069x1536.png 1069w, https:\/\/www.rabouin.com\/wp-content\/uploads\/2021\/12\/notre-vision-transports-rabouin-1-1426x2048.png 1426w, https:\/\/www.rabouin.com\/wp-content\/uploads\/2021\/12\/notre-vision-transports-rabouin-1.png 1772w\" sizes=\"auto, (max-width: 752px) 100vw, 752px\" \/><\/a><\/p>\n","protected":false},"excerpt":{"rendered":"<p>Expert des solutions logistiques automobiles globales Notre m\u00e9tier Organiser et r\u00e9aliser des prestations de transport, de stockage et de pr\u00e9paration de v\u00e9hicules en France et dans les pays limitrophes. Notre ambition Nous voulons p\u00e9renniser notre activit\u00e9 de fa\u00e7on ind\u00e9pendante sur l&rsquo;ensemble du territoire national, en accompagnant l\u2019\u00e9volution des attentes de nos clients et de nos &hellip;<\/p>\n","protected":false},"author":7,"featured_media":0,"parent":27,"menu_order":0,"comment_status":"closed","ping_status":"closed","template":"","meta":{"_acf_changed":false,"footnotes":""},"class_list":["post-63477","page","type-page","status-publish","hentry"],"acf":[],"yoast_head":"<!-- This site is optimized with the Yoast SEO plugin v25.3.1 - https:\/\/yoast.com\/wordpress\/plugins\/seo\/ -->\n<title>Notre vision - Transports Rabouin<\/title>\n<meta name=\"description\" content=\"Expert dans les solutions logistiques automobiles globales, nos \u00e9quipes contribuent chaque jour \u00e0 la r\u00e9ussite de la soci\u00e9t\u00e9.\" \/>\n<meta name=\"robots\" content=\"index, follow, max-snippet:-1, max-image-preview:large, max-video-preview:-1\" \/>\n<link rel=\"canonical\" href=\"https:\/\/www.rabouin.com\/fr\/transports-rabouin\/notre-vision\/\" \/>\n<meta property=\"og:locale\" content=\"fr_FR\" \/>\n<meta property=\"og:type\" content=\"article\" \/>\n<meta property=\"og:title\" content=\"Notre vision - Transports Rabouin\" \/>\n<meta property=\"og:description\" content=\"Expert dans les solutions logistiques automobiles globales, nos \u00e9quipes contribuent chaque jour \u00e0 la r\u00e9ussite de la soci\u00e9t\u00e9.\" \/>\n<meta property=\"og:url\" content=\"https:\/\/www.rabouin.com\/fr\/transports-rabouin\/notre-vision\/\" \/>\n<meta property=\"og:site_name\" content=\"Transports Rabouin\" \/>\n<meta property=\"article:publisher\" content=\"https:\/\/www.facebook.com\/Rabouin.Transports\" \/>\n<meta property=\"article:modified_time\" content=\"2022-02-02T09:10:20+00:00\" \/>\n<meta property=\"og:image\" content=\"https:\/\/www.rabouin.com\/wp-content\/uploads\/2021\/12\/notre-vision-transports-rabouin-1-752x1080.png\" \/>\n<meta name=\"twitter:card\" content=\"summary_large_image\" \/>\n<meta name=\"twitter:site\" content=\"@transportsrabo1\" \/>\n<meta name=\"twitter:label1\" content=\"Dur\u00e9e de lecture estim\u00e9e\" \/>\n\t<meta name=\"twitter:data1\" content=\"2 minutes\" \/>\n<script type=\"application\/ld+json\" class=\"yoast-schema-graph\">{\"@context\":\"https:\/\/schema.org\",\"@graph\":[{\"@type\":\"WebPage\",\"@id\":\"https:\/\/www.rabouin.com\/fr\/transports-rabouin\/notre-vision#webpage\",\"url\":\"https:\/\/www.rabouin.com\/fr\/transports-rabouin\/notre-vision\/\",\"name\":\"Notre vision - Transports Rabouin\",\"isPartOf\":{\"@id\":\"https:\/\/www.rabouin.com\/fr\/#website\"},\"primaryImageOfPage\":{\"@id\":\"https:\/\/www.rabouin.com\/fr\/transports-rabouin\/notre-vision\/#primaryimage\"},\"image\":{\"@id\":\"https:\/\/www.rabouin.com\/fr\/transports-rabouin\/notre-vision\/#primaryimage\"},\"thumbnailUrl\":\"https:\/\/www.rabouin.com\/wp-content\/uploads\/2021\/12\/notre-vision-transports-rabouin-1-752x1080.png\",\"datePublished\":\"2021-12-30T15:19:42+00:00\",\"dateModified\":\"2022-02-02T09:10:20+00:00\",\"description\":\"Expert dans les solutions logistiques automobiles globales, nos \u00e9quipes contribuent chaque jour \u00e0 la r\u00e9ussite de la soci\u00e9t\u00e9.\",\"breadcrumb\":{\"@id\":\"https:\/\/www.rabouin.com\/fr\/transports-rabouin\/notre-vision\/#breadcrumb\"},\"inLanguage\":\"fr-FR\",\"potentialAction\":[{\"@type\":\"ReadAction\",\"target\":[\"https:\/\/www.rabouin.com\/fr\/transports-rabouin\/notre-vision\/\"]}]},{\"@type\":\"ImageObject\",\"inLanguage\":\"fr-FR\",\"@id\":\"https:\/\/www.rabouin.com\/fr\/transports-rabouin\/notre-vision\/#primaryimage\",\"url\":\"https:\/\/www.rabouin.com\/wp-content\/uploads\/2021\/12\/notre-vision-transports-rabouin-1-752x1080.png\",\"contentUrl\":\"https:\/\/www.rabouin.com\/wp-content\/uploads\/2021\/12\/notre-vision-transports-rabouin-1-752x1080.png\"},{\"@type\":\"BreadcrumbList\",\"@id\":\"https:\/\/www.rabouin.com\/fr\/transports-rabouin\/notre-vision\/#breadcrumb\",\"itemListElement\":[{\"@type\":\"ListItem\",\"position\":1,\"name\":\"Accueil\",\"item\":\"https:\/\/www.rabouin.com\/fr\/\"},{\"@type\":\"ListItem\",\"position\":2,\"name\":\"Transports Rabouin\",\"item\":\"https:\/\/www.rabouin.com\/fr\/transports-rabouin\/\"},{\"@type\":\"ListItem\",\"position\":3,\"name\":\"Notre vision\"}]},{\"@type\":\"WebSite\",\"@id\":\"https:\/\/www.rabouin.com\/fr\/#website\",\"url\":\"https:\/\/www.rabouin.com\/fr\/\",\"name\":\"Transports Rabouin\",\"description\":\"Garants de vos v\u00e9hicules\",\"publisher\":{\"@id\":\"https:\/\/www.rabouin.com\/fr\/#organization\"},\"potentialAction\":[{\"@type\":\"SearchAction\",\"target\":{\"@type\":\"EntryPoint\",\"urlTemplate\":\"https:\/\/www.rabouin.com\/fr\/?s={search_term_string}\"},\"query-input\":{\"@type\":\"PropertyValueSpecification\",\"valueRequired\":true,\"valueName\":\"search_term_string\"}}],\"inLanguage\":\"fr-FR\"},{\"@type\":\"Organization\",\"@id\":\"https:\/\/www.rabouin.com\/fr\/#organization\",\"name\":\"Transports Rabouin\",\"alternateName\":\"Transports Rabouin\",\"url\":\"https:\/\/www.rabouin.com\/fr\/\",\"logo\":{\"@type\":\"ImageObject\",\"inLanguage\":\"fr-FR\",\"@id\":\"https:\/\/www.rabouin.com\/fr\/#\/schema\/logo\/image\/\",\"url\":\"https:\/\/www.rabouin.com\/wp-content\/uploads\/2023\/08\/logo-rabouin.png\",\"contentUrl\":\"https:\/\/www.rabouin.com\/wp-content\/uploads\/2023\/08\/logo-rabouin.png\",\"width\":2048,\"height\":2048,\"caption\":\"Transports Rabouin\"},\"image\":{\"@id\":\"https:\/\/www.rabouin.com\/fr\/#\/schema\/logo\/image\/\"},\"sameAs\":[\"https:\/\/www.facebook.com\/Rabouin.Transports\",\"https:\/\/www.instagram.com\/transportsrabouin\/\",\"https:\/\/www.youtube.com\/channel\/UCuxRbZG6gnMMK8H8KNYiiSA\",\"https:\/\/www.linkedin.com\/company\/transports-rabouin-sas\",\"https:\/\/www.tiktok.com\/@transportsrabouin\"],\"founder\":{\"@type\":\"Person\",\"name\":\"Eric Rabouin\"},\"contactPoint\":{\"@type\":\"ContactPoint\",\"telephone\":\"+33240253700\",\"contactType\":\"customer service\",\"availableLanguage\":\"French\"}}]}<\/script>\n<!-- \/ Yoast SEO plugin. -->","yoast_head_json":{"title":"Notre vision - Transports Rabouin","description":"Expert dans les solutions logistiques automobiles globales, nos \u00e9quipes contribuent chaque jour \u00e0 la r\u00e9ussite de la soci\u00e9t\u00e9.","robots":{"index":"index","follow":"follow","max-snippet":"max-snippet:-1","max-image-preview":"max-image-preview:large","max-video-preview":"max-video-preview:-1"},"canonical":"https:\/\/www.rabouin.com\/fr\/transports-rabouin\/notre-vision\/","og_locale":"fr_FR","og_type":"article","og_title":"Notre vision - Transports Rabouin","og_description":"Expert dans les solutions logistiques automobiles globales, nos \u00e9quipes contribuent chaque jour \u00e0 la r\u00e9ussite de la soci\u00e9t\u00e9.","og_url":"https:\/\/www.rabouin.com\/fr\/transports-rabouin\/notre-vision\/","og_site_name":"Transports Rabouin","article_publisher":"https:\/\/www.facebook.com\/Rabouin.Transports","article_modified_time":"2022-02-02T09:10:20+00:00","og_image":[{"url":"https:\/\/www.rabouin.com\/wp-content\/uploads\/2021\/12\/notre-vision-transports-rabouin-1-752x1080.png","type":"","width":"","height":""}],"twitter_card":"summary_large_image","twitter_site":"@transportsrabo1","twitter_misc":{"Dur\u00e9e de lecture estim\u00e9e":"2 minutes"},"schema":{"@context":"https:\/\/schema.org","@graph":[{"@type":"WebPage","@id":"https:\/\/www.rabouin.com\/fr\/transports-rabouin\/notre-vision#webpage","url":"https:\/\/www.rabouin.com\/fr\/transports-rabouin\/notre-vision\/","name":"Notre vision - Transports Rabouin","isPartOf":{"@id":"https:\/\/www.rabouin.com\/fr\/#website"},"primaryImageOfPage":{"@id":"https:\/\/www.rabouin.com\/fr\/transports-rabouin\/notre-vision\/#primaryimage"},"image":{"@id":"https:\/\/www.rabouin.com\/fr\/transports-rabouin\/notre-vision\/#primaryimage"},"thumbnailUrl":"https:\/\/www.rabouin.com\/wp-content\/uploads\/2021\/12\/notre-vision-transports-rabouin-1-752x1080.png","datePublished":"2021-12-30T15:19:42+00:00","dateModified":"2022-02-02T09:10:20+00:00","description":"Expert dans les solutions logistiques automobiles globales, nos \u00e9quipes contribuent chaque jour \u00e0 la r\u00e9ussite de la soci\u00e9t\u00e9.","breadcrumb":{"@id":"https:\/\/www.rabouin.com\/fr\/transports-rabouin\/notre-vision\/#breadcrumb"},"inLanguage":"fr-FR","potentialAction":[{"@type":"ReadAction","target":["https:\/\/www.rabouin.com\/fr\/transports-rabouin\/notre-vision\/"]}]},{"@type":"ImageObject","inLanguage":"fr-FR","@id":"https:\/\/www.rabouin.com\/fr\/transports-rabouin\/notre-vision\/#primaryimage","url":"https:\/\/www.rabouin.com\/wp-content\/uploads\/2021\/12\/notre-vision-transports-rabouin-1-752x1080.png","contentUrl":"https:\/\/www.rabouin.com\/wp-content\/uploads\/2021\/12\/notre-vision-transports-rabouin-1-752x1080.png"},{"@type":"BreadcrumbList","@id":"https:\/\/www.rabouin.com\/fr\/transports-rabouin\/notre-vision\/#breadcrumb","itemListElement":[{"@type":"ListItem","position":1,"name":"Accueil","item":"https:\/\/www.rabouin.com\/fr\/"},{"@type":"ListItem","position":2,"name":"Transports Rabouin","item":"https:\/\/www.rabouin.com\/fr\/transports-rabouin\/"},{"@type":"ListItem","position":3,"name":"Notre vision"}]},{"@type":"WebSite","@id":"https:\/\/www.rabouin.com\/fr\/#website","url":"https:\/\/www.rabouin.com\/fr\/","name":"Transports Rabouin","description":"Garants de vos v\u00e9hicules","publisher":{"@id":"https:\/\/www.rabouin.com\/fr\/#organization"},"potentialAction":[{"@type":"SearchAction","target":{"@type":"EntryPoint","urlTemplate":"https:\/\/www.rabouin.com\/fr\/?s={search_term_string}"},"query-input":{"@type":"PropertyValueSpecification","valueRequired":true,"valueName":"search_term_string"}}],"inLanguage":"fr-FR"},{"@type":"Organization","@id":"https:\/\/www.rabouin.com\/fr\/#organization","name":"Transports Rabouin","alternateName":"Transports Rabouin","url":"https:\/\/www.rabouin.com\/fr\/","logo":{"@type":"ImageObject","inLanguage":"fr-FR","@id":"https:\/\/www.rabouin.com\/fr\/#\/schema\/logo\/image\/","url":"https:\/\/www.rabouin.com\/wp-content\/uploads\/2023\/08\/logo-rabouin.png","contentUrl":"https:\/\/www.rabouin.com\/wp-content\/uploads\/2023\/08\/logo-rabouin.png","width":2048,"height":2048,"caption":"Transports Rabouin"},"image":{"@id":"https:\/\/www.rabouin.com\/fr\/#\/schema\/logo\/image\/"},"sameAs":["https:\/\/www.facebook.com\/Rabouin.Transports","https:\/\/www.instagram.com\/transportsrabouin\/","https:\/\/www.youtube.com\/channel\/UCuxRbZG6gnMMK8H8KNYiiSA","https:\/\/www.linkedin.com\/company\/transports-rabouin-sas","https:\/\/www.tiktok.com\/@transportsrabouin"],"founder":{"@type":"Person","name":"Eric Rabouin"},"contactPoint":{"@type":"ContactPoint","telephone":"+33240253700","contactType":"customer service","availableLanguage":"French"}}]}},"_links":{"self":[{"href":"https:\/\/www.rabouin.com\/fr\/wp-json\/wp\/v2\/pages\/63477","targetHints":{"allow":["GET"]}}],"collection":[{"href":"https:\/\/www.rabouin.com\/fr\/wp-json\/wp\/v2\/pages"}],"about":[{"href":"https:\/\/www.rabouin.com\/fr\/wp-json\/wp\/v2\/types\/page"}],"author":[{"embeddable":true,"href":"https:\/\/www.rabouin.com\/fr\/wp-json\/wp\/v2\/users\/7"}],"replies":[{"embeddable":true,"href":"https:\/\/www.rabouin.com\/fr\/wp-json\/wp\/v2\/comments?post=63477"}],"version-history":[{"count":0,"href":"https:\/\/www.rabouin.com\/fr\/wp-json\/wp\/v2\/pages\/63477\/revisions"}],"up":[{"embeddable":true,"href":"https:\/\/www.rabouin.com\/fr\/wp-json\/wp\/v2\/pages\/27"}],"wp:attachment":[{"href":"https:\/\/www.rabouin.com\/fr\/wp-json\/wp\/v2\/media?parent=63477"}],"curies":[{"name":"wp","href":"https:\/\/api.w.org\/{rel}","templated":true}]}}