{"id":73,"date":"2017-04-14T13:57:44","date_gmt":"2017-04-14T11:57:44","guid":{"rendered":"http:\/\/dev.transport-rabouin.com\/?page_id=73\/"},"modified":"2022-12-23T15:04:25","modified_gmt":"2022-12-23T14:04:25","slug":"mentions-legales","status":"publish","type":"page","link":"https:\/\/www.rabouin.com\/fr\/mentions-legales\/","title":{"rendered":"Mentions l\u00e9gales"},"content":{"rendered":"<h2>1. Pr\u00e9sentation du site<\/h2>\n<p>En vertu de l'article 6 de la loi n\u00b0 2004-575 du 21 juin 2004 pour la confiance dans l'\u00e9conomie num\u00e9rique, il est pr\u00e9cis\u00e9 aux utilisateurs du site de la soci\u00e9t\u00e9 TRANSPORTS RABOUIN SAS l'identit\u00e9 des diff\u00e9rents intervenants dans le cadre de sa r\u00e9alisation et de son suivi :<\/p>\n<h3>Propri\u00e9taires<\/h3>\n<p><strong>TRANSPORTS RABOUIN SAS<\/strong><br \/>\nTRANSPORTS RABOUIN SAS, ZONE ARTISANALE LES RELANDIERES SUD<br \/>\n44850 LE CELLIER<\/p>\n<p><strong>Forme juridique :<\/strong> SASU<br \/>\n<strong>Capital social :<\/strong> 800 000 euros<br \/>\n<strong>RCS :<\/strong> 525 327 417<br \/>\n<strong>Responsable publication :<\/strong> Rabouin \u00c9ric<\/p>\n<h3>Cr\u00e9ation du site<\/h3>\n<p><strong>Agence de communication B17<\/strong><br \/>\n19, rue du Lieutenant Aug\u00e9<br \/>\n44230 Saint-S\u00e9bastien-sur-Loire<br \/>\n<strong>T\u00e9l.<\/strong> 02 40 89 78 74<\/p>\n<h3>H\u00e9bergement<\/h3>\n<p><strong>OVH<\/strong><br \/>\n2 rue Kellermann<br \/>\n59100 Roubaix<br \/>\n<strong>T\u00e9l.<\/strong> 1007<\/p>\n<h3>Cr\u00e9dits photographiques<\/h3>\n<p><strong>Shutterstock <\/strong><\/p>\n<h2>2. Conditions g\u00e9n\u00e9rales d'utilisation du site et des services propos\u00e9s<\/h2>\n<p>L'utilisation du site de la soci\u00e9t\u00e9 TRANSPORTS RABOUIN SAS implique l'acceptation pleine et enti\u00e8re des conditions g\u00e9n\u00e9rales d'utilisation ci-apr\u00e8s d\u00e9crites. Ces conditions d'utilisation sont susceptibles d'\u00eatre modifi\u00e9es ou compl\u00e9t\u00e9es \u00e0 tout moment, les utilisateurs du site de la soci\u00e9t\u00e9 TRANSPORTS RABOUIN SAS sont donc invit\u00e9s \u00e0 les consulter de mani\u00e8re r\u00e9guli\u00e8re.<br \/>\nCe site est normalement accessible \u00e0 tout moment aux utilisateurs. Une interruption pour raison de maintenance technique peut \u00eatre toutefois d\u00e9cid\u00e9e par la soci\u00e9t\u00e9 TRANSPORTS RABOUIN SAS, qui s'efforcera alors de communiquer pr\u00e9alablement aux utilisateurs les dates et heures de l'intervention.<br \/>\nLe site de la soci\u00e9t\u00e9 TRANSPORTS RABOUIN SAS est mis \u00e0 jour r\u00e9guli\u00e8rement par la soci\u00e9t\u00e9 TRANSPORTS RABOUIN SAS.<br \/>\n<strong>De la m\u00eame fa\u00e7on, les mentions l\u00e9gales peuvent \u00eatre modifi\u00e9es \u00e0 tout moment :<\/strong> elles s'imposent n\u00e9anmoins \u00e0 l'utilisateur qui est invit\u00e9 \u00e0 s'y r\u00e9f\u00e9rer le plus souvent possible afin d'en prendre connaissance.<\/p>\n<h2>3. Description des services fournis<\/h2>\n<p>Le site de la soci\u00e9t\u00e9 TRANSPORTS RABOUIN SAS a pour objet de fournir une information concernant l'ensemble des activit\u00e9s de la soci\u00e9t\u00e9.<br \/>\nLa soci\u00e9t\u00e9 TRANSPORTS RABOUIN SAS s'efforce de fournir sur le site de la soci\u00e9t\u00e9 TRANSPORTS RABOUIN SAS des informations aussi pr\u00e9cises que possible. Toutefois, elle ne pourra \u00eatre tenue responsable des omissions, des inexactitudes et des carences dans la mise \u00e0 jour, qu'elles soient de son fait ou du fait des tiers partenaires qui lui fournissent ces informations.<\/p>\n<p>Tous les informations indiqu\u00e9es sur le site de la soci\u00e9t\u00e9 TRANSPORTS RABOUIN SAS sont donn\u00e9es \u00e0 titre indicatif, et sont susceptibles d'\u00e9voluer. Par ailleurs, les renseignements figurant sur le site de la soci\u00e9t\u00e9 TRANSPORTS RABOUIN SAS ne sont pas exhaustifs. Ils sont donn\u00e9s sous r\u00e9serve de modifications ayant \u00e9t\u00e9 apport\u00e9es depuis leur mise en ligne.<\/p>\n<h2>4. Limitations contractuelles sur les donn\u00e9es techniques<\/h2>\n<p>Le site utilise la technologie JavaScript.<br \/>\nLe site Internet ne pourra \u00eatre tenu responsable de dommages mat\u00e9riels li\u00e9s \u00e0 l'utilisation du site. De plus, l'utilisateur du site s'engage \u00e0 acc\u00e9der au site en utilisant un mat\u00e9riel r\u00e9cent, ne contenant pas de virus et avec un navigateur de derni\u00e8re g\u00e9n\u00e9ration mis \u00e0 jour.<\/p>\n<h2>5. Propri\u00e9t\u00e9 intellectuelle et contrefa\u00e7ons<\/h2>\n<p>La soci\u00e9t\u00e9 TRANSPORTS RABOUIN SAS est propri\u00e9taire des droits de propri\u00e9t\u00e9 intellectuelle ou d\u00e9tient les droits d'usage sur tous les \u00e9l\u00e9ments accessibles sur le site, notamment les textes, images, graphismes, logos, ic\u00f4nes, sons, logiciels.<br \/>\nToute reproduction, repr\u00e9sentation, modification, publication, adaptation de tout ou partie des \u00e9l\u00e9ments du site, quel que soit le moyen ou le proc\u00e9d\u00e9 utilis\u00e9, est interdite, sauf autorisation \u00e9crite pr\u00e9alable de la soci\u00e9t\u00e9 TRANSPORTS RABOUIN SAS.<br \/>\nToute exploitation non autoris\u00e9e du site ou d'un quelconque \u00e9l\u00e9ment qu'il contient sera consid\u00e9r\u00e9e comme constitutive d'une contrefa\u00e7on et poursuivie conform\u00e9ment aux dispositions des articles L.335-2 et suivants du Code de Propri\u00e9t\u00e9 Intellectuelle.<\/p>\n<h2>6. Limitations de responsabilit\u00e9<\/h2>\n<p>La soci\u00e9t\u00e9 TRANSPORTS RABOUIN SAS ne pourra \u00eatre tenue responsable des dommages directs et indirects caus\u00e9s au mat\u00e9riel de l'utilisateur, lors de l'acc\u00e8s au site de TRANSPORTS RABOUIN SAS, et r\u00e9sultant soit de l'utilisation d'un mat\u00e9riel ne r\u00e9pondant pas aux sp\u00e9cifications indiqu\u00e9es au point 4, soit de l'apparition d'un bug ou d'une incompatibilit\u00e9.<br \/>\nla soci\u00e9t\u00e9 TRANSPORTS RABOUIN SAS ne pourra \u00e9galement \u00eatre tenue responsable des dommages indirects <em>(tels que par exemple une perte de march\u00e9 ou perte d'une chance)<\/em> cons\u00e9cutifs \u00e0 l'utilisation du site de la soci\u00e9t\u00e9 TRANSPORTS RABOUIN SAS.<\/p>\n<p>Des espaces interactifs <em>(possibilit\u00e9 de poser des questions dans l'espace contact)<\/em> sont \u00e0 la disposition des utilisateurs. La soci\u00e9t\u00e9 TRANSPORTS RABOUIN SAS se r\u00e9serve le droit de supprimer, sans mise en demeure pr\u00e9alable, tout contenu d\u00e9pos\u00e9 dans cet espace qui contreviendrait \u00e0 la l\u00e9gislation applicable en France, en particulier aux dispositions relatives \u00e0 la protection des donn\u00e9es. Le cas \u00e9ch\u00e9ant, la soci\u00e9t\u00e9 TRANSPORTS RABOUIN SAS se r\u00e9serve \u00e9galement la possibilit\u00e9 de mettre en cause la responsabilit\u00e9 civile et\/ou p\u00e9nale de l'utilisateur, notamment en cas de message \u00e0 caract\u00e8re raciste, injurieux, diffamant, ou pornographique, quel que soit le support utilis\u00e9 <em>(texte, photographie...)<\/em>.<\/p>\n<h2>7. Droit applicable et attribution de juridiction<\/h2>\n<p>Tout litige en relation avec l'utilisation du site de la soci\u00e9t\u00e9 TRANSPORTS RABOUIN SAS est soumis au droit fran\u00e7ais. Seuls les tribunaux relevant du ressort de la Cour d\u2019appel du si\u00e8ge social de la soci\u00e9t\u00e9 TRANSPORTS RABOUIN SAS sont comp\u00e9tents pour conna\u00eetre des \u00e9ventuels litiges li\u00e9s \u00e0 l\u2019utilisation du Site..<\/p>\n","protected":false},"excerpt":{"rendered":"<p>1. Pr\u00e9sentation du site En vertu de l&rsquo;article 6 de la loi n\u00b0 2004-575 du 21 juin 2004 pour la confiance dans l&rsquo;\u00e9conomie num\u00e9rique, il est pr\u00e9cis\u00e9 aux utilisateurs du site de la soci\u00e9t\u00e9 TRANSPORTS RABOUIN SAS l&rsquo;identit\u00e9 des diff\u00e9rents intervenants dans le cadre de sa r\u00e9alisation et de son suivi : Propri\u00e9taires TRANSPORTS RABOUIN &hellip;<\/p>\n","protected":false},"author":2,"featured_media":0,"parent":0,"menu_order":0,"comment_status":"closed","ping_status":"closed","template":"","meta":{"_acf_changed":false,"footnotes":""},"class_list":["post-73","page","type-page","status-publish","hentry"],"acf":[],"yoast_head":"<!-- This site is optimized with the Yoast SEO plugin v25.3.1 - https:\/\/yoast.com\/wordpress\/plugins\/seo\/ -->\n<title>Mentions l\u00e9gales - Transports Rabouin<\/title>\n<meta name=\"robots\" content=\"noindex, follow\" \/>\n<meta property=\"og:locale\" content=\"fr_FR\" \/>\n<meta property=\"og:type\" content=\"article\" \/>\n<meta property=\"og:title\" content=\"Mentions l\u00e9gales - Transports Rabouin\" \/>\n<meta property=\"og:description\" content=\"1. Pr\u00e9sentation du site En vertu de l&#039;article 6 de la loi n\u00b0 2004-575 du 21 juin 2004 pour la confiance dans l&#039;\u00e9conomie num\u00e9rique, il est pr\u00e9cis\u00e9 aux utilisateurs du site de la soci\u00e9t\u00e9 TRANSPORTS RABOUIN SAS l&#039;identit\u00e9 des diff\u00e9rents intervenants dans le cadre de sa r\u00e9alisation et de son suivi : Propri\u00e9taires TRANSPORTS RABOUIN &hellip;\" \/>\n<meta property=\"og:url\" content=\"https:\/\/www.rabouin.com\/fr\/mentions-legales\/\" \/>\n<meta property=\"og:site_name\" content=\"Transports Rabouin\" \/>\n<meta property=\"article:publisher\" content=\"https:\/\/www.facebook.com\/Rabouin.Transports\" \/>\n<meta property=\"article:modified_time\" content=\"2022-12-23T14:04:25+00:00\" \/>\n<meta name=\"twitter:card\" content=\"summary_large_image\" \/>\n<meta name=\"twitter:site\" content=\"@transportsrabo1\" \/>\n<meta name=\"twitter:label1\" content=\"Dur\u00e9e de lecture estim\u00e9e\" \/>\n\t<meta name=\"twitter:data1\" content=\"5 minutes\" \/>\n<script type=\"application\/ld+json\" class=\"yoast-schema-graph\">{\"@context\":\"https:\/\/schema.org\",\"@graph\":[{\"@type\":\"WebPage\",\"@id\":\"https:\/\/www.rabouin.com\/fr\/mentions-legales#webpage\",\"url\":\"https:\/\/www.rabouin.com\/fr\/mentions-legales\/\",\"name\":\"Mentions l\u00e9gales - Transports Rabouin\",\"isPartOf\":{\"@id\":\"https:\/\/www.rabouin.com\/fr\/#website\"},\"datePublished\":\"2017-04-14T11:57:44+00:00\",\"dateModified\":\"2022-12-23T14:04:25+00:00\",\"breadcrumb\":{\"@id\":\"https:\/\/www.rabouin.com\/fr\/mentions-legales\/#breadcrumb\"},\"inLanguage\":\"fr-FR\",\"potentialAction\":[{\"@type\":\"ReadAction\",\"target\":[\"https:\/\/www.rabouin.com\/fr\/mentions-legales\/\"]}]},{\"@type\":\"BreadcrumbList\",\"@id\":\"https:\/\/www.rabouin.com\/fr\/mentions-legales\/#breadcrumb\",\"itemListElement\":[{\"@type\":\"ListItem\",\"position\":1,\"name\":\"Accueil\",\"item\":\"https:\/\/www.rabouin.com\/fr\/\"},{\"@type\":\"ListItem\",\"position\":2,\"name\":\"Mentions l\u00e9gales\"}]},{\"@type\":\"WebSite\",\"@id\":\"https:\/\/www.rabouin.com\/fr\/#website\",\"url\":\"https:\/\/www.rabouin.com\/fr\/\",\"name\":\"Transports Rabouin\",\"description\":\"Garants de vos v\u00e9hicules\",\"publisher\":{\"@id\":\"https:\/\/www.rabouin.com\/fr\/#organization\"},\"potentialAction\":[{\"@type\":\"SearchAction\",\"target\":{\"@type\":\"EntryPoint\",\"urlTemplate\":\"https:\/\/www.rabouin.com\/fr\/?s={search_term_string}\"},\"query-input\":{\"@type\":\"PropertyValueSpecification\",\"valueRequired\":true,\"valueName\":\"search_term_string\"}}],\"inLanguage\":\"fr-FR\"},{\"@type\":\"Organization\",\"@id\":\"https:\/\/www.rabouin.com\/fr\/#organization\",\"name\":\"Transports Rabouin\",\"alternateName\":\"Transports Rabouin\",\"url\":\"https:\/\/www.rabouin.com\/fr\/\",\"logo\":{\"@type\":\"ImageObject\",\"inLanguage\":\"fr-FR\",\"@id\":\"https:\/\/www.rabouin.com\/fr\/#\/schema\/logo\/image\/\",\"url\":\"https:\/\/www.rabouin.com\/wp-content\/uploads\/2023\/08\/logo-rabouin.png\",\"contentUrl\":\"https:\/\/www.rabouin.com\/wp-content\/uploads\/2023\/08\/logo-rabouin.png\",\"width\":2048,\"height\":2048,\"caption\":\"Transports Rabouin\"},\"image\":{\"@id\":\"https:\/\/www.rabouin.com\/fr\/#\/schema\/logo\/image\/\"},\"sameAs\":[\"https:\/\/www.facebook.com\/Rabouin.Transports\",\"https:\/\/www.instagram.com\/transportsrabouin\/\",\"https:\/\/www.youtube.com\/channel\/UCuxRbZG6gnMMK8H8KNYiiSA\",\"https:\/\/www.linkedin.com\/company\/transports-rabouin-sas\",\"https:\/\/www.tiktok.com\/@transportsrabouin\"],\"founder\":{\"@type\":\"Person\",\"name\":\"Eric Rabouin\"},\"contactPoint\":{\"@type\":\"ContactPoint\",\"telephone\":\"+33240253700\",\"contactType\":\"customer service\",\"availableLanguage\":\"French\"}}]}<\/script>\n<!-- \/ Yoast SEO plugin. -->","yoast_head_json":{"title":"Mentions l\u00e9gales - Transports Rabouin","robots":{"index":"noindex","follow":"follow"},"og_locale":"fr_FR","og_type":"article","og_title":"Mentions l\u00e9gales - Transports Rabouin","og_description":"1. Pr\u00e9sentation du site En vertu de l'article 6 de la loi n\u00b0 2004-575 du 21 juin 2004 pour la confiance dans l'\u00e9conomie num\u00e9rique, il est pr\u00e9cis\u00e9 aux utilisateurs du site de la soci\u00e9t\u00e9 TRANSPORTS RABOUIN SAS l'identit\u00e9 des diff\u00e9rents intervenants dans le cadre de sa r\u00e9alisation et de son suivi : Propri\u00e9taires TRANSPORTS RABOUIN &hellip;","og_url":"https:\/\/www.rabouin.com\/fr\/mentions-legales\/","og_site_name":"Transports Rabouin","article_publisher":"https:\/\/www.facebook.com\/Rabouin.Transports","article_modified_time":"2022-12-23T14:04:25+00:00","twitter_card":"summary_large_image","twitter_site":"@transportsrabo1","twitter_misc":{"Dur\u00e9e de lecture estim\u00e9e":"5 minutes"},"schema":{"@context":"https:\/\/schema.org","@graph":[{"@type":"WebPage","@id":"https:\/\/www.rabouin.com\/fr\/mentions-legales#webpage","url":"https:\/\/www.rabouin.com\/fr\/mentions-legales\/","name":"Mentions l\u00e9gales - Transports Rabouin","isPartOf":{"@id":"https:\/\/www.rabouin.com\/fr\/#website"},"datePublished":"2017-04-14T11:57:44+00:00","dateModified":"2022-12-23T14:04:25+00:00","breadcrumb":{"@id":"https:\/\/www.rabouin.com\/fr\/mentions-legales\/#breadcrumb"},"inLanguage":"fr-FR","potentialAction":[{"@type":"ReadAction","target":["https:\/\/www.rabouin.com\/fr\/mentions-legales\/"]}]},{"@type":"BreadcrumbList","@id":"https:\/\/www.rabouin.com\/fr\/mentions-legales\/#breadcrumb","itemListElement":[{"@type":"ListItem","position":1,"name":"Accueil","item":"https:\/\/www.rabouin.com\/fr\/"},{"@type":"ListItem","position":2,"name":"Mentions l\u00e9gales"}]},{"@type":"WebSite","@id":"https:\/\/www.rabouin.com\/fr\/#website","url":"https:\/\/www.rabouin.com\/fr\/","name":"Transports Rabouin","description":"Garants de vos v\u00e9hicules","publisher":{"@id":"https:\/\/www.rabouin.com\/fr\/#organization"},"potentialAction":[{"@type":"SearchAction","target":{"@type":"EntryPoint","urlTemplate":"https:\/\/www.rabouin.com\/fr\/?s={search_term_string}"},"query-input":{"@type":"PropertyValueSpecification","valueRequired":true,"valueName":"search_term_string"}}],"inLanguage":"fr-FR"},{"@type":"Organization","@id":"https:\/\/www.rabouin.com\/fr\/#organization","name":"Transports Rabouin","alternateName":"Transports Rabouin","url":"https:\/\/www.rabouin.com\/fr\/","logo":{"@type":"ImageObject","inLanguage":"fr-FR","@id":"https:\/\/www.rabouin.com\/fr\/#\/schema\/logo\/image\/","url":"https:\/\/www.rabouin.com\/wp-content\/uploads\/2023\/08\/logo-rabouin.png","contentUrl":"https:\/\/www.rabouin.com\/wp-content\/uploads\/2023\/08\/logo-rabouin.png","width":2048,"height":2048,"caption":"Transports Rabouin"},"image":{"@id":"https:\/\/www.rabouin.com\/fr\/#\/schema\/logo\/image\/"},"sameAs":["https:\/\/www.facebook.com\/Rabouin.Transports","https:\/\/www.instagram.com\/transportsrabouin\/","https:\/\/www.youtube.com\/channel\/UCuxRbZG6gnMMK8H8KNYiiSA","https:\/\/www.linkedin.com\/company\/transports-rabouin-sas","https:\/\/www.tiktok.com\/@transportsrabouin"],"founder":{"@type":"Person","name":"Eric Rabouin"},"contactPoint":{"@type":"ContactPoint","telephone":"+33240253700","contactType":"customer service","availableLanguage":"French"}}]}},"_links":{"self":[{"href":"https:\/\/www.rabouin.com\/fr\/wp-json\/wp\/v2\/pages\/73","targetHints":{"allow":["GET"]}}],"collection":[{"href":"https:\/\/www.rabouin.com\/fr\/wp-json\/wp\/v2\/pages"}],"about":[{"href":"https:\/\/www.rabouin.com\/fr\/wp-json\/wp\/v2\/types\/page"}],"author":[{"embeddable":true,"href":"https:\/\/www.rabouin.com\/fr\/wp-json\/wp\/v2\/users\/2"}],"replies":[{"embeddable":true,"href":"https:\/\/www.rabouin.com\/fr\/wp-json\/wp\/v2\/comments?post=73"}],"version-history":[{"count":0,"href":"https:\/\/www.rabouin.com\/fr\/wp-json\/wp\/v2\/pages\/73\/revisions"}],"wp:attachment":[{"href":"https:\/\/www.rabouin.com\/fr\/wp-json\/wp\/v2\/media?parent=73"}],"curies":[{"name":"wp","href":"https:\/\/api.w.org\/{rel}","templated":true}]}}