{"id":8,"date":"2017-02-20T13:37:52","date_gmt":"2017-02-20T12:37:52","guid":{"rendered":"http:\/\/dev.transport-rabouin.com\/?page_id=8"},"modified":"2026-04-15T17:05:55","modified_gmt":"2026-04-15T15:05:55","slug":"professionnels","status":"publish","type":"page","link":"https:\/\/www.rabouin.com\/fr\/professionnels\/","title":{"rendered":"Professionnels"},"content":{"rendered":"","protected":false},"excerpt":{"rendered":"","protected":false},"author":2,"featured_media":0,"parent":0,"menu_order":0,"comment_status":"closed","ping_status":"closed","template":"page-professionnels-new.php","meta":{"_acf_changed":false,"footnotes":""},"class_list":["post-8","page","type-page","status-publish","hentry"],"acf":[],"yoast_head":"<!-- This site is optimized with the Yoast SEO plugin v25.3.1 - https:\/\/yoast.com\/wordpress\/plugins\/seo\/ -->\n<title>Transport voitures pour professionnels - Transports Rabouin<\/title>\n<meta name=\"description\" content=\"Sp\u00e9cialiste du transport de v\u00e9hicules, Transports Rabouin assurent le transport de voitures et v\u00e9hicules pour professionnels. Devis gratuit.\" \/>\n<meta name=\"robots\" content=\"index, follow, max-snippet:-1, max-image-preview:large, max-video-preview:-1\" \/>\n<link rel=\"canonical\" href=\"https:\/\/www.rabouin.com\/fr\/professionnels\/\" \/>\n<meta property=\"og:locale\" content=\"fr_FR\" \/>\n<meta property=\"og:type\" content=\"article\" \/>\n<meta property=\"og:title\" content=\"Transport voitures pour professionnels - Transports Rabouin\" \/>\n<meta property=\"og:description\" content=\"Sp\u00e9cialiste du transport de v\u00e9hicules, Transports Rabouin assurent le transport de voitures et v\u00e9hicules pour professionnels. Devis gratuit.\" \/>\n<meta property=\"og:url\" content=\"https:\/\/www.rabouin.com\/fr\/professionnels\/\" \/>\n<meta property=\"og:site_name\" content=\"Transports Rabouin\" \/>\n<meta property=\"article:publisher\" content=\"https:\/\/www.facebook.com\/Rabouin.Transports\" \/>\n<meta property=\"article:modified_time\" content=\"2026-04-15T15:05:55+00:00\" \/>\n<meta name=\"twitter:card\" content=\"summary_large_image\" \/>\n<meta name=\"twitter:site\" content=\"@transportsrabo1\" \/>\n<script type=\"application\/ld+json\" class=\"yoast-schema-graph\">{\"@context\":\"https:\/\/schema.org\",\"@graph\":[{\"@type\":\"WebPage\",\"@id\":\"https:\/\/www.rabouin.com\/fr\/professionnels#webpage\",\"url\":\"https:\/\/www.rabouin.com\/fr\/professionnels\/\",\"name\":\"Transport voitures pour professionnels - Transports Rabouin\",\"isPartOf\":{\"@id\":\"https:\/\/www.rabouin.com\/fr\/#website\"},\"datePublished\":\"2017-02-20T12:37:52+00:00\",\"dateModified\":\"2026-04-15T15:05:55+00:00\",\"description\":\"Sp\u00e9cialiste du transport de v\u00e9hicules, Transports Rabouin assurent le transport de voitures et v\u00e9hicules pour professionnels. Devis gratuit.\",\"breadcrumb\":{\"@id\":\"https:\/\/www.rabouin.com\/fr\/professionnels\/#breadcrumb\"},\"inLanguage\":\"fr-FR\",\"potentialAction\":[{\"@type\":\"ReadAction\",\"target\":[\"https:\/\/www.rabouin.com\/fr\/professionnels\/\"]}]},{\"@type\":\"BreadcrumbList\",\"@id\":\"https:\/\/www.rabouin.com\/fr\/professionnels\/#breadcrumb\",\"itemListElement\":[{\"@type\":\"ListItem\",\"position\":1,\"name\":\"Accueil\",\"item\":\"https:\/\/www.rabouin.com\/fr\/\"},{\"@type\":\"ListItem\",\"position\":2,\"name\":\"Professionnels\"}]},{\"@type\":\"WebSite\",\"@id\":\"https:\/\/www.rabouin.com\/fr\/#website\",\"url\":\"https:\/\/www.rabouin.com\/fr\/\",\"name\":\"Transports Rabouin\",\"description\":\"Garants de vos v\u00e9hicules\",\"publisher\":{\"@id\":\"https:\/\/www.rabouin.com\/fr\/#organization\"},\"potentialAction\":[{\"@type\":\"SearchAction\",\"target\":{\"@type\":\"EntryPoint\",\"urlTemplate\":\"https:\/\/www.rabouin.com\/fr\/?s={search_term_string}\"},\"query-input\":{\"@type\":\"PropertyValueSpecification\",\"valueRequired\":true,\"valueName\":\"search_term_string\"}}],\"inLanguage\":\"fr-FR\"},{\"@type\":\"Organization\",\"@id\":\"https:\/\/www.rabouin.com\/fr\/#organization\",\"name\":\"Transports Rabouin\",\"alternateName\":\"Transports Rabouin\",\"url\":\"https:\/\/www.rabouin.com\/fr\/\",\"logo\":{\"@type\":\"ImageObject\",\"inLanguage\":\"fr-FR\",\"@id\":\"https:\/\/www.rabouin.com\/fr\/#\/schema\/logo\/image\/\",\"url\":\"https:\/\/www.rabouin.com\/wp-content\/uploads\/2023\/08\/logo-rabouin.png\",\"contentUrl\":\"https:\/\/www.rabouin.com\/wp-content\/uploads\/2023\/08\/logo-rabouin.png\",\"width\":2048,\"height\":2048,\"caption\":\"Transports Rabouin\"},\"image\":{\"@id\":\"https:\/\/www.rabouin.com\/fr\/#\/schema\/logo\/image\/\"},\"sameAs\":[\"https:\/\/www.facebook.com\/Rabouin.Transports\",\"https:\/\/www.instagram.com\/transportsrabouin\/\",\"https:\/\/www.youtube.com\/channel\/UCuxRbZG6gnMMK8H8KNYiiSA\",\"https:\/\/www.linkedin.com\/company\/transports-rabouin-sas\",\"https:\/\/www.tiktok.com\/@transportsrabouin\"],\"founder\":{\"@type\":\"Person\",\"name\":\"Eric Rabouin\"},\"contactPoint\":{\"@type\":\"ContactPoint\",\"telephone\":\"+33240253700\",\"contactType\":\"customer service\",\"availableLanguage\":\"French\"}}]}<\/script>\n<!-- \/ Yoast SEO plugin. -->","yoast_head_json":{"title":"Transport voitures pour professionnels - Transports Rabouin","description":"Sp\u00e9cialiste du transport de v\u00e9hicules, Transports Rabouin assurent le transport de voitures et v\u00e9hicules pour professionnels. Devis gratuit.","robots":{"index":"index","follow":"follow","max-snippet":"max-snippet:-1","max-image-preview":"max-image-preview:large","max-video-preview":"max-video-preview:-1"},"canonical":"https:\/\/www.rabouin.com\/fr\/professionnels\/","og_locale":"fr_FR","og_type":"article","og_title":"Transport voitures pour professionnels - Transports Rabouin","og_description":"Sp\u00e9cialiste du transport de v\u00e9hicules, Transports Rabouin assurent le transport de voitures et v\u00e9hicules pour professionnels. Devis gratuit.","og_url":"https:\/\/www.rabouin.com\/fr\/professionnels\/","og_site_name":"Transports Rabouin","article_publisher":"https:\/\/www.facebook.com\/Rabouin.Transports","article_modified_time":"2026-04-15T15:05:55+00:00","twitter_card":"summary_large_image","twitter_site":"@transportsrabo1","schema":{"@context":"https:\/\/schema.org","@graph":[{"@type":"WebPage","@id":"https:\/\/www.rabouin.com\/fr\/professionnels#webpage","url":"https:\/\/www.rabouin.com\/fr\/professionnels\/","name":"Transport voitures pour professionnels - Transports Rabouin","isPartOf":{"@id":"https:\/\/www.rabouin.com\/fr\/#website"},"datePublished":"2017-02-20T12:37:52+00:00","dateModified":"2026-04-15T15:05:55+00:00","description":"Sp\u00e9cialiste du transport de v\u00e9hicules, Transports Rabouin assurent le transport de voitures et v\u00e9hicules pour professionnels. Devis gratuit.","breadcrumb":{"@id":"https:\/\/www.rabouin.com\/fr\/professionnels\/#breadcrumb"},"inLanguage":"fr-FR","potentialAction":[{"@type":"ReadAction","target":["https:\/\/www.rabouin.com\/fr\/professionnels\/"]}]},{"@type":"BreadcrumbList","@id":"https:\/\/www.rabouin.com\/fr\/professionnels\/#breadcrumb","itemListElement":[{"@type":"ListItem","position":1,"name":"Accueil","item":"https:\/\/www.rabouin.com\/fr\/"},{"@type":"ListItem","position":2,"name":"Professionnels"}]},{"@type":"WebSite","@id":"https:\/\/www.rabouin.com\/fr\/#website","url":"https:\/\/www.rabouin.com\/fr\/","name":"Transports Rabouin","description":"Garants de vos v\u00e9hicules","publisher":{"@id":"https:\/\/www.rabouin.com\/fr\/#organization"},"potentialAction":[{"@type":"SearchAction","target":{"@type":"EntryPoint","urlTemplate":"https:\/\/www.rabouin.com\/fr\/?s={search_term_string}"},"query-input":{"@type":"PropertyValueSpecification","valueRequired":true,"valueName":"search_term_string"}}],"inLanguage":"fr-FR"},{"@type":"Organization","@id":"https:\/\/www.rabouin.com\/fr\/#organization","name":"Transports Rabouin","alternateName":"Transports Rabouin","url":"https:\/\/www.rabouin.com\/fr\/","logo":{"@type":"ImageObject","inLanguage":"fr-FR","@id":"https:\/\/www.rabouin.com\/fr\/#\/schema\/logo\/image\/","url":"https:\/\/www.rabouin.com\/wp-content\/uploads\/2023\/08\/logo-rabouin.png","contentUrl":"https:\/\/www.rabouin.com\/wp-content\/uploads\/2023\/08\/logo-rabouin.png","width":2048,"height":2048,"caption":"Transports Rabouin"},"image":{"@id":"https:\/\/www.rabouin.com\/fr\/#\/schema\/logo\/image\/"},"sameAs":["https:\/\/www.facebook.com\/Rabouin.Transports","https:\/\/www.instagram.com\/transportsrabouin\/","https:\/\/www.youtube.com\/channel\/UCuxRbZG6gnMMK8H8KNYiiSA","https:\/\/www.linkedin.com\/company\/transports-rabouin-sas","https:\/\/www.tiktok.com\/@transportsrabouin"],"founder":{"@type":"Person","name":"Eric Rabouin"},"contactPoint":{"@type":"ContactPoint","telephone":"+33240253700","contactType":"customer service","availableLanguage":"French"}}]}},"_links":{"self":[{"href":"https:\/\/www.rabouin.com\/fr\/wp-json\/wp\/v2\/pages\/8","targetHints":{"allow":["GET"]}}],"collection":[{"href":"https:\/\/www.rabouin.com\/fr\/wp-json\/wp\/v2\/pages"}],"about":[{"href":"https:\/\/www.rabouin.com\/fr\/wp-json\/wp\/v2\/types\/page"}],"author":[{"embeddable":true,"href":"https:\/\/www.rabouin.com\/fr\/wp-json\/wp\/v2\/users\/2"}],"replies":[{"embeddable":true,"href":"https:\/\/www.rabouin.com\/fr\/wp-json\/wp\/v2\/comments?post=8"}],"version-history":[{"count":5,"href":"https:\/\/www.rabouin.com\/fr\/wp-json\/wp\/v2\/pages\/8\/revisions"}],"predecessor-version":[{"id":67994,"href":"https:\/\/www.rabouin.com\/fr\/wp-json\/wp\/v2\/pages\/8\/revisions\/67994"}],"wp:attachment":[{"href":"https:\/\/www.rabouin.com\/fr\/wp-json\/wp\/v2\/media?parent=8"}],"curies":[{"name":"wp","href":"https:\/\/api.w.org\/{rel}","templated":true}]}}